{"id":69129,"date":"2025-07-29T13:28:02","date_gmt":"2025-07-29T11:28:02","guid":{"rendered":"https:\/\/www.schokologo.com\/?post_type=product&#038;p=69129"},"modified":"2025-07-29T13:31:29","modified_gmt":"2025-07-29T11:31:29","slug":"schoko-drageebox","status":"publish","type":"product","link":"https:\/\/staging.schokologo.com\/en\/choco-logo\/schoko-drageebox","title":{"rendered":"Schoko-Drageebox"},"content":{"rendered":"<p><em class=\"false\">Die edle Dragee-Box<\/em>\u00a0kombiniert Ihr Logo oder Slogan aus feinster belgischer Schokolade mit einer k\u00f6stlichen Variation an Schokodragees<\/p>\n<p>Gef\u00fcllt mit Orangen, N\u00fcssen, Crisp, gebrannten Mandeln und vielem mehr auf Anfrage;<\/p>\n<p>&nbsp;<\/p>\n<p>Indivuell gestaltbar, ob Gr\u00f6\u00dfe,Farbe, Sorte der Dragees \u2013 die M\u00f6glichkeiten sind endlos.<\/p>\n","protected":false},"excerpt":{"rendered":"<p><em class=\"false\">Die edle Dragee-Box<\/em>\u00a0kombiniert Ihr Logo oder Slogan aus feinster belgischer Schokolade mit einer k\u00f6stlichen Variation an Schokodragees<\/p>\n","protected":false},"featured_media":69138,"template":"","meta":{"_acf_changed":false},"product_brand":[],"product_cat":[2946,2938,2960],"product_tag":[],"class_list":{"0":"post-69129","1":"product","2":"type-product","3":"status-publish","4":"has-post-thumbnail","6":"product_cat-pralinen-gebaeck","7":"product_cat-verpackung","8":"product_cat-weihnachten","10":"first","11":"instock","12":"taxable","13":"shipping-taxable","14":"purchasable","15":"product-type-simple"},"acf":{"sl_product_custom_field":"diverse Gr\u00f6\u00dfen","sl_inquire_only_product":true},"yoast_head":"<!-- This site is optimized with the Yoast SEO Premium plugin v26.5 (Yoast SEO v27.2) - https:\/\/yoast.com\/product\/yoast-seo-premium-wordpress\/ -->\n<title>Schoko-Drageebox - Choco-Logo<\/title>\n<meta name=\"description\" content=\"Die edle Dragee-Box\u00a0kombiniert Ihr Logo oder Slogan aus feinster belgischer Schokolade mit einer k\u00f6stlichen Variation an Schokodragees.\" \/>\n<meta name=\"robots\" content=\"noindex, follow, max-snippet:-1, max-image-preview:large, max-video-preview:-1\" \/>\n<meta property=\"og:locale\" content=\"en_US\" \/>\n<meta property=\"og:type\" content=\"article\" \/>\n<meta property=\"og:title\" content=\"Schoko-Drageebox\" \/>\n<meta property=\"og:description\" content=\"Die edle Dragee-Box\u00a0kombiniert Ihr Logo oder Slogan aus feinster belgischer Schokolade mit einer k\u00f6stlichen Variation an Schokodragees.\" \/>\n<meta property=\"og:url\" content=\"https:\/\/staging.schokologo.com\/en\/choco-logo\/schoko-drageebox\" \/>\n<meta property=\"og:site_name\" content=\"Choco-Logo\" \/>\n<meta property=\"article:publisher\" content=\"https:\/\/www.facebook.com\/SCHOKOLOGO\" \/>\n<meta property=\"article:modified_time\" content=\"2025-07-29T11:31:29+00:00\" \/>\n<meta property=\"og:image\" content=\"https:\/\/staging.schokologo.com\/wp-content\/uploads\/2025\/07\/Dragee_Gold.webp\" \/>\n\t<meta property=\"og:image:width\" content=\"1920\" \/>\n\t<meta property=\"og:image:height\" content=\"1655\" \/>\n\t<meta property=\"og:image:type\" content=\"image\/webp\" \/>\n<meta name=\"twitter:card\" content=\"summary_large_image\" \/>\n<meta name=\"twitter:site\" content=\"@schokologo\" \/>\n<meta name=\"twitter:label1\" content=\"Price\" \/>\n\t<meta name=\"twitter:data1\" content=\"9,95&nbsp;&euro; Exluding Tax\" \/>\n\t<meta name=\"twitter:label2\" content=\"Availability\" \/>\n\t<meta name=\"twitter:data2\" content=\"In stock\" \/>\n<script type=\"application\/ld+json\" class=\"yoast-schema-graph\">{\"@context\":\"https:\/\/schema.org\",\"@graph\":[{\"@type\":\"WebPage\",\"@id\":\"https:\/\/staging.schokologo.com\/en\/choco-logo\/schoko-drageebox\",\"url\":\"https:\/\/staging.schokologo.com\/en\/choco-logo\/schoko-drageebox\",\"name\":\"Schoko-Drageebox - Choco-Logo\",\"isPartOf\":{\"@id\":\"https:\/\/staging.schokologo.com\/en\/#website\"},\"primaryImageOfPage\":{\"@id\":\"https:\/\/staging.schokologo.com\/en\/choco-logo\/schoko-drageebox#primaryimage\"},\"image\":{\"@id\":\"https:\/\/staging.schokologo.com\/en\/choco-logo\/schoko-drageebox#primaryimage\"},\"thumbnailUrl\":\"https:\/\/staging.schokologo.com\/wp-content\/uploads\/2025\/07\/Dragee_Gold.webp\",\"datePublished\":\"2025-07-29T11:28:02+00:00\",\"dateModified\":\"2025-07-29T11:31:29+00:00\",\"description\":\"Die edle Dragee-Box\u00a0kombiniert Ihr Logo oder Slogan aus feinster belgischer Schokolade mit einer k\u00f6stlichen Variation an Schokodragees.\",\"breadcrumb\":{\"@id\":\"https:\/\/staging.schokologo.com\/en\/choco-logo\/schoko-drageebox#breadcrumb\"},\"inLanguage\":\"en-US\",\"potentialAction\":[{\"@type\":\"ReadAction\",\"target\":[\"https:\/\/staging.schokologo.com\/en\/choco-logo\/schoko-drageebox\"]}]},{\"@type\":\"ImageObject\",\"inLanguage\":\"en-US\",\"@id\":\"https:\/\/staging.schokologo.com\/en\/choco-logo\/schoko-drageebox#primaryimage\",\"url\":\"https:\/\/staging.schokologo.com\/wp-content\/uploads\/2025\/07\/Dragee_Gold.webp\",\"contentUrl\":\"https:\/\/staging.schokologo.com\/wp-content\/uploads\/2025\/07\/Dragee_Gold.webp\",\"width\":1920,\"height\":1655,\"caption\":\"Schoko-Drageebox\"},{\"@type\":\"BreadcrumbList\",\"@id\":\"https:\/\/staging.schokologo.com\/en\/choco-logo\/schoko-drageebox#breadcrumb\",\"itemListElement\":[{\"@type\":\"ListItem\",\"position\":1,\"name\":\"Home\",\"item\":\"https:\/\/staging.schokologo.com\/en\"},{\"@type\":\"ListItem\",\"position\":2,\"name\":\"Products\",\"item\":\"https:\/\/staging.schokologo.com\/en\/shop\"},{\"@type\":\"ListItem\",\"position\":3,\"name\":\"Schoko-Drageebox\"}]},{\"@type\":\"WebSite\",\"@id\":\"https:\/\/staging.schokologo.com\/en\/#website\",\"url\":\"https:\/\/staging.schokologo.com\/en\/\",\"name\":\"Schokologo\",\"description\":\"Your finest calling card\",\"publisher\":{\"@id\":\"https:\/\/staging.schokologo.com\/en\/#organization\"},\"alternateName\":\"Ihr Logo aus edler Schokolade\",\"potentialAction\":[{\"@type\":\"SearchAction\",\"target\":{\"@type\":\"EntryPoint\",\"urlTemplate\":\"https:\/\/staging.schokologo.com\/en\/?s={search_term_string}\"},\"query-input\":{\"@type\":\"PropertyValueSpecification\",\"valueRequired\":true,\"valueName\":\"search_term_string\"}}],\"inLanguage\":\"en-US\"},{\"@type\":\"Organization\",\"@id\":\"https:\/\/staging.schokologo.com\/en\/#organization\",\"name\":\"Schokologo e.K.\",\"alternateName\":\"Schokologo\",\"url\":\"https:\/\/staging.schokologo.com\/en\/\",\"logo\":{\"@type\":\"ImageObject\",\"inLanguage\":\"en-US\",\"@id\":\"https:\/\/staging.schokologo.com\/en\/#\/schema\/logo\/image\/\",\"url\":\"https:\/\/staging.schokologo.com\/wp-content\/uploads\/2023\/09\/SchokoLogo_Logo.svg\",\"contentUrl\":\"https:\/\/staging.schokologo.com\/wp-content\/uploads\/2023\/09\/SchokoLogo_Logo.svg\",\"width\":270,\"height\":106,\"caption\":\"Schokologo e.K.\"},\"image\":{\"@id\":\"https:\/\/staging.schokologo.com\/en\/#\/schema\/logo\/image\/\"},\"sameAs\":[\"https:\/\/www.facebook.com\/SCHOKOLOGO\",\"https:\/\/x.com\/schokologo\",\"https:\/\/www.instagram.com\/schoko_logo\"],\"description\":\"Personalisierte Schokoladenprodukte und Sonderanfertigungen aus Schokolade. Wir gestalten individuelle Schokoladenkreationen mit Logos, Texten und Designs nach Ihren W\u00fcnschen. Unsere hochwertigen Schokoladenprodukte sind das ideale Geschenk f\u00fcr Kunden, Gesch\u00e4ftspartner und besondere Anl\u00e4sse. Mit den besten Zutaten und ma\u00dfgeschneiderten L\u00f6sungen pr\u00e4sentieren wir Ihre Markenbotschaft auf einzigartige und k\u00f6stliche Weise. Entdecken Sie die Vielfalt unserer Schokoladenprodukte und hinterlassen Sie einen bleibenden Eindruck mit Schokologo.\",\"email\":\"info@schokologo.com\",\"telephone\":\"3677790\",\"legalName\":\"Schokologo e.K.\",\"foundingDate\":\"2003-01-08\",\"vatID\":\"DE220776735\",\"numberOfEmployees\":{\"@type\":\"QuantitativeValue\",\"minValue\":\"51\",\"maxValue\":\"200\"}}]}<\/script>\n<meta property=\"product:price:amount\" content=\"9.95\" \/>\n<meta property=\"product:price:currency\" content=\"EUR\" \/>\n<meta property=\"og:availability\" content=\"instock\" \/>\n<meta property=\"product:availability\" content=\"instock\" \/>\n<meta property=\"product:retailer_item_id\" content=\"SL10258\" \/>\n<meta property=\"product:condition\" content=\"new\" \/>\n<!-- \/ Yoast SEO Premium plugin. -->","yoast_head_json":{"title":"Schoko-Drageebox - Choco-Logo","description":"Die edle Dragee-Box\u00a0kombiniert Ihr Logo oder Slogan aus feinster belgischer Schokolade mit einer k\u00f6stlichen Variation an Schokodragees.","robots":{"index":"noindex","follow":"follow","max-snippet":"max-snippet:-1","max-image-preview":"max-image-preview:large","max-video-preview":"max-video-preview:-1"},"og_locale":"en_US","og_type":"article","og_title":"Schoko-Drageebox","og_description":"Die edle Dragee-Box\u00a0kombiniert Ihr Logo oder Slogan aus feinster belgischer Schokolade mit einer k\u00f6stlichen Variation an Schokodragees.","og_url":"https:\/\/staging.schokologo.com\/en\/choco-logo\/schoko-drageebox","og_site_name":"Choco-Logo","article_publisher":"https:\/\/www.facebook.com\/SCHOKOLOGO","article_modified_time":"2025-07-29T11:31:29+00:00","og_image":[{"width":1920,"height":1655,"url":"https:\/\/staging.schokologo.com\/wp-content\/uploads\/2025\/07\/Dragee_Gold.webp","type":"image\/webp"}],"twitter_card":"summary_large_image","twitter_site":"@schokologo","twitter_misc":{"Price":"9,95&nbsp;&euro; Exluding Tax","Availability":"In stock"},"schema":{"@context":"https:\/\/schema.org","@graph":[{"@type":"WebPage","@id":"https:\/\/staging.schokologo.com\/en\/choco-logo\/schoko-drageebox","url":"https:\/\/staging.schokologo.com\/en\/choco-logo\/schoko-drageebox","name":"Schoko-Drageebox - Choco-Logo","isPartOf":{"@id":"https:\/\/staging.schokologo.com\/en\/#website"},"primaryImageOfPage":{"@id":"https:\/\/staging.schokologo.com\/en\/choco-logo\/schoko-drageebox#primaryimage"},"image":{"@id":"https:\/\/staging.schokologo.com\/en\/choco-logo\/schoko-drageebox#primaryimage"},"thumbnailUrl":"https:\/\/staging.schokologo.com\/wp-content\/uploads\/2025\/07\/Dragee_Gold.webp","datePublished":"2025-07-29T11:28:02+00:00","dateModified":"2025-07-29T11:31:29+00:00","description":"Die edle Dragee-Box\u00a0kombiniert Ihr Logo oder Slogan aus feinster belgischer Schokolade mit einer k\u00f6stlichen Variation an Schokodragees.","breadcrumb":{"@id":"https:\/\/staging.schokologo.com\/en\/choco-logo\/schoko-drageebox#breadcrumb"},"inLanguage":"en-US","potentialAction":[{"@type":"ReadAction","target":["https:\/\/staging.schokologo.com\/en\/choco-logo\/schoko-drageebox"]}]},{"@type":"ImageObject","inLanguage":"en-US","@id":"https:\/\/staging.schokologo.com\/en\/choco-logo\/schoko-drageebox#primaryimage","url":"https:\/\/staging.schokologo.com\/wp-content\/uploads\/2025\/07\/Dragee_Gold.webp","contentUrl":"https:\/\/staging.schokologo.com\/wp-content\/uploads\/2025\/07\/Dragee_Gold.webp","width":1920,"height":1655,"caption":"Schoko-Drageebox"},{"@type":"BreadcrumbList","@id":"https:\/\/staging.schokologo.com\/en\/choco-logo\/schoko-drageebox#breadcrumb","itemListElement":[{"@type":"ListItem","position":1,"name":"Home","item":"https:\/\/staging.schokologo.com\/en"},{"@type":"ListItem","position":2,"name":"Products","item":"https:\/\/staging.schokologo.com\/en\/shop"},{"@type":"ListItem","position":3,"name":"Schoko-Drageebox"}]},{"@type":"WebSite","@id":"https:\/\/staging.schokologo.com\/en\/#website","url":"https:\/\/staging.schokologo.com\/en\/","name":"Schokologo","description":"Your finest calling card","publisher":{"@id":"https:\/\/staging.schokologo.com\/en\/#organization"},"alternateName":"Ihr Logo aus edler Schokolade","potentialAction":[{"@type":"SearchAction","target":{"@type":"EntryPoint","urlTemplate":"https:\/\/staging.schokologo.com\/en\/?s={search_term_string}"},"query-input":{"@type":"PropertyValueSpecification","valueRequired":true,"valueName":"search_term_string"}}],"inLanguage":"en-US"},{"@type":"Organization","@id":"https:\/\/staging.schokologo.com\/en\/#organization","name":"Schokologo e.K.","alternateName":"Schokologo","url":"https:\/\/staging.schokologo.com\/en\/","logo":{"@type":"ImageObject","inLanguage":"en-US","@id":"https:\/\/staging.schokologo.com\/en\/#\/schema\/logo\/image\/","url":"https:\/\/staging.schokologo.com\/wp-content\/uploads\/2023\/09\/SchokoLogo_Logo.svg","contentUrl":"https:\/\/staging.schokologo.com\/wp-content\/uploads\/2023\/09\/SchokoLogo_Logo.svg","width":270,"height":106,"caption":"Schokologo e.K."},"image":{"@id":"https:\/\/staging.schokologo.com\/en\/#\/schema\/logo\/image\/"},"sameAs":["https:\/\/www.facebook.com\/SCHOKOLOGO","https:\/\/x.com\/schokologo","https:\/\/www.instagram.com\/schoko_logo"],"description":"Personalisierte Schokoladenprodukte und Sonderanfertigungen aus Schokolade. Wir gestalten individuelle Schokoladenkreationen mit Logos, Texten und Designs nach Ihren W\u00fcnschen. Unsere hochwertigen Schokoladenprodukte sind das ideale Geschenk f\u00fcr Kunden, Gesch\u00e4ftspartner und besondere Anl\u00e4sse. Mit den besten Zutaten und ma\u00dfgeschneiderten L\u00f6sungen pr\u00e4sentieren wir Ihre Markenbotschaft auf einzigartige und k\u00f6stliche Weise. Entdecken Sie die Vielfalt unserer Schokoladenprodukte und hinterlassen Sie einen bleibenden Eindruck mit Schokologo.","email":"info@schokologo.com","telephone":"3677790","legalName":"Schokologo e.K.","foundingDate":"2003-01-08","vatID":"DE220776735","numberOfEmployees":{"@type":"QuantitativeValue","minValue":"51","maxValue":"200"}}]},"product_price_amount":"9.95","product_price_currency":"EUR","og_availability":"instock","product_availability":"instock","product_retailer_item_id":"SL10258","product_condition":"new"},"_links":{"self":[{"href":"https:\/\/staging.schokologo.com\/en\/wp-json\/wp\/v2\/product\/69129","targetHints":{"allow":["GET"]}}],"collection":[{"href":"https:\/\/staging.schokologo.com\/en\/wp-json\/wp\/v2\/product"}],"about":[{"href":"https:\/\/staging.schokologo.com\/en\/wp-json\/wp\/v2\/types\/product"}],"version-history":[{"count":2,"href":"https:\/\/staging.schokologo.com\/en\/wp-json\/wp\/v2\/product\/69129\/revisions"}],"predecessor-version":[{"id":70019,"href":"https:\/\/staging.schokologo.com\/en\/wp-json\/wp\/v2\/product\/69129\/revisions\/70019"}],"wp:featuredmedia":[{"embeddable":true,"href":"https:\/\/staging.schokologo.com\/en\/wp-json\/wp\/v2\/media\/69138"}],"wp:attachment":[{"href":"https:\/\/staging.schokologo.com\/en\/wp-json\/wp\/v2\/media?parent=69129"}],"wp:term":[{"taxonomy":"product_brand","embeddable":true,"href":"https:\/\/staging.schokologo.com\/en\/wp-json\/wp\/v2\/product_brand?post=69129"},{"taxonomy":"product_cat","embeddable":true,"href":"https:\/\/staging.schokologo.com\/en\/wp-json\/wp\/v2\/product_cat?post=69129"},{"taxonomy":"product_tag","embeddable":true,"href":"https:\/\/staging.schokologo.com\/en\/wp-json\/wp\/v2\/product_tag?post=69129"}],"curies":[{"name":"wp","href":"https:\/\/api.w.org\/{rel}","templated":true}]}}