{"id":57319,"date":"2023-09-27T16:44:56","date_gmt":"2023-09-27T14:44:56","guid":{"rendered":"http:\/\/custom-chocolate.biz\/?product=gourmet-pralines-1695800696"},"modified":"2025-09-24T12:12:35","modified_gmt":"2025-09-24T10:12:35","slug":"veneer-pralines-petite","status":"publish","type":"product","link":"https:\/\/staging.schokologo.com\/en\/choco-logo\/veneer-pralines-petite","title":{"rendered":"Well-Rounded &#8211; Petite"},"content":{"rendered":"<p><strong>Exclusive Praline Greeting \u2013 Your Logo in an Elegant Veneer Box<\/strong><\/p>\n<p>Leave a lasting impression that melts in the mouth. With our exclusive praline greeting, you&#8217;re giving more than just a gift; you&#8217;re presenting a true experience of indulgence. Four artisanal, hand-scooped master pralines are showcased in an elegant, light-wood veneer box, captivating with their freshness and exquisite ingredients. Each praline is made without preservatives, representing the highest art of confectionery.<\/p>\n<p>The personal highlight of this set is your custom chocolate logo. We emboss your company logo, crest, or a special message onto a separate chocolate star\u2014a detail that impressively underscores your appreciation. As the praline selection varies seasonally, each greeting is a fresh and unique surprise. Upon request, this set is also available completely alcohol-free. Delight clients, partners, and employees with a gift that perfectly combines quality, taste, and personalization.<\/p>\n<h4><b>Bullet Points<\/b><\/h4>\n<ul>\n<li><b>Exclusive Contents:<\/b> 4 fresh, high-quality artisanal pralines.<\/li>\n<li><b>Custom Embossing:<\/b> Your logo or design on a separate chocolate star (approx. 5 cm).<\/li>\n<li><b>Elegant Packaging:<\/b> Delivered in a high-quality wood veneer box (Dimensions: 80 x 40 mm).<\/li>\n<li><b>Premium Quality:<\/b> Freshly made without any artificial preservatives.<\/li>\n<li><b>Flexible Options:<\/b> Also available completely alcohol-free upon request.<\/li>\n<li><b>Seasonal Variety:<\/b> Praline flavors are freshly selected according to the season.<\/li>\n<li><b>The Perfect Corporate Gift:<\/b> Ideal for client retention, as a thank-you gift, or for special events.<\/li>\n<\/ul>\n","protected":false},"excerpt":{"rendered":"<p>An exclusive chocolate greeting: Four hand-scooped pralines in an elegant wooden veneer box, enhanced with your custom-embossed logo on a chocolate star. The perfect high-quality gift for clients and partners.<\/p>\n","protected":false},"featured_media":49622,"template":"","meta":{"_acf_changed":false},"product_brand":[2903],"product_cat":[2969,2989,2997,3003,2971,2947,3005,3001,3007],"product_tag":[],"class_list":{"0":"post-57319","1":"product","2":"type-product","3":"status-publish","4":"has-post-thumbnail","6":"product_brand-schokologo-e-k","7":"product_cat-anniversary","8":"product_cat-customer-gifts","9":"product_cat-employee-gifts","10":"product_cat-kundengeschenke-weihnachten-en","11":"product_cat-mailing-en","12":"product_cat-truffles-and-pralines","13":"product_cat-weihnachtsgeschenke-fur-kunden-en","14":"product_cat-werbe-schokolade-en","15":"product_cat-werbeartikel-schokolade-en","17":"first","18":"instock","19":"taxable","20":"shipping-taxable","21":"purchasable","22":"product-type-simple"},"acf":{"sl_product_custom_field":"","sl_inquire_only_product":true},"yoast_head":"<!-- This site is optimized with the Yoast SEO Premium plugin v26.5 (Yoast SEO v27.2) - https:\/\/yoast.com\/product\/yoast-seo-premium-wordpress\/ -->\n<title>Well-Rounded - Petite chocolate box<\/title>\n<meta name=\"description\" content=\"Give the gift of pure indulgence: 4 handmade pralines with your logo in an elegant wooden box. Fresh, customizable &amp; ideal as a corporate gift. Inquire today!\" \/>\n<meta name=\"robots\" content=\"noindex, follow, max-snippet:-1, max-image-preview:large, max-video-preview:-1\" \/>\n<meta property=\"og:locale\" content=\"en_US\" \/>\n<meta property=\"og:type\" content=\"article\" \/>\n<meta property=\"og:title\" content=\"Well-Rounded - Petite\" \/>\n<meta property=\"og:description\" content=\"Give the gift of pure indulgence: 4 handmade pralines with your logo in an elegant wooden box. Fresh, customizable &amp; ideal as a corporate gift. Inquire today!\" \/>\n<meta property=\"og:url\" content=\"https:\/\/staging.schokologo.com\/en\/choco-logo\/veneer-pralines-petite\" \/>\n<meta property=\"og:site_name\" content=\"Choco-Logo\" \/>\n<meta property=\"article:publisher\" content=\"https:\/\/www.facebook.com\/SCHOKOLOGO\" \/>\n<meta property=\"article:modified_time\" content=\"2025-09-24T10:12:35+00:00\" \/>\n<meta property=\"og:image\" content=\"https:\/\/staging.schokologo.com\/wp-content\/uploads\/2023\/09\/Unbenannt2_01_4nd-scaled.jpg\" \/>\n\t<meta property=\"og:image:width\" content=\"1920\" \/>\n\t<meta property=\"og:image:height\" content=\"1280\" \/>\n\t<meta property=\"og:image:type\" content=\"image\/jpeg\" \/>\n<meta name=\"twitter:card\" content=\"summary_large_image\" \/>\n<meta name=\"twitter:site\" content=\"@schokologo\" \/>\n<meta name=\"twitter:label1\" content=\"Price\" \/>\n\t<meta name=\"twitter:data1\" content=\"10,00&nbsp;&euro; Exluding Tax\" \/>\n\t<meta name=\"twitter:label2\" content=\"Availability\" \/>\n\t<meta name=\"twitter:data2\" content=\"In stock\" \/>\n<script type=\"application\/ld+json\" class=\"yoast-schema-graph\">{\"@context\":\"https:\/\/schema.org\",\"@graph\":[{\"@type\":\"WebPage\",\"@id\":\"https:\/\/staging.schokologo.com\/en\/choco-logo\/veneer-pralines-petite\",\"url\":\"https:\/\/staging.schokologo.com\/en\/choco-logo\/veneer-pralines-petite\",\"name\":\"Well-Rounded - Petite chocolate box\",\"isPartOf\":{\"@id\":\"https:\/\/staging.schokologo.com\/en\/#website\"},\"primaryImageOfPage\":{\"@id\":\"https:\/\/staging.schokologo.com\/en\/choco-logo\/veneer-pralines-petite#primaryimage\"},\"image\":{\"@id\":\"https:\/\/staging.schokologo.com\/en\/choco-logo\/veneer-pralines-petite#primaryimage\"},\"thumbnailUrl\":\"https:\/\/staging.schokologo.com\/wp-content\/uploads\/2023\/09\/Unbenannt2_01_4nd-scaled.jpg\",\"datePublished\":\"2023-09-27T14:44:56+00:00\",\"dateModified\":\"2025-09-24T10:12:35+00:00\",\"description\":\"Give the gift of pure indulgence: 4 handmade pralines with your logo in an elegant wooden box. Fresh, customizable & ideal as a corporate gift. Inquire today!\",\"breadcrumb\":{\"@id\":\"https:\/\/staging.schokologo.com\/en\/choco-logo\/veneer-pralines-petite#breadcrumb\"},\"inLanguage\":\"en-US\",\"potentialAction\":[{\"@type\":\"ReadAction\",\"target\":[\"https:\/\/staging.schokologo.com\/en\/choco-logo\/veneer-pralines-petite\"]}]},{\"@type\":\"ImageObject\",\"inLanguage\":\"en-US\",\"@id\":\"https:\/\/staging.schokologo.com\/en\/choco-logo\/veneer-pralines-petite#primaryimage\",\"url\":\"https:\/\/staging.schokologo.com\/wp-content\/uploads\/2023\/09\/Unbenannt2_01_4nd-scaled.jpg\",\"contentUrl\":\"https:\/\/staging.schokologo.com\/wp-content\/uploads\/2023\/09\/Unbenannt2_01_4nd-scaled.jpg\",\"width\":1920,\"height\":1280,\"caption\":\"Unbenannt-2_01\"},{\"@type\":\"BreadcrumbList\",\"@id\":\"https:\/\/staging.schokologo.com\/en\/choco-logo\/veneer-pralines-petite#breadcrumb\",\"itemListElement\":[{\"@type\":\"ListItem\",\"position\":1,\"name\":\"Home\",\"item\":\"https:\/\/staging.schokologo.com\/en\"},{\"@type\":\"ListItem\",\"position\":2,\"name\":\"Products\",\"item\":\"https:\/\/staging.schokologo.com\/en\/shop\"},{\"@type\":\"ListItem\",\"position\":3,\"name\":\"Well-Rounded &#8211; Petite\"}]},{\"@type\":\"WebSite\",\"@id\":\"https:\/\/staging.schokologo.com\/en\/#website\",\"url\":\"https:\/\/staging.schokologo.com\/en\/\",\"name\":\"Schokologo\",\"description\":\"Your finest calling card\",\"publisher\":{\"@id\":\"https:\/\/staging.schokologo.com\/en\/#organization\"},\"alternateName\":\"Ihr Logo aus edler Schokolade\",\"potentialAction\":[{\"@type\":\"SearchAction\",\"target\":{\"@type\":\"EntryPoint\",\"urlTemplate\":\"https:\/\/staging.schokologo.com\/en\/?s={search_term_string}\"},\"query-input\":{\"@type\":\"PropertyValueSpecification\",\"valueRequired\":true,\"valueName\":\"search_term_string\"}}],\"inLanguage\":\"en-US\"},{\"@type\":\"Organization\",\"@id\":\"https:\/\/staging.schokologo.com\/en\/#organization\",\"name\":\"Schokologo e.K.\",\"alternateName\":\"Schokologo\",\"url\":\"https:\/\/staging.schokologo.com\/en\/\",\"logo\":{\"@type\":\"ImageObject\",\"inLanguage\":\"en-US\",\"@id\":\"https:\/\/staging.schokologo.com\/en\/#\/schema\/logo\/image\/\",\"url\":\"https:\/\/staging.schokologo.com\/wp-content\/uploads\/2023\/09\/SchokoLogo_Logo.svg\",\"contentUrl\":\"https:\/\/staging.schokologo.com\/wp-content\/uploads\/2023\/09\/SchokoLogo_Logo.svg\",\"width\":270,\"height\":106,\"caption\":\"Schokologo e.K.\"},\"image\":{\"@id\":\"https:\/\/staging.schokologo.com\/en\/#\/schema\/logo\/image\/\"},\"sameAs\":[\"https:\/\/www.facebook.com\/SCHOKOLOGO\",\"https:\/\/x.com\/schokologo\",\"https:\/\/www.instagram.com\/schoko_logo\"],\"description\":\"Personalisierte Schokoladenprodukte und Sonderanfertigungen aus Schokolade. Wir gestalten individuelle Schokoladenkreationen mit Logos, Texten und Designs nach Ihren W\u00fcnschen. Unsere hochwertigen Schokoladenprodukte sind das ideale Geschenk f\u00fcr Kunden, Gesch\u00e4ftspartner und besondere Anl\u00e4sse. Mit den besten Zutaten und ma\u00dfgeschneiderten L\u00f6sungen pr\u00e4sentieren wir Ihre Markenbotschaft auf einzigartige und k\u00f6stliche Weise. Entdecken Sie die Vielfalt unserer Schokoladenprodukte und hinterlassen Sie einen bleibenden Eindruck mit Schokologo.\",\"email\":\"info@schokologo.com\",\"telephone\":\"3677790\",\"legalName\":\"Schokologo e.K.\",\"foundingDate\":\"2003-01-08\",\"vatID\":\"DE220776735\",\"numberOfEmployees\":{\"@type\":\"QuantitativeValue\",\"minValue\":\"51\",\"maxValue\":\"200\"}}]}<\/script>\n<meta property=\"product:price:amount\" content=\"10.00\" \/>\n<meta property=\"product:price:currency\" content=\"EUR\" \/>\n<meta property=\"og:availability\" content=\"instock\" \/>\n<meta property=\"product:availability\" content=\"instock\" \/>\n<meta property=\"product:retailer_item_id\" content=\"SL0120-80\" \/>\n<meta property=\"product:condition\" content=\"new\" \/>\n<!-- \/ Yoast SEO Premium plugin. -->","yoast_head_json":{"title":"Well-Rounded - Petite chocolate box","description":"Give the gift of pure indulgence: 4 handmade pralines with your logo in an elegant wooden box. Fresh, customizable & ideal as a corporate gift. Inquire today!","robots":{"index":"noindex","follow":"follow","max-snippet":"max-snippet:-1","max-image-preview":"max-image-preview:large","max-video-preview":"max-video-preview:-1"},"og_locale":"en_US","og_type":"article","og_title":"Well-Rounded - Petite","og_description":"Give the gift of pure indulgence: 4 handmade pralines with your logo in an elegant wooden box. Fresh, customizable & ideal as a corporate gift. Inquire today!","og_url":"https:\/\/staging.schokologo.com\/en\/choco-logo\/veneer-pralines-petite","og_site_name":"Choco-Logo","article_publisher":"https:\/\/www.facebook.com\/SCHOKOLOGO","article_modified_time":"2025-09-24T10:12:35+00:00","og_image":[{"width":1920,"height":1280,"url":"https:\/\/staging.schokologo.com\/wp-content\/uploads\/2023\/09\/Unbenannt2_01_4nd-scaled.jpg","type":"image\/jpeg"}],"twitter_card":"summary_large_image","twitter_site":"@schokologo","twitter_misc":{"Price":"10,00&nbsp;&euro; Exluding Tax","Availability":"In stock"},"schema":{"@context":"https:\/\/schema.org","@graph":[{"@type":"WebPage","@id":"https:\/\/staging.schokologo.com\/en\/choco-logo\/veneer-pralines-petite","url":"https:\/\/staging.schokologo.com\/en\/choco-logo\/veneer-pralines-petite","name":"Well-Rounded - Petite chocolate box","isPartOf":{"@id":"https:\/\/staging.schokologo.com\/en\/#website"},"primaryImageOfPage":{"@id":"https:\/\/staging.schokologo.com\/en\/choco-logo\/veneer-pralines-petite#primaryimage"},"image":{"@id":"https:\/\/staging.schokologo.com\/en\/choco-logo\/veneer-pralines-petite#primaryimage"},"thumbnailUrl":"https:\/\/staging.schokologo.com\/wp-content\/uploads\/2023\/09\/Unbenannt2_01_4nd-scaled.jpg","datePublished":"2023-09-27T14:44:56+00:00","dateModified":"2025-09-24T10:12:35+00:00","description":"Give the gift of pure indulgence: 4 handmade pralines with your logo in an elegant wooden box. Fresh, customizable & ideal as a corporate gift. Inquire today!","breadcrumb":{"@id":"https:\/\/staging.schokologo.com\/en\/choco-logo\/veneer-pralines-petite#breadcrumb"},"inLanguage":"en-US","potentialAction":[{"@type":"ReadAction","target":["https:\/\/staging.schokologo.com\/en\/choco-logo\/veneer-pralines-petite"]}]},{"@type":"ImageObject","inLanguage":"en-US","@id":"https:\/\/staging.schokologo.com\/en\/choco-logo\/veneer-pralines-petite#primaryimage","url":"https:\/\/staging.schokologo.com\/wp-content\/uploads\/2023\/09\/Unbenannt2_01_4nd-scaled.jpg","contentUrl":"https:\/\/staging.schokologo.com\/wp-content\/uploads\/2023\/09\/Unbenannt2_01_4nd-scaled.jpg","width":1920,"height":1280,"caption":"Unbenannt-2_01"},{"@type":"BreadcrumbList","@id":"https:\/\/staging.schokologo.com\/en\/choco-logo\/veneer-pralines-petite#breadcrumb","itemListElement":[{"@type":"ListItem","position":1,"name":"Home","item":"https:\/\/staging.schokologo.com\/en"},{"@type":"ListItem","position":2,"name":"Products","item":"https:\/\/staging.schokologo.com\/en\/shop"},{"@type":"ListItem","position":3,"name":"Well-Rounded &#8211; Petite"}]},{"@type":"WebSite","@id":"https:\/\/staging.schokologo.com\/en\/#website","url":"https:\/\/staging.schokologo.com\/en\/","name":"Schokologo","description":"Your finest calling card","publisher":{"@id":"https:\/\/staging.schokologo.com\/en\/#organization"},"alternateName":"Ihr Logo aus edler Schokolade","potentialAction":[{"@type":"SearchAction","target":{"@type":"EntryPoint","urlTemplate":"https:\/\/staging.schokologo.com\/en\/?s={search_term_string}"},"query-input":{"@type":"PropertyValueSpecification","valueRequired":true,"valueName":"search_term_string"}}],"inLanguage":"en-US"},{"@type":"Organization","@id":"https:\/\/staging.schokologo.com\/en\/#organization","name":"Schokologo e.K.","alternateName":"Schokologo","url":"https:\/\/staging.schokologo.com\/en\/","logo":{"@type":"ImageObject","inLanguage":"en-US","@id":"https:\/\/staging.schokologo.com\/en\/#\/schema\/logo\/image\/","url":"https:\/\/staging.schokologo.com\/wp-content\/uploads\/2023\/09\/SchokoLogo_Logo.svg","contentUrl":"https:\/\/staging.schokologo.com\/wp-content\/uploads\/2023\/09\/SchokoLogo_Logo.svg","width":270,"height":106,"caption":"Schokologo e.K."},"image":{"@id":"https:\/\/staging.schokologo.com\/en\/#\/schema\/logo\/image\/"},"sameAs":["https:\/\/www.facebook.com\/SCHOKOLOGO","https:\/\/x.com\/schokologo","https:\/\/www.instagram.com\/schoko_logo"],"description":"Personalisierte Schokoladenprodukte und Sonderanfertigungen aus Schokolade. Wir gestalten individuelle Schokoladenkreationen mit Logos, Texten und Designs nach Ihren W\u00fcnschen. Unsere hochwertigen Schokoladenprodukte sind das ideale Geschenk f\u00fcr Kunden, Gesch\u00e4ftspartner und besondere Anl\u00e4sse. Mit den besten Zutaten und ma\u00dfgeschneiderten L\u00f6sungen pr\u00e4sentieren wir Ihre Markenbotschaft auf einzigartige und k\u00f6stliche Weise. Entdecken Sie die Vielfalt unserer Schokoladenprodukte und hinterlassen Sie einen bleibenden Eindruck mit Schokologo.","email":"info@schokologo.com","telephone":"3677790","legalName":"Schokologo e.K.","foundingDate":"2003-01-08","vatID":"DE220776735","numberOfEmployees":{"@type":"QuantitativeValue","minValue":"51","maxValue":"200"}}]},"product_price_amount":"10.00","product_price_currency":"EUR","og_availability":"instock","product_availability":"instock","product_retailer_item_id":"SL0120-80","product_condition":"new"},"_links":{"self":[{"href":"https:\/\/staging.schokologo.com\/en\/wp-json\/wp\/v2\/product\/57319","targetHints":{"allow":["GET"]}}],"collection":[{"href":"https:\/\/staging.schokologo.com\/en\/wp-json\/wp\/v2\/product"}],"about":[{"href":"https:\/\/staging.schokologo.com\/en\/wp-json\/wp\/v2\/types\/product"}],"version-history":[{"count":2,"href":"https:\/\/staging.schokologo.com\/en\/wp-json\/wp\/v2\/product\/57319\/revisions"}],"predecessor-version":[{"id":70107,"href":"https:\/\/staging.schokologo.com\/en\/wp-json\/wp\/v2\/product\/57319\/revisions\/70107"}],"wp:featuredmedia":[{"embeddable":true,"href":"https:\/\/staging.schokologo.com\/en\/wp-json\/wp\/v2\/media\/49622"}],"wp:attachment":[{"href":"https:\/\/staging.schokologo.com\/en\/wp-json\/wp\/v2\/media?parent=57319"}],"wp:term":[{"taxonomy":"product_brand","embeddable":true,"href":"https:\/\/staging.schokologo.com\/en\/wp-json\/wp\/v2\/product_brand?post=57319"},{"taxonomy":"product_cat","embeddable":true,"href":"https:\/\/staging.schokologo.com\/en\/wp-json\/wp\/v2\/product_cat?post=57319"},{"taxonomy":"product_tag","embeddable":true,"href":"https:\/\/staging.schokologo.com\/en\/wp-json\/wp\/v2\/product_tag?post=57319"}],"curies":[{"name":"wp","href":"https:\/\/api.w.org\/{rel}","templated":true}]}}