{"id":57307,"date":"2023-09-27T14:44:50","date_gmt":"2023-09-27T12:44:50","guid":{"rendered":"http:\/\/custom-chocolate.biz\/?product=colour-printed-logo-biscuit"},"modified":"2023-09-27T14:44:50","modified_gmt":"2023-09-27T14:44:50","slug":"colour-printed-logo-biscuit","status":"publish","type":"product","link":"https:\/\/staging.schokologo.com\/en\/choco-logo\/colour-printed-logo-biscuit","title":{"rendered":"Colour printed Logo-Biscuit"},"content":{"rendered":"<p>Colour printed Logo-Biscuit <\/p>\n<p>Round biscuit, shortbread with direct colour print, single flow-wrapped. Other tastes on demand.<\/p>\n<p>Print 4-c Digitalprint, edible inks <br \/>Format approx. \u00d8 45 mm <br \/>Weight approx. 6 g <br \/>Delivery packing 100 pieces\/box<\/p>\n<p>You can order your own company biscuits from just 100 pieces and score points at your next trade fair appearance, conference over coffee or customer meeting.<\/p>\n<p>The biscuits have a shelf life of 5 months and are perfect as giveaways even on hot days.<\/p>\n","protected":false},"excerpt":{"rendered":"<p>Round biscuit, shortbread with direct colour print, single flow-wrapped. Other tastes on demand. You can order your own company biscuits from just 100 pieces and score points at your next trade fair appearance, conference over coffee or customer meeting. The biscuits have a shelf life of 5 months and are perfect as giveaways even on hot days.<\/p>\n","protected":false},"featured_media":49598,"template":"","meta":{"_acf_changed":false},"product_brand":[2903],"product_cat":[2971,2947],"product_tag":[],"class_list":{"0":"post-57307","1":"product","2":"type-product","3":"status-publish","4":"has-post-thumbnail","6":"product_brand-schokologo-e-k","7":"product_cat-mailing-en","8":"product_cat-truffles-and-pralines","10":"first","11":"instock","12":"taxable","13":"shipping-taxable","14":"purchasable","15":"product-type-simple"},"acf":{"sl_product_custom_field":"","sl_inquire_only_product":true},"yoast_head":"<!-- This site is optimized with the Yoast SEO Premium plugin v26.5 (Yoast SEO v27.2) - https:\/\/yoast.com\/product\/yoast-seo-premium-wordpress\/ -->\n<title>Farbig bedruckte Kekse mit Logo<\/title>\n<meta name=\"robots\" content=\"noindex, follow, max-snippet:-1, max-image-preview:large, max-video-preview:-1\" \/>\n<meta property=\"og:locale\" content=\"en_US\" \/>\n<meta property=\"og:type\" content=\"article\" \/>\n<meta property=\"og:title\" content=\"Colour printed Logo-Biscuit\" \/>\n<meta property=\"og:description\" content=\"Round biscuit, shortbread with direct colour print, single flow-wrapped. Other tastes on demand. You can order your own company biscuits from just 100 pieces and score points at your next trade fair appearance, conference over coffee or customer meeting. The biscuits have a shelf life of 5 months and are perfect as giveaways even on hot days.\" \/>\n<meta property=\"og:url\" content=\"https:\/\/staging.schokologo.com\/en\/choco-logo\/colour-printed-logo-biscuit\" \/>\n<meta property=\"og:site_name\" content=\"Choco-Logo\" \/>\n<meta property=\"article:publisher\" content=\"https:\/\/www.facebook.com\/SCHOKOLOGO\" \/>\n<meta property=\"article:modified_time\" content=\"2023-09-27T14:44:50+00:00\" \/>\n<meta property=\"og:image\" content=\"https:\/\/staging.schokologo.com\/wp-content\/uploads\/2023\/09\/colourprintedbiscuit_4nd.jpg\" \/>\n\t<meta property=\"og:image:width\" content=\"1439\" \/>\n\t<meta property=\"og:image:height\" content=\"1310\" \/>\n\t<meta property=\"og:image:type\" content=\"image\/jpeg\" \/>\n<meta name=\"twitter:card\" content=\"summary_large_image\" \/>\n<meta name=\"twitter:site\" content=\"@schokologo\" \/>\n<meta name=\"twitter:label1\" content=\"Price\" \/>\n\t<meta name=\"twitter:data1\" content=\"358,00&nbsp;&euro; Exluding Tax\" \/>\n\t<meta name=\"twitter:label2\" content=\"Availability\" \/>\n\t<meta name=\"twitter:data2\" content=\"In stock\" \/>\n<script type=\"application\/ld+json\" class=\"yoast-schema-graph\">{\"@context\":\"https:\/\/schema.org\",\"@graph\":[{\"@type\":\"WebPage\",\"@id\":\"https:\/\/staging.schokologo.com\/en\/choco-logo\/colour-printed-logo-biscuit\",\"url\":\"https:\/\/staging.schokologo.com\/en\/choco-logo\/colour-printed-logo-biscuit\",\"name\":\"Farbig bedruckte Kekse mit Logo\",\"isPartOf\":{\"@id\":\"https:\/\/staging.schokologo.com\/en\/#website\"},\"primaryImageOfPage\":{\"@id\":\"https:\/\/staging.schokologo.com\/en\/choco-logo\/colour-printed-logo-biscuit#primaryimage\"},\"image\":{\"@id\":\"https:\/\/staging.schokologo.com\/en\/choco-logo\/colour-printed-logo-biscuit#primaryimage\"},\"thumbnailUrl\":\"https:\/\/staging.schokologo.com\/wp-content\/uploads\/2023\/09\/colourprintedbiscuit_4nd.jpg\",\"datePublished\":\"2023-09-27T12:44:50+00:00\",\"dateModified\":\"2023-09-27T14:44:50+00:00\",\"breadcrumb\":{\"@id\":\"https:\/\/staging.schokologo.com\/en\/choco-logo\/colour-printed-logo-biscuit#breadcrumb\"},\"inLanguage\":\"en-US\",\"potentialAction\":[{\"@type\":\"ReadAction\",\"target\":[\"https:\/\/staging.schokologo.com\/en\/choco-logo\/colour-printed-logo-biscuit\"]}]},{\"@type\":\"ImageObject\",\"inLanguage\":\"en-US\",\"@id\":\"https:\/\/staging.schokologo.com\/en\/choco-logo\/colour-printed-logo-biscuit#primaryimage\",\"url\":\"https:\/\/staging.schokologo.com\/wp-content\/uploads\/2023\/09\/colourprintedbiscuit_4nd.jpg\",\"contentUrl\":\"https:\/\/staging.schokologo.com\/wp-content\/uploads\/2023\/09\/colourprintedbiscuit_4nd.jpg\",\"width\":1439,\"height\":1310,\"caption\":\"colour-printed-biscuit\"},{\"@type\":\"BreadcrumbList\",\"@id\":\"https:\/\/staging.schokologo.com\/en\/choco-logo\/colour-printed-logo-biscuit#breadcrumb\",\"itemListElement\":[{\"@type\":\"ListItem\",\"position\":1,\"name\":\"Home\",\"item\":\"https:\/\/staging.schokologo.com\/en\"},{\"@type\":\"ListItem\",\"position\":2,\"name\":\"Products\",\"item\":\"https:\/\/staging.schokologo.com\/en\/shop\"},{\"@type\":\"ListItem\",\"position\":3,\"name\":\"Colour printed Logo-Biscuit\"}]},{\"@type\":\"WebSite\",\"@id\":\"https:\/\/staging.schokologo.com\/en\/#website\",\"url\":\"https:\/\/staging.schokologo.com\/en\/\",\"name\":\"Schokologo\",\"description\":\"Your finest calling card\",\"publisher\":{\"@id\":\"https:\/\/staging.schokologo.com\/en\/#organization\"},\"alternateName\":\"Ihr Logo aus edler Schokolade\",\"potentialAction\":[{\"@type\":\"SearchAction\",\"target\":{\"@type\":\"EntryPoint\",\"urlTemplate\":\"https:\/\/staging.schokologo.com\/en\/?s={search_term_string}\"},\"query-input\":{\"@type\":\"PropertyValueSpecification\",\"valueRequired\":true,\"valueName\":\"search_term_string\"}}],\"inLanguage\":\"en-US\"},{\"@type\":\"Organization\",\"@id\":\"https:\/\/staging.schokologo.com\/en\/#organization\",\"name\":\"Schokologo e.K.\",\"alternateName\":\"Schokologo\",\"url\":\"https:\/\/staging.schokologo.com\/en\/\",\"logo\":{\"@type\":\"ImageObject\",\"inLanguage\":\"en-US\",\"@id\":\"https:\/\/staging.schokologo.com\/en\/#\/schema\/logo\/image\/\",\"url\":\"https:\/\/staging.schokologo.com\/wp-content\/uploads\/2023\/09\/SchokoLogo_Logo.svg\",\"contentUrl\":\"https:\/\/staging.schokologo.com\/wp-content\/uploads\/2023\/09\/SchokoLogo_Logo.svg\",\"width\":270,\"height\":106,\"caption\":\"Schokologo e.K.\"},\"image\":{\"@id\":\"https:\/\/staging.schokologo.com\/en\/#\/schema\/logo\/image\/\"},\"sameAs\":[\"https:\/\/www.facebook.com\/SCHOKOLOGO\",\"https:\/\/x.com\/schokologo\",\"https:\/\/www.instagram.com\/schoko_logo\"],\"description\":\"Personalisierte Schokoladenprodukte und Sonderanfertigungen aus Schokolade. Wir gestalten individuelle Schokoladenkreationen mit Logos, Texten und Designs nach Ihren W\u00fcnschen. Unsere hochwertigen Schokoladenprodukte sind das ideale Geschenk f\u00fcr Kunden, Gesch\u00e4ftspartner und besondere Anl\u00e4sse. Mit den besten Zutaten und ma\u00dfgeschneiderten L\u00f6sungen pr\u00e4sentieren wir Ihre Markenbotschaft auf einzigartige und k\u00f6stliche Weise. Entdecken Sie die Vielfalt unserer Schokoladenprodukte und hinterlassen Sie einen bleibenden Eindruck mit Schokologo.\",\"email\":\"info@schokologo.com\",\"telephone\":\"3677790\",\"legalName\":\"Schokologo e.K.\",\"foundingDate\":\"2003-01-08\",\"vatID\":\"DE220776735\",\"numberOfEmployees\":{\"@type\":\"QuantitativeValue\",\"minValue\":\"51\",\"maxValue\":\"200\"}}]}<\/script>\n<meta property=\"product:price:amount\" content=\"358.00\" \/>\n<meta property=\"product:price:currency\" content=\"EUR\" \/>\n<meta property=\"og:availability\" content=\"instock\" \/>\n<meta property=\"product:availability\" content=\"instock\" \/>\n<meta property=\"product:retailer_item_id\" content=\"SL10240\" \/>\n<meta property=\"product:condition\" content=\"new\" \/>\n<!-- \/ Yoast SEO Premium plugin. -->","yoast_head_json":{"title":"Farbig bedruckte Kekse mit Logo","robots":{"index":"noindex","follow":"follow","max-snippet":"max-snippet:-1","max-image-preview":"max-image-preview:large","max-video-preview":"max-video-preview:-1"},"og_locale":"en_US","og_type":"article","og_title":"Colour printed Logo-Biscuit","og_description":"Round biscuit, shortbread with direct colour print, single flow-wrapped. Other tastes on demand. You can order your own company biscuits from just 100 pieces and score points at your next trade fair appearance, conference over coffee or customer meeting. The biscuits have a shelf life of 5 months and are perfect as giveaways even on hot days.","og_url":"https:\/\/staging.schokologo.com\/en\/choco-logo\/colour-printed-logo-biscuit","og_site_name":"Choco-Logo","article_publisher":"https:\/\/www.facebook.com\/SCHOKOLOGO","article_modified_time":"2023-09-27T14:44:50+00:00","og_image":[{"width":1439,"height":1310,"url":"https:\/\/staging.schokologo.com\/wp-content\/uploads\/2023\/09\/colourprintedbiscuit_4nd.jpg","type":"image\/jpeg"}],"twitter_card":"summary_large_image","twitter_site":"@schokologo","twitter_misc":{"Price":"358,00&nbsp;&euro; Exluding Tax","Availability":"In stock"},"schema":{"@context":"https:\/\/schema.org","@graph":[{"@type":"WebPage","@id":"https:\/\/staging.schokologo.com\/en\/choco-logo\/colour-printed-logo-biscuit","url":"https:\/\/staging.schokologo.com\/en\/choco-logo\/colour-printed-logo-biscuit","name":"Farbig bedruckte Kekse mit Logo","isPartOf":{"@id":"https:\/\/staging.schokologo.com\/en\/#website"},"primaryImageOfPage":{"@id":"https:\/\/staging.schokologo.com\/en\/choco-logo\/colour-printed-logo-biscuit#primaryimage"},"image":{"@id":"https:\/\/staging.schokologo.com\/en\/choco-logo\/colour-printed-logo-biscuit#primaryimage"},"thumbnailUrl":"https:\/\/staging.schokologo.com\/wp-content\/uploads\/2023\/09\/colourprintedbiscuit_4nd.jpg","datePublished":"2023-09-27T12:44:50+00:00","dateModified":"2023-09-27T14:44:50+00:00","breadcrumb":{"@id":"https:\/\/staging.schokologo.com\/en\/choco-logo\/colour-printed-logo-biscuit#breadcrumb"},"inLanguage":"en-US","potentialAction":[{"@type":"ReadAction","target":["https:\/\/staging.schokologo.com\/en\/choco-logo\/colour-printed-logo-biscuit"]}]},{"@type":"ImageObject","inLanguage":"en-US","@id":"https:\/\/staging.schokologo.com\/en\/choco-logo\/colour-printed-logo-biscuit#primaryimage","url":"https:\/\/staging.schokologo.com\/wp-content\/uploads\/2023\/09\/colourprintedbiscuit_4nd.jpg","contentUrl":"https:\/\/staging.schokologo.com\/wp-content\/uploads\/2023\/09\/colourprintedbiscuit_4nd.jpg","width":1439,"height":1310,"caption":"colour-printed-biscuit"},{"@type":"BreadcrumbList","@id":"https:\/\/staging.schokologo.com\/en\/choco-logo\/colour-printed-logo-biscuit#breadcrumb","itemListElement":[{"@type":"ListItem","position":1,"name":"Home","item":"https:\/\/staging.schokologo.com\/en"},{"@type":"ListItem","position":2,"name":"Products","item":"https:\/\/staging.schokologo.com\/en\/shop"},{"@type":"ListItem","position":3,"name":"Colour printed Logo-Biscuit"}]},{"@type":"WebSite","@id":"https:\/\/staging.schokologo.com\/en\/#website","url":"https:\/\/staging.schokologo.com\/en\/","name":"Schokologo","description":"Your finest calling card","publisher":{"@id":"https:\/\/staging.schokologo.com\/en\/#organization"},"alternateName":"Ihr Logo aus edler Schokolade","potentialAction":[{"@type":"SearchAction","target":{"@type":"EntryPoint","urlTemplate":"https:\/\/staging.schokologo.com\/en\/?s={search_term_string}"},"query-input":{"@type":"PropertyValueSpecification","valueRequired":true,"valueName":"search_term_string"}}],"inLanguage":"en-US"},{"@type":"Organization","@id":"https:\/\/staging.schokologo.com\/en\/#organization","name":"Schokologo e.K.","alternateName":"Schokologo","url":"https:\/\/staging.schokologo.com\/en\/","logo":{"@type":"ImageObject","inLanguage":"en-US","@id":"https:\/\/staging.schokologo.com\/en\/#\/schema\/logo\/image\/","url":"https:\/\/staging.schokologo.com\/wp-content\/uploads\/2023\/09\/SchokoLogo_Logo.svg","contentUrl":"https:\/\/staging.schokologo.com\/wp-content\/uploads\/2023\/09\/SchokoLogo_Logo.svg","width":270,"height":106,"caption":"Schokologo e.K."},"image":{"@id":"https:\/\/staging.schokologo.com\/en\/#\/schema\/logo\/image\/"},"sameAs":["https:\/\/www.facebook.com\/SCHOKOLOGO","https:\/\/x.com\/schokologo","https:\/\/www.instagram.com\/schoko_logo"],"description":"Personalisierte Schokoladenprodukte und Sonderanfertigungen aus Schokolade. Wir gestalten individuelle Schokoladenkreationen mit Logos, Texten und Designs nach Ihren W\u00fcnschen. Unsere hochwertigen Schokoladenprodukte sind das ideale Geschenk f\u00fcr Kunden, Gesch\u00e4ftspartner und besondere Anl\u00e4sse. Mit den besten Zutaten und ma\u00dfgeschneiderten L\u00f6sungen pr\u00e4sentieren wir Ihre Markenbotschaft auf einzigartige und k\u00f6stliche Weise. Entdecken Sie die Vielfalt unserer Schokoladenprodukte und hinterlassen Sie einen bleibenden Eindruck mit Schokologo.","email":"info@schokologo.com","telephone":"3677790","legalName":"Schokologo e.K.","foundingDate":"2003-01-08","vatID":"DE220776735","numberOfEmployees":{"@type":"QuantitativeValue","minValue":"51","maxValue":"200"}}]},"product_price_amount":"358.00","product_price_currency":"EUR","og_availability":"instock","product_availability":"instock","product_retailer_item_id":"SL10240","product_condition":"new"},"_links":{"self":[{"href":"https:\/\/staging.schokologo.com\/en\/wp-json\/wp\/v2\/product\/57307","targetHints":{"allow":["GET"]}}],"collection":[{"href":"https:\/\/staging.schokologo.com\/en\/wp-json\/wp\/v2\/product"}],"about":[{"href":"https:\/\/staging.schokologo.com\/en\/wp-json\/wp\/v2\/types\/product"}],"version-history":[{"count":0,"href":"https:\/\/staging.schokologo.com\/en\/wp-json\/wp\/v2\/product\/57307\/revisions"}],"wp:featuredmedia":[{"embeddable":true,"href":"https:\/\/staging.schokologo.com\/en\/wp-json\/wp\/v2\/media\/49598"}],"wp:attachment":[{"href":"https:\/\/staging.schokologo.com\/en\/wp-json\/wp\/v2\/media?parent=57307"}],"wp:term":[{"taxonomy":"product_brand","embeddable":true,"href":"https:\/\/staging.schokologo.com\/en\/wp-json\/wp\/v2\/product_brand?post=57307"},{"taxonomy":"product_cat","embeddable":true,"href":"https:\/\/staging.schokologo.com\/en\/wp-json\/wp\/v2\/product_cat?post=57307"},{"taxonomy":"product_tag","embeddable":true,"href":"https:\/\/staging.schokologo.com\/en\/wp-json\/wp\/v2\/product_tag?post=57307"}],"curies":[{"name":"wp","href":"https:\/\/api.w.org\/{rel}","templated":true}]}}