{"id":57139,"date":"2023-09-27T14:43:58","date_gmt":"2023-09-27T12:43:58","guid":{"rendered":"http:\/\/custom-chocolate.biz\/?product=schoko-logo-pralinen-1695800646"},"modified":"2023-11-11T20:06:28","modified_gmt":"2023-11-11T19:06:28","slug":"schoko-logo-pralinen-1695800646","status":"publish","type":"product","link":"https:\/\/staging.schokologo.com\/en\/choco-logo\/schoko-logo-pralinen-1695800646","title":{"rendered":"Schoko Logo Pralinen"},"content":{"rendered":"<p>Logopralinen mit Unternehmenslogo.<\/p>\n<p>Unsere bedruckbaren Logopralinen bestehen aus feinster belgischer Schokolade in Vollmilch, Wei\u00df- oder Zartbittergeschmack und sind mit Haselnusscreme gef\u00fcllt.<\/p>\n<p>Sie k\u00f6nnen unsere bedruckte Schokoladen Pralinen Box in den verschiedensten Varianten bestellen und ganz nach Ihren individuellen W\u00fcnschen konfigurieren.<\/p>\n<p>Wir bieten die Logopralinen in vier Formen an:<br \/>\n\u2022\u00a0\u00a0\u00a0 Rechteck: 38 x 25 x 14 mm, 15g<\/p>\n<p>\u2022\u00a0\u00a0\u00a0 Rund: \u00d832 x 14 mm, 13g<\/p>\n<p>\u2022\u00a0\u00a0\u00a0 Quadrat: 27 x 27 x 14 mm, 12g<\/p>\n<p>\u2022\u00a0\u00a0\u00a0 Ellipse: 35 x 23 x 14 mm, 11g<\/p>\n<p>Druck:<br \/>\n\u2022\u00a0\u00a0\u00a0 Logopralinen aus wei\u00dfer Schokolade: Farbdruck direkt auf der Schokolade.<br \/>\n\u2022\u00a0\u00a0\u00a0 Logopralinen aus Vollmilch und Zartbitter Schokolade: Farbdruck auf wei\u00dfem Untergrund aus Kakaobutter.<\/p>\n<p>Verpackungen:<\/p>\n<ul>\n<li>Lose<\/li>\n<li>1er Box &#8211; 53x55x17 mm<\/li>\n<li>2er Box &#8211; 93x51x17 mm<\/li>\n<li>3er Box &#8211; 127x51x17 mm<\/li>\n<li>4er Box &#8211; 82x82x30 mm<\/li>\n<li>6er Box &#8211; 126x95x17 mm<\/li>\n<\/ul>\n<p>Weitere Verpackungen und Variationen auf Anfrage.<\/p>\n<p>Pralinen, die mit dem Logo Ihres Unternehmens bedruckt sind, beeindrucken nachhaltig und sind ein geschmackvoller Werbetr\u00e4ger. F\u00fcr Sie entwickeln wir eine individuelle Praline mit Ihrem Unternehmenslogo. Bestens geeignet f\u00fcr den Einsatz auf Messen, Events oder als saisonales Geschenk an Ihre Kunden. Nutzen Sie unsere Logopralinen um Ihr Unternehmen geschmackvoll in Szene zu setzten.<\/p>\n","protected":false},"excerpt":{"rendered":"<p>Logopralinen mit Unternehmenslogo. Unsere bedruckbaren Logopralinen bestehen aus feinster belgischer Schokolade in Vollmilch, Wei\u00df- oder Zartbittergeschmack und sind mit Haselnusscreme gef\u00fcllt. Sie k\u00f6nnen unsere bedruckte Schokoladen Pralinen Box in den verschiedensten Varianten bestellen und ganz nach Ihren individuellen W\u00fcnschen konfigurieren. Wir bieten die Logopralinen in vier Formen an: \u2022\u00a0\u00a0\u00a0 Rechteck: 38 x 25 x 14 [&hellip;]<\/p>\n","protected":false},"featured_media":49446,"template":"","meta":{"_acf_changed":false},"product_brand":[2903],"product_cat":[2947],"product_tag":[],"class_list":{"0":"post-57139","1":"product","2":"type-product","3":"status-publish","4":"has-post-thumbnail","6":"product_brand-schokologo-e-k","7":"product_cat-truffles-and-pralines","9":"first","10":"outofstock","11":"taxable","12":"shipping-taxable","13":"purchasable","14":"product-type-variable"},"acf":{"sl_product_custom_field":"","sl_inquire_only_product":true},"yoast_head":"<!-- This site is optimized with the Yoast SEO Premium plugin v26.5 (Yoast SEO v27.2) - https:\/\/yoast.com\/product\/yoast-seo-premium-wordpress\/ -->\n<title>Schoko Logo Pralinen - Choco-Logo<\/title>\n<meta name=\"robots\" content=\"noindex, follow, max-snippet:-1, max-image-preview:large, max-video-preview:-1\" \/>\n<meta property=\"og:locale\" content=\"en_US\" \/>\n<meta property=\"og:type\" content=\"article\" \/>\n<meta property=\"og:title\" content=\"Schoko Logo Pralinen\" \/>\n<meta property=\"og:description\" content=\"Logopralinen mit Unternehmenslogo. Unsere bedruckbaren Logopralinen bestehen aus feinster belgischer Schokolade in Vollmilch, Wei\u00df- oder Zartbittergeschmack und sind mit Haselnusscreme gef\u00fcllt. Sie k\u00f6nnen unsere bedruckte Schokoladen Pralinen Box in den verschiedensten Varianten bestellen und ganz nach Ihren individuellen W\u00fcnschen konfigurieren. Wir bieten die Logopralinen in vier Formen an: \u2022\u00a0\u00a0\u00a0 Rechteck: 38 x 25 x 14 [&hellip;]\" \/>\n<meta property=\"og:url\" content=\"https:\/\/staging.schokologo.com\/en\/choco-logo\/schoko-logo-pralinen-1695800646\" \/>\n<meta property=\"og:site_name\" content=\"Choco-Logo\" \/>\n<meta property=\"article:publisher\" content=\"https:\/\/www.facebook.com\/SCHOKOLOGO\" \/>\n<meta property=\"article:modified_time\" content=\"2023-11-11T19:06:28+00:00\" \/>\n<meta property=\"og:image\" content=\"https:\/\/staging.schokologo.com\/wp-content\/uploads\/2023\/09\/BespokePralinen38x25_4nd.jpg\" \/>\n\t<meta property=\"og:image:width\" content=\"2294\" \/>\n\t<meta property=\"og:image:height\" content=\"1659\" \/>\n\t<meta property=\"og:image:type\" content=\"image\/jpeg\" \/>\n<meta name=\"twitter:card\" content=\"summary_large_image\" \/>\n<meta name=\"twitter:site\" content=\"@schokologo\" \/>\n<meta name=\"twitter:label1\" content=\"Availability\" \/>\n\t<meta name=\"twitter:data1\" content=\"Out of stock\" \/>\n<script type=\"application\/ld+json\" class=\"yoast-schema-graph\">{\"@context\":\"https:\/\/schema.org\",\"@graph\":[{\"@type\":\"WebPage\",\"@id\":\"https:\/\/staging.schokologo.com\/en\/choco-logo\/schoko-logo-pralinen-1695800646\",\"url\":\"https:\/\/staging.schokologo.com\/en\/choco-logo\/schoko-logo-pralinen-1695800646\",\"name\":\"Schoko Logo Pralinen - Choco-Logo\",\"isPartOf\":{\"@id\":\"https:\/\/staging.schokologo.com\/en\/#website\"},\"primaryImageOfPage\":{\"@id\":\"https:\/\/staging.schokologo.com\/en\/choco-logo\/schoko-logo-pralinen-1695800646#primaryimage\"},\"image\":{\"@id\":\"https:\/\/staging.schokologo.com\/en\/choco-logo\/schoko-logo-pralinen-1695800646#primaryimage\"},\"thumbnailUrl\":\"https:\/\/staging.schokologo.com\/wp-content\/uploads\/2023\/09\/BespokePralinen38x25_4nd.jpg\",\"datePublished\":\"2023-09-27T12:43:58+00:00\",\"dateModified\":\"2023-11-11T19:06:28+00:00\",\"breadcrumb\":{\"@id\":\"https:\/\/staging.schokologo.com\/en\/choco-logo\/schoko-logo-pralinen-1695800646#breadcrumb\"},\"inLanguage\":\"en-US\",\"potentialAction\":[{\"@type\":\"ReadAction\",\"target\":[\"https:\/\/staging.schokologo.com\/en\/choco-logo\/schoko-logo-pralinen-1695800646\"]}]},{\"@type\":\"ImageObject\",\"inLanguage\":\"en-US\",\"@id\":\"https:\/\/staging.schokologo.com\/en\/choco-logo\/schoko-logo-pralinen-1695800646#primaryimage\",\"url\":\"https:\/\/staging.schokologo.com\/wp-content\/uploads\/2023\/09\/BespokePralinen38x25_4nd.jpg\",\"contentUrl\":\"https:\/\/staging.schokologo.com\/wp-content\/uploads\/2023\/09\/BespokePralinen38x25_4nd.jpg\",\"width\":2294,\"height\":1659,\"caption\":\"BespokePralinen38x25\"},{\"@type\":\"BreadcrumbList\",\"@id\":\"https:\/\/staging.schokologo.com\/en\/choco-logo\/schoko-logo-pralinen-1695800646#breadcrumb\",\"itemListElement\":[{\"@type\":\"ListItem\",\"position\":1,\"name\":\"Home\",\"item\":\"https:\/\/staging.schokologo.com\/en\"},{\"@type\":\"ListItem\",\"position\":2,\"name\":\"Products\",\"item\":\"https:\/\/staging.schokologo.com\/en\/shop\"},{\"@type\":\"ListItem\",\"position\":3,\"name\":\"Schoko Logo Pralinen\"}]},{\"@type\":\"WebSite\",\"@id\":\"https:\/\/staging.schokologo.com\/en\/#website\",\"url\":\"https:\/\/staging.schokologo.com\/en\/\",\"name\":\"Schokologo\",\"description\":\"Your finest calling card\",\"publisher\":{\"@id\":\"https:\/\/staging.schokologo.com\/en\/#organization\"},\"alternateName\":\"Ihr Logo aus edler Schokolade\",\"potentialAction\":[{\"@type\":\"SearchAction\",\"target\":{\"@type\":\"EntryPoint\",\"urlTemplate\":\"https:\/\/staging.schokologo.com\/en\/?s={search_term_string}\"},\"query-input\":{\"@type\":\"PropertyValueSpecification\",\"valueRequired\":true,\"valueName\":\"search_term_string\"}}],\"inLanguage\":\"en-US\"},{\"@type\":\"Organization\",\"@id\":\"https:\/\/staging.schokologo.com\/en\/#organization\",\"name\":\"Schokologo e.K.\",\"alternateName\":\"Schokologo\",\"url\":\"https:\/\/staging.schokologo.com\/en\/\",\"logo\":{\"@type\":\"ImageObject\",\"inLanguage\":\"en-US\",\"@id\":\"https:\/\/staging.schokologo.com\/en\/#\/schema\/logo\/image\/\",\"url\":\"https:\/\/staging.schokologo.com\/wp-content\/uploads\/2023\/09\/SchokoLogo_Logo.svg\",\"contentUrl\":\"https:\/\/staging.schokologo.com\/wp-content\/uploads\/2023\/09\/SchokoLogo_Logo.svg\",\"width\":270,\"height\":106,\"caption\":\"Schokologo e.K.\"},\"image\":{\"@id\":\"https:\/\/staging.schokologo.com\/en\/#\/schema\/logo\/image\/\"},\"sameAs\":[\"https:\/\/www.facebook.com\/SCHOKOLOGO\",\"https:\/\/x.com\/schokologo\",\"https:\/\/www.instagram.com\/schoko_logo\"],\"description\":\"Personalisierte Schokoladenprodukte und Sonderanfertigungen aus Schokolade. Wir gestalten individuelle Schokoladenkreationen mit Logos, Texten und Designs nach Ihren W\u00fcnschen. Unsere hochwertigen Schokoladenprodukte sind das ideale Geschenk f\u00fcr Kunden, Gesch\u00e4ftspartner und besondere Anl\u00e4sse. Mit den besten Zutaten und ma\u00dfgeschneiderten L\u00f6sungen pr\u00e4sentieren wir Ihre Markenbotschaft auf einzigartige und k\u00f6stliche Weise. Entdecken Sie die Vielfalt unserer Schokoladenprodukte und hinterlassen Sie einen bleibenden Eindruck mit Schokologo.\",\"email\":\"info@schokologo.com\",\"telephone\":\"3677790\",\"legalName\":\"Schokologo e.K.\",\"foundingDate\":\"2003-01-08\",\"vatID\":\"DE220776735\",\"numberOfEmployees\":{\"@type\":\"QuantitativeValue\",\"minValue\":\"51\",\"maxValue\":\"200\"}}]}<\/script>\n<meta property=\"og:availability\" content=\"out of stock\" \/>\n<meta property=\"product:availability\" content=\"out of stock\" \/>\n<meta property=\"product:retailer_item_id\" content=\"SL10229.12\" \/>\n<meta property=\"product:condition\" content=\"new\" \/>\n<!-- \/ Yoast SEO Premium plugin. -->","yoast_head_json":{"title":"Schoko Logo Pralinen - Choco-Logo","robots":{"index":"noindex","follow":"follow","max-snippet":"max-snippet:-1","max-image-preview":"max-image-preview:large","max-video-preview":"max-video-preview:-1"},"og_locale":"en_US","og_type":"article","og_title":"Schoko Logo Pralinen","og_description":"Logopralinen mit Unternehmenslogo. Unsere bedruckbaren Logopralinen bestehen aus feinster belgischer Schokolade in Vollmilch, Wei\u00df- oder Zartbittergeschmack und sind mit Haselnusscreme gef\u00fcllt. Sie k\u00f6nnen unsere bedruckte Schokoladen Pralinen Box in den verschiedensten Varianten bestellen und ganz nach Ihren individuellen W\u00fcnschen konfigurieren. Wir bieten die Logopralinen in vier Formen an: \u2022\u00a0\u00a0\u00a0 Rechteck: 38 x 25 x 14 [&hellip;]","og_url":"https:\/\/staging.schokologo.com\/en\/choco-logo\/schoko-logo-pralinen-1695800646","og_site_name":"Choco-Logo","article_publisher":"https:\/\/www.facebook.com\/SCHOKOLOGO","article_modified_time":"2023-11-11T19:06:28+00:00","og_image":[{"width":2294,"height":1659,"url":"https:\/\/staging.schokologo.com\/wp-content\/uploads\/2023\/09\/BespokePralinen38x25_4nd.jpg","type":"image\/jpeg"}],"twitter_card":"summary_large_image","twitter_site":"@schokologo","twitter_misc":{"Availability":"Out of stock"},"schema":{"@context":"https:\/\/schema.org","@graph":[{"@type":"WebPage","@id":"https:\/\/staging.schokologo.com\/en\/choco-logo\/schoko-logo-pralinen-1695800646","url":"https:\/\/staging.schokologo.com\/en\/choco-logo\/schoko-logo-pralinen-1695800646","name":"Schoko Logo Pralinen - Choco-Logo","isPartOf":{"@id":"https:\/\/staging.schokologo.com\/en\/#website"},"primaryImageOfPage":{"@id":"https:\/\/staging.schokologo.com\/en\/choco-logo\/schoko-logo-pralinen-1695800646#primaryimage"},"image":{"@id":"https:\/\/staging.schokologo.com\/en\/choco-logo\/schoko-logo-pralinen-1695800646#primaryimage"},"thumbnailUrl":"https:\/\/staging.schokologo.com\/wp-content\/uploads\/2023\/09\/BespokePralinen38x25_4nd.jpg","datePublished":"2023-09-27T12:43:58+00:00","dateModified":"2023-11-11T19:06:28+00:00","breadcrumb":{"@id":"https:\/\/staging.schokologo.com\/en\/choco-logo\/schoko-logo-pralinen-1695800646#breadcrumb"},"inLanguage":"en-US","potentialAction":[{"@type":"ReadAction","target":["https:\/\/staging.schokologo.com\/en\/choco-logo\/schoko-logo-pralinen-1695800646"]}]},{"@type":"ImageObject","inLanguage":"en-US","@id":"https:\/\/staging.schokologo.com\/en\/choco-logo\/schoko-logo-pralinen-1695800646#primaryimage","url":"https:\/\/staging.schokologo.com\/wp-content\/uploads\/2023\/09\/BespokePralinen38x25_4nd.jpg","contentUrl":"https:\/\/staging.schokologo.com\/wp-content\/uploads\/2023\/09\/BespokePralinen38x25_4nd.jpg","width":2294,"height":1659,"caption":"BespokePralinen38x25"},{"@type":"BreadcrumbList","@id":"https:\/\/staging.schokologo.com\/en\/choco-logo\/schoko-logo-pralinen-1695800646#breadcrumb","itemListElement":[{"@type":"ListItem","position":1,"name":"Home","item":"https:\/\/staging.schokologo.com\/en"},{"@type":"ListItem","position":2,"name":"Products","item":"https:\/\/staging.schokologo.com\/en\/shop"},{"@type":"ListItem","position":3,"name":"Schoko Logo Pralinen"}]},{"@type":"WebSite","@id":"https:\/\/staging.schokologo.com\/en\/#website","url":"https:\/\/staging.schokologo.com\/en\/","name":"Schokologo","description":"Your finest calling card","publisher":{"@id":"https:\/\/staging.schokologo.com\/en\/#organization"},"alternateName":"Ihr Logo aus edler Schokolade","potentialAction":[{"@type":"SearchAction","target":{"@type":"EntryPoint","urlTemplate":"https:\/\/staging.schokologo.com\/en\/?s={search_term_string}"},"query-input":{"@type":"PropertyValueSpecification","valueRequired":true,"valueName":"search_term_string"}}],"inLanguage":"en-US"},{"@type":"Organization","@id":"https:\/\/staging.schokologo.com\/en\/#organization","name":"Schokologo e.K.","alternateName":"Schokologo","url":"https:\/\/staging.schokologo.com\/en\/","logo":{"@type":"ImageObject","inLanguage":"en-US","@id":"https:\/\/staging.schokologo.com\/en\/#\/schema\/logo\/image\/","url":"https:\/\/staging.schokologo.com\/wp-content\/uploads\/2023\/09\/SchokoLogo_Logo.svg","contentUrl":"https:\/\/staging.schokologo.com\/wp-content\/uploads\/2023\/09\/SchokoLogo_Logo.svg","width":270,"height":106,"caption":"Schokologo e.K."},"image":{"@id":"https:\/\/staging.schokologo.com\/en\/#\/schema\/logo\/image\/"},"sameAs":["https:\/\/www.facebook.com\/SCHOKOLOGO","https:\/\/x.com\/schokologo","https:\/\/www.instagram.com\/schoko_logo"],"description":"Personalisierte Schokoladenprodukte und Sonderanfertigungen aus Schokolade. Wir gestalten individuelle Schokoladenkreationen mit Logos, Texten und Designs nach Ihren W\u00fcnschen. Unsere hochwertigen Schokoladenprodukte sind das ideale Geschenk f\u00fcr Kunden, Gesch\u00e4ftspartner und besondere Anl\u00e4sse. Mit den besten Zutaten und ma\u00dfgeschneiderten L\u00f6sungen pr\u00e4sentieren wir Ihre Markenbotschaft auf einzigartige und k\u00f6stliche Weise. Entdecken Sie die Vielfalt unserer Schokoladenprodukte und hinterlassen Sie einen bleibenden Eindruck mit Schokologo.","email":"info@schokologo.com","telephone":"3677790","legalName":"Schokologo e.K.","foundingDate":"2003-01-08","vatID":"DE220776735","numberOfEmployees":{"@type":"QuantitativeValue","minValue":"51","maxValue":"200"}}]},"og_availability":"out of stock","product_availability":"out of stock","product_retailer_item_id":"SL10229.12","product_condition":"new"},"_links":{"self":[{"href":"https:\/\/staging.schokologo.com\/en\/wp-json\/wp\/v2\/product\/57139","targetHints":{"allow":["GET"]}}],"collection":[{"href":"https:\/\/staging.schokologo.com\/en\/wp-json\/wp\/v2\/product"}],"about":[{"href":"https:\/\/staging.schokologo.com\/en\/wp-json\/wp\/v2\/types\/product"}],"version-history":[{"count":0,"href":"https:\/\/staging.schokologo.com\/en\/wp-json\/wp\/v2\/product\/57139\/revisions"}],"wp:featuredmedia":[{"embeddable":true,"href":"https:\/\/staging.schokologo.com\/en\/wp-json\/wp\/v2\/media\/49446"}],"wp:attachment":[{"href":"https:\/\/staging.schokologo.com\/en\/wp-json\/wp\/v2\/media?parent=57139"}],"wp:term":[{"taxonomy":"product_brand","embeddable":true,"href":"https:\/\/staging.schokologo.com\/en\/wp-json\/wp\/v2\/product_brand?post=57139"},{"taxonomy":"product_cat","embeddable":true,"href":"https:\/\/staging.schokologo.com\/en\/wp-json\/wp\/v2\/product_cat?post=57139"},{"taxonomy":"product_tag","embeddable":true,"href":"https:\/\/staging.schokologo.com\/en\/wp-json\/wp\/v2\/product_tag?post=57139"}],"curies":[{"name":"wp","href":"https:\/\/api.w.org\/{rel}","templated":true}]}}