{"id":57053,"date":"2023-09-27T14:43:39","date_gmt":"2023-09-27T12:43:39","guid":{"rendered":"http:\/\/custom-chocolate.biz\/?product=pralines-advent-calendar"},"modified":"2023-09-27T14:43:39","modified_gmt":"2023-09-27T14:43:39","slug":"pralines-advent-calendar","status":"publish","type":"product","link":"https:\/\/staging.schokologo.com\/en\/choco-logo\/pralines-advent-calendar","title":{"rendered":"Pralines Advent Calendar"},"content":{"rendered":"<h2>Chocolate Advertising Advent Calendar<\/h2>\n<p>Individual advertising advent calendar filled with chocolates and a personalised, branded chocolate logo. Create your special Advent calendar individually with your design and leave a sweet impression of a very special Advent calendar.<\/p>\n<p>The calendar is filled with 22 chocolate truffles, a sweet chocolate Santa Claus and a tasteful chocolate tablet with your logo.<\/p>\n<p>You can print this calendar completely individually or simply add your logo to our Christmas design.<\/p>\n<p>On the 6th and 24th doors, the chocolate calendar contains tablets with your logo and\/or in the form of Santa Claus.<\/p>\n<p>On request, we can create tailor-made and individual shapes, e.g. in the form of a product from you.<\/p>\n<p>&nbsp;A total of approx. 150g chocolate enjoyment awaits your customers for at least 24 days.<\/p>\n<p>Size: 330 x 210 x 25 mm.<\/p>\n<p>&nbsp;Behind every door of this extraordinary calendar a delicious praline is waiting to surprise you tastefully. The pralines taste particularly delicious because they are all handmade with the best tradition of craftsmanship. So you wish your customers and business partners a pleasurable Advent season, which will be remembered long after consumption.<\/p>\n<p>Flavours of the pralines: Raspberry mousse, cream nougat, chocolate mousse, coffee nut, Pisatzien cream nougat, Cassis cream nougat, bitter nougat, fine marzipan, caramel, dark nut nougat, macadamia cream.<\/p>\n<p>In each calendar is a relief figure Nikolaus from milk chocolate and<\/p>\n<p>a tasteful, individual chocolate with your logo in highest precision.<\/p>\n","protected":false},"excerpt":{"rendered":"<p>Individual advertising advent calendar filled with chocolates and a personalised, branded chocolate logo. A total of approx. 150 g of chocolate enjoyment awaits your customers for at least 24 days.<\/p>\n","protected":false},"featured_media":49418,"template":"","meta":{"_acf_changed":false},"product_brand":[2903],"product_cat":[2953,3003,2971,2947,3005],"product_tag":[],"class_list":{"0":"post-57053","1":"product","2":"type-product","3":"status-publish","4":"has-post-thumbnail","6":"product_brand-schokologo-e-k","7":"product_cat-advent-calendars","8":"product_cat-kundengeschenke-weihnachten-en","9":"product_cat-mailing-en","10":"product_cat-truffles-and-pralines","11":"product_cat-weihnachtsgeschenke-fur-kunden-en","13":"first","14":"instock","15":"taxable","16":"shipping-taxable","17":"purchasable","18":"product-type-simple"},"acf":{"sl_product_custom_field":"","sl_inquire_only_product":true},"yoast_head":"<!-- This site is optimized with the Yoast SEO Premium plugin v26.5 (Yoast SEO v27.2) - https:\/\/yoast.com\/product\/yoast-seo-premium-wordpress\/ -->\n<title>Pralinen Werbe Adventskalender<\/title>\n<meta name=\"robots\" content=\"noindex, follow, max-snippet:-1, max-image-preview:large, max-video-preview:-1\" \/>\n<meta property=\"og:locale\" content=\"en_US\" \/>\n<meta property=\"og:type\" content=\"article\" \/>\n<meta property=\"og:title\" content=\"Pralines Advent Calendar\" \/>\n<meta property=\"og:description\" content=\"Individual advertising advent calendar filled with chocolates and a personalised, branded chocolate logo. A total of approx. 150 g of chocolate enjoyment awaits your customers for at least 24 days.\" \/>\n<meta property=\"og:url\" content=\"https:\/\/staging.schokologo.com\/en\/choco-logo\/pralines-advent-calendar\" \/>\n<meta property=\"og:site_name\" content=\"Choco-Logo\" \/>\n<meta property=\"article:publisher\" content=\"https:\/\/www.facebook.com\/SCHOKOLOGO\" \/>\n<meta property=\"article:modified_time\" content=\"2023-09-27T14:43:39+00:00\" \/>\n<meta property=\"og:image\" content=\"https:\/\/staging.schokologo.com\/wp-content\/uploads\/2023\/09\/PralinenAdventskalender_Vorderseite_4nd-scaled.jpg\" \/>\n\t<meta property=\"og:image:width\" content=\"1234\" \/>\n\t<meta property=\"og:image:height\" content=\"1920\" \/>\n\t<meta property=\"og:image:type\" content=\"image\/jpeg\" \/>\n<meta name=\"twitter:card\" content=\"summary_large_image\" \/>\n<meta name=\"twitter:site\" content=\"@schokologo\" \/>\n<meta name=\"twitter:label1\" content=\"Price\" \/>\n\t<meta name=\"twitter:data1\" content=\"8,33&nbsp;&euro; Exluding Tax\" \/>\n\t<meta name=\"twitter:label2\" content=\"Availability\" \/>\n\t<meta name=\"twitter:data2\" content=\"In stock\" \/>\n<script type=\"application\/ld+json\" class=\"yoast-schema-graph\">{\"@context\":\"https:\/\/schema.org\",\"@graph\":[{\"@type\":\"WebPage\",\"@id\":\"https:\/\/staging.schokologo.com\/en\/choco-logo\/pralines-advent-calendar\",\"url\":\"https:\/\/staging.schokologo.com\/en\/choco-logo\/pralines-advent-calendar\",\"name\":\"Pralinen Werbe Adventskalender\",\"isPartOf\":{\"@id\":\"https:\/\/staging.schokologo.com\/en\/#website\"},\"primaryImageOfPage\":{\"@id\":\"https:\/\/staging.schokologo.com\/en\/choco-logo\/pralines-advent-calendar#primaryimage\"},\"image\":{\"@id\":\"https:\/\/staging.schokologo.com\/en\/choco-logo\/pralines-advent-calendar#primaryimage\"},\"thumbnailUrl\":\"https:\/\/staging.schokologo.com\/wp-content\/uploads\/2023\/09\/PralinenAdventskalender_Vorderseite_4nd-scaled.jpg\",\"datePublished\":\"2023-09-27T12:43:39+00:00\",\"dateModified\":\"2023-09-27T14:43:39+00:00\",\"breadcrumb\":{\"@id\":\"https:\/\/staging.schokologo.com\/en\/choco-logo\/pralines-advent-calendar#breadcrumb\"},\"inLanguage\":\"en-US\",\"potentialAction\":[{\"@type\":\"ReadAction\",\"target\":[\"https:\/\/staging.schokologo.com\/en\/choco-logo\/pralines-advent-calendar\"]}]},{\"@type\":\"ImageObject\",\"inLanguage\":\"en-US\",\"@id\":\"https:\/\/staging.schokologo.com\/en\/choco-logo\/pralines-advent-calendar#primaryimage\",\"url\":\"https:\/\/staging.schokologo.com\/wp-content\/uploads\/2023\/09\/PralinenAdventskalender_Vorderseite_4nd-scaled.jpg\",\"contentUrl\":\"https:\/\/staging.schokologo.com\/wp-content\/uploads\/2023\/09\/PralinenAdventskalender_Vorderseite_4nd-scaled.jpg\",\"width\":1234,\"height\":1920,\"caption\":\"Pralinen-Adventskalender_Vorderseite\"},{\"@type\":\"BreadcrumbList\",\"@id\":\"https:\/\/staging.schokologo.com\/en\/choco-logo\/pralines-advent-calendar#breadcrumb\",\"itemListElement\":[{\"@type\":\"ListItem\",\"position\":1,\"name\":\"Home\",\"item\":\"https:\/\/staging.schokologo.com\/en\"},{\"@type\":\"ListItem\",\"position\":2,\"name\":\"Products\",\"item\":\"https:\/\/staging.schokologo.com\/en\/shop\"},{\"@type\":\"ListItem\",\"position\":3,\"name\":\"Pralines Advent Calendar\"}]},{\"@type\":\"WebSite\",\"@id\":\"https:\/\/staging.schokologo.com\/en\/#website\",\"url\":\"https:\/\/staging.schokologo.com\/en\/\",\"name\":\"Schokologo\",\"description\":\"Your finest calling card\",\"publisher\":{\"@id\":\"https:\/\/staging.schokologo.com\/en\/#organization\"},\"alternateName\":\"Ihr Logo aus edler Schokolade\",\"potentialAction\":[{\"@type\":\"SearchAction\",\"target\":{\"@type\":\"EntryPoint\",\"urlTemplate\":\"https:\/\/staging.schokologo.com\/en\/?s={search_term_string}\"},\"query-input\":{\"@type\":\"PropertyValueSpecification\",\"valueRequired\":true,\"valueName\":\"search_term_string\"}}],\"inLanguage\":\"en-US\"},{\"@type\":\"Organization\",\"@id\":\"https:\/\/staging.schokologo.com\/en\/#organization\",\"name\":\"Schokologo e.K.\",\"alternateName\":\"Schokologo\",\"url\":\"https:\/\/staging.schokologo.com\/en\/\",\"logo\":{\"@type\":\"ImageObject\",\"inLanguage\":\"en-US\",\"@id\":\"https:\/\/staging.schokologo.com\/en\/#\/schema\/logo\/image\/\",\"url\":\"https:\/\/staging.schokologo.com\/wp-content\/uploads\/2023\/09\/SchokoLogo_Logo.svg\",\"contentUrl\":\"https:\/\/staging.schokologo.com\/wp-content\/uploads\/2023\/09\/SchokoLogo_Logo.svg\",\"width\":270,\"height\":106,\"caption\":\"Schokologo e.K.\"},\"image\":{\"@id\":\"https:\/\/staging.schokologo.com\/en\/#\/schema\/logo\/image\/\"},\"sameAs\":[\"https:\/\/www.facebook.com\/SCHOKOLOGO\",\"https:\/\/x.com\/schokologo\",\"https:\/\/www.instagram.com\/schoko_logo\"],\"description\":\"Personalisierte Schokoladenprodukte und Sonderanfertigungen aus Schokolade. Wir gestalten individuelle Schokoladenkreationen mit Logos, Texten und Designs nach Ihren W\u00fcnschen. Unsere hochwertigen Schokoladenprodukte sind das ideale Geschenk f\u00fcr Kunden, Gesch\u00e4ftspartner und besondere Anl\u00e4sse. Mit den besten Zutaten und ma\u00dfgeschneiderten L\u00f6sungen pr\u00e4sentieren wir Ihre Markenbotschaft auf einzigartige und k\u00f6stliche Weise. Entdecken Sie die Vielfalt unserer Schokoladenprodukte und hinterlassen Sie einen bleibenden Eindruck mit Schokologo.\",\"email\":\"info@schokologo.com\",\"telephone\":\"3677790\",\"legalName\":\"Schokologo e.K.\",\"foundingDate\":\"2003-01-08\",\"vatID\":\"DE220776735\",\"numberOfEmployees\":{\"@type\":\"QuantitativeValue\",\"minValue\":\"51\",\"maxValue\":\"200\"}}]}<\/script>\n<meta property=\"product:price:amount\" content=\"8.33\" \/>\n<meta property=\"product:price:currency\" content=\"EUR\" \/>\n<meta property=\"og:availability\" content=\"instock\" \/>\n<meta property=\"product:availability\" content=\"instock\" \/>\n<meta property=\"product:retailer_item_id\" content=\"SL10222\" \/>\n<meta property=\"product:condition\" content=\"new\" \/>\n<!-- \/ Yoast SEO Premium plugin. -->","yoast_head_json":{"title":"Pralinen Werbe Adventskalender","robots":{"index":"noindex","follow":"follow","max-snippet":"max-snippet:-1","max-image-preview":"max-image-preview:large","max-video-preview":"max-video-preview:-1"},"og_locale":"en_US","og_type":"article","og_title":"Pralines Advent Calendar","og_description":"Individual advertising advent calendar filled with chocolates and a personalised, branded chocolate logo. A total of approx. 150 g of chocolate enjoyment awaits your customers for at least 24 days.","og_url":"https:\/\/staging.schokologo.com\/en\/choco-logo\/pralines-advent-calendar","og_site_name":"Choco-Logo","article_publisher":"https:\/\/www.facebook.com\/SCHOKOLOGO","article_modified_time":"2023-09-27T14:43:39+00:00","og_image":[{"width":1234,"height":1920,"url":"https:\/\/staging.schokologo.com\/wp-content\/uploads\/2023\/09\/PralinenAdventskalender_Vorderseite_4nd-scaled.jpg","type":"image\/jpeg"}],"twitter_card":"summary_large_image","twitter_site":"@schokologo","twitter_misc":{"Price":"8,33&nbsp;&euro; Exluding Tax","Availability":"In stock"},"schema":{"@context":"https:\/\/schema.org","@graph":[{"@type":"WebPage","@id":"https:\/\/staging.schokologo.com\/en\/choco-logo\/pralines-advent-calendar","url":"https:\/\/staging.schokologo.com\/en\/choco-logo\/pralines-advent-calendar","name":"Pralinen Werbe Adventskalender","isPartOf":{"@id":"https:\/\/staging.schokologo.com\/en\/#website"},"primaryImageOfPage":{"@id":"https:\/\/staging.schokologo.com\/en\/choco-logo\/pralines-advent-calendar#primaryimage"},"image":{"@id":"https:\/\/staging.schokologo.com\/en\/choco-logo\/pralines-advent-calendar#primaryimage"},"thumbnailUrl":"https:\/\/staging.schokologo.com\/wp-content\/uploads\/2023\/09\/PralinenAdventskalender_Vorderseite_4nd-scaled.jpg","datePublished":"2023-09-27T12:43:39+00:00","dateModified":"2023-09-27T14:43:39+00:00","breadcrumb":{"@id":"https:\/\/staging.schokologo.com\/en\/choco-logo\/pralines-advent-calendar#breadcrumb"},"inLanguage":"en-US","potentialAction":[{"@type":"ReadAction","target":["https:\/\/staging.schokologo.com\/en\/choco-logo\/pralines-advent-calendar"]}]},{"@type":"ImageObject","inLanguage":"en-US","@id":"https:\/\/staging.schokologo.com\/en\/choco-logo\/pralines-advent-calendar#primaryimage","url":"https:\/\/staging.schokologo.com\/wp-content\/uploads\/2023\/09\/PralinenAdventskalender_Vorderseite_4nd-scaled.jpg","contentUrl":"https:\/\/staging.schokologo.com\/wp-content\/uploads\/2023\/09\/PralinenAdventskalender_Vorderseite_4nd-scaled.jpg","width":1234,"height":1920,"caption":"Pralinen-Adventskalender_Vorderseite"},{"@type":"BreadcrumbList","@id":"https:\/\/staging.schokologo.com\/en\/choco-logo\/pralines-advent-calendar#breadcrumb","itemListElement":[{"@type":"ListItem","position":1,"name":"Home","item":"https:\/\/staging.schokologo.com\/en"},{"@type":"ListItem","position":2,"name":"Products","item":"https:\/\/staging.schokologo.com\/en\/shop"},{"@type":"ListItem","position":3,"name":"Pralines Advent Calendar"}]},{"@type":"WebSite","@id":"https:\/\/staging.schokologo.com\/en\/#website","url":"https:\/\/staging.schokologo.com\/en\/","name":"Schokologo","description":"Your finest calling card","publisher":{"@id":"https:\/\/staging.schokologo.com\/en\/#organization"},"alternateName":"Ihr Logo aus edler Schokolade","potentialAction":[{"@type":"SearchAction","target":{"@type":"EntryPoint","urlTemplate":"https:\/\/staging.schokologo.com\/en\/?s={search_term_string}"},"query-input":{"@type":"PropertyValueSpecification","valueRequired":true,"valueName":"search_term_string"}}],"inLanguage":"en-US"},{"@type":"Organization","@id":"https:\/\/staging.schokologo.com\/en\/#organization","name":"Schokologo e.K.","alternateName":"Schokologo","url":"https:\/\/staging.schokologo.com\/en\/","logo":{"@type":"ImageObject","inLanguage":"en-US","@id":"https:\/\/staging.schokologo.com\/en\/#\/schema\/logo\/image\/","url":"https:\/\/staging.schokologo.com\/wp-content\/uploads\/2023\/09\/SchokoLogo_Logo.svg","contentUrl":"https:\/\/staging.schokologo.com\/wp-content\/uploads\/2023\/09\/SchokoLogo_Logo.svg","width":270,"height":106,"caption":"Schokologo e.K."},"image":{"@id":"https:\/\/staging.schokologo.com\/en\/#\/schema\/logo\/image\/"},"sameAs":["https:\/\/www.facebook.com\/SCHOKOLOGO","https:\/\/x.com\/schokologo","https:\/\/www.instagram.com\/schoko_logo"],"description":"Personalisierte Schokoladenprodukte und Sonderanfertigungen aus Schokolade. Wir gestalten individuelle Schokoladenkreationen mit Logos, Texten und Designs nach Ihren W\u00fcnschen. Unsere hochwertigen Schokoladenprodukte sind das ideale Geschenk f\u00fcr Kunden, Gesch\u00e4ftspartner und besondere Anl\u00e4sse. Mit den besten Zutaten und ma\u00dfgeschneiderten L\u00f6sungen pr\u00e4sentieren wir Ihre Markenbotschaft auf einzigartige und k\u00f6stliche Weise. Entdecken Sie die Vielfalt unserer Schokoladenprodukte und hinterlassen Sie einen bleibenden Eindruck mit Schokologo.","email":"info@schokologo.com","telephone":"3677790","legalName":"Schokologo e.K.","foundingDate":"2003-01-08","vatID":"DE220776735","numberOfEmployees":{"@type":"QuantitativeValue","minValue":"51","maxValue":"200"}}]},"product_price_amount":"8.33","product_price_currency":"EUR","og_availability":"instock","product_availability":"instock","product_retailer_item_id":"SL10222","product_condition":"new"},"_links":{"self":[{"href":"https:\/\/staging.schokologo.com\/en\/wp-json\/wp\/v2\/product\/57053","targetHints":{"allow":["GET"]}}],"collection":[{"href":"https:\/\/staging.schokologo.com\/en\/wp-json\/wp\/v2\/product"}],"about":[{"href":"https:\/\/staging.schokologo.com\/en\/wp-json\/wp\/v2\/types\/product"}],"version-history":[{"count":0,"href":"https:\/\/staging.schokologo.com\/en\/wp-json\/wp\/v2\/product\/57053\/revisions"}],"wp:featuredmedia":[{"embeddable":true,"href":"https:\/\/staging.schokologo.com\/en\/wp-json\/wp\/v2\/media\/49418"}],"wp:attachment":[{"href":"https:\/\/staging.schokologo.com\/en\/wp-json\/wp\/v2\/media?parent=57053"}],"wp:term":[{"taxonomy":"product_brand","embeddable":true,"href":"https:\/\/staging.schokologo.com\/en\/wp-json\/wp\/v2\/product_brand?post=57053"},{"taxonomy":"product_cat","embeddable":true,"href":"https:\/\/staging.schokologo.com\/en\/wp-json\/wp\/v2\/product_cat?post=57053"},{"taxonomy":"product_tag","embeddable":true,"href":"https:\/\/staging.schokologo.com\/en\/wp-json\/wp\/v2\/product_tag?post=57053"}],"curies":[{"name":"wp","href":"https:\/\/api.w.org\/{rel}","templated":true}]}}