{"id":56935,"date":"2023-09-27T14:42:08","date_gmt":"2023-09-27T12:42:08","guid":{"rendered":"http:\/\/custom-chocolate.biz\/?product=mailing-versandkarton-fur-unique-1695800530"},"modified":"2023-09-27T14:42:08","modified_gmt":"2023-09-27T14:42:08","slug":"mailing-versandkarton-fur-unique-1695800530","status":"publish","type":"product","link":"https:\/\/staging.schokologo.com\/en\/choco-logo\/mailing-versandkarton-fur-unique-1695800530","title":{"rendered":"Mailing Versandkarton f\u00fcr &#8220;Unique&#8221;"},"content":{"rendered":"<p>Dieser Versandkarton eignet sich optimal f\u00fcr den Einzelversand der Pralinenboxen und l\u00e4\u00dft sich als Maxi-Brief mit der Deutsche Post versenden.<\/p>\n<p>Gerne Etikettieren, kuvertieren und versenden wir auf Wunsch Ihre Sendungen anhand einer Empf\u00e4ngerliste.<\/p>\n<p>Auf Wunsch legen wir w\u00e4hrend der Konfektionierung die von Ihnen zur Verf\u00fcgung gestellten Karten bei oder lassen wir diese f\u00fcr Sie individuell nach Ihren Vorgaben drucken.<\/p>\n<p>Das F\u00fcllmaterial &#8220;SizzlePak&#8221; ist ein dekoratives, loses Papiermaterial mit Sto\u00dfschutz und in den Farben rot und dunkelblau erh\u00e4ltlich.<\/p>\n<p>Au\u00dfenma\u00df: 180 x 130 x 48mm. Innema\u00df: 165 x 125 x 45 mm (DIN C6)<\/p>\n<p>Der Preis beinhaltet den Versandkarton, das dekorative F\u00fcllmaterial und Konfektionierung.<\/p>\n<p>&nbsp;<\/p>\n","protected":false},"excerpt":{"rendered":"<p>Dieser Versandkarton eignet sich optimal f\u00fcr den Einzelversand der Pralinenboxen und l\u00e4\u00dft sich als Maxi-Brief mit der Deutsche Post versenden. Gerne Etikettieren, kuvertieren und versenden wir auf Wunsch Ihre Sendungen anhand einer Empf\u00e4ngerliste. Auf Wunsch legen wir w\u00e4hrend der Konfektionierung die von Ihnen zur Verf\u00fcgung gestellten Karten bei oder lassen wir diese f\u00fcr Sie individuell [&hellip;]<\/p>\n","protected":false},"featured_media":49236,"template":"","meta":{"_acf_changed":false},"product_brand":[2903],"product_cat":[2971,2939],"product_tag":[],"class_list":{"0":"post-56935","1":"product","2":"type-product","3":"status-publish","4":"has-post-thumbnail","6":"product_brand-schokologo-e-k","7":"product_cat-mailing-en","8":"product_cat-packaging","10":"first","11":"instock","12":"taxable","13":"shipping-taxable","14":"purchasable","15":"product-type-simple"},"acf":{"sl_product_custom_field":"","sl_inquire_only_product":true},"yoast_head":"<!-- This site is optimized with the Yoast SEO Premium plugin v26.5 (Yoast SEO v27.2) - https:\/\/yoast.com\/product\/yoast-seo-premium-wordpress\/ -->\n<title>Mailing Versandkarton f\u00fcr &quot;Unique&quot; - Choco-Logo<\/title>\n<meta name=\"robots\" content=\"noindex, follow, max-snippet:-1, max-image-preview:large, max-video-preview:-1\" \/>\n<meta property=\"og:locale\" content=\"en_US\" \/>\n<meta property=\"og:type\" content=\"article\" \/>\n<meta property=\"og:title\" content=\"Mailing Versandkarton f\u00fcr &quot;Unique&quot;\" \/>\n<meta property=\"og:description\" content=\"Dieser Versandkarton eignet sich optimal f\u00fcr den Einzelversand der Pralinenboxen und l\u00e4\u00dft sich als Maxi-Brief mit der Deutsche Post versenden. Gerne Etikettieren, kuvertieren und versenden wir auf Wunsch Ihre Sendungen anhand einer Empf\u00e4ngerliste. Auf Wunsch legen wir w\u00e4hrend der Konfektionierung die von Ihnen zur Verf\u00fcgung gestellten Karten bei oder lassen wir diese f\u00fcr Sie individuell [&hellip;]\" \/>\n<meta property=\"og:url\" content=\"https:\/\/staging.schokologo.com\/en\/choco-logo\/mailing-versandkarton-fur-unique-1695800530\" \/>\n<meta property=\"og:site_name\" content=\"Choco-Logo\" \/>\n<meta property=\"article:publisher\" content=\"https:\/\/www.facebook.com\/SCHOKOLOGO\" \/>\n<meta property=\"article:modified_time\" content=\"2023-09-27T14:42:08+00:00\" \/>\n<meta property=\"og:image\" content=\"https:\/\/staging.schokologo.com\/wp-content\/uploads\/2023\/09\/Enzelversand_Pralinen_110_5nd.jpg\" \/>\n\t<meta property=\"og:image:width\" content=\"1600\" \/>\n\t<meta property=\"og:image:height\" content=\"1220\" \/>\n\t<meta property=\"og:image:type\" content=\"image\/jpeg\" \/>\n<meta name=\"twitter:card\" content=\"summary_large_image\" \/>\n<meta name=\"twitter:site\" content=\"@schokologo\" \/>\n<meta name=\"twitter:label1\" content=\"Price\" \/>\n\t<meta name=\"twitter:data1\" content=\"2,38&nbsp;&euro; Exluding Tax\" \/>\n\t<meta name=\"twitter:label2\" content=\"Availability\" \/>\n\t<meta name=\"twitter:data2\" content=\"In stock\" \/>\n<script type=\"application\/ld+json\" class=\"yoast-schema-graph\">{\"@context\":\"https:\/\/schema.org\",\"@graph\":[{\"@type\":\"WebPage\",\"@id\":\"https:\/\/staging.schokologo.com\/en\/choco-logo\/mailing-versandkarton-fur-unique-1695800530\",\"url\":\"https:\/\/staging.schokologo.com\/en\/choco-logo\/mailing-versandkarton-fur-unique-1695800530\",\"name\":\"Mailing Versandkarton f\u00fcr \\\"Unique\\\" - Choco-Logo\",\"isPartOf\":{\"@id\":\"https:\/\/staging.schokologo.com\/en\/#website\"},\"primaryImageOfPage\":{\"@id\":\"https:\/\/staging.schokologo.com\/en\/choco-logo\/mailing-versandkarton-fur-unique-1695800530#primaryimage\"},\"image\":{\"@id\":\"https:\/\/staging.schokologo.com\/en\/choco-logo\/mailing-versandkarton-fur-unique-1695800530#primaryimage\"},\"thumbnailUrl\":\"https:\/\/staging.schokologo.com\/wp-content\/uploads\/2023\/09\/Enzelversand_Pralinen_110_5nd.jpg\",\"datePublished\":\"2023-09-27T12:42:08+00:00\",\"dateModified\":\"2023-09-27T14:42:08+00:00\",\"breadcrumb\":{\"@id\":\"https:\/\/staging.schokologo.com\/en\/choco-logo\/mailing-versandkarton-fur-unique-1695800530#breadcrumb\"},\"inLanguage\":\"en-US\",\"potentialAction\":[{\"@type\":\"ReadAction\",\"target\":[\"https:\/\/staging.schokologo.com\/en\/choco-logo\/mailing-versandkarton-fur-unique-1695800530\"]}]},{\"@type\":\"ImageObject\",\"inLanguage\":\"en-US\",\"@id\":\"https:\/\/staging.schokologo.com\/en\/choco-logo\/mailing-versandkarton-fur-unique-1695800530#primaryimage\",\"url\":\"https:\/\/staging.schokologo.com\/wp-content\/uploads\/2023\/09\/Enzelversand_Pralinen_110_5nd.jpg\",\"contentUrl\":\"https:\/\/staging.schokologo.com\/wp-content\/uploads\/2023\/09\/Enzelversand_Pralinen_110_5nd.jpg\",\"width\":1600,\"height\":1220,\"caption\":\"Enzelversand_Pralinen_110\"},{\"@type\":\"BreadcrumbList\",\"@id\":\"https:\/\/staging.schokologo.com\/en\/choco-logo\/mailing-versandkarton-fur-unique-1695800530#breadcrumb\",\"itemListElement\":[{\"@type\":\"ListItem\",\"position\":1,\"name\":\"Home\",\"item\":\"https:\/\/staging.schokologo.com\/en\"},{\"@type\":\"ListItem\",\"position\":2,\"name\":\"Products\",\"item\":\"https:\/\/staging.schokologo.com\/en\/shop\"},{\"@type\":\"ListItem\",\"position\":3,\"name\":\"Mailing Versandkarton f\u00fcr &#8220;Unique&#8221;\"}]},{\"@type\":\"WebSite\",\"@id\":\"https:\/\/staging.schokologo.com\/en\/#website\",\"url\":\"https:\/\/staging.schokologo.com\/en\/\",\"name\":\"Schokologo\",\"description\":\"Your finest calling card\",\"publisher\":{\"@id\":\"https:\/\/staging.schokologo.com\/en\/#organization\"},\"alternateName\":\"Ihr Logo aus edler Schokolade\",\"potentialAction\":[{\"@type\":\"SearchAction\",\"target\":{\"@type\":\"EntryPoint\",\"urlTemplate\":\"https:\/\/staging.schokologo.com\/en\/?s={search_term_string}\"},\"query-input\":{\"@type\":\"PropertyValueSpecification\",\"valueRequired\":true,\"valueName\":\"search_term_string\"}}],\"inLanguage\":\"en-US\"},{\"@type\":\"Organization\",\"@id\":\"https:\/\/staging.schokologo.com\/en\/#organization\",\"name\":\"Schokologo e.K.\",\"alternateName\":\"Schokologo\",\"url\":\"https:\/\/staging.schokologo.com\/en\/\",\"logo\":{\"@type\":\"ImageObject\",\"inLanguage\":\"en-US\",\"@id\":\"https:\/\/staging.schokologo.com\/en\/#\/schema\/logo\/image\/\",\"url\":\"https:\/\/staging.schokologo.com\/wp-content\/uploads\/2023\/09\/SchokoLogo_Logo.svg\",\"contentUrl\":\"https:\/\/staging.schokologo.com\/wp-content\/uploads\/2023\/09\/SchokoLogo_Logo.svg\",\"width\":270,\"height\":106,\"caption\":\"Schokologo e.K.\"},\"image\":{\"@id\":\"https:\/\/staging.schokologo.com\/en\/#\/schema\/logo\/image\/\"},\"sameAs\":[\"https:\/\/www.facebook.com\/SCHOKOLOGO\",\"https:\/\/x.com\/schokologo\",\"https:\/\/www.instagram.com\/schoko_logo\"],\"description\":\"Personalisierte Schokoladenprodukte und Sonderanfertigungen aus Schokolade. Wir gestalten individuelle Schokoladenkreationen mit Logos, Texten und Designs nach Ihren W\u00fcnschen. Unsere hochwertigen Schokoladenprodukte sind das ideale Geschenk f\u00fcr Kunden, Gesch\u00e4ftspartner und besondere Anl\u00e4sse. Mit den besten Zutaten und ma\u00dfgeschneiderten L\u00f6sungen pr\u00e4sentieren wir Ihre Markenbotschaft auf einzigartige und k\u00f6stliche Weise. Entdecken Sie die Vielfalt unserer Schokoladenprodukte und hinterlassen Sie einen bleibenden Eindruck mit Schokologo.\",\"email\":\"info@schokologo.com\",\"telephone\":\"3677790\",\"legalName\":\"Schokologo e.K.\",\"foundingDate\":\"2003-01-08\",\"vatID\":\"DE220776735\",\"numberOfEmployees\":{\"@type\":\"QuantitativeValue\",\"minValue\":\"51\",\"maxValue\":\"200\"}}]}<\/script>\n<meta property=\"product:price:amount\" content=\"2.38\" \/>\n<meta property=\"product:price:currency\" content=\"EUR\" \/>\n<meta property=\"og:availability\" content=\"instock\" \/>\n<meta property=\"product:availability\" content=\"instock\" \/>\n<meta property=\"product:retailer_item_id\" content=\"SW10011\" \/>\n<meta property=\"product:condition\" content=\"new\" \/>\n<!-- \/ Yoast SEO Premium plugin. -->","yoast_head_json":{"title":"Mailing Versandkarton f\u00fcr \"Unique\" - Choco-Logo","robots":{"index":"noindex","follow":"follow","max-snippet":"max-snippet:-1","max-image-preview":"max-image-preview:large","max-video-preview":"max-video-preview:-1"},"og_locale":"en_US","og_type":"article","og_title":"Mailing Versandkarton f\u00fcr \"Unique\"","og_description":"Dieser Versandkarton eignet sich optimal f\u00fcr den Einzelversand der Pralinenboxen und l\u00e4\u00dft sich als Maxi-Brief mit der Deutsche Post versenden. Gerne Etikettieren, kuvertieren und versenden wir auf Wunsch Ihre Sendungen anhand einer Empf\u00e4ngerliste. Auf Wunsch legen wir w\u00e4hrend der Konfektionierung die von Ihnen zur Verf\u00fcgung gestellten Karten bei oder lassen wir diese f\u00fcr Sie individuell [&hellip;]","og_url":"https:\/\/staging.schokologo.com\/en\/choco-logo\/mailing-versandkarton-fur-unique-1695800530","og_site_name":"Choco-Logo","article_publisher":"https:\/\/www.facebook.com\/SCHOKOLOGO","article_modified_time":"2023-09-27T14:42:08+00:00","og_image":[{"width":1600,"height":1220,"url":"https:\/\/staging.schokologo.com\/wp-content\/uploads\/2023\/09\/Enzelversand_Pralinen_110_5nd.jpg","type":"image\/jpeg"}],"twitter_card":"summary_large_image","twitter_site":"@schokologo","twitter_misc":{"Price":"2,38&nbsp;&euro; Exluding Tax","Availability":"In stock"},"schema":{"@context":"https:\/\/schema.org","@graph":[{"@type":"WebPage","@id":"https:\/\/staging.schokologo.com\/en\/choco-logo\/mailing-versandkarton-fur-unique-1695800530","url":"https:\/\/staging.schokologo.com\/en\/choco-logo\/mailing-versandkarton-fur-unique-1695800530","name":"Mailing Versandkarton f\u00fcr \"Unique\" - Choco-Logo","isPartOf":{"@id":"https:\/\/staging.schokologo.com\/en\/#website"},"primaryImageOfPage":{"@id":"https:\/\/staging.schokologo.com\/en\/choco-logo\/mailing-versandkarton-fur-unique-1695800530#primaryimage"},"image":{"@id":"https:\/\/staging.schokologo.com\/en\/choco-logo\/mailing-versandkarton-fur-unique-1695800530#primaryimage"},"thumbnailUrl":"https:\/\/staging.schokologo.com\/wp-content\/uploads\/2023\/09\/Enzelversand_Pralinen_110_5nd.jpg","datePublished":"2023-09-27T12:42:08+00:00","dateModified":"2023-09-27T14:42:08+00:00","breadcrumb":{"@id":"https:\/\/staging.schokologo.com\/en\/choco-logo\/mailing-versandkarton-fur-unique-1695800530#breadcrumb"},"inLanguage":"en-US","potentialAction":[{"@type":"ReadAction","target":["https:\/\/staging.schokologo.com\/en\/choco-logo\/mailing-versandkarton-fur-unique-1695800530"]}]},{"@type":"ImageObject","inLanguage":"en-US","@id":"https:\/\/staging.schokologo.com\/en\/choco-logo\/mailing-versandkarton-fur-unique-1695800530#primaryimage","url":"https:\/\/staging.schokologo.com\/wp-content\/uploads\/2023\/09\/Enzelversand_Pralinen_110_5nd.jpg","contentUrl":"https:\/\/staging.schokologo.com\/wp-content\/uploads\/2023\/09\/Enzelversand_Pralinen_110_5nd.jpg","width":1600,"height":1220,"caption":"Enzelversand_Pralinen_110"},{"@type":"BreadcrumbList","@id":"https:\/\/staging.schokologo.com\/en\/choco-logo\/mailing-versandkarton-fur-unique-1695800530#breadcrumb","itemListElement":[{"@type":"ListItem","position":1,"name":"Home","item":"https:\/\/staging.schokologo.com\/en"},{"@type":"ListItem","position":2,"name":"Products","item":"https:\/\/staging.schokologo.com\/en\/shop"},{"@type":"ListItem","position":3,"name":"Mailing Versandkarton f\u00fcr &#8220;Unique&#8221;"}]},{"@type":"WebSite","@id":"https:\/\/staging.schokologo.com\/en\/#website","url":"https:\/\/staging.schokologo.com\/en\/","name":"Schokologo","description":"Your finest calling card","publisher":{"@id":"https:\/\/staging.schokologo.com\/en\/#organization"},"alternateName":"Ihr Logo aus edler Schokolade","potentialAction":[{"@type":"SearchAction","target":{"@type":"EntryPoint","urlTemplate":"https:\/\/staging.schokologo.com\/en\/?s={search_term_string}"},"query-input":{"@type":"PropertyValueSpecification","valueRequired":true,"valueName":"search_term_string"}}],"inLanguage":"en-US"},{"@type":"Organization","@id":"https:\/\/staging.schokologo.com\/en\/#organization","name":"Schokologo e.K.","alternateName":"Schokologo","url":"https:\/\/staging.schokologo.com\/en\/","logo":{"@type":"ImageObject","inLanguage":"en-US","@id":"https:\/\/staging.schokologo.com\/en\/#\/schema\/logo\/image\/","url":"https:\/\/staging.schokologo.com\/wp-content\/uploads\/2023\/09\/SchokoLogo_Logo.svg","contentUrl":"https:\/\/staging.schokologo.com\/wp-content\/uploads\/2023\/09\/SchokoLogo_Logo.svg","width":270,"height":106,"caption":"Schokologo e.K."},"image":{"@id":"https:\/\/staging.schokologo.com\/en\/#\/schema\/logo\/image\/"},"sameAs":["https:\/\/www.facebook.com\/SCHOKOLOGO","https:\/\/x.com\/schokologo","https:\/\/www.instagram.com\/schoko_logo"],"description":"Personalisierte Schokoladenprodukte und Sonderanfertigungen aus Schokolade. Wir gestalten individuelle Schokoladenkreationen mit Logos, Texten und Designs nach Ihren W\u00fcnschen. Unsere hochwertigen Schokoladenprodukte sind das ideale Geschenk f\u00fcr Kunden, Gesch\u00e4ftspartner und besondere Anl\u00e4sse. Mit den besten Zutaten und ma\u00dfgeschneiderten L\u00f6sungen pr\u00e4sentieren wir Ihre Markenbotschaft auf einzigartige und k\u00f6stliche Weise. Entdecken Sie die Vielfalt unserer Schokoladenprodukte und hinterlassen Sie einen bleibenden Eindruck mit Schokologo.","email":"info@schokologo.com","telephone":"3677790","legalName":"Schokologo e.K.","foundingDate":"2003-01-08","vatID":"DE220776735","numberOfEmployees":{"@type":"QuantitativeValue","minValue":"51","maxValue":"200"}}]},"product_price_amount":"2.38","product_price_currency":"EUR","og_availability":"instock","product_availability":"instock","product_retailer_item_id":"SW10011","product_condition":"new"},"_links":{"self":[{"href":"https:\/\/staging.schokologo.com\/en\/wp-json\/wp\/v2\/product\/56935","targetHints":{"allow":["GET"]}}],"collection":[{"href":"https:\/\/staging.schokologo.com\/en\/wp-json\/wp\/v2\/product"}],"about":[{"href":"https:\/\/staging.schokologo.com\/en\/wp-json\/wp\/v2\/types\/product"}],"version-history":[{"count":0,"href":"https:\/\/staging.schokologo.com\/en\/wp-json\/wp\/v2\/product\/56935\/revisions"}],"wp:featuredmedia":[{"embeddable":true,"href":"https:\/\/staging.schokologo.com\/en\/wp-json\/wp\/v2\/media\/49236"}],"wp:attachment":[{"href":"https:\/\/staging.schokologo.com\/en\/wp-json\/wp\/v2\/media?parent=56935"}],"wp:term":[{"taxonomy":"product_brand","embeddable":true,"href":"https:\/\/staging.schokologo.com\/en\/wp-json\/wp\/v2\/product_brand?post=56935"},{"taxonomy":"product_cat","embeddable":true,"href":"https:\/\/staging.schokologo.com\/en\/wp-json\/wp\/v2\/product_cat?post=56935"},{"taxonomy":"product_tag","embeddable":true,"href":"https:\/\/staging.schokologo.com\/en\/wp-json\/wp\/v2\/product_tag?post=56935"}],"curies":[{"name":"wp","href":"https:\/\/api.w.org\/{rel}","templated":true}]}}