{"id":56213,"date":"2023-09-27T14:36:49","date_gmt":"2023-09-27T14:36:49","guid":{"rendered":"http:\/\/custom-chocolate.biz\/?product=deco-calendar"},"modified":"2023-09-27T14:36:47","modified_gmt":"2023-09-27T14:36:47","slug":"deco-calendar","status":"publish","type":"product","link":"https:\/\/staging.schokologo.com\/en\/choco-logo\/deco-calendar","title":{"rendered":"Deco-Calendar"},"content":{"rendered":"<p>The decorative present with 24 embossed boxes in gold or silver.<br \/>Each box comprises a stamped custom chocolate with your logo.<\/p>\n<p>Both the boxes and the chocolates are individually embossed according to your artwork.<br \/>The boxes are additionally marked with numbers from 1 to 24.<\/p>\n<p>Size of each box: 50x40x10mm.<br \/>Size of each chocolate: 40x30x5mm.<br \/>Comprises approximately 200g of fine Belgium dark, white or milk chocolate.<br \/>Minimum Quantity: 15 Pieces.<br \/>Available also as a kit for self assembling.<\/p>\n","protected":false},"excerpt":{"rendered":"<p>The decorative present with 24 embossed boxes in gold or silver.<br \/>\nEach box comprises a stamped custom chocolate with your logo.<\/p>\n","protected":false},"featured_media":48366,"template":"","meta":{"_acf_changed":false},"product_brand":[2903],"product_cat":[2953,2961,3003,3005],"product_tag":[],"class_list":{"0":"post-56213","1":"product","2":"type-product","3":"status-publish","4":"has-post-thumbnail","6":"product_brand-schokologo-e-k","7":"product_cat-advent-calendars","8":"product_cat-christmas","9":"product_cat-kundengeschenke-weihnachten-en","10":"product_cat-weihnachtsgeschenke-fur-kunden-en","12":"first","13":"instock","14":"taxable","15":"shipping-taxable","16":"purchasable","17":"product-type-variable"},"acf":{"sl_product_custom_field":"","sl_inquire_only_product":true},"yoast_head":"<!-- This site is optimized with the Yoast SEO Premium plugin v26.5 (Yoast SEO v27.2) - https:\/\/yoast.com\/product\/yoast-seo-premium-wordpress\/ -->\n<title>Exklusiv: Deko-Kalender<\/title>\n<meta name=\"robots\" content=\"noindex, follow, max-snippet:-1, max-image-preview:large, max-video-preview:-1\" \/>\n<meta property=\"og:locale\" content=\"en_US\" \/>\n<meta property=\"og:type\" content=\"article\" \/>\n<meta property=\"og:title\" content=\"Deco-Calendar\" \/>\n<meta property=\"og:description\" content=\"The decorative present with 24 embossed boxes in gold or silver. Each box comprises a stamped custom chocolate with your logo.\" \/>\n<meta property=\"og:url\" content=\"https:\/\/staging.schokologo.com\/en\/choco-logo\/deco-calendar\" \/>\n<meta property=\"og:site_name\" content=\"Choco-Logo\" \/>\n<meta property=\"article:publisher\" content=\"https:\/\/www.facebook.com\/SCHOKOLOGO\" \/>\n<meta property=\"og:image\" content=\"https:\/\/staging.schokologo.com\/wp-content\/uploads\/2023\/09\/adventcalendardeco_4nd.png\" \/>\n\t<meta property=\"og:image:width\" content=\"230\" \/>\n\t<meta property=\"og:image:height\" content=\"193\" \/>\n\t<meta property=\"og:image:type\" content=\"image\/png\" \/>\n<meta name=\"twitter:card\" content=\"summary_large_image\" \/>\n<meta name=\"twitter:site\" content=\"@schokologo\" \/>\n<meta name=\"twitter:label1\" content=\"Availability\" \/>\n\t<meta name=\"twitter:data1\" content=\"In stock\" \/>\n<script type=\"application\/ld+json\" class=\"yoast-schema-graph\">{\"@context\":\"https:\/\/schema.org\",\"@graph\":[{\"@type\":\"WebPage\",\"@id\":\"https:\/\/staging.schokologo.com\/en\/choco-logo\/deco-calendar\",\"url\":\"https:\/\/staging.schokologo.com\/en\/choco-logo\/deco-calendar\",\"name\":\"Exklusiv: Deko-Kalender\",\"isPartOf\":{\"@id\":\"https:\/\/staging.schokologo.com\/en\/#website\"},\"primaryImageOfPage\":{\"@id\":\"https:\/\/staging.schokologo.com\/en\/choco-logo\/deco-calendar#primaryimage\"},\"image\":{\"@id\":\"https:\/\/staging.schokologo.com\/en\/choco-logo\/deco-calendar#primaryimage\"},\"thumbnailUrl\":\"https:\/\/staging.schokologo.com\/wp-content\/uploads\/2023\/09\/adventcalendardeco_4nd.png\",\"datePublished\":\"2023-09-27T14:36:49+00:00\",\"breadcrumb\":{\"@id\":\"https:\/\/staging.schokologo.com\/en\/choco-logo\/deco-calendar#breadcrumb\"},\"inLanguage\":\"en-US\",\"potentialAction\":[{\"@type\":\"ReadAction\",\"target\":[\"https:\/\/staging.schokologo.com\/en\/choco-logo\/deco-calendar\"]}]},{\"@type\":\"ImageObject\",\"inLanguage\":\"en-US\",\"@id\":\"https:\/\/staging.schokologo.com\/en\/choco-logo\/deco-calendar#primaryimage\",\"url\":\"https:\/\/staging.schokologo.com\/wp-content\/uploads\/2023\/09\/adventcalendardeco_4nd.png\",\"contentUrl\":\"https:\/\/staging.schokologo.com\/wp-content\/uploads\/2023\/09\/adventcalendardeco_4nd.png\",\"width\":230,\"height\":193,\"caption\":\"advent-calendar-deco\"},{\"@type\":\"BreadcrumbList\",\"@id\":\"https:\/\/staging.schokologo.com\/en\/choco-logo\/deco-calendar#breadcrumb\",\"itemListElement\":[{\"@type\":\"ListItem\",\"position\":1,\"name\":\"Home\",\"item\":\"https:\/\/staging.schokologo.com\/en\"},{\"@type\":\"ListItem\",\"position\":2,\"name\":\"Products\",\"item\":\"https:\/\/staging.schokologo.com\/en\/shop\"},{\"@type\":\"ListItem\",\"position\":3,\"name\":\"Deco-Calendar\"}]},{\"@type\":\"WebSite\",\"@id\":\"https:\/\/staging.schokologo.com\/en\/#website\",\"url\":\"https:\/\/staging.schokologo.com\/en\/\",\"name\":\"Schokologo\",\"description\":\"Your finest calling card\",\"publisher\":{\"@id\":\"https:\/\/staging.schokologo.com\/en\/#organization\"},\"alternateName\":\"Ihr Logo aus edler Schokolade\",\"potentialAction\":[{\"@type\":\"SearchAction\",\"target\":{\"@type\":\"EntryPoint\",\"urlTemplate\":\"https:\/\/staging.schokologo.com\/en\/?s={search_term_string}\"},\"query-input\":{\"@type\":\"PropertyValueSpecification\",\"valueRequired\":true,\"valueName\":\"search_term_string\"}}],\"inLanguage\":\"en-US\"},{\"@type\":\"Organization\",\"@id\":\"https:\/\/staging.schokologo.com\/en\/#organization\",\"name\":\"Schokologo e.K.\",\"alternateName\":\"Schokologo\",\"url\":\"https:\/\/staging.schokologo.com\/en\/\",\"logo\":{\"@type\":\"ImageObject\",\"inLanguage\":\"en-US\",\"@id\":\"https:\/\/staging.schokologo.com\/en\/#\/schema\/logo\/image\/\",\"url\":\"https:\/\/staging.schokologo.com\/wp-content\/uploads\/2023\/09\/SchokoLogo_Logo.svg\",\"contentUrl\":\"https:\/\/staging.schokologo.com\/wp-content\/uploads\/2023\/09\/SchokoLogo_Logo.svg\",\"width\":270,\"height\":106,\"caption\":\"Schokologo e.K.\"},\"image\":{\"@id\":\"https:\/\/staging.schokologo.com\/en\/#\/schema\/logo\/image\/\"},\"sameAs\":[\"https:\/\/www.facebook.com\/SCHOKOLOGO\",\"https:\/\/x.com\/schokologo\",\"https:\/\/www.instagram.com\/schoko_logo\"],\"description\":\"Personalisierte Schokoladenprodukte und Sonderanfertigungen aus Schokolade. Wir gestalten individuelle Schokoladenkreationen mit Logos, Texten und Designs nach Ihren W\u00fcnschen. Unsere hochwertigen Schokoladenprodukte sind das ideale Geschenk f\u00fcr Kunden, Gesch\u00e4ftspartner und besondere Anl\u00e4sse. Mit den besten Zutaten und ma\u00dfgeschneiderten L\u00f6sungen pr\u00e4sentieren wir Ihre Markenbotschaft auf einzigartige und k\u00f6stliche Weise. Entdecken Sie die Vielfalt unserer Schokoladenprodukte und hinterlassen Sie einen bleibenden Eindruck mit Schokologo.\",\"email\":\"info@schokologo.com\",\"telephone\":\"3677790\",\"legalName\":\"Schokologo e.K.\",\"foundingDate\":\"2003-01-08\",\"vatID\":\"DE220776735\",\"numberOfEmployees\":{\"@type\":\"QuantitativeValue\",\"minValue\":\"51\",\"maxValue\":\"200\"}}]}<\/script>\n<meta property=\"og:availability\" content=\"instock\" \/>\n<meta property=\"product:availability\" content=\"instock\" \/>\n<meta property=\"product:retailer_item_id\" content=\"SLK501REVMGO\" \/>\n<meta property=\"product:condition\" content=\"new\" \/>\n<!-- \/ Yoast SEO Premium plugin. -->","yoast_head_json":{"title":"Exklusiv: Deko-Kalender","robots":{"index":"noindex","follow":"follow","max-snippet":"max-snippet:-1","max-image-preview":"max-image-preview:large","max-video-preview":"max-video-preview:-1"},"og_locale":"en_US","og_type":"article","og_title":"Deco-Calendar","og_description":"The decorative present with 24 embossed boxes in gold or silver. Each box comprises a stamped custom chocolate with your logo.","og_url":"https:\/\/staging.schokologo.com\/en\/choco-logo\/deco-calendar","og_site_name":"Choco-Logo","article_publisher":"https:\/\/www.facebook.com\/SCHOKOLOGO","og_image":[{"width":230,"height":193,"url":"https:\/\/staging.schokologo.com\/wp-content\/uploads\/2023\/09\/adventcalendardeco_4nd.png","type":"image\/png"}],"twitter_card":"summary_large_image","twitter_site":"@schokologo","twitter_misc":{"Availability":"In stock"},"schema":{"@context":"https:\/\/schema.org","@graph":[{"@type":"WebPage","@id":"https:\/\/staging.schokologo.com\/en\/choco-logo\/deco-calendar","url":"https:\/\/staging.schokologo.com\/en\/choco-logo\/deco-calendar","name":"Exklusiv: Deko-Kalender","isPartOf":{"@id":"https:\/\/staging.schokologo.com\/en\/#website"},"primaryImageOfPage":{"@id":"https:\/\/staging.schokologo.com\/en\/choco-logo\/deco-calendar#primaryimage"},"image":{"@id":"https:\/\/staging.schokologo.com\/en\/choco-logo\/deco-calendar#primaryimage"},"thumbnailUrl":"https:\/\/staging.schokologo.com\/wp-content\/uploads\/2023\/09\/adventcalendardeco_4nd.png","datePublished":"2023-09-27T14:36:49+00:00","breadcrumb":{"@id":"https:\/\/staging.schokologo.com\/en\/choco-logo\/deco-calendar#breadcrumb"},"inLanguage":"en-US","potentialAction":[{"@type":"ReadAction","target":["https:\/\/staging.schokologo.com\/en\/choco-logo\/deco-calendar"]}]},{"@type":"ImageObject","inLanguage":"en-US","@id":"https:\/\/staging.schokologo.com\/en\/choco-logo\/deco-calendar#primaryimage","url":"https:\/\/staging.schokologo.com\/wp-content\/uploads\/2023\/09\/adventcalendardeco_4nd.png","contentUrl":"https:\/\/staging.schokologo.com\/wp-content\/uploads\/2023\/09\/adventcalendardeco_4nd.png","width":230,"height":193,"caption":"advent-calendar-deco"},{"@type":"BreadcrumbList","@id":"https:\/\/staging.schokologo.com\/en\/choco-logo\/deco-calendar#breadcrumb","itemListElement":[{"@type":"ListItem","position":1,"name":"Home","item":"https:\/\/staging.schokologo.com\/en"},{"@type":"ListItem","position":2,"name":"Products","item":"https:\/\/staging.schokologo.com\/en\/shop"},{"@type":"ListItem","position":3,"name":"Deco-Calendar"}]},{"@type":"WebSite","@id":"https:\/\/staging.schokologo.com\/en\/#website","url":"https:\/\/staging.schokologo.com\/en\/","name":"Schokologo","description":"Your finest calling card","publisher":{"@id":"https:\/\/staging.schokologo.com\/en\/#organization"},"alternateName":"Ihr Logo aus edler Schokolade","potentialAction":[{"@type":"SearchAction","target":{"@type":"EntryPoint","urlTemplate":"https:\/\/staging.schokologo.com\/en\/?s={search_term_string}"},"query-input":{"@type":"PropertyValueSpecification","valueRequired":true,"valueName":"search_term_string"}}],"inLanguage":"en-US"},{"@type":"Organization","@id":"https:\/\/staging.schokologo.com\/en\/#organization","name":"Schokologo e.K.","alternateName":"Schokologo","url":"https:\/\/staging.schokologo.com\/en\/","logo":{"@type":"ImageObject","inLanguage":"en-US","@id":"https:\/\/staging.schokologo.com\/en\/#\/schema\/logo\/image\/","url":"https:\/\/staging.schokologo.com\/wp-content\/uploads\/2023\/09\/SchokoLogo_Logo.svg","contentUrl":"https:\/\/staging.schokologo.com\/wp-content\/uploads\/2023\/09\/SchokoLogo_Logo.svg","width":270,"height":106,"caption":"Schokologo e.K."},"image":{"@id":"https:\/\/staging.schokologo.com\/en\/#\/schema\/logo\/image\/"},"sameAs":["https:\/\/www.facebook.com\/SCHOKOLOGO","https:\/\/x.com\/schokologo","https:\/\/www.instagram.com\/schoko_logo"],"description":"Personalisierte Schokoladenprodukte und Sonderanfertigungen aus Schokolade. Wir gestalten individuelle Schokoladenkreationen mit Logos, Texten und Designs nach Ihren W\u00fcnschen. Unsere hochwertigen Schokoladenprodukte sind das ideale Geschenk f\u00fcr Kunden, Gesch\u00e4ftspartner und besondere Anl\u00e4sse. Mit den besten Zutaten und ma\u00dfgeschneiderten L\u00f6sungen pr\u00e4sentieren wir Ihre Markenbotschaft auf einzigartige und k\u00f6stliche Weise. Entdecken Sie die Vielfalt unserer Schokoladenprodukte und hinterlassen Sie einen bleibenden Eindruck mit Schokologo.","email":"info@schokologo.com","telephone":"3677790","legalName":"Schokologo e.K.","foundingDate":"2003-01-08","vatID":"DE220776735","numberOfEmployees":{"@type":"QuantitativeValue","minValue":"51","maxValue":"200"}}]},"og_availability":"instock","product_availability":"instock","product_retailer_item_id":"SLK501REVMGO","product_condition":"new"},"_links":{"self":[{"href":"https:\/\/staging.schokologo.com\/en\/wp-json\/wp\/v2\/product\/56213","targetHints":{"allow":["GET"]}}],"collection":[{"href":"https:\/\/staging.schokologo.com\/en\/wp-json\/wp\/v2\/product"}],"about":[{"href":"https:\/\/staging.schokologo.com\/en\/wp-json\/wp\/v2\/types\/product"}],"version-history":[{"count":0,"href":"https:\/\/staging.schokologo.com\/en\/wp-json\/wp\/v2\/product\/56213\/revisions"}],"wp:featuredmedia":[{"embeddable":true,"href":"https:\/\/staging.schokologo.com\/en\/wp-json\/wp\/v2\/media\/48366"}],"wp:attachment":[{"href":"https:\/\/staging.schokologo.com\/en\/wp-json\/wp\/v2\/media?parent=56213"}],"wp:term":[{"taxonomy":"product_brand","embeddable":true,"href":"https:\/\/staging.schokologo.com\/en\/wp-json\/wp\/v2\/product_brand?post=56213"},{"taxonomy":"product_cat","embeddable":true,"href":"https:\/\/staging.schokologo.com\/en\/wp-json\/wp\/v2\/product_cat?post=56213"},{"taxonomy":"product_tag","embeddable":true,"href":"https:\/\/staging.schokologo.com\/en\/wp-json\/wp\/v2\/product_tag?post=56213"}],"curies":[{"name":"wp","href":"https:\/\/api.w.org\/{rel}","templated":true}]}}