{"id":56063,"date":"2023-09-27T14:35:56","date_gmt":"2023-09-27T14:35:56","guid":{"rendered":"http:\/\/custom-chocolate.biz\/?product=baumkuchen-spitzen-box"},"modified":"2023-09-27T14:35:53","modified_gmt":"2023-09-27T14:35:53","slug":"baumkuchen-spitzen-box","status":"publish","type":"product","link":"https:\/\/staging.schokologo.com\/en\/choco-logo\/baumkuchen-spitzen-box","title":{"rendered":"Baumkuchen-Spitzen Box"},"content":{"rendered":"<p>Chocolate: 7.5 x 7.5 cm, approx. 30 g<br \/>Box size: 200 x 110 x 20 mm<br \/>6 Baumkuchen triangles (German layered caked)<br \/>Packed in gold or silver box with a clear lid and a ribbon.<br \/>Total weight: ca. 180 g???<\/p>\n","protected":false},"excerpt":{"rendered":"<p>6 Baumkuchen triangles (German layered caked) with bespoke chocolate<br \/>\nPacked in gold or silver box with a clear lid and a ribbon.<br \/>\nTotal weight: ca. 180 g???<\/p>\n","protected":false},"featured_media":48192,"template":"","meta":{"_acf_changed":false},"product_brand":[2903],"product_cat":[2961,2989,2997,3003,2947,3005,3001,3007],"product_tag":[],"class_list":{"0":"post-56063","1":"product","2":"type-product","3":"status-publish","4":"has-post-thumbnail","6":"product_brand-schokologo-e-k","7":"product_cat-christmas","8":"product_cat-customer-gifts","9":"product_cat-employee-gifts","10":"product_cat-kundengeschenke-weihnachten-en","11":"product_cat-truffles-and-pralines","12":"product_cat-weihnachtsgeschenke-fur-kunden-en","13":"product_cat-werbe-schokolade-en","14":"product_cat-werbeartikel-schokolade-en","16":"first","17":"instock","18":"taxable","19":"shipping-taxable","20":"purchasable","21":"product-type-variable"},"acf":{"sl_product_custom_field":"","sl_inquire_only_product":true},"yoast_head":"<!-- This site is optimized with the Yoast SEO Premium plugin v26.5 (Yoast SEO v27.2) - https:\/\/yoast.com\/product\/yoast-seo-premium-wordpress\/ -->\n<title>Schokologo - Baumkuchenspitzen Box<\/title>\n<meta name=\"robots\" content=\"noindex, follow, max-snippet:-1, max-image-preview:large, max-video-preview:-1\" \/>\n<meta property=\"og:locale\" content=\"en_US\" \/>\n<meta property=\"og:type\" content=\"article\" \/>\n<meta property=\"og:title\" content=\"Baumkuchen-Spitzen Box\" \/>\n<meta property=\"og:description\" content=\"6 Baumkuchen triangles (German layered caked) with bespoke chocolate Packed in gold or silver box with a clear lid and a ribbon. Total weight: ca. 180 g???\" \/>\n<meta property=\"og:url\" content=\"https:\/\/staging.schokologo.com\/en\/choco-logo\/baumkuchen-spitzen-box\" \/>\n<meta property=\"og:site_name\" content=\"Choco-Logo\" \/>\n<meta property=\"article:publisher\" content=\"https:\/\/www.facebook.com\/SCHOKOLOGO\" \/>\n<meta property=\"og:image\" content=\"https:\/\/staging.schokologo.com\/wp-content\/uploads\/2023\/09\/BespokeBaumkuchenBoxGoldSL107aXmas_4nd.jpg\" \/>\n\t<meta property=\"og:image:width\" content=\"797\" \/>\n\t<meta property=\"og:image:height\" content=\"577\" \/>\n\t<meta property=\"og:image:type\" content=\"image\/jpeg\" \/>\n<meta name=\"twitter:card\" content=\"summary_large_image\" \/>\n<meta name=\"twitter:site\" content=\"@schokologo\" \/>\n<meta name=\"twitter:label1\" content=\"Availability\" \/>\n\t<meta name=\"twitter:data1\" content=\"In stock\" \/>\n<script type=\"application\/ld+json\" class=\"yoast-schema-graph\">{\"@context\":\"https:\/\/schema.org\",\"@graph\":[{\"@type\":\"WebPage\",\"@id\":\"https:\/\/staging.schokologo.com\/en\/choco-logo\/baumkuchen-spitzen-box\",\"url\":\"https:\/\/staging.schokologo.com\/en\/choco-logo\/baumkuchen-spitzen-box\",\"name\":\"Schokologo - Baumkuchenspitzen Box\",\"isPartOf\":{\"@id\":\"https:\/\/staging.schokologo.com\/en\/#website\"},\"primaryImageOfPage\":{\"@id\":\"https:\/\/staging.schokologo.com\/en\/choco-logo\/baumkuchen-spitzen-box#primaryimage\"},\"image\":{\"@id\":\"https:\/\/staging.schokologo.com\/en\/choco-logo\/baumkuchen-spitzen-box#primaryimage\"},\"thumbnailUrl\":\"https:\/\/staging.schokologo.com\/wp-content\/uploads\/2023\/09\/BespokeBaumkuchenBoxGoldSL107aXmas_4nd.jpg\",\"datePublished\":\"2023-09-27T14:35:56+00:00\",\"breadcrumb\":{\"@id\":\"https:\/\/staging.schokologo.com\/en\/choco-logo\/baumkuchen-spitzen-box#breadcrumb\"},\"inLanguage\":\"en-US\",\"potentialAction\":[{\"@type\":\"ReadAction\",\"target\":[\"https:\/\/staging.schokologo.com\/en\/choco-logo\/baumkuchen-spitzen-box\"]}]},{\"@type\":\"ImageObject\",\"inLanguage\":\"en-US\",\"@id\":\"https:\/\/staging.schokologo.com\/en\/choco-logo\/baumkuchen-spitzen-box#primaryimage\",\"url\":\"https:\/\/staging.schokologo.com\/wp-content\/uploads\/2023\/09\/BespokeBaumkuchenBoxGoldSL107aXmas_4nd.jpg\",\"contentUrl\":\"https:\/\/staging.schokologo.com\/wp-content\/uploads\/2023\/09\/BespokeBaumkuchenBoxGoldSL107aXmas_4nd.jpg\",\"width\":797,\"height\":577,\"caption\":\"BespokeBaumkuchenBoxGold-SL107a-X-mas\"},{\"@type\":\"BreadcrumbList\",\"@id\":\"https:\/\/staging.schokologo.com\/en\/choco-logo\/baumkuchen-spitzen-box#breadcrumb\",\"itemListElement\":[{\"@type\":\"ListItem\",\"position\":1,\"name\":\"Home\",\"item\":\"https:\/\/staging.schokologo.com\/en\"},{\"@type\":\"ListItem\",\"position\":2,\"name\":\"Products\",\"item\":\"https:\/\/staging.schokologo.com\/en\/shop\"},{\"@type\":\"ListItem\",\"position\":3,\"name\":\"Baumkuchen-Spitzen Box\"}]},{\"@type\":\"WebSite\",\"@id\":\"https:\/\/staging.schokologo.com\/en\/#website\",\"url\":\"https:\/\/staging.schokologo.com\/en\/\",\"name\":\"Schokologo\",\"description\":\"Your finest calling card\",\"publisher\":{\"@id\":\"https:\/\/staging.schokologo.com\/en\/#organization\"},\"alternateName\":\"Ihr Logo aus edler Schokolade\",\"potentialAction\":[{\"@type\":\"SearchAction\",\"target\":{\"@type\":\"EntryPoint\",\"urlTemplate\":\"https:\/\/staging.schokologo.com\/en\/?s={search_term_string}\"},\"query-input\":{\"@type\":\"PropertyValueSpecification\",\"valueRequired\":true,\"valueName\":\"search_term_string\"}}],\"inLanguage\":\"en-US\"},{\"@type\":\"Organization\",\"@id\":\"https:\/\/staging.schokologo.com\/en\/#organization\",\"name\":\"Schokologo e.K.\",\"alternateName\":\"Schokologo\",\"url\":\"https:\/\/staging.schokologo.com\/en\/\",\"logo\":{\"@type\":\"ImageObject\",\"inLanguage\":\"en-US\",\"@id\":\"https:\/\/staging.schokologo.com\/en\/#\/schema\/logo\/image\/\",\"url\":\"https:\/\/staging.schokologo.com\/wp-content\/uploads\/2023\/09\/SchokoLogo_Logo.svg\",\"contentUrl\":\"https:\/\/staging.schokologo.com\/wp-content\/uploads\/2023\/09\/SchokoLogo_Logo.svg\",\"width\":270,\"height\":106,\"caption\":\"Schokologo e.K.\"},\"image\":{\"@id\":\"https:\/\/staging.schokologo.com\/en\/#\/schema\/logo\/image\/\"},\"sameAs\":[\"https:\/\/www.facebook.com\/SCHOKOLOGO\",\"https:\/\/x.com\/schokologo\",\"https:\/\/www.instagram.com\/schoko_logo\"],\"description\":\"Personalisierte Schokoladenprodukte und Sonderanfertigungen aus Schokolade. Wir gestalten individuelle Schokoladenkreationen mit Logos, Texten und Designs nach Ihren W\u00fcnschen. Unsere hochwertigen Schokoladenprodukte sind das ideale Geschenk f\u00fcr Kunden, Gesch\u00e4ftspartner und besondere Anl\u00e4sse. Mit den besten Zutaten und ma\u00dfgeschneiderten L\u00f6sungen pr\u00e4sentieren wir Ihre Markenbotschaft auf einzigartige und k\u00f6stliche Weise. Entdecken Sie die Vielfalt unserer Schokoladenprodukte und hinterlassen Sie einen bleibenden Eindruck mit Schokologo.\",\"email\":\"info@schokologo.com\",\"telephone\":\"3677790\",\"legalName\":\"Schokologo e.K.\",\"foundingDate\":\"2003-01-08\",\"vatID\":\"DE220776735\",\"numberOfEmployees\":{\"@type\":\"QuantitativeValue\",\"minValue\":\"51\",\"maxValue\":\"200\"}}]}<\/script>\n<meta property=\"og:availability\" content=\"instock\" \/>\n<meta property=\"product:availability\" content=\"instock\" \/>\n<meta property=\"product:retailer_item_id\" content=\"SL1107REVMGO\" \/>\n<meta property=\"product:condition\" content=\"new\" \/>\n<!-- \/ Yoast SEO Premium plugin. -->","yoast_head_json":{"title":"Schokologo - Baumkuchenspitzen Box","robots":{"index":"noindex","follow":"follow","max-snippet":"max-snippet:-1","max-image-preview":"max-image-preview:large","max-video-preview":"max-video-preview:-1"},"og_locale":"en_US","og_type":"article","og_title":"Baumkuchen-Spitzen Box","og_description":"6 Baumkuchen triangles (German layered caked) with bespoke chocolate Packed in gold or silver box with a clear lid and a ribbon. Total weight: ca. 180 g???","og_url":"https:\/\/staging.schokologo.com\/en\/choco-logo\/baumkuchen-spitzen-box","og_site_name":"Choco-Logo","article_publisher":"https:\/\/www.facebook.com\/SCHOKOLOGO","og_image":[{"width":797,"height":577,"url":"https:\/\/staging.schokologo.com\/wp-content\/uploads\/2023\/09\/BespokeBaumkuchenBoxGoldSL107aXmas_4nd.jpg","type":"image\/jpeg"}],"twitter_card":"summary_large_image","twitter_site":"@schokologo","twitter_misc":{"Availability":"In stock"},"schema":{"@context":"https:\/\/schema.org","@graph":[{"@type":"WebPage","@id":"https:\/\/staging.schokologo.com\/en\/choco-logo\/baumkuchen-spitzen-box","url":"https:\/\/staging.schokologo.com\/en\/choco-logo\/baumkuchen-spitzen-box","name":"Schokologo - Baumkuchenspitzen Box","isPartOf":{"@id":"https:\/\/staging.schokologo.com\/en\/#website"},"primaryImageOfPage":{"@id":"https:\/\/staging.schokologo.com\/en\/choco-logo\/baumkuchen-spitzen-box#primaryimage"},"image":{"@id":"https:\/\/staging.schokologo.com\/en\/choco-logo\/baumkuchen-spitzen-box#primaryimage"},"thumbnailUrl":"https:\/\/staging.schokologo.com\/wp-content\/uploads\/2023\/09\/BespokeBaumkuchenBoxGoldSL107aXmas_4nd.jpg","datePublished":"2023-09-27T14:35:56+00:00","breadcrumb":{"@id":"https:\/\/staging.schokologo.com\/en\/choco-logo\/baumkuchen-spitzen-box#breadcrumb"},"inLanguage":"en-US","potentialAction":[{"@type":"ReadAction","target":["https:\/\/staging.schokologo.com\/en\/choco-logo\/baumkuchen-spitzen-box"]}]},{"@type":"ImageObject","inLanguage":"en-US","@id":"https:\/\/staging.schokologo.com\/en\/choco-logo\/baumkuchen-spitzen-box#primaryimage","url":"https:\/\/staging.schokologo.com\/wp-content\/uploads\/2023\/09\/BespokeBaumkuchenBoxGoldSL107aXmas_4nd.jpg","contentUrl":"https:\/\/staging.schokologo.com\/wp-content\/uploads\/2023\/09\/BespokeBaumkuchenBoxGoldSL107aXmas_4nd.jpg","width":797,"height":577,"caption":"BespokeBaumkuchenBoxGold-SL107a-X-mas"},{"@type":"BreadcrumbList","@id":"https:\/\/staging.schokologo.com\/en\/choco-logo\/baumkuchen-spitzen-box#breadcrumb","itemListElement":[{"@type":"ListItem","position":1,"name":"Home","item":"https:\/\/staging.schokologo.com\/en"},{"@type":"ListItem","position":2,"name":"Products","item":"https:\/\/staging.schokologo.com\/en\/shop"},{"@type":"ListItem","position":3,"name":"Baumkuchen-Spitzen Box"}]},{"@type":"WebSite","@id":"https:\/\/staging.schokologo.com\/en\/#website","url":"https:\/\/staging.schokologo.com\/en\/","name":"Schokologo","description":"Your finest calling card","publisher":{"@id":"https:\/\/staging.schokologo.com\/en\/#organization"},"alternateName":"Ihr Logo aus edler Schokolade","potentialAction":[{"@type":"SearchAction","target":{"@type":"EntryPoint","urlTemplate":"https:\/\/staging.schokologo.com\/en\/?s={search_term_string}"},"query-input":{"@type":"PropertyValueSpecification","valueRequired":true,"valueName":"search_term_string"}}],"inLanguage":"en-US"},{"@type":"Organization","@id":"https:\/\/staging.schokologo.com\/en\/#organization","name":"Schokologo e.K.","alternateName":"Schokologo","url":"https:\/\/staging.schokologo.com\/en\/","logo":{"@type":"ImageObject","inLanguage":"en-US","@id":"https:\/\/staging.schokologo.com\/en\/#\/schema\/logo\/image\/","url":"https:\/\/staging.schokologo.com\/wp-content\/uploads\/2023\/09\/SchokoLogo_Logo.svg","contentUrl":"https:\/\/staging.schokologo.com\/wp-content\/uploads\/2023\/09\/SchokoLogo_Logo.svg","width":270,"height":106,"caption":"Schokologo e.K."},"image":{"@id":"https:\/\/staging.schokologo.com\/en\/#\/schema\/logo\/image\/"},"sameAs":["https:\/\/www.facebook.com\/SCHOKOLOGO","https:\/\/x.com\/schokologo","https:\/\/www.instagram.com\/schoko_logo"],"description":"Personalisierte Schokoladenprodukte und Sonderanfertigungen aus Schokolade. Wir gestalten individuelle Schokoladenkreationen mit Logos, Texten und Designs nach Ihren W\u00fcnschen. Unsere hochwertigen Schokoladenprodukte sind das ideale Geschenk f\u00fcr Kunden, Gesch\u00e4ftspartner und besondere Anl\u00e4sse. Mit den besten Zutaten und ma\u00dfgeschneiderten L\u00f6sungen pr\u00e4sentieren wir Ihre Markenbotschaft auf einzigartige und k\u00f6stliche Weise. Entdecken Sie die Vielfalt unserer Schokoladenprodukte und hinterlassen Sie einen bleibenden Eindruck mit Schokologo.","email":"info@schokologo.com","telephone":"3677790","legalName":"Schokologo e.K.","foundingDate":"2003-01-08","vatID":"DE220776735","numberOfEmployees":{"@type":"QuantitativeValue","minValue":"51","maxValue":"200"}}]},"og_availability":"instock","product_availability":"instock","product_retailer_item_id":"SL1107REVMGO","product_condition":"new"},"_links":{"self":[{"href":"https:\/\/staging.schokologo.com\/en\/wp-json\/wp\/v2\/product\/56063","targetHints":{"allow":["GET"]}}],"collection":[{"href":"https:\/\/staging.schokologo.com\/en\/wp-json\/wp\/v2\/product"}],"about":[{"href":"https:\/\/staging.schokologo.com\/en\/wp-json\/wp\/v2\/types\/product"}],"version-history":[{"count":0,"href":"https:\/\/staging.schokologo.com\/en\/wp-json\/wp\/v2\/product\/56063\/revisions"}],"wp:featuredmedia":[{"embeddable":true,"href":"https:\/\/staging.schokologo.com\/en\/wp-json\/wp\/v2\/media\/48192"}],"wp:attachment":[{"href":"https:\/\/staging.schokologo.com\/en\/wp-json\/wp\/v2\/media?parent=56063"}],"wp:term":[{"taxonomy":"product_brand","embeddable":true,"href":"https:\/\/staging.schokologo.com\/en\/wp-json\/wp\/v2\/product_brand?post=56063"},{"taxonomy":"product_cat","embeddable":true,"href":"https:\/\/staging.schokologo.com\/en\/wp-json\/wp\/v2\/product_cat?post=56063"},{"taxonomy":"product_tag","embeddable":true,"href":"https:\/\/staging.schokologo.com\/en\/wp-json\/wp\/v2\/product_tag?post=56063"}],"curies":[{"name":"wp","href":"https:\/\/api.w.org\/{rel}","templated":true}]}}