{"id":69492,"date":"2024-07-17T09:19:24","date_gmt":"2024-07-17T07:19:24","guid":{"rendered":"https:\/\/www.schokologo.com\/?page_id=69492"},"modified":"2025-09-18T15:46:11","modified_gmt":"2025-09-18T13:46:11","slug":"inquiry-list","status":"publish","type":"page","link":"https:\/\/staging.schokologo.com\/en\/inquiry-list","title":{"rendered":"Inquiry List"},"content":{"rendered":"\t\t<div data-elementor-type=\"wp-page\" data-elementor-id=\"69492\" class=\"elementor elementor-69492 elementor-61110\" data-elementor-post-type=\"page\">\n\t\t\t\t<div class=\"elementor-element elementor-element-648b543a e-flex e-con-boxed e-con e-parent\" data-id=\"648b543a\" data-element_type=\"container\" data-e-type=\"container\">\n\t\t\t\t\t<div class=\"e-con-inner\">\n\t\t\t\t<div class=\"elementor-element elementor-element-24d13732 elementor-widget elementor-widget-text-editor\" data-id=\"24d13732\" data-element_type=\"widget\" data-e-type=\"widget\" data-widget_type=\"text-editor.default\">\n\t\t\t\t<div class=\"elementor-widget-container\">\n\t\t\t\t\t\t\t\t\t        <div class=\"sl-quote-list-wrap\" style=\"position:relative; padding-top:36px;\">\r\n            <a href=\"#\" class=\"sl-close\" aria-label=\"Back\"\r\n                data-fallback=\"https:\/\/staging.schokologo.com\/en\"\r\n                style=\"position:absolute; top:8px; right:8px; z-index:10;\r\n                color:var(--e-global-color-text, currentColor);\r\n                text-decoration:none; line-height:1; font-size:24px;\">\r\n                <i class=\"fas fa-window-close\" aria-hidden=\"true\" style=\"color:inherit;\"><\/i>\r\n            <\/a>\r\n            <form id=\"quote-form\" action=\"https:\/\/staging.schokologo.com\/wp-admin\/admin-post.php\" method=\"POST\" enctype=\"multipart\/form-data\">\r\n            <input type=\"hidden\" name=\"action\" value=\"submit_quote\">\r\n            <input type=\"hidden\" id=\"sl_submit_quote_nonce\" name=\"sl_submit_quote_nonce\" value=\"32d778251b\" \/><input type=\"hidden\" name=\"_wp_http_referer\" value=\"\/en\/wp-json\/wp\/v2\/pages\/69492\" \/>            <div id=\"quote-list-container\">\r\n\t\t\t\t                    <p id=\"empty-quote-message\" style=\"color: red;\">Please add at least one product to the quote list before submitting.<\/p>\r\n\t\t\t\t            <\/div>\r\n            <div class=\"col-12 col-md-6 col-register\">\r\n\t\t\t\t                    <div class=\"d-flex flex-wrap\">\r\n                        <input type=\"text\" name=\"billing_first_name\" placeholder=\"First Name\" required>\r\n                        <input type=\"text\" name=\"billing_last_name\" placeholder=\"Last Name\" required>\r\n                    <\/div>\r\n                    <input type=\"email\" name=\"user_email\" placeholder=\"Your Email\" required>\r\n                    <input type=\"text\" name=\"billing_company\" placeholder=\"Your Company\" required>\r\n                    <input type=\"text\" name=\"billing_phone\" placeholder=\"Your Phone\" required>\r\n\t\t\t\t                <textarea name=\"comment\" placeholder=\"Your comments\"><\/textarea>\r\n                <input type=\"file\" id=\"upload_file\" name=\"upload_file\" accept=\".jpg,.jpeg,.png,.gif,.bmp,.svg,.eps,.ai,.psd,.tiff,.pdf\" >\r\n                <span id=\"error_upload_file\" class=\"sl-error-message\"><\/span>\r\n                <input type=\"file\" id=\"upload_file2\" name=\"upload_file2\" accept=\".jpg,.jpeg,.png,.gif,.bmp,.svg,.eps,.ai,.psd,.tiff,.pdf\" >\r\n                <span id=\"error_upload_file2\" class=\"sl-error-message\"><\/span>\r\n                <br>\r\n                <small>Accepted file types: .jpg, .jpeg, .png, .gif, .bmp, .svg, .eps, .ai, .psd, .tiff, .pdf. Max file size: 4GB.<\/small>\r\n                <div class=\"sl_register_buttons d-flex align-items-center\">\r\n\t\t\t\t\t                        <input type=\"checkbox\" name=\"register\" id=\"register-checkbox\" required>\r\n                        <label for=\"register-checkbox\" class=\"ml-2\">Register and Save Quote<\/label>\r\n\t\t\t\t\t                    <input type=\"submit\" id=\"submit-quote\" value=\"Submit Quote\" class=\"ml-3\" disabled>\r\n                <\/div>\r\n            <\/div>\r\n        <\/form>\r\n        <\/div>\r\n        <script>\r\n            document.addEventListener('DOMContentLoaded', function () {\r\n                \/\/ FORCE browser back on click, with referrer\/home fallback\r\n                document.addEventListener('click', function (e) {\r\n                    const btn = e.target.closest('a.sl-close');\r\n                    if (!btn) return;\r\n\r\n                    e.preventDefault();\r\n                    if (window.history.length > 1) {\r\n                        window.history.back();\r\n                        return;\r\n                    }\r\n                    if (document.referrer) {\r\n                        window.location.href = document.referrer;\r\n                        return;\r\n                    }\r\n                    window.location.href = btn.dataset.fallback || '\/';\r\n                });\r\n\r\n                \/\/ Existing register checkbox logic\r\n                const registerCheckbox = document.getElementById('register-checkbox');\r\n                const submitButton = document.getElementById('submit-quote');\r\n                if (registerCheckbox && submitButton) {\r\n                    registerCheckbox.addEventListener('change', function () {\r\n                        if (this.checked) {\r\n                            submitButton.disabled = false;\r\n                            submitButton.classList.remove('disabled-submit');\r\n                        } else {\r\n                            submitButton.disabled = true;\r\n                            submitButton.classList.add('disabled-submit');\r\n                            alert(sl_quote_obj.register_alert);\r\n                        }\r\n                    });\r\n                }\r\n            });\r\n        <\/script>\r\n\r\n\r\n\t\t\t\t\t\t\t\t\t\t<\/div>\n\t\t\t\t<\/div>\n\t\t\t\t\t<\/div>\n\t\t\t\t<\/div>\n\t\t\t\t<\/div>\n\t\t","protected":false},"excerpt":{"rendered":"","protected":false},"author":1,"featured_media":0,"parent":0,"menu_order":0,"comment_status":"closed","ping_status":"closed","template":"","meta":{"_acf_changed":false,"footnotes":""},"class_list":["post-69492","page","type-page","status-publish","hentry"],"acf":[],"yoast_head":"<!-- This site is optimized with the Yoast SEO Premium plugin v26.5 (Yoast SEO v27.2) - https:\/\/yoast.com\/product\/yoast-seo-premium-wordpress\/ -->\n<title>Inquiry List - Choco-Logo<\/title>\n<meta name=\"robots\" content=\"noindex, follow, max-snippet:-1, max-image-preview:large, max-video-preview:-1\" \/>\n<meta property=\"og:locale\" content=\"en_US\" \/>\n<meta property=\"og:type\" content=\"article\" \/>\n<meta property=\"og:title\" content=\"Inquiry List\" \/>\n<meta property=\"og:url\" content=\"https:\/\/staging.schokologo.com\/en\/inquiry-list\" \/>\n<meta property=\"og:site_name\" content=\"Choco-Logo\" \/>\n<meta property=\"article:publisher\" content=\"https:\/\/www.facebook.com\/SCHOKOLOGO\" \/>\n<meta property=\"article:modified_time\" content=\"2025-09-18T13:46:11+00:00\" \/>\n<meta property=\"og:image\" content=\"https:\/\/staging.schokologo.com\/wp-content\/uploads\/2023\/09\/3dcustomchocolate_4nd.jpg\" \/>\n\t<meta property=\"og:image:width\" content=\"1200\" \/>\n\t<meta property=\"og:image:height\" content=\"798\" \/>\n\t<meta property=\"og:image:type\" content=\"image\/jpeg\" \/>\n<meta name=\"twitter:card\" content=\"summary_large_image\" \/>\n<meta name=\"twitter:site\" content=\"@schokologo\" \/>\n<meta name=\"twitter:label1\" content=\"Est. reading time\" \/>\n\t<meta name=\"twitter:data1\" content=\"1 minute\" \/>\n<script type=\"application\/ld+json\" class=\"yoast-schema-graph\">{\"@context\":\"https:\/\/schema.org\",\"@graph\":[{\"@type\":\"WebPage\",\"@id\":\"https:\/\/staging.schokologo.com\/en\/inquiry-list\",\"url\":\"https:\/\/staging.schokologo.com\/en\/inquiry-list\",\"name\":\"Inquiry List - Choco-Logo\",\"isPartOf\":{\"@id\":\"https:\/\/staging.schokologo.com\/en\/#website\"},\"datePublished\":\"2024-07-17T07:19:24+00:00\",\"dateModified\":\"2025-09-18T13:46:11+00:00\",\"breadcrumb\":{\"@id\":\"https:\/\/staging.schokologo.com\/en\/inquiry-list#breadcrumb\"},\"inLanguage\":\"en-US\",\"potentialAction\":[{\"@type\":\"ReadAction\",\"target\":[\"https:\/\/staging.schokologo.com\/en\/inquiry-list\"]}]},{\"@type\":\"BreadcrumbList\",\"@id\":\"https:\/\/staging.schokologo.com\/en\/inquiry-list#breadcrumb\",\"itemListElement\":[{\"@type\":\"ListItem\",\"position\":1,\"name\":\"Home\",\"item\":\"https:\/\/staging.schokologo.com\/en\"},{\"@type\":\"ListItem\",\"position\":2,\"name\":\"Inquiry List\"}]},{\"@type\":\"WebSite\",\"@id\":\"https:\/\/staging.schokologo.com\/en\/#website\",\"url\":\"https:\/\/staging.schokologo.com\/en\/\",\"name\":\"Schokologo\",\"description\":\"Your finest calling card\",\"publisher\":{\"@id\":\"https:\/\/staging.schokologo.com\/en\/#organization\"},\"alternateName\":\"Ihr Logo aus edler Schokolade\",\"potentialAction\":[{\"@type\":\"SearchAction\",\"target\":{\"@type\":\"EntryPoint\",\"urlTemplate\":\"https:\/\/staging.schokologo.com\/en\/?s={search_term_string}\"},\"query-input\":{\"@type\":\"PropertyValueSpecification\",\"valueRequired\":true,\"valueName\":\"search_term_string\"}}],\"inLanguage\":\"en-US\"},{\"@type\":\"Organization\",\"@id\":\"https:\/\/staging.schokologo.com\/en\/#organization\",\"name\":\"Schokologo e.K.\",\"alternateName\":\"Schokologo\",\"url\":\"https:\/\/staging.schokologo.com\/en\/\",\"logo\":{\"@type\":\"ImageObject\",\"inLanguage\":\"en-US\",\"@id\":\"https:\/\/staging.schokologo.com\/en\/#\/schema\/logo\/image\/\",\"url\":\"https:\/\/staging.schokologo.com\/wp-content\/uploads\/2023\/09\/SchokoLogo_Logo.svg\",\"contentUrl\":\"https:\/\/staging.schokologo.com\/wp-content\/uploads\/2023\/09\/SchokoLogo_Logo.svg\",\"width\":270,\"height\":106,\"caption\":\"Schokologo e.K.\"},\"image\":{\"@id\":\"https:\/\/staging.schokologo.com\/en\/#\/schema\/logo\/image\/\"},\"sameAs\":[\"https:\/\/www.facebook.com\/SCHOKOLOGO\",\"https:\/\/x.com\/schokologo\",\"https:\/\/www.instagram.com\/schoko_logo\"],\"description\":\"Personalisierte Schokoladenprodukte und Sonderanfertigungen aus Schokolade. Wir gestalten individuelle Schokoladenkreationen mit Logos, Texten und Designs nach Ihren W\u00fcnschen. Unsere hochwertigen Schokoladenprodukte sind das ideale Geschenk f\u00fcr Kunden, Gesch\u00e4ftspartner und besondere Anl\u00e4sse. Mit den besten Zutaten und ma\u00dfgeschneiderten L\u00f6sungen pr\u00e4sentieren wir Ihre Markenbotschaft auf einzigartige und k\u00f6stliche Weise. Entdecken Sie die Vielfalt unserer Schokoladenprodukte und hinterlassen Sie einen bleibenden Eindruck mit Schokologo.\",\"email\":\"info@schokologo.com\",\"telephone\":\"3677790\",\"legalName\":\"Schokologo e.K.\",\"foundingDate\":\"2003-01-08\",\"vatID\":\"DE220776735\",\"numberOfEmployees\":{\"@type\":\"QuantitativeValue\",\"minValue\":\"51\",\"maxValue\":\"200\"}}]}<\/script>\n<!-- \/ Yoast SEO Premium plugin. -->","yoast_head_json":{"title":"Inquiry List - Choco-Logo","robots":{"index":"noindex","follow":"follow","max-snippet":"max-snippet:-1","max-image-preview":"max-image-preview:large","max-video-preview":"max-video-preview:-1"},"og_locale":"en_US","og_type":"article","og_title":"Inquiry List","og_url":"https:\/\/staging.schokologo.com\/en\/inquiry-list","og_site_name":"Choco-Logo","article_publisher":"https:\/\/www.facebook.com\/SCHOKOLOGO","article_modified_time":"2025-09-18T13:46:11+00:00","og_image":[{"width":1200,"height":798,"url":"https:\/\/staging.schokologo.com\/wp-content\/uploads\/2023\/09\/3dcustomchocolate_4nd.jpg","type":"image\/jpeg"}],"twitter_card":"summary_large_image","twitter_site":"@schokologo","twitter_misc":{"Est. reading time":"1 minute"},"schema":{"@context":"https:\/\/schema.org","@graph":[{"@type":"WebPage","@id":"https:\/\/staging.schokologo.com\/en\/inquiry-list","url":"https:\/\/staging.schokologo.com\/en\/inquiry-list","name":"Inquiry List - Choco-Logo","isPartOf":{"@id":"https:\/\/staging.schokologo.com\/en\/#website"},"datePublished":"2024-07-17T07:19:24+00:00","dateModified":"2025-09-18T13:46:11+00:00","breadcrumb":{"@id":"https:\/\/staging.schokologo.com\/en\/inquiry-list#breadcrumb"},"inLanguage":"en-US","potentialAction":[{"@type":"ReadAction","target":["https:\/\/staging.schokologo.com\/en\/inquiry-list"]}]},{"@type":"BreadcrumbList","@id":"https:\/\/staging.schokologo.com\/en\/inquiry-list#breadcrumb","itemListElement":[{"@type":"ListItem","position":1,"name":"Home","item":"https:\/\/staging.schokologo.com\/en"},{"@type":"ListItem","position":2,"name":"Inquiry List"}]},{"@type":"WebSite","@id":"https:\/\/staging.schokologo.com\/en\/#website","url":"https:\/\/staging.schokologo.com\/en\/","name":"Schokologo","description":"Your finest calling card","publisher":{"@id":"https:\/\/staging.schokologo.com\/en\/#organization"},"alternateName":"Ihr Logo aus edler Schokolade","potentialAction":[{"@type":"SearchAction","target":{"@type":"EntryPoint","urlTemplate":"https:\/\/staging.schokologo.com\/en\/?s={search_term_string}"},"query-input":{"@type":"PropertyValueSpecification","valueRequired":true,"valueName":"search_term_string"}}],"inLanguage":"en-US"},{"@type":"Organization","@id":"https:\/\/staging.schokologo.com\/en\/#organization","name":"Schokologo e.K.","alternateName":"Schokologo","url":"https:\/\/staging.schokologo.com\/en\/","logo":{"@type":"ImageObject","inLanguage":"en-US","@id":"https:\/\/staging.schokologo.com\/en\/#\/schema\/logo\/image\/","url":"https:\/\/staging.schokologo.com\/wp-content\/uploads\/2023\/09\/SchokoLogo_Logo.svg","contentUrl":"https:\/\/staging.schokologo.com\/wp-content\/uploads\/2023\/09\/SchokoLogo_Logo.svg","width":270,"height":106,"caption":"Schokologo e.K."},"image":{"@id":"https:\/\/staging.schokologo.com\/en\/#\/schema\/logo\/image\/"},"sameAs":["https:\/\/www.facebook.com\/SCHOKOLOGO","https:\/\/x.com\/schokologo","https:\/\/www.instagram.com\/schoko_logo"],"description":"Personalisierte Schokoladenprodukte und Sonderanfertigungen aus Schokolade. Wir gestalten individuelle Schokoladenkreationen mit Logos, Texten und Designs nach Ihren W\u00fcnschen. Unsere hochwertigen Schokoladenprodukte sind das ideale Geschenk f\u00fcr Kunden, Gesch\u00e4ftspartner und besondere Anl\u00e4sse. Mit den besten Zutaten und ma\u00dfgeschneiderten L\u00f6sungen pr\u00e4sentieren wir Ihre Markenbotschaft auf einzigartige und k\u00f6stliche Weise. Entdecken Sie die Vielfalt unserer Schokoladenprodukte und hinterlassen Sie einen bleibenden Eindruck mit Schokologo.","email":"info@schokologo.com","telephone":"3677790","legalName":"Schokologo e.K.","foundingDate":"2003-01-08","vatID":"DE220776735","numberOfEmployees":{"@type":"QuantitativeValue","minValue":"51","maxValue":"200"}}]}},"_links":{"self":[{"href":"https:\/\/staging.schokologo.com\/en\/wp-json\/wp\/v2\/pages\/69492","targetHints":{"allow":["GET"]}}],"collection":[{"href":"https:\/\/staging.schokologo.com\/en\/wp-json\/wp\/v2\/pages"}],"about":[{"href":"https:\/\/staging.schokologo.com\/en\/wp-json\/wp\/v2\/types\/page"}],"author":[{"embeddable":true,"href":"https:\/\/staging.schokologo.com\/en\/wp-json\/wp\/v2\/users\/1"}],"replies":[{"embeddable":true,"href":"https:\/\/staging.schokologo.com\/en\/wp-json\/wp\/v2\/comments?post=69492"}],"version-history":[{"count":4,"href":"https:\/\/staging.schokologo.com\/en\/wp-json\/wp\/v2\/pages\/69492\/revisions"}],"predecessor-version":[{"id":69496,"href":"https:\/\/staging.schokologo.com\/en\/wp-json\/wp\/v2\/pages\/69492\/revisions\/69496"}],"wp:attachment":[{"href":"https:\/\/staging.schokologo.com\/en\/wp-json\/wp\/v2\/media?parent=69492"}],"curies":[{"name":"wp","href":"https:\/\/api.w.org\/{rel}","templated":true}]}}