{"id":69141,"date":"2025-07-29T13:33:40","date_gmt":"2025-07-29T11:33:40","guid":{"rendered":"https:\/\/www.schokologo.com\/?post_type=product&#038;p=69141"},"modified":"2025-09-24T11:28:04","modified_gmt":"2025-09-24T09:28:04","slug":"schachtel-ausschnitt","status":"publish","type":"product","link":"https:\/\/staging.schokologo.com\/de\/schokologo\/schachtel-ausschnitt","title":{"rendered":"Schachteln mit individuellem Ausschnitt"},"content":{"rendered":"<p><strong>Individuelle Schachteln mit Logo-Ausstanzung<\/strong><\/p>\n<p>Sch\u00fctzen, pr\u00e4sentieren und begeistern \u2013 unsere hochwertigen Kartonverpackungen sind mehr als nur eine H\u00fclle. Mit pr\u00e4zisen Logo-Ausstanzungen setzen Sie Ihre Marke perfekt in Szene. Ob Herz, Tannenbaum, rund, eckig oder ganz nach Ihren individuellen Vorstellungen: Jede Schachtel wird zu einem exklusiven Markenbotschafter.<\/p>\n<p>Auf Anfrage sind die Schachteln in vielen Farben erh\u00e4ltlich und k\u00f6nnen harmonisch auf Ihr Corporate Design abgestimmt werden. So wird jede Schokolade nicht nur ein Genuss f\u00fcr den Gaumen, sondern auch f\u00fcr die Augen \u2013 verpackt in einer Schachtel, die Eindruck hinterl\u00e4sst.<\/p>\n","protected":false},"excerpt":{"rendered":"<p>Edle Kartonverpackungen mit individueller Logo-Ausstanzung \u2013 in vielen Farben erh\u00e4ltlich, formgenau nach Wunsch. Sch\u00fctzt Ihre Schokolade und macht Ihre Marke sichtbar.<\/p>\n","protected":false},"featured_media":69152,"template":"","meta":{"_acf_changed":false},"product_brand":[2904],"product_cat":[2938],"product_tag":[3584],"class_list":{"0":"post-69141","1":"product","2":"type-product","3":"status-publish","4":"has-post-thumbnail","6":"product_brand-schokologo-e-k","7":"product_cat-verpackung","8":"product_tag-verpackung","10":"first","11":"instock","12":"taxable","13":"shipping-taxable","14":"purchasable","15":"product-type-simple"},"acf":{"sl_product_custom_field":"","sl_inquire_only_product":true},"yoast_head":"<!-- This site is optimized with the Yoast SEO Premium plugin v26.5 (Yoast SEO v27.2) - https:\/\/yoast.com\/product\/yoast-seo-premium-wordpress\/ -->\n<title>Schachtel mit individuellem Ausschnitt<\/title>\n<meta name=\"description\" content=\"Schokologo bietet hochwertige Schachteln mit Logo-Ausstanzung. Individuell in Form und Farbe, perfekt abgestimmt auf Ihr Corporate Design. F\u00fcr Schokolade, die Eindruck hinterl\u00e4sst.\" \/>\n<meta name=\"robots\" content=\"noindex, follow, max-snippet:-1, max-image-preview:large, max-video-preview:-1\" \/>\n<meta property=\"og:locale\" content=\"de_DE\" \/>\n<meta property=\"og:type\" content=\"article\" \/>\n<meta property=\"og:title\" content=\"Schachteln mit individuellem Ausschnitt\" \/>\n<meta property=\"og:description\" content=\"Schokologo bietet hochwertige Schachteln mit Logo-Ausstanzung. Individuell in Form und Farbe, perfekt abgestimmt auf Ihr Corporate Design. F\u00fcr Schokolade, die Eindruck hinterl\u00e4sst.\" \/>\n<meta property=\"og:url\" content=\"https:\/\/staging.schokologo.com\/de\/schokologo\/schachtel-ausschnitt\" \/>\n<meta property=\"og:site_name\" content=\"Choco-Logo\" \/>\n<meta property=\"article:publisher\" content=\"https:\/\/www.facebook.com\/SCHOKOLOGO\" \/>\n<meta property=\"article:modified_time\" content=\"2025-09-24T09:28:04+00:00\" \/>\n<meta property=\"og:image\" content=\"https:\/\/staging.schokologo.com\/wp-content\/uploads\/2025\/07\/Lila-Grau_1.webp\" \/>\n\t<meta property=\"og:image:width\" content=\"1920\" \/>\n\t<meta property=\"og:image:height\" content=\"1655\" \/>\n\t<meta property=\"og:image:type\" content=\"image\/webp\" \/>\n<meta name=\"twitter:card\" content=\"summary_large_image\" \/>\n<meta name=\"twitter:site\" content=\"@schokologo\" \/>\n<meta name=\"twitter:label1\" content=\"Preis\" \/>\n\t<meta name=\"twitter:data1\" content=\"0,01&nbsp;&euro; Exluding Tax\" \/>\n\t<meta name=\"twitter:label2\" content=\"Verf\u00fcgbarkeit\" \/>\n\t<meta name=\"twitter:data2\" content=\"Auf Lager\" \/>\n<script type=\"application\/ld+json\" class=\"yoast-schema-graph\">{\"@context\":\"https:\/\/schema.org\",\"@graph\":[{\"@type\":\"WebPage\",\"@id\":\"https:\/\/staging.schokologo.com\/de\/schokologo\/schachtel-ausschnitt\",\"url\":\"https:\/\/staging.schokologo.com\/de\/schokologo\/schachtel-ausschnitt\",\"name\":\"Schachtel mit individuellem Ausschnitt\",\"isPartOf\":{\"@id\":\"https:\/\/staging.schokologo.com\/de\/#website\"},\"primaryImageOfPage\":{\"@id\":\"https:\/\/staging.schokologo.com\/de\/schokologo\/schachtel-ausschnitt#primaryimage\"},\"image\":{\"@id\":\"https:\/\/staging.schokologo.com\/de\/schokologo\/schachtel-ausschnitt#primaryimage\"},\"thumbnailUrl\":\"https:\/\/staging.schokologo.com\/wp-content\/uploads\/2025\/07\/Lila-Grau_1.webp\",\"datePublished\":\"2025-07-29T11:33:40+00:00\",\"dateModified\":\"2025-09-24T09:28:04+00:00\",\"description\":\"Schokologo bietet hochwertige Schachteln mit Logo-Ausstanzung. Individuell in Form und Farbe, perfekt abgestimmt auf Ihr Corporate Design. F\u00fcr Schokolade, die Eindruck hinterl\u00e4sst.\",\"breadcrumb\":{\"@id\":\"https:\/\/staging.schokologo.com\/de\/schokologo\/schachtel-ausschnitt#breadcrumb\"},\"inLanguage\":\"de\",\"potentialAction\":[{\"@type\":\"ReadAction\",\"target\":[\"https:\/\/staging.schokologo.com\/de\/schokologo\/schachtel-ausschnitt\"]}]},{\"@type\":\"ImageObject\",\"inLanguage\":\"de\",\"@id\":\"https:\/\/staging.schokologo.com\/de\/schokologo\/schachtel-ausschnitt#primaryimage\",\"url\":\"https:\/\/staging.schokologo.com\/wp-content\/uploads\/2025\/07\/Lila-Grau_1.webp\",\"contentUrl\":\"https:\/\/staging.schokologo.com\/wp-content\/uploads\/2025\/07\/Lila-Grau_1.webp\",\"width\":1920,\"height\":1655,\"caption\":\"Schoko.Schachtel mitAussparung Weihnachtsbaum Stern Lila Gr\u00fcn\"},{\"@type\":\"BreadcrumbList\",\"@id\":\"https:\/\/staging.schokologo.com\/de\/schokologo\/schachtel-ausschnitt#breadcrumb\",\"itemListElement\":[{\"@type\":\"ListItem\",\"position\":1,\"name\":\"Home\",\"item\":\"https:\/\/staging.schokologo.com\/de\"},{\"@type\":\"ListItem\",\"position\":2,\"name\":\"Produkte\",\"item\":\"https:\/\/staging.schokologo.com\/de\/shop\"},{\"@type\":\"ListItem\",\"position\":3,\"name\":\"Schachteln mit individuellem Ausschnitt\"}]},{\"@type\":\"WebSite\",\"@id\":\"https:\/\/staging.schokologo.com\/de\/#website\",\"url\":\"https:\/\/staging.schokologo.com\/de\/\",\"name\":\"Schokologo\",\"description\":\"Your finest calling card\",\"publisher\":{\"@id\":\"https:\/\/staging.schokologo.com\/de\/#organization\"},\"alternateName\":\"Ihr Logo aus edler Schokolade\",\"potentialAction\":[{\"@type\":\"SearchAction\",\"target\":{\"@type\":\"EntryPoint\",\"urlTemplate\":\"https:\/\/staging.schokologo.com\/de\/?s={search_term_string}\"},\"query-input\":{\"@type\":\"PropertyValueSpecification\",\"valueRequired\":true,\"valueName\":\"search_term_string\"}}],\"inLanguage\":\"de\"},{\"@type\":\"Organization\",\"@id\":\"https:\/\/staging.schokologo.com\/de\/#organization\",\"name\":\"Schokologo e.K.\",\"alternateName\":\"Schokologo\",\"url\":\"https:\/\/staging.schokologo.com\/de\/\",\"logo\":{\"@type\":\"ImageObject\",\"inLanguage\":\"de\",\"@id\":\"https:\/\/staging.schokologo.com\/de\/#\/schema\/logo\/image\/\",\"url\":\"https:\/\/staging.schokologo.com\/wp-content\/uploads\/2023\/09\/SchokoLogo_Logo.svg\",\"contentUrl\":\"https:\/\/staging.schokologo.com\/wp-content\/uploads\/2023\/09\/SchokoLogo_Logo.svg\",\"width\":270,\"height\":106,\"caption\":\"Schokologo e.K.\"},\"image\":{\"@id\":\"https:\/\/staging.schokologo.com\/de\/#\/schema\/logo\/image\/\"},\"sameAs\":[\"https:\/\/www.facebook.com\/SCHOKOLOGO\",\"https:\/\/x.com\/schokologo\",\"https:\/\/www.instagram.com\/schoko_logo\"],\"description\":\"Personalisierte Schokoladenprodukte und Sonderanfertigungen aus Schokolade. Wir gestalten individuelle Schokoladenkreationen mit Logos, Texten und Designs nach Ihren W\u00fcnschen. Unsere hochwertigen Schokoladenprodukte sind das ideale Geschenk f\u00fcr Kunden, Gesch\u00e4ftspartner und besondere Anl\u00e4sse. Mit den besten Zutaten und ma\u00dfgeschneiderten L\u00f6sungen pr\u00e4sentieren wir Ihre Markenbotschaft auf einzigartige und k\u00f6stliche Weise. Entdecken Sie die Vielfalt unserer Schokoladenprodukte und hinterlassen Sie einen bleibenden Eindruck mit Schokologo.\",\"email\":\"info@schokologo.com\",\"telephone\":\"3677790\",\"legalName\":\"Schokologo e.K.\",\"foundingDate\":\"2003-01-08\",\"vatID\":\"DE220776735\",\"numberOfEmployees\":{\"@type\":\"QuantitativeValue\",\"minValue\":\"51\",\"maxValue\":\"200\"}}]}<\/script>\n<meta property=\"product:price:amount\" content=\"0.01\" \/>\n<meta property=\"product:price:currency\" content=\"EUR\" \/>\n<meta property=\"og:availability\" content=\"instock\" \/>\n<meta property=\"product:availability\" content=\"instock\" \/>\n<meta property=\"product:retailer_item_id\" content=\"SL102558\" \/>\n<meta property=\"product:condition\" content=\"new\" \/>\n<!-- \/ Yoast SEO Premium plugin. -->","yoast_head_json":{"title":"Schachtel mit individuellem Ausschnitt","description":"Schokologo bietet hochwertige Schachteln mit Logo-Ausstanzung. Individuell in Form und Farbe, perfekt abgestimmt auf Ihr Corporate Design. F\u00fcr Schokolade, die Eindruck hinterl\u00e4sst.","robots":{"index":"noindex","follow":"follow","max-snippet":"max-snippet:-1","max-image-preview":"max-image-preview:large","max-video-preview":"max-video-preview:-1"},"og_locale":"de_DE","og_type":"article","og_title":"Schachteln mit individuellem Ausschnitt","og_description":"Schokologo bietet hochwertige Schachteln mit Logo-Ausstanzung. Individuell in Form und Farbe, perfekt abgestimmt auf Ihr Corporate Design. F\u00fcr Schokolade, die Eindruck hinterl\u00e4sst.","og_url":"https:\/\/staging.schokologo.com\/de\/schokologo\/schachtel-ausschnitt","og_site_name":"Choco-Logo","article_publisher":"https:\/\/www.facebook.com\/SCHOKOLOGO","article_modified_time":"2025-09-24T09:28:04+00:00","og_image":[{"width":1920,"height":1655,"url":"https:\/\/staging.schokologo.com\/wp-content\/uploads\/2025\/07\/Lila-Grau_1.webp","type":"image\/webp"}],"twitter_card":"summary_large_image","twitter_site":"@schokologo","twitter_misc":{"Preis":"0,01&nbsp;&euro; Exluding Tax","Verf\u00fcgbarkeit":"Auf Lager"},"schema":{"@context":"https:\/\/schema.org","@graph":[{"@type":"WebPage","@id":"https:\/\/staging.schokologo.com\/de\/schokologo\/schachtel-ausschnitt","url":"https:\/\/staging.schokologo.com\/de\/schokologo\/schachtel-ausschnitt","name":"Schachtel mit individuellem Ausschnitt","isPartOf":{"@id":"https:\/\/staging.schokologo.com\/de\/#website"},"primaryImageOfPage":{"@id":"https:\/\/staging.schokologo.com\/de\/schokologo\/schachtel-ausschnitt#primaryimage"},"image":{"@id":"https:\/\/staging.schokologo.com\/de\/schokologo\/schachtel-ausschnitt#primaryimage"},"thumbnailUrl":"https:\/\/staging.schokologo.com\/wp-content\/uploads\/2025\/07\/Lila-Grau_1.webp","datePublished":"2025-07-29T11:33:40+00:00","dateModified":"2025-09-24T09:28:04+00:00","description":"Schokologo bietet hochwertige Schachteln mit Logo-Ausstanzung. Individuell in Form und Farbe, perfekt abgestimmt auf Ihr Corporate Design. F\u00fcr Schokolade, die Eindruck hinterl\u00e4sst.","breadcrumb":{"@id":"https:\/\/staging.schokologo.com\/de\/schokologo\/schachtel-ausschnitt#breadcrumb"},"inLanguage":"de","potentialAction":[{"@type":"ReadAction","target":["https:\/\/staging.schokologo.com\/de\/schokologo\/schachtel-ausschnitt"]}]},{"@type":"ImageObject","inLanguage":"de","@id":"https:\/\/staging.schokologo.com\/de\/schokologo\/schachtel-ausschnitt#primaryimage","url":"https:\/\/staging.schokologo.com\/wp-content\/uploads\/2025\/07\/Lila-Grau_1.webp","contentUrl":"https:\/\/staging.schokologo.com\/wp-content\/uploads\/2025\/07\/Lila-Grau_1.webp","width":1920,"height":1655,"caption":"Schoko.Schachtel mitAussparung Weihnachtsbaum Stern Lila Gr\u00fcn"},{"@type":"BreadcrumbList","@id":"https:\/\/staging.schokologo.com\/de\/schokologo\/schachtel-ausschnitt#breadcrumb","itemListElement":[{"@type":"ListItem","position":1,"name":"Home","item":"https:\/\/staging.schokologo.com\/de"},{"@type":"ListItem","position":2,"name":"Produkte","item":"https:\/\/staging.schokologo.com\/de\/shop"},{"@type":"ListItem","position":3,"name":"Schachteln mit individuellem Ausschnitt"}]},{"@type":"WebSite","@id":"https:\/\/staging.schokologo.com\/de\/#website","url":"https:\/\/staging.schokologo.com\/de\/","name":"Schokologo","description":"Your finest calling card","publisher":{"@id":"https:\/\/staging.schokologo.com\/de\/#organization"},"alternateName":"Ihr Logo aus edler Schokolade","potentialAction":[{"@type":"SearchAction","target":{"@type":"EntryPoint","urlTemplate":"https:\/\/staging.schokologo.com\/de\/?s={search_term_string}"},"query-input":{"@type":"PropertyValueSpecification","valueRequired":true,"valueName":"search_term_string"}}],"inLanguage":"de"},{"@type":"Organization","@id":"https:\/\/staging.schokologo.com\/de\/#organization","name":"Schokologo e.K.","alternateName":"Schokologo","url":"https:\/\/staging.schokologo.com\/de\/","logo":{"@type":"ImageObject","inLanguage":"de","@id":"https:\/\/staging.schokologo.com\/de\/#\/schema\/logo\/image\/","url":"https:\/\/staging.schokologo.com\/wp-content\/uploads\/2023\/09\/SchokoLogo_Logo.svg","contentUrl":"https:\/\/staging.schokologo.com\/wp-content\/uploads\/2023\/09\/SchokoLogo_Logo.svg","width":270,"height":106,"caption":"Schokologo e.K."},"image":{"@id":"https:\/\/staging.schokologo.com\/de\/#\/schema\/logo\/image\/"},"sameAs":["https:\/\/www.facebook.com\/SCHOKOLOGO","https:\/\/x.com\/schokologo","https:\/\/www.instagram.com\/schoko_logo"],"description":"Personalisierte Schokoladenprodukte und Sonderanfertigungen aus Schokolade. Wir gestalten individuelle Schokoladenkreationen mit Logos, Texten und Designs nach Ihren W\u00fcnschen. Unsere hochwertigen Schokoladenprodukte sind das ideale Geschenk f\u00fcr Kunden, Gesch\u00e4ftspartner und besondere Anl\u00e4sse. Mit den besten Zutaten und ma\u00dfgeschneiderten L\u00f6sungen pr\u00e4sentieren wir Ihre Markenbotschaft auf einzigartige und k\u00f6stliche Weise. Entdecken Sie die Vielfalt unserer Schokoladenprodukte und hinterlassen Sie einen bleibenden Eindruck mit Schokologo.","email":"info@schokologo.com","telephone":"3677790","legalName":"Schokologo e.K.","foundingDate":"2003-01-08","vatID":"DE220776735","numberOfEmployees":{"@type":"QuantitativeValue","minValue":"51","maxValue":"200"}}]},"product_price_amount":"0.01","product_price_currency":"EUR","og_availability":"instock","product_availability":"instock","product_retailer_item_id":"SL102558","product_condition":"new"},"_links":{"self":[{"href":"https:\/\/staging.schokologo.com\/de\/wp-json\/wp\/v2\/product\/69141","targetHints":{"allow":["GET"]}}],"collection":[{"href":"https:\/\/staging.schokologo.com\/de\/wp-json\/wp\/v2\/product"}],"about":[{"href":"https:\/\/staging.schokologo.com\/de\/wp-json\/wp\/v2\/types\/product"}],"version-history":[{"count":3,"href":"https:\/\/staging.schokologo.com\/de\/wp-json\/wp\/v2\/product\/69141\/revisions"}],"predecessor-version":[{"id":70097,"href":"https:\/\/staging.schokologo.com\/de\/wp-json\/wp\/v2\/product\/69141\/revisions\/70097"}],"wp:featuredmedia":[{"embeddable":true,"href":"https:\/\/staging.schokologo.com\/de\/wp-json\/wp\/v2\/media\/69152"}],"wp:attachment":[{"href":"https:\/\/staging.schokologo.com\/de\/wp-json\/wp\/v2\/media?parent=69141"}],"wp:term":[{"taxonomy":"product_brand","embeddable":true,"href":"https:\/\/staging.schokologo.com\/de\/wp-json\/wp\/v2\/product_brand?post=69141"},{"taxonomy":"product_cat","embeddable":true,"href":"https:\/\/staging.schokologo.com\/de\/wp-json\/wp\/v2\/product_cat?post=69141"},{"taxonomy":"product_tag","embeddable":true,"href":"https:\/\/staging.schokologo.com\/de\/wp-json\/wp\/v2\/product_tag?post=69141"}],"curies":[{"name":"wp","href":"https:\/\/api.w.org\/{rel}","templated":true}]}}