{"id":69089,"date":"2025-07-29T12:03:19","date_gmt":"2025-07-29T10:03:19","guid":{"rendered":"https:\/\/www.schokologo.com\/?post_type=product&#038;p=69089"},"modified":"2025-07-29T12:03:20","modified_gmt":"2025-07-29T10:03:20","slug":"pralinen-holz-box","status":"publish","type":"product","link":"https:\/\/staging.schokologo.com\/de\/schokologo\/pralinen-holz-box","title":{"rendered":"Pralinen Holzbox"},"content":{"rendered":"<p>Schokoladensterne und Mini-Pralinen in Holzbox f\u00fcr Weihnachten.<\/p>\n<p>Beispielkombination: 16 handgesch\u00f6pfte, frische Pralinen in 2 Sorten: 8 x Mini Vanille-Pralinen und 8 x Mini Macadamia-Pralinen.<\/p>\n<p>Kombinieren Sie nach Ihren W\u00fcnschen, unsere Schokolgogos mit handgesch\u00f6fpten Pralinen in einer edelen Holzbox<\/p>\n<p>\u00d6ko-Naturholz-Box, mit einem PEFC Zertifikat,<\/p>\n<p>Gr\u00f6\u00dfe der Holzbox: 165 x 165 x 36 mm. Stilvoll und elegant pr\u00e4sentiert mit bedruckter Banderole.<\/p>\n<p>Die Pralinen sind frisch und ohne Konservierungsstoffe hergestellt.<\/p>\n<p>Auf Wunsch k\u00f6nnen die Geschenk-Sets auch ohne Alkohol bestellt werden.<\/p>\n<p>&nbsp;<\/p>\n","protected":false},"excerpt":{"rendered":"<p>Schokoladensterne und Mini-Pralinen in Holzbox f\u00fcr Weihnachten &#8211; 16 frische Pralinen 8 x Mini Vanille-Pralinen und 8 x Mini Macadamia-Pralinen und 5 Schokologos.<\/p>\n","protected":false},"featured_media":69092,"template":"","meta":{"_acf_changed":false},"product_brand":[],"product_cat":[2946,2960],"product_tag":[],"class_list":{"0":"post-69089","1":"product","2":"type-product","3":"status-publish","4":"has-post-thumbnail","6":"product_cat-pralinen-gebaeck","7":"product_cat-weihnachten","9":"first","10":"instock","11":"taxable","12":"shipping-taxable","13":"purchasable","14":"product-type-simple"},"acf":{"sl_product_custom_field":"diverse Gr\u00f6\u00dfen","sl_inquire_only_product":true},"yoast_head":"<!-- This site is optimized with the Yoast SEO Premium plugin v26.5 (Yoast SEO v27.2) - https:\/\/yoast.com\/product\/yoast-seo-premium-wordpress\/ -->\n<title>Pralinen Holzbox - Choco-Logo<\/title>\n<meta name=\"description\" content=\"Schokoladensterne und Mini-Pralinen in Holzbox f\u00fcr Weihnachten - 16 frische Pralinen Mini Vanille-Pralinen und Mini Macadamia-Pralinen und Schoko-Sterne.\" \/>\n<meta name=\"robots\" content=\"noindex, follow, max-snippet:-1, max-image-preview:large, max-video-preview:-1\" \/>\n<meta property=\"og:locale\" content=\"de_DE\" \/>\n<meta property=\"og:type\" content=\"article\" \/>\n<meta property=\"og:title\" content=\"Pralinen Holzbox\" \/>\n<meta property=\"og:description\" content=\"Schokoladensterne und Mini-Pralinen in Holzbox f\u00fcr Weihnachten - 16 frische Pralinen Mini Vanille-Pralinen und Mini Macadamia-Pralinen und Schoko-Sterne.\" \/>\n<meta property=\"og:url\" content=\"https:\/\/staging.schokologo.com\/de\/schokologo\/pralinen-holz-box\" \/>\n<meta property=\"og:site_name\" content=\"Choco-Logo\" \/>\n<meta property=\"article:publisher\" content=\"https:\/\/www.facebook.com\/SCHOKOLOGO\" \/>\n<meta property=\"article:modified_time\" content=\"2025-07-29T10:03:20+00:00\" \/>\n<meta property=\"og:image\" content=\"https:\/\/staging.schokologo.com\/wp-content\/uploads\/2025\/07\/Holzbox-Weihnachten-no-bg.webp\" \/>\n\t<meta property=\"og:image:width\" content=\"1200\" \/>\n\t<meta property=\"og:image:height\" content=\"1200\" \/>\n\t<meta property=\"og:image:type\" content=\"image\/webp\" \/>\n<meta name=\"twitter:card\" content=\"summary_large_image\" \/>\n<meta name=\"twitter:site\" content=\"@schokologo\" \/>\n<meta name=\"twitter:label1\" content=\"Preis\" \/>\n\t<meta name=\"twitter:data1\" content=\"24,95&nbsp;&euro; Exluding Tax\" \/>\n\t<meta name=\"twitter:label2\" content=\"Verf\u00fcgbarkeit\" \/>\n\t<meta name=\"twitter:data2\" content=\"Auf Lager\" \/>\n<script type=\"application\/ld+json\" class=\"yoast-schema-graph\">{\"@context\":\"https:\/\/schema.org\",\"@graph\":[{\"@type\":\"WebPage\",\"@id\":\"https:\/\/staging.schokologo.com\/de\/schokologo\/pralinen-holz-box\",\"url\":\"https:\/\/staging.schokologo.com\/de\/schokologo\/pralinen-holz-box\",\"name\":\"Pralinen Holzbox - Choco-Logo\",\"isPartOf\":{\"@id\":\"https:\/\/staging.schokologo.com\/de\/#website\"},\"primaryImageOfPage\":{\"@id\":\"https:\/\/staging.schokologo.com\/de\/schokologo\/pralinen-holz-box#primaryimage\"},\"image\":{\"@id\":\"https:\/\/staging.schokologo.com\/de\/schokologo\/pralinen-holz-box#primaryimage\"},\"thumbnailUrl\":\"https:\/\/staging.schokologo.com\/wp-content\/uploads\/2025\/07\/Holzbox-Weihnachten-no-bg.webp\",\"datePublished\":\"2025-07-29T10:03:19+00:00\",\"dateModified\":\"2025-07-29T10:03:20+00:00\",\"description\":\"Schokoladensterne und Mini-Pralinen in Holzbox f\u00fcr Weihnachten - 16 frische Pralinen Mini Vanille-Pralinen und Mini Macadamia-Pralinen und Schoko-Sterne.\",\"breadcrumb\":{\"@id\":\"https:\/\/staging.schokologo.com\/de\/schokologo\/pralinen-holz-box#breadcrumb\"},\"inLanguage\":\"de\",\"potentialAction\":[{\"@type\":\"ReadAction\",\"target\":[\"https:\/\/staging.schokologo.com\/de\/schokologo\/pralinen-holz-box\"]}]},{\"@type\":\"ImageObject\",\"inLanguage\":\"de\",\"@id\":\"https:\/\/staging.schokologo.com\/de\/schokologo\/pralinen-holz-box#primaryimage\",\"url\":\"https:\/\/staging.schokologo.com\/wp-content\/uploads\/2025\/07\/Holzbox-Weihnachten-no-bg.webp\",\"contentUrl\":\"https:\/\/staging.schokologo.com\/wp-content\/uploads\/2025\/07\/Holzbox-Weihnachten-no-bg.webp\",\"width\":1200,\"height\":1200,\"caption\":\"Schokoladensterne und Mini-Pralinen in Holzbox f\u00fcr Weihnachten\"},{\"@type\":\"BreadcrumbList\",\"@id\":\"https:\/\/staging.schokologo.com\/de\/schokologo\/pralinen-holz-box#breadcrumb\",\"itemListElement\":[{\"@type\":\"ListItem\",\"position\":1,\"name\":\"Home\",\"item\":\"https:\/\/staging.schokologo.com\/de\"},{\"@type\":\"ListItem\",\"position\":2,\"name\":\"Produkte\",\"item\":\"https:\/\/staging.schokologo.com\/de\/shop\"},{\"@type\":\"ListItem\",\"position\":3,\"name\":\"Pralinen Holzbox\"}]},{\"@type\":\"WebSite\",\"@id\":\"https:\/\/staging.schokologo.com\/de\/#website\",\"url\":\"https:\/\/staging.schokologo.com\/de\/\",\"name\":\"Schokologo\",\"description\":\"Your finest calling card\",\"publisher\":{\"@id\":\"https:\/\/staging.schokologo.com\/de\/#organization\"},\"alternateName\":\"Ihr Logo aus edler Schokolade\",\"potentialAction\":[{\"@type\":\"SearchAction\",\"target\":{\"@type\":\"EntryPoint\",\"urlTemplate\":\"https:\/\/staging.schokologo.com\/de\/?s={search_term_string}\"},\"query-input\":{\"@type\":\"PropertyValueSpecification\",\"valueRequired\":true,\"valueName\":\"search_term_string\"}}],\"inLanguage\":\"de\"},{\"@type\":\"Organization\",\"@id\":\"https:\/\/staging.schokologo.com\/de\/#organization\",\"name\":\"Schokologo e.K.\",\"alternateName\":\"Schokologo\",\"url\":\"https:\/\/staging.schokologo.com\/de\/\",\"logo\":{\"@type\":\"ImageObject\",\"inLanguage\":\"de\",\"@id\":\"https:\/\/staging.schokologo.com\/de\/#\/schema\/logo\/image\/\",\"url\":\"https:\/\/staging.schokologo.com\/wp-content\/uploads\/2023\/09\/SchokoLogo_Logo.svg\",\"contentUrl\":\"https:\/\/staging.schokologo.com\/wp-content\/uploads\/2023\/09\/SchokoLogo_Logo.svg\",\"width\":270,\"height\":106,\"caption\":\"Schokologo e.K.\"},\"image\":{\"@id\":\"https:\/\/staging.schokologo.com\/de\/#\/schema\/logo\/image\/\"},\"sameAs\":[\"https:\/\/www.facebook.com\/SCHOKOLOGO\",\"https:\/\/x.com\/schokologo\",\"https:\/\/www.instagram.com\/schoko_logo\"],\"description\":\"Personalisierte Schokoladenprodukte und Sonderanfertigungen aus Schokolade. Wir gestalten individuelle Schokoladenkreationen mit Logos, Texten und Designs nach Ihren W\u00fcnschen. Unsere hochwertigen Schokoladenprodukte sind das ideale Geschenk f\u00fcr Kunden, Gesch\u00e4ftspartner und besondere Anl\u00e4sse. Mit den besten Zutaten und ma\u00dfgeschneiderten L\u00f6sungen pr\u00e4sentieren wir Ihre Markenbotschaft auf einzigartige und k\u00f6stliche Weise. Entdecken Sie die Vielfalt unserer Schokoladenprodukte und hinterlassen Sie einen bleibenden Eindruck mit Schokologo.\",\"email\":\"info@schokologo.com\",\"telephone\":\"3677790\",\"legalName\":\"Schokologo e.K.\",\"foundingDate\":\"2003-01-08\",\"vatID\":\"DE220776735\",\"numberOfEmployees\":{\"@type\":\"QuantitativeValue\",\"minValue\":\"51\",\"maxValue\":\"200\"}}]}<\/script>\n<meta property=\"product:price:amount\" content=\"24.95\" \/>\n<meta property=\"product:price:currency\" content=\"EUR\" \/>\n<meta property=\"og:availability\" content=\"instock\" \/>\n<meta property=\"product:availability\" content=\"instock\" \/>\n<meta property=\"product:retailer_item_id\" content=\"SL120501\" \/>\n<meta property=\"product:condition\" content=\"new\" \/>\n<!-- \/ Yoast SEO Premium plugin. -->","yoast_head_json":{"title":"Pralinen Holzbox - Choco-Logo","description":"Schokoladensterne und Mini-Pralinen in Holzbox f\u00fcr Weihnachten - 16 frische Pralinen Mini Vanille-Pralinen und Mini Macadamia-Pralinen und Schoko-Sterne.","robots":{"index":"noindex","follow":"follow","max-snippet":"max-snippet:-1","max-image-preview":"max-image-preview:large","max-video-preview":"max-video-preview:-1"},"og_locale":"de_DE","og_type":"article","og_title":"Pralinen Holzbox","og_description":"Schokoladensterne und Mini-Pralinen in Holzbox f\u00fcr Weihnachten - 16 frische Pralinen Mini Vanille-Pralinen und Mini Macadamia-Pralinen und Schoko-Sterne.","og_url":"https:\/\/staging.schokologo.com\/de\/schokologo\/pralinen-holz-box","og_site_name":"Choco-Logo","article_publisher":"https:\/\/www.facebook.com\/SCHOKOLOGO","article_modified_time":"2025-07-29T10:03:20+00:00","og_image":[{"width":1200,"height":1200,"url":"https:\/\/staging.schokologo.com\/wp-content\/uploads\/2025\/07\/Holzbox-Weihnachten-no-bg.webp","type":"image\/webp"}],"twitter_card":"summary_large_image","twitter_site":"@schokologo","twitter_misc":{"Preis":"24,95&nbsp;&euro; Exluding Tax","Verf\u00fcgbarkeit":"Auf Lager"},"schema":{"@context":"https:\/\/schema.org","@graph":[{"@type":"WebPage","@id":"https:\/\/staging.schokologo.com\/de\/schokologo\/pralinen-holz-box","url":"https:\/\/staging.schokologo.com\/de\/schokologo\/pralinen-holz-box","name":"Pralinen Holzbox - Choco-Logo","isPartOf":{"@id":"https:\/\/staging.schokologo.com\/de\/#website"},"primaryImageOfPage":{"@id":"https:\/\/staging.schokologo.com\/de\/schokologo\/pralinen-holz-box#primaryimage"},"image":{"@id":"https:\/\/staging.schokologo.com\/de\/schokologo\/pralinen-holz-box#primaryimage"},"thumbnailUrl":"https:\/\/staging.schokologo.com\/wp-content\/uploads\/2025\/07\/Holzbox-Weihnachten-no-bg.webp","datePublished":"2025-07-29T10:03:19+00:00","dateModified":"2025-07-29T10:03:20+00:00","description":"Schokoladensterne und Mini-Pralinen in Holzbox f\u00fcr Weihnachten - 16 frische Pralinen Mini Vanille-Pralinen und Mini Macadamia-Pralinen und Schoko-Sterne.","breadcrumb":{"@id":"https:\/\/staging.schokologo.com\/de\/schokologo\/pralinen-holz-box#breadcrumb"},"inLanguage":"de","potentialAction":[{"@type":"ReadAction","target":["https:\/\/staging.schokologo.com\/de\/schokologo\/pralinen-holz-box"]}]},{"@type":"ImageObject","inLanguage":"de","@id":"https:\/\/staging.schokologo.com\/de\/schokologo\/pralinen-holz-box#primaryimage","url":"https:\/\/staging.schokologo.com\/wp-content\/uploads\/2025\/07\/Holzbox-Weihnachten-no-bg.webp","contentUrl":"https:\/\/staging.schokologo.com\/wp-content\/uploads\/2025\/07\/Holzbox-Weihnachten-no-bg.webp","width":1200,"height":1200,"caption":"Schokoladensterne und Mini-Pralinen in Holzbox f\u00fcr Weihnachten"},{"@type":"BreadcrumbList","@id":"https:\/\/staging.schokologo.com\/de\/schokologo\/pralinen-holz-box#breadcrumb","itemListElement":[{"@type":"ListItem","position":1,"name":"Home","item":"https:\/\/staging.schokologo.com\/de"},{"@type":"ListItem","position":2,"name":"Produkte","item":"https:\/\/staging.schokologo.com\/de\/shop"},{"@type":"ListItem","position":3,"name":"Pralinen Holzbox"}]},{"@type":"WebSite","@id":"https:\/\/staging.schokologo.com\/de\/#website","url":"https:\/\/staging.schokologo.com\/de\/","name":"Schokologo","description":"Your finest calling card","publisher":{"@id":"https:\/\/staging.schokologo.com\/de\/#organization"},"alternateName":"Ihr Logo aus edler Schokolade","potentialAction":[{"@type":"SearchAction","target":{"@type":"EntryPoint","urlTemplate":"https:\/\/staging.schokologo.com\/de\/?s={search_term_string}"},"query-input":{"@type":"PropertyValueSpecification","valueRequired":true,"valueName":"search_term_string"}}],"inLanguage":"de"},{"@type":"Organization","@id":"https:\/\/staging.schokologo.com\/de\/#organization","name":"Schokologo e.K.","alternateName":"Schokologo","url":"https:\/\/staging.schokologo.com\/de\/","logo":{"@type":"ImageObject","inLanguage":"de","@id":"https:\/\/staging.schokologo.com\/de\/#\/schema\/logo\/image\/","url":"https:\/\/staging.schokologo.com\/wp-content\/uploads\/2023\/09\/SchokoLogo_Logo.svg","contentUrl":"https:\/\/staging.schokologo.com\/wp-content\/uploads\/2023\/09\/SchokoLogo_Logo.svg","width":270,"height":106,"caption":"Schokologo e.K."},"image":{"@id":"https:\/\/staging.schokologo.com\/de\/#\/schema\/logo\/image\/"},"sameAs":["https:\/\/www.facebook.com\/SCHOKOLOGO","https:\/\/x.com\/schokologo","https:\/\/www.instagram.com\/schoko_logo"],"description":"Personalisierte Schokoladenprodukte und Sonderanfertigungen aus Schokolade. Wir gestalten individuelle Schokoladenkreationen mit Logos, Texten und Designs nach Ihren W\u00fcnschen. Unsere hochwertigen Schokoladenprodukte sind das ideale Geschenk f\u00fcr Kunden, Gesch\u00e4ftspartner und besondere Anl\u00e4sse. Mit den besten Zutaten und ma\u00dfgeschneiderten L\u00f6sungen pr\u00e4sentieren wir Ihre Markenbotschaft auf einzigartige und k\u00f6stliche Weise. Entdecken Sie die Vielfalt unserer Schokoladenprodukte und hinterlassen Sie einen bleibenden Eindruck mit Schokologo.","email":"info@schokologo.com","telephone":"3677790","legalName":"Schokologo e.K.","foundingDate":"2003-01-08","vatID":"DE220776735","numberOfEmployees":{"@type":"QuantitativeValue","minValue":"51","maxValue":"200"}}]},"product_price_amount":"24.95","product_price_currency":"EUR","og_availability":"instock","product_availability":"instock","product_retailer_item_id":"SL120501","product_condition":"new"},"_links":{"self":[{"href":"https:\/\/staging.schokologo.com\/de\/wp-json\/wp\/v2\/product\/69089","targetHints":{"allow":["GET"]}}],"collection":[{"href":"https:\/\/staging.schokologo.com\/de\/wp-json\/wp\/v2\/product"}],"about":[{"href":"https:\/\/staging.schokologo.com\/de\/wp-json\/wp\/v2\/types\/product"}],"version-history":[{"count":1,"href":"https:\/\/staging.schokologo.com\/de\/wp-json\/wp\/v2\/product\/69089\/revisions"}],"predecessor-version":[{"id":69094,"href":"https:\/\/staging.schokologo.com\/de\/wp-json\/wp\/v2\/product\/69089\/revisions\/69094"}],"wp:featuredmedia":[{"embeddable":true,"href":"https:\/\/staging.schokologo.com\/de\/wp-json\/wp\/v2\/media\/69092"}],"wp:attachment":[{"href":"https:\/\/staging.schokologo.com\/de\/wp-json\/wp\/v2\/media?parent=69089"}],"wp:term":[{"taxonomy":"product_brand","embeddable":true,"href":"https:\/\/staging.schokologo.com\/de\/wp-json\/wp\/v2\/product_brand?post=69089"},{"taxonomy":"product_cat","embeddable":true,"href":"https:\/\/staging.schokologo.com\/de\/wp-json\/wp\/v2\/product_cat?post=69089"},{"taxonomy":"product_tag","embeddable":true,"href":"https:\/\/staging.schokologo.com\/de\/wp-json\/wp\/v2\/product_tag?post=69089"}],"curies":[{"name":"wp","href":"https:\/\/api.w.org\/{rel}","templated":true}]}}