{"id":57306,"date":"2023-09-27T14:44:50","date_gmt":"2023-09-27T14:44:50","guid":{"rendered":"http:\/\/custom-chocolate.biz\/?product=bedruckte-kekse"},"modified":"2025-03-17T12:35:58","modified_gmt":"2025-03-17T11:35:58","slug":"bedruckte-kekse","status":"publish","type":"product","link":"https:\/\/staging.schokologo.com\/de\/schokologo\/bedruckte-kekse","title":{"rendered":"Bedruckte Kekse"},"content":{"rendered":"<p>Farbig bedruckte Kekse mit Ihrem Logo.<\/p>\n<p>Ein runder Keks aus M\u00fcrbegeb\u00e4ck wird farbig mit Ihrem Logo und Ihrer Werbung mit Lebensmittelfarben bedruckt. Einzelverpackt in Klarsichtfolie. Weitere Geschmacksrichtungen auf Anfrage.<\/p>\n<p>Druck: 4-c Digitaldruck, Lebensmittelfarben<br \/>\nGr\u00f6\u00dfe: ca. \u00d8\u00a0 45mm<br \/>\nGewicht: ca. 6g<br \/>\nVerpackung: 100 St\u00fcck\/Beh\u00e4lter<\/p>\n<p>Druckfl\u00e4che: \u00d8\u00a0 33mm<\/p>\n<p>Bereits ab 200 St. k\u00f6nnen Sie Ihre eigenen Firmenkekse bestellen und bei Ihrem n\u00e4chsten Messe-Auftritt, Tagungen beim Kaffee oder Kundengespr\u00e4ch punkten.<\/p>\n<p>Die Kekse sind 5 Monate haltbar und passen perfekt als Giveaway oder zum Kaffee auch an hei\u00dfen Tagen.<\/p>\n","protected":false},"excerpt":{"rendered":"<p>Ein runder Keks aus M\u00fcrbegeb\u00e4ck wird farbig mit Ihrem Logo und Ihrer Werbung mit Lebensmittelfarben bedruckt. Einzelverpackt in Klarsichtfolie. Weitere Geschmacksrichtungen auf Anfrage. Bereits ab 100 St. k\u00f6nnen Sie Ihre eigenen Firmenkekse bestellen und bei Ihrem n\u00e4chsten Messe-Auftritt, Tagungen beim Kaffee oder Kundengespr\u00e4ch punkten.Die Kekse sind 5 Monate haltbar und passen perfekt als Giveaway auch an hei\u00dfen Tagen.<\/p>\n","protected":false},"featured_media":49597,"template":"","meta":{"_acf_changed":false},"product_brand":[2904],"product_cat":[2970,2946],"product_tag":[],"class_list":{"0":"post-57306","1":"product","2":"type-product","3":"status-publish","4":"has-post-thumbnail","6":"product_brand-schokologo-e-k","7":"product_cat-mailing","8":"product_cat-pralinen-gebaeck","10":"first","11":"instock","12":"taxable","13":"shipping-taxable","14":"purchasable","15":"product-type-simple"},"acf":{"sl_product_custom_field":"","sl_inquire_only_product":true},"yoast_head":"<!-- This site is optimized with the Yoast SEO Premium plugin v26.5 (Yoast SEO v27.2) - https:\/\/yoast.com\/product\/yoast-seo-premium-wordpress\/ -->\n<title>Farbig bedruckte Kekse mit Logo<\/title>\n<meta name=\"robots\" content=\"noindex, follow, max-snippet:-1, max-image-preview:large, max-video-preview:-1\" \/>\n<meta property=\"og:locale\" content=\"de_DE\" \/>\n<meta property=\"og:type\" content=\"article\" \/>\n<meta property=\"og:title\" content=\"Bedruckte Kekse\" \/>\n<meta property=\"og:description\" content=\"Ein runder Keks aus M\u00fcrbegeb\u00e4ck wird farbig mit Ihrem Logo und Ihrer Werbung mit Lebensmittelfarben bedruckt. Einzelverpackt in Klarsichtfolie. Weitere Geschmacksrichtungen auf Anfrage. Bereits ab 100 St. k\u00f6nnen Sie Ihre eigenen Firmenkekse bestellen und bei Ihrem n\u00e4chsten Messe-Auftritt, Tagungen beim Kaffee oder Kundengespr\u00e4ch punkten.Die Kekse sind 5 Monate haltbar und passen perfekt als Giveaway auch an hei\u00dfen Tagen.\" \/>\n<meta property=\"og:url\" content=\"https:\/\/staging.schokologo.com\/de\/schokologo\/bedruckte-kekse\" \/>\n<meta property=\"og:site_name\" content=\"Choco-Logo\" \/>\n<meta property=\"article:publisher\" content=\"https:\/\/www.facebook.com\/SCHOKOLOGO\" \/>\n<meta property=\"article:modified_time\" content=\"2025-03-17T11:35:58+00:00\" \/>\n<meta property=\"og:image\" content=\"https:\/\/staging.schokologo.com\/wp-content\/uploads\/2023\/09\/colourprintedbiscuit_4nd.jpg\" \/>\n\t<meta property=\"og:image:width\" content=\"1439\" \/>\n\t<meta property=\"og:image:height\" content=\"1310\" \/>\n\t<meta property=\"og:image:type\" content=\"image\/jpeg\" \/>\n<meta name=\"twitter:card\" content=\"summary_large_image\" \/>\n<meta name=\"twitter:site\" content=\"@schokologo\" \/>\n<meta name=\"twitter:label1\" content=\"Preis\" \/>\n\t<meta name=\"twitter:data1\" content=\"358,00&nbsp;&euro; Exluding Tax\" \/>\n\t<meta name=\"twitter:label2\" content=\"Verf\u00fcgbarkeit\" \/>\n\t<meta name=\"twitter:data2\" content=\"Auf Lager\" \/>\n<script type=\"application\/ld+json\" class=\"yoast-schema-graph\">{\"@context\":\"https:\/\/schema.org\",\"@graph\":[{\"@type\":\"WebPage\",\"@id\":\"https:\/\/staging.schokologo.com\/de\/schokologo\/bedruckte-kekse\",\"url\":\"https:\/\/staging.schokologo.com\/de\/schokologo\/bedruckte-kekse\",\"name\":\"Farbig bedruckte Kekse mit Logo\",\"isPartOf\":{\"@id\":\"https:\/\/staging.schokologo.com\/de\/#website\"},\"primaryImageOfPage\":{\"@id\":\"https:\/\/staging.schokologo.com\/de\/schokologo\/bedruckte-kekse#primaryimage\"},\"image\":{\"@id\":\"https:\/\/staging.schokologo.com\/de\/schokologo\/bedruckte-kekse#primaryimage\"},\"thumbnailUrl\":\"https:\/\/staging.schokologo.com\/wp-content\/uploads\/2023\/09\/colourprintedbiscuit_4nd.jpg\",\"datePublished\":\"2023-09-27T14:44:50+00:00\",\"dateModified\":\"2025-03-17T11:35:58+00:00\",\"breadcrumb\":{\"@id\":\"https:\/\/staging.schokologo.com\/de\/schokologo\/bedruckte-kekse#breadcrumb\"},\"inLanguage\":\"de\",\"potentialAction\":[{\"@type\":\"ReadAction\",\"target\":[\"https:\/\/staging.schokologo.com\/de\/schokologo\/bedruckte-kekse\"]}]},{\"@type\":\"ImageObject\",\"inLanguage\":\"de\",\"@id\":\"https:\/\/staging.schokologo.com\/de\/schokologo\/bedruckte-kekse#primaryimage\",\"url\":\"https:\/\/staging.schokologo.com\/wp-content\/uploads\/2023\/09\/colourprintedbiscuit_4nd.jpg\",\"contentUrl\":\"https:\/\/staging.schokologo.com\/wp-content\/uploads\/2023\/09\/colourprintedbiscuit_4nd.jpg\",\"width\":1439,\"height\":1310,\"caption\":\"colour-printed-biscuit\"},{\"@type\":\"BreadcrumbList\",\"@id\":\"https:\/\/staging.schokologo.com\/de\/schokologo\/bedruckte-kekse#breadcrumb\",\"itemListElement\":[{\"@type\":\"ListItem\",\"position\":1,\"name\":\"Home\",\"item\":\"https:\/\/staging.schokologo.com\/de\"},{\"@type\":\"ListItem\",\"position\":2,\"name\":\"Produkte\",\"item\":\"https:\/\/staging.schokologo.com\/de\/shop\"},{\"@type\":\"ListItem\",\"position\":3,\"name\":\"Bedruckte Kekse\"}]},{\"@type\":\"WebSite\",\"@id\":\"https:\/\/staging.schokologo.com\/de\/#website\",\"url\":\"https:\/\/staging.schokologo.com\/de\/\",\"name\":\"Schokologo\",\"description\":\"Your finest calling card\",\"publisher\":{\"@id\":\"https:\/\/staging.schokologo.com\/de\/#organization\"},\"alternateName\":\"Ihr Logo aus edler Schokolade\",\"potentialAction\":[{\"@type\":\"SearchAction\",\"target\":{\"@type\":\"EntryPoint\",\"urlTemplate\":\"https:\/\/staging.schokologo.com\/de\/?s={search_term_string}\"},\"query-input\":{\"@type\":\"PropertyValueSpecification\",\"valueRequired\":true,\"valueName\":\"search_term_string\"}}],\"inLanguage\":\"de\"},{\"@type\":\"Organization\",\"@id\":\"https:\/\/staging.schokologo.com\/de\/#organization\",\"name\":\"Schokologo e.K.\",\"alternateName\":\"Schokologo\",\"url\":\"https:\/\/staging.schokologo.com\/de\/\",\"logo\":{\"@type\":\"ImageObject\",\"inLanguage\":\"de\",\"@id\":\"https:\/\/staging.schokologo.com\/de\/#\/schema\/logo\/image\/\",\"url\":\"https:\/\/staging.schokologo.com\/wp-content\/uploads\/2023\/09\/SchokoLogo_Logo.svg\",\"contentUrl\":\"https:\/\/staging.schokologo.com\/wp-content\/uploads\/2023\/09\/SchokoLogo_Logo.svg\",\"width\":270,\"height\":106,\"caption\":\"Schokologo e.K.\"},\"image\":{\"@id\":\"https:\/\/staging.schokologo.com\/de\/#\/schema\/logo\/image\/\"},\"sameAs\":[\"https:\/\/www.facebook.com\/SCHOKOLOGO\",\"https:\/\/x.com\/schokologo\",\"https:\/\/www.instagram.com\/schoko_logo\"],\"description\":\"Personalisierte Schokoladenprodukte und Sonderanfertigungen aus Schokolade. Wir gestalten individuelle Schokoladenkreationen mit Logos, Texten und Designs nach Ihren W\u00fcnschen. Unsere hochwertigen Schokoladenprodukte sind das ideale Geschenk f\u00fcr Kunden, Gesch\u00e4ftspartner und besondere Anl\u00e4sse. Mit den besten Zutaten und ma\u00dfgeschneiderten L\u00f6sungen pr\u00e4sentieren wir Ihre Markenbotschaft auf einzigartige und k\u00f6stliche Weise. Entdecken Sie die Vielfalt unserer Schokoladenprodukte und hinterlassen Sie einen bleibenden Eindruck mit Schokologo.\",\"email\":\"info@schokologo.com\",\"telephone\":\"3677790\",\"legalName\":\"Schokologo e.K.\",\"foundingDate\":\"2003-01-08\",\"vatID\":\"DE220776735\",\"numberOfEmployees\":{\"@type\":\"QuantitativeValue\",\"minValue\":\"51\",\"maxValue\":\"200\"}}]}<\/script>\n<meta property=\"product:price:amount\" content=\"358.00\" \/>\n<meta property=\"product:price:currency\" content=\"EUR\" \/>\n<meta property=\"og:availability\" content=\"instock\" \/>\n<meta property=\"product:availability\" content=\"instock\" \/>\n<meta property=\"product:retailer_item_id\" content=\"SL10240\" \/>\n<meta property=\"product:condition\" content=\"new\" \/>\n<!-- \/ Yoast SEO Premium plugin. -->","yoast_head_json":{"title":"Farbig bedruckte Kekse mit Logo","robots":{"index":"noindex","follow":"follow","max-snippet":"max-snippet:-1","max-image-preview":"max-image-preview:large","max-video-preview":"max-video-preview:-1"},"og_locale":"de_DE","og_type":"article","og_title":"Bedruckte Kekse","og_description":"Ein runder Keks aus M\u00fcrbegeb\u00e4ck wird farbig mit Ihrem Logo und Ihrer Werbung mit Lebensmittelfarben bedruckt. Einzelverpackt in Klarsichtfolie. Weitere Geschmacksrichtungen auf Anfrage. Bereits ab 100 St. k\u00f6nnen Sie Ihre eigenen Firmenkekse bestellen und bei Ihrem n\u00e4chsten Messe-Auftritt, Tagungen beim Kaffee oder Kundengespr\u00e4ch punkten.Die Kekse sind 5 Monate haltbar und passen perfekt als Giveaway auch an hei\u00dfen Tagen.","og_url":"https:\/\/staging.schokologo.com\/de\/schokologo\/bedruckte-kekse","og_site_name":"Choco-Logo","article_publisher":"https:\/\/www.facebook.com\/SCHOKOLOGO","article_modified_time":"2025-03-17T11:35:58+00:00","og_image":[{"width":1439,"height":1310,"url":"https:\/\/staging.schokologo.com\/wp-content\/uploads\/2023\/09\/colourprintedbiscuit_4nd.jpg","type":"image\/jpeg"}],"twitter_card":"summary_large_image","twitter_site":"@schokologo","twitter_misc":{"Preis":"358,00&nbsp;&euro; Exluding Tax","Verf\u00fcgbarkeit":"Auf Lager"},"schema":{"@context":"https:\/\/schema.org","@graph":[{"@type":"WebPage","@id":"https:\/\/staging.schokologo.com\/de\/schokologo\/bedruckte-kekse","url":"https:\/\/staging.schokologo.com\/de\/schokologo\/bedruckte-kekse","name":"Farbig bedruckte Kekse mit Logo","isPartOf":{"@id":"https:\/\/staging.schokologo.com\/de\/#website"},"primaryImageOfPage":{"@id":"https:\/\/staging.schokologo.com\/de\/schokologo\/bedruckte-kekse#primaryimage"},"image":{"@id":"https:\/\/staging.schokologo.com\/de\/schokologo\/bedruckte-kekse#primaryimage"},"thumbnailUrl":"https:\/\/staging.schokologo.com\/wp-content\/uploads\/2023\/09\/colourprintedbiscuit_4nd.jpg","datePublished":"2023-09-27T14:44:50+00:00","dateModified":"2025-03-17T11:35:58+00:00","breadcrumb":{"@id":"https:\/\/staging.schokologo.com\/de\/schokologo\/bedruckte-kekse#breadcrumb"},"inLanguage":"de","potentialAction":[{"@type":"ReadAction","target":["https:\/\/staging.schokologo.com\/de\/schokologo\/bedruckte-kekse"]}]},{"@type":"ImageObject","inLanguage":"de","@id":"https:\/\/staging.schokologo.com\/de\/schokologo\/bedruckte-kekse#primaryimage","url":"https:\/\/staging.schokologo.com\/wp-content\/uploads\/2023\/09\/colourprintedbiscuit_4nd.jpg","contentUrl":"https:\/\/staging.schokologo.com\/wp-content\/uploads\/2023\/09\/colourprintedbiscuit_4nd.jpg","width":1439,"height":1310,"caption":"colour-printed-biscuit"},{"@type":"BreadcrumbList","@id":"https:\/\/staging.schokologo.com\/de\/schokologo\/bedruckte-kekse#breadcrumb","itemListElement":[{"@type":"ListItem","position":1,"name":"Home","item":"https:\/\/staging.schokologo.com\/de"},{"@type":"ListItem","position":2,"name":"Produkte","item":"https:\/\/staging.schokologo.com\/de\/shop"},{"@type":"ListItem","position":3,"name":"Bedruckte Kekse"}]},{"@type":"WebSite","@id":"https:\/\/staging.schokologo.com\/de\/#website","url":"https:\/\/staging.schokologo.com\/de\/","name":"Schokologo","description":"Your finest calling card","publisher":{"@id":"https:\/\/staging.schokologo.com\/de\/#organization"},"alternateName":"Ihr Logo aus edler Schokolade","potentialAction":[{"@type":"SearchAction","target":{"@type":"EntryPoint","urlTemplate":"https:\/\/staging.schokologo.com\/de\/?s={search_term_string}"},"query-input":{"@type":"PropertyValueSpecification","valueRequired":true,"valueName":"search_term_string"}}],"inLanguage":"de"},{"@type":"Organization","@id":"https:\/\/staging.schokologo.com\/de\/#organization","name":"Schokologo e.K.","alternateName":"Schokologo","url":"https:\/\/staging.schokologo.com\/de\/","logo":{"@type":"ImageObject","inLanguage":"de","@id":"https:\/\/staging.schokologo.com\/de\/#\/schema\/logo\/image\/","url":"https:\/\/staging.schokologo.com\/wp-content\/uploads\/2023\/09\/SchokoLogo_Logo.svg","contentUrl":"https:\/\/staging.schokologo.com\/wp-content\/uploads\/2023\/09\/SchokoLogo_Logo.svg","width":270,"height":106,"caption":"Schokologo e.K."},"image":{"@id":"https:\/\/staging.schokologo.com\/de\/#\/schema\/logo\/image\/"},"sameAs":["https:\/\/www.facebook.com\/SCHOKOLOGO","https:\/\/x.com\/schokologo","https:\/\/www.instagram.com\/schoko_logo"],"description":"Personalisierte Schokoladenprodukte und Sonderanfertigungen aus Schokolade. Wir gestalten individuelle Schokoladenkreationen mit Logos, Texten und Designs nach Ihren W\u00fcnschen. Unsere hochwertigen Schokoladenprodukte sind das ideale Geschenk f\u00fcr Kunden, Gesch\u00e4ftspartner und besondere Anl\u00e4sse. Mit den besten Zutaten und ma\u00dfgeschneiderten L\u00f6sungen pr\u00e4sentieren wir Ihre Markenbotschaft auf einzigartige und k\u00f6stliche Weise. Entdecken Sie die Vielfalt unserer Schokoladenprodukte und hinterlassen Sie einen bleibenden Eindruck mit Schokologo.","email":"info@schokologo.com","telephone":"3677790","legalName":"Schokologo e.K.","foundingDate":"2003-01-08","vatID":"DE220776735","numberOfEmployees":{"@type":"QuantitativeValue","minValue":"51","maxValue":"200"}}]},"product_price_amount":"358.00","product_price_currency":"EUR","og_availability":"instock","product_availability":"instock","product_retailer_item_id":"SL10240","product_condition":"new"},"_links":{"self":[{"href":"https:\/\/staging.schokologo.com\/de\/wp-json\/wp\/v2\/product\/57306","targetHints":{"allow":["GET"]}}],"collection":[{"href":"https:\/\/staging.schokologo.com\/de\/wp-json\/wp\/v2\/product"}],"about":[{"href":"https:\/\/staging.schokologo.com\/de\/wp-json\/wp\/v2\/types\/product"}],"version-history":[{"count":1,"href":"https:\/\/staging.schokologo.com\/de\/wp-json\/wp\/v2\/product\/57306\/revisions"}],"predecessor-version":[{"id":61382,"href":"https:\/\/staging.schokologo.com\/de\/wp-json\/wp\/v2\/product\/57306\/revisions\/61382"}],"wp:featuredmedia":[{"embeddable":true,"href":"https:\/\/staging.schokologo.com\/de\/wp-json\/wp\/v2\/media\/49597"}],"wp:attachment":[{"href":"https:\/\/staging.schokologo.com\/de\/wp-json\/wp\/v2\/media?parent=57306"}],"wp:term":[{"taxonomy":"product_brand","embeddable":true,"href":"https:\/\/staging.schokologo.com\/de\/wp-json\/wp\/v2\/product_brand?post=57306"},{"taxonomy":"product_cat","embeddable":true,"href":"https:\/\/staging.schokologo.com\/de\/wp-json\/wp\/v2\/product_cat?post=57306"},{"taxonomy":"product_tag","embeddable":true,"href":"https:\/\/staging.schokologo.com\/de\/wp-json\/wp\/v2\/product_tag?post=57306"}],"curies":[{"name":"wp","href":"https:\/\/api.w.org\/{rel}","templated":true}]}}