{"id":57280,"date":"2023-09-27T14:44:45","date_gmt":"2023-09-27T14:44:45","guid":{"rendered":"http:\/\/custom-chocolate.biz\/?product=gepragte-kekse"},"modified":"2025-03-16T10:18:33","modified_gmt":"2025-03-16T09:18:33","slug":"gepragte-kekse","status":"publish","type":"product","link":"https:\/\/staging.schokologo.com\/de\/schokologo\/gepragte-kekse","title":{"rendered":"Gepr\u00e4gte Kekse"},"content":{"rendered":"<p>Gepr\u00e4gte Kekse mit Ihrem Logo<\/p>\n<p>Leckere Butter-Kekse mit Ihrem Logo in vier verschiedenen Geschmacksrichtungen: Butter-Vanille, Spekulatius, Schoko-Karamell oder Mandel-Zitrone.<br \/>\nEs stehen drei Grundformen zur Auswahl:<\/p>\n<ul>\n<li>Keks in Herzform (50 mm),<\/li>\n<li>rechteckige Butterkekse (50 x 55 mm) oder<\/li>\n<li>runde Kekse (55 mm Durchmesser).<\/li>\n<\/ul>\n<p>Bereits ab 150 St. k\u00f6nnen Sie Ihre eigenen Firmenkekse bestellen und bei Ihrem n\u00e4chsten Messe-Auftritt, Tagungen beim Kaffee oder Kundengespr\u00e4ch punkten.<\/p>\n<p>Die Kekse sind 6 Monate haltbar und passen perfekt als Giveaway auch an hei\u00dfen Tagen.<br \/>\nDer pers\u00f6nliche Keks mit Pr\u00e4gung wird bei Ihren Kunden einen k\u00f6stlichen Nachgeschmack hinterlassen und eignet sich perfekt als kleines Giveaway oder als Beilage zum Kaffee.<\/p>\n<p>Die Kekse-Geschmacksrichtungen:<\/p>\n<ul>\n<li><strong>Butter-Vanille<\/strong>: Der Klassiker unter den Kekssorten. Das m\u00fcrbige Knuspern ist garantiert &#8211; \u201cSchmeckt wie bei Oma\u201d.<\/li>\n<li><strong>Schokolade-Karamell<\/strong>: Unser Karamellsirup und der hohe Kakaoanteil bringt nicht nur einen schokoladigen Geschmack, sondern auch Farbe ins Spiel. Besonders bei pr\u00e4gnanten Logokeksen ein absoluter Hingucker!<\/li>\n<li><strong>Mandel-Zitrone:<\/strong> Unser Keks f\u00fcr die w\u00e4rmere Jahreszeit. Die zitronige W\u00fcrze in Verbindung mit dem Marzipan garantiert eine frische Note zum Geb\u00e4ck.<\/li>\n<li><strong>Spekulatius (saisonal):<\/strong> Unsere eigene Spekulatiusgew\u00fcrzmischung l\u00e4sst Weihnachtsfeeling in die Kekse kommen. Ein hoher Anis-, Zimt- und Kardamomanteil rundet den w\u00fcrzigen Butterkes ab.<\/li>\n<\/ul>\n<p>&nbsp;<\/p>\n<p>&nbsp;<\/p>\n","protected":false},"excerpt":{"rendered":"<p>Leckere Butter-Kekse mit Ihrem Logo in vier verschiedenen Geschmacksrichtungen: Butter-Vanille, Spekulatius, Schoko-Karamell oder Mandel-Zitrone.<br \/>\nEs stehen drei Grundformen zur Auswahl: Keks in Herzform (50 mm), rechteckige Butterkekse (50 x 55 mm) oder runde runde Kekse (55 mm Durchmesser).<br \/>\nBereits ab 150 St. k\u00f6nnen Sie Ihre eigenen Firmenkekse bestellen und bei Ihrem n\u00e4chsten Messe-Auftritt, Tagungen beim Kaffee oder Kundengespr\u00e4ch punkten.<\/p>\n","protected":false},"featured_media":49565,"template":"","meta":{"_acf_changed":false},"product_brand":[2904],"product_cat":[2970,2946],"product_tag":[],"class_list":{"0":"post-57280","1":"product","2":"type-product","3":"status-publish","4":"has-post-thumbnail","6":"product_brand-schokologo-e-k","7":"product_cat-mailing","8":"product_cat-pralinen-gebaeck","10":"first","11":"outofstock","12":"taxable","13":"shipping-taxable","14":"purchasable","15":"product-type-variable"},"acf":{"sl_product_custom_field":"","sl_inquire_only_product":true},"yoast_head":"<!-- This site is optimized with the Yoast SEO Premium plugin v26.5 (Yoast SEO v27.2) - https:\/\/yoast.com\/product\/yoast-seo-premium-wordpress\/ -->\n<title>Gepr\u00e4gte Kekse mit Logo<\/title>\n<meta name=\"robots\" content=\"noindex, follow, max-snippet:-1, max-image-preview:large, max-video-preview:-1\" \/>\n<meta property=\"og:locale\" content=\"de_DE\" \/>\n<meta property=\"og:type\" content=\"article\" \/>\n<meta property=\"og:title\" content=\"Gepr\u00e4gte Kekse\" \/>\n<meta property=\"og:description\" content=\"Leckere Butter-Kekse mit Ihrem Logo in vier verschiedenen Geschmacksrichtungen: Butter-Vanille, Spekulatius, Schoko-Karamell oder Mandel-Zitrone. Es stehen drei Grundformen zur Auswahl: Keks in Herzform (50 mm), rechteckige Butterkekse (50 x 55 mm) oder runde runde Kekse (55 mm Durchmesser). Bereits ab 150 St. k\u00f6nnen Sie Ihre eigenen Firmenkekse bestellen und bei Ihrem n\u00e4chsten Messe-Auftritt, Tagungen beim Kaffee oder Kundengespr\u00e4ch punkten.\" \/>\n<meta property=\"og:url\" content=\"https:\/\/staging.schokologo.com\/de\/schokologo\/gepragte-kekse\" \/>\n<meta property=\"og:site_name\" content=\"Choco-Logo\" \/>\n<meta property=\"article:publisher\" content=\"https:\/\/www.facebook.com\/SCHOKOLOGO\" \/>\n<meta property=\"article:modified_time\" content=\"2025-03-16T09:18:33+00:00\" \/>\n<meta property=\"og:image\" content=\"https:\/\/staging.schokologo.com\/wp-content\/uploads\/2023\/09\/EmbossedBiscuitsCoffee_4nd.jpg\" \/>\n\t<meta property=\"og:image:width\" content=\"1439\" \/>\n\t<meta property=\"og:image:height\" content=\"1310\" \/>\n\t<meta property=\"og:image:type\" content=\"image\/jpeg\" \/>\n<meta name=\"twitter:card\" content=\"summary_large_image\" \/>\n<meta name=\"twitter:site\" content=\"@schokologo\" \/>\n<meta name=\"twitter:label1\" content=\"Verf\u00fcgbarkeit\" \/>\n\t<meta name=\"twitter:data1\" content=\"ausverkauft\" \/>\n<script type=\"application\/ld+json\" class=\"yoast-schema-graph\">{\"@context\":\"https:\/\/schema.org\",\"@graph\":[{\"@type\":\"WebPage\",\"@id\":\"https:\/\/staging.schokologo.com\/de\/schokologo\/gepragte-kekse\",\"url\":\"https:\/\/staging.schokologo.com\/de\/schokologo\/gepragte-kekse\",\"name\":\"Gepr\u00e4gte Kekse mit Logo\",\"isPartOf\":{\"@id\":\"https:\/\/staging.schokologo.com\/de\/#website\"},\"primaryImageOfPage\":{\"@id\":\"https:\/\/staging.schokologo.com\/de\/schokologo\/gepragte-kekse#primaryimage\"},\"image\":{\"@id\":\"https:\/\/staging.schokologo.com\/de\/schokologo\/gepragte-kekse#primaryimage\"},\"thumbnailUrl\":\"https:\/\/staging.schokologo.com\/wp-content\/uploads\/2023\/09\/EmbossedBiscuitsCoffee_4nd.jpg\",\"datePublished\":\"2023-09-27T14:44:45+00:00\",\"dateModified\":\"2025-03-16T09:18:33+00:00\",\"breadcrumb\":{\"@id\":\"https:\/\/staging.schokologo.com\/de\/schokologo\/gepragte-kekse#breadcrumb\"},\"inLanguage\":\"de\",\"potentialAction\":[{\"@type\":\"ReadAction\",\"target\":[\"https:\/\/staging.schokologo.com\/de\/schokologo\/gepragte-kekse\"]}]},{\"@type\":\"ImageObject\",\"inLanguage\":\"de\",\"@id\":\"https:\/\/staging.schokologo.com\/de\/schokologo\/gepragte-kekse#primaryimage\",\"url\":\"https:\/\/staging.schokologo.com\/wp-content\/uploads\/2023\/09\/EmbossedBiscuitsCoffee_4nd.jpg\",\"contentUrl\":\"https:\/\/staging.schokologo.com\/wp-content\/uploads\/2023\/09\/EmbossedBiscuitsCoffee_4nd.jpg\",\"width\":1439,\"height\":1310,\"caption\":\"Embossed-Biscuits-Coffee\"},{\"@type\":\"BreadcrumbList\",\"@id\":\"https:\/\/staging.schokologo.com\/de\/schokologo\/gepragte-kekse#breadcrumb\",\"itemListElement\":[{\"@type\":\"ListItem\",\"position\":1,\"name\":\"Home\",\"item\":\"https:\/\/staging.schokologo.com\/de\"},{\"@type\":\"ListItem\",\"position\":2,\"name\":\"Produkte\",\"item\":\"https:\/\/staging.schokologo.com\/de\/shop\"},{\"@type\":\"ListItem\",\"position\":3,\"name\":\"Gepr\u00e4gte Kekse\"}]},{\"@type\":\"WebSite\",\"@id\":\"https:\/\/staging.schokologo.com\/de\/#website\",\"url\":\"https:\/\/staging.schokologo.com\/de\/\",\"name\":\"Schokologo\",\"description\":\"Your finest calling card\",\"publisher\":{\"@id\":\"https:\/\/staging.schokologo.com\/de\/#organization\"},\"alternateName\":\"Ihr Logo aus edler Schokolade\",\"potentialAction\":[{\"@type\":\"SearchAction\",\"target\":{\"@type\":\"EntryPoint\",\"urlTemplate\":\"https:\/\/staging.schokologo.com\/de\/?s={search_term_string}\"},\"query-input\":{\"@type\":\"PropertyValueSpecification\",\"valueRequired\":true,\"valueName\":\"search_term_string\"}}],\"inLanguage\":\"de\"},{\"@type\":\"Organization\",\"@id\":\"https:\/\/staging.schokologo.com\/de\/#organization\",\"name\":\"Schokologo e.K.\",\"alternateName\":\"Schokologo\",\"url\":\"https:\/\/staging.schokologo.com\/de\/\",\"logo\":{\"@type\":\"ImageObject\",\"inLanguage\":\"de\",\"@id\":\"https:\/\/staging.schokologo.com\/de\/#\/schema\/logo\/image\/\",\"url\":\"https:\/\/staging.schokologo.com\/wp-content\/uploads\/2023\/09\/SchokoLogo_Logo.svg\",\"contentUrl\":\"https:\/\/staging.schokologo.com\/wp-content\/uploads\/2023\/09\/SchokoLogo_Logo.svg\",\"width\":270,\"height\":106,\"caption\":\"Schokologo e.K.\"},\"image\":{\"@id\":\"https:\/\/staging.schokologo.com\/de\/#\/schema\/logo\/image\/\"},\"sameAs\":[\"https:\/\/www.facebook.com\/SCHOKOLOGO\",\"https:\/\/x.com\/schokologo\",\"https:\/\/www.instagram.com\/schoko_logo\"],\"description\":\"Personalisierte Schokoladenprodukte und Sonderanfertigungen aus Schokolade. Wir gestalten individuelle Schokoladenkreationen mit Logos, Texten und Designs nach Ihren W\u00fcnschen. Unsere hochwertigen Schokoladenprodukte sind das ideale Geschenk f\u00fcr Kunden, Gesch\u00e4ftspartner und besondere Anl\u00e4sse. Mit den besten Zutaten und ma\u00dfgeschneiderten L\u00f6sungen pr\u00e4sentieren wir Ihre Markenbotschaft auf einzigartige und k\u00f6stliche Weise. Entdecken Sie die Vielfalt unserer Schokoladenprodukte und hinterlassen Sie einen bleibenden Eindruck mit Schokologo.\",\"email\":\"info@schokologo.com\",\"telephone\":\"3677790\",\"legalName\":\"Schokologo e.K.\",\"foundingDate\":\"2003-01-08\",\"vatID\":\"DE220776735\",\"numberOfEmployees\":{\"@type\":\"QuantitativeValue\",\"minValue\":\"51\",\"maxValue\":\"200\"}}]}<\/script>\n<meta property=\"og:availability\" content=\"out of stock\" \/>\n<meta property=\"product:availability\" content=\"out of stock\" \/>\n<meta property=\"product:retailer_item_id\" content=\"SL10239\" \/>\n<meta property=\"product:condition\" content=\"new\" \/>\n<!-- \/ Yoast SEO Premium plugin. -->","yoast_head_json":{"title":"Gepr\u00e4gte Kekse mit Logo","robots":{"index":"noindex","follow":"follow","max-snippet":"max-snippet:-1","max-image-preview":"max-image-preview:large","max-video-preview":"max-video-preview:-1"},"og_locale":"de_DE","og_type":"article","og_title":"Gepr\u00e4gte Kekse","og_description":"Leckere Butter-Kekse mit Ihrem Logo in vier verschiedenen Geschmacksrichtungen: Butter-Vanille, Spekulatius, Schoko-Karamell oder Mandel-Zitrone. Es stehen drei Grundformen zur Auswahl: Keks in Herzform (50 mm), rechteckige Butterkekse (50 x 55 mm) oder runde runde Kekse (55 mm Durchmesser). Bereits ab 150 St. k\u00f6nnen Sie Ihre eigenen Firmenkekse bestellen und bei Ihrem n\u00e4chsten Messe-Auftritt, Tagungen beim Kaffee oder Kundengespr\u00e4ch punkten.","og_url":"https:\/\/staging.schokologo.com\/de\/schokologo\/gepragte-kekse","og_site_name":"Choco-Logo","article_publisher":"https:\/\/www.facebook.com\/SCHOKOLOGO","article_modified_time":"2025-03-16T09:18:33+00:00","og_image":[{"width":1439,"height":1310,"url":"https:\/\/staging.schokologo.com\/wp-content\/uploads\/2023\/09\/EmbossedBiscuitsCoffee_4nd.jpg","type":"image\/jpeg"}],"twitter_card":"summary_large_image","twitter_site":"@schokologo","twitter_misc":{"Verf\u00fcgbarkeit":"ausverkauft"},"schema":{"@context":"https:\/\/schema.org","@graph":[{"@type":"WebPage","@id":"https:\/\/staging.schokologo.com\/de\/schokologo\/gepragte-kekse","url":"https:\/\/staging.schokologo.com\/de\/schokologo\/gepragte-kekse","name":"Gepr\u00e4gte Kekse mit Logo","isPartOf":{"@id":"https:\/\/staging.schokologo.com\/de\/#website"},"primaryImageOfPage":{"@id":"https:\/\/staging.schokologo.com\/de\/schokologo\/gepragte-kekse#primaryimage"},"image":{"@id":"https:\/\/staging.schokologo.com\/de\/schokologo\/gepragte-kekse#primaryimage"},"thumbnailUrl":"https:\/\/staging.schokologo.com\/wp-content\/uploads\/2023\/09\/EmbossedBiscuitsCoffee_4nd.jpg","datePublished":"2023-09-27T14:44:45+00:00","dateModified":"2025-03-16T09:18:33+00:00","breadcrumb":{"@id":"https:\/\/staging.schokologo.com\/de\/schokologo\/gepragte-kekse#breadcrumb"},"inLanguage":"de","potentialAction":[{"@type":"ReadAction","target":["https:\/\/staging.schokologo.com\/de\/schokologo\/gepragte-kekse"]}]},{"@type":"ImageObject","inLanguage":"de","@id":"https:\/\/staging.schokologo.com\/de\/schokologo\/gepragte-kekse#primaryimage","url":"https:\/\/staging.schokologo.com\/wp-content\/uploads\/2023\/09\/EmbossedBiscuitsCoffee_4nd.jpg","contentUrl":"https:\/\/staging.schokologo.com\/wp-content\/uploads\/2023\/09\/EmbossedBiscuitsCoffee_4nd.jpg","width":1439,"height":1310,"caption":"Embossed-Biscuits-Coffee"},{"@type":"BreadcrumbList","@id":"https:\/\/staging.schokologo.com\/de\/schokologo\/gepragte-kekse#breadcrumb","itemListElement":[{"@type":"ListItem","position":1,"name":"Home","item":"https:\/\/staging.schokologo.com\/de"},{"@type":"ListItem","position":2,"name":"Produkte","item":"https:\/\/staging.schokologo.com\/de\/shop"},{"@type":"ListItem","position":3,"name":"Gepr\u00e4gte Kekse"}]},{"@type":"WebSite","@id":"https:\/\/staging.schokologo.com\/de\/#website","url":"https:\/\/staging.schokologo.com\/de\/","name":"Schokologo","description":"Your finest calling card","publisher":{"@id":"https:\/\/staging.schokologo.com\/de\/#organization"},"alternateName":"Ihr Logo aus edler Schokolade","potentialAction":[{"@type":"SearchAction","target":{"@type":"EntryPoint","urlTemplate":"https:\/\/staging.schokologo.com\/de\/?s={search_term_string}"},"query-input":{"@type":"PropertyValueSpecification","valueRequired":true,"valueName":"search_term_string"}}],"inLanguage":"de"},{"@type":"Organization","@id":"https:\/\/staging.schokologo.com\/de\/#organization","name":"Schokologo e.K.","alternateName":"Schokologo","url":"https:\/\/staging.schokologo.com\/de\/","logo":{"@type":"ImageObject","inLanguage":"de","@id":"https:\/\/staging.schokologo.com\/de\/#\/schema\/logo\/image\/","url":"https:\/\/staging.schokologo.com\/wp-content\/uploads\/2023\/09\/SchokoLogo_Logo.svg","contentUrl":"https:\/\/staging.schokologo.com\/wp-content\/uploads\/2023\/09\/SchokoLogo_Logo.svg","width":270,"height":106,"caption":"Schokologo e.K."},"image":{"@id":"https:\/\/staging.schokologo.com\/de\/#\/schema\/logo\/image\/"},"sameAs":["https:\/\/www.facebook.com\/SCHOKOLOGO","https:\/\/x.com\/schokologo","https:\/\/www.instagram.com\/schoko_logo"],"description":"Personalisierte Schokoladenprodukte und Sonderanfertigungen aus Schokolade. Wir gestalten individuelle Schokoladenkreationen mit Logos, Texten und Designs nach Ihren W\u00fcnschen. Unsere hochwertigen Schokoladenprodukte sind das ideale Geschenk f\u00fcr Kunden, Gesch\u00e4ftspartner und besondere Anl\u00e4sse. Mit den besten Zutaten und ma\u00dfgeschneiderten L\u00f6sungen pr\u00e4sentieren wir Ihre Markenbotschaft auf einzigartige und k\u00f6stliche Weise. Entdecken Sie die Vielfalt unserer Schokoladenprodukte und hinterlassen Sie einen bleibenden Eindruck mit Schokologo.","email":"info@schokologo.com","telephone":"3677790","legalName":"Schokologo e.K.","foundingDate":"2003-01-08","vatID":"DE220776735","numberOfEmployees":{"@type":"QuantitativeValue","minValue":"51","maxValue":"200"}}]},"og_availability":"out of stock","product_availability":"out of stock","product_retailer_item_id":"SL10239","product_condition":"new"},"_links":{"self":[{"href":"https:\/\/staging.schokologo.com\/de\/wp-json\/wp\/v2\/product\/57280","targetHints":{"allow":["GET"]}}],"collection":[{"href":"https:\/\/staging.schokologo.com\/de\/wp-json\/wp\/v2\/product"}],"about":[{"href":"https:\/\/staging.schokologo.com\/de\/wp-json\/wp\/v2\/types\/product"}],"version-history":[{"count":1,"href":"https:\/\/staging.schokologo.com\/de\/wp-json\/wp\/v2\/product\/57280\/revisions"}],"predecessor-version":[{"id":61383,"href":"https:\/\/staging.schokologo.com\/de\/wp-json\/wp\/v2\/product\/57280\/revisions\/61383"}],"wp:featuredmedia":[{"embeddable":true,"href":"https:\/\/staging.schokologo.com\/de\/wp-json\/wp\/v2\/media\/49565"}],"wp:attachment":[{"href":"https:\/\/staging.schokologo.com\/de\/wp-json\/wp\/v2\/media?parent=57280"}],"wp:term":[{"taxonomy":"product_brand","embeddable":true,"href":"https:\/\/staging.schokologo.com\/de\/wp-json\/wp\/v2\/product_brand?post=57280"},{"taxonomy":"product_cat","embeddable":true,"href":"https:\/\/staging.schokologo.com\/de\/wp-json\/wp\/v2\/product_cat?post=57280"},{"taxonomy":"product_tag","embeddable":true,"href":"https:\/\/staging.schokologo.com\/de\/wp-json\/wp\/v2\/product_tag?post=57280"}],"curies":[{"name":"wp","href":"https:\/\/api.w.org\/{rel}","templated":true}]}}