{"id":57216,"date":"2023-09-27T14:44:21","date_gmt":"2023-09-27T14:44:21","guid":{"rendered":"http:\/\/custom-chocolate.biz\/?product=schoko-aufleger"},"modified":"2026-03-25T06:28:21","modified_gmt":"2026-03-25T05:28:21","slug":"schoko-aufleger","status":"publish","type":"product","link":"https:\/\/staging.schokologo.com\/de\/schokologo\/schoko-aufleger","title":{"rendered":"Bedruckte Schoko-Aufleger"},"content":{"rendered":"<p>Bedruckte Schoko-Aufleger<\/p>\n<p>Unsere individuellen Schokoaufleger mit Logosind die ideale Wahl, um Desserts, Buffets oder Giveaways mit Ihrer Marke zu veredeln.<br \/>\nOb gepr\u00e4gt oder lebensmittelecht bedruckt \u2013 so kombinieren Sie Genuss mit einem stilvollen Markenauftritt.<\/p>\n<p>Produktdetails auf einen Blick:<\/p>\n<p>&#8211; Gr\u00f6\u00dfe &#038; St\u00fcckzahl individuell w\u00e4hlbar<br \/>\n&#8211; Rund, oval, rechteckig oder individuell<br \/>\n&#8211; Individuelle Logopr\u00e4gung oder lebensmittelechter Druck<\/p>\n<p>Vorteile von individuellen Schokoauflegern:<\/p>\n<p>&#8211; Hochwertige Markenwahrnehmung auf dem Teller<br \/>\n&#8211; Logo direkt auf die Schokolade gepr\u00e4gt oder bedruckt<br \/>\n&#8211; Perfekt f\u00fcr Gastronomie, Hotellerie, Catering und Firmen-Events<\/p>\n<p>Schon in kleinen St\u00fcckzahlen realisierbar<\/p>\n<p>Bringen Sie Ihre Marke mit Schokologo zum Strahlen \u2013 jetzt individuelle Schokoaufleger gestalten und Genuss zum Markenerlebnis machen!<\/p>\n","protected":false},"excerpt":{"rendered":"<p>Unsere individuell gestalteten Schokoaufleger sind die ideale Wahl, um Desserts, Buffets oder Giveaways mit Ihrer Marke zu veredeln.<br \/>\nOb gepr\u00e4gt oder lebensmittelecht bedruckt \u2013 so kombinieren Sie Genuss mit einem stilvollen Markenauftritt.<\/p>\n","protected":false},"featured_media":49465,"template":"","meta":{"_acf_changed":false},"product_brand":[],"product_cat":[2974,2970,2984,2913,2976],"product_tag":[],"class_list":{"0":"post-57216","1":"product","2":"type-product","3":"status-publish","4":"has-post-thumbnail","6":"product_cat-giveaways-incentives","7":"product_cat-mailing","8":"product_cat-mailing-de","9":"product_cat-schoko-reliefs","10":"product_cat-souvenirs-veranstaltungen","12":"first","13":"instock","14":"taxable","15":"shipping-taxable","16":"purchasable","17":"product-type-variable"},"acf":{"sl_product_custom_field":"diverse Gr\u00f6\u00dfen","sl_inquire_only_product":true},"yoast_head":"<!-- This site is optimized with the Yoast SEO Premium plugin v26.5 (Yoast SEO v27.2) - https:\/\/yoast.com\/product\/yoast-seo-premium-wordpress\/ -->\n<title>Individuelle Schokoaufleger mit Logo<\/title>\n<meta name=\"description\" content=\"Veredeln Sie Desserts, Giveaways oder Buffets mit individuellen Schokoauflegern mit Logo \u2013 gepr\u00e4gt oder bedruckt aus edler belgischer Schokolade.\" \/>\n<meta name=\"robots\" content=\"noindex, follow, max-snippet:-1, max-image-preview:large, max-video-preview:-1\" \/>\n<meta property=\"og:locale\" content=\"de_DE\" \/>\n<meta property=\"og:type\" content=\"article\" \/>\n<meta property=\"og:title\" content=\"Bedruckte Schoko-Aufleger\" \/>\n<meta property=\"og:description\" content=\"Veredeln Sie Desserts, Giveaways oder Buffets mit individuellen Schokoauflegern mit Logo \u2013 gepr\u00e4gt oder bedruckt aus edler belgischer Schokolade.\" \/>\n<meta property=\"og:url\" content=\"https:\/\/staging.schokologo.com\/de\/schokologo\/schoko-aufleger\" \/>\n<meta property=\"og:site_name\" content=\"Choco-Logo\" \/>\n<meta property=\"article:publisher\" content=\"https:\/\/www.facebook.com\/SCHOKOLOGO\" \/>\n<meta property=\"article:modified_time\" content=\"2026-03-25T05:28:21+00:00\" \/>\n<meta property=\"og:image\" content=\"https:\/\/staging.schokologo.com\/wp-content\/uploads\/2023\/09\/BackNaschwerk_Mov_ScwartzgBwBiY8k3SYQC_4nd.png\" \/>\n\t<meta property=\"og:image:width\" content=\"1920\" \/>\n\t<meta property=\"og:image:height\" content=\"1371\" \/>\n\t<meta property=\"og:image:type\" content=\"image\/png\" \/>\n<meta name=\"twitter:card\" content=\"summary_large_image\" \/>\n<meta name=\"twitter:site\" content=\"@schokologo\" \/>\n<meta name=\"twitter:label1\" content=\"Verf\u00fcgbarkeit\" \/>\n\t<meta name=\"twitter:data1\" content=\"Auf Lager\" \/>\n<script type=\"application\/ld+json\" class=\"yoast-schema-graph\">{\"@context\":\"https:\/\/schema.org\",\"@graph\":[{\"@type\":\"WebPage\",\"@id\":\"https:\/\/staging.schokologo.com\/de\/schokologo\/schoko-aufleger\",\"url\":\"https:\/\/staging.schokologo.com\/de\/schokologo\/schoko-aufleger\",\"name\":\"Individuelle Schokoaufleger mit Logo\",\"isPartOf\":{\"@id\":\"https:\/\/staging.schokologo.com\/de\/#website\"},\"primaryImageOfPage\":{\"@id\":\"https:\/\/staging.schokologo.com\/de\/schokologo\/schoko-aufleger#primaryimage\"},\"image\":{\"@id\":\"https:\/\/staging.schokologo.com\/de\/schokologo\/schoko-aufleger#primaryimage\"},\"thumbnailUrl\":\"https:\/\/staging.schokologo.com\/wp-content\/uploads\/2023\/09\/BackNaschwerk_Mov_ScwartzgBwBiY8k3SYQC_4nd.png\",\"datePublished\":\"2023-09-27T14:44:21+00:00\",\"dateModified\":\"2026-03-25T05:28:21+00:00\",\"description\":\"Veredeln Sie Desserts, Giveaways oder Buffets mit individuellen Schokoauflegern mit Logo \u2013 gepr\u00e4gt oder bedruckt aus edler belgischer Schokolade.\",\"breadcrumb\":{\"@id\":\"https:\/\/staging.schokologo.com\/de\/schokologo\/schoko-aufleger#breadcrumb\"},\"inLanguage\":\"de\",\"potentialAction\":[{\"@type\":\"ReadAction\",\"target\":[\"https:\/\/staging.schokologo.com\/de\/schokologo\/schoko-aufleger\"]}]},{\"@type\":\"ImageObject\",\"inLanguage\":\"de\",\"@id\":\"https:\/\/staging.schokologo.com\/de\/schokologo\/schoko-aufleger#primaryimage\",\"url\":\"https:\/\/staging.schokologo.com\/wp-content\/uploads\/2023\/09\/BackNaschwerk_Mov_ScwartzgBwBiY8k3SYQC_4nd.png\",\"contentUrl\":\"https:\/\/staging.schokologo.com\/wp-content\/uploads\/2023\/09\/BackNaschwerk_Mov_ScwartzgBwBiY8k3SYQC_4nd.png\",\"width\":1920,\"height\":1371,\"caption\":\"BackNaschwerk_Mov_ScwartzgBwBiY8k3SYQC\"},{\"@type\":\"BreadcrumbList\",\"@id\":\"https:\/\/staging.schokologo.com\/de\/schokologo\/schoko-aufleger#breadcrumb\",\"itemListElement\":[{\"@type\":\"ListItem\",\"position\":1,\"name\":\"Home\",\"item\":\"https:\/\/staging.schokologo.com\/de\"},{\"@type\":\"ListItem\",\"position\":2,\"name\":\"Produkte\",\"item\":\"https:\/\/staging.schokologo.com\/de\/shop\"},{\"@type\":\"ListItem\",\"position\":3,\"name\":\"Bedruckte Schoko-Aufleger\"}]},{\"@type\":\"WebSite\",\"@id\":\"https:\/\/staging.schokologo.com\/de\/#website\",\"url\":\"https:\/\/staging.schokologo.com\/de\/\",\"name\":\"Schokologo\",\"description\":\"Your finest calling card\",\"publisher\":{\"@id\":\"https:\/\/staging.schokologo.com\/de\/#organization\"},\"alternateName\":\"Ihr Logo aus edler Schokolade\",\"potentialAction\":[{\"@type\":\"SearchAction\",\"target\":{\"@type\":\"EntryPoint\",\"urlTemplate\":\"https:\/\/staging.schokologo.com\/de\/?s={search_term_string}\"},\"query-input\":{\"@type\":\"PropertyValueSpecification\",\"valueRequired\":true,\"valueName\":\"search_term_string\"}}],\"inLanguage\":\"de\"},{\"@type\":\"Organization\",\"@id\":\"https:\/\/staging.schokologo.com\/de\/#organization\",\"name\":\"Schokologo e.K.\",\"alternateName\":\"Schokologo\",\"url\":\"https:\/\/staging.schokologo.com\/de\/\",\"logo\":{\"@type\":\"ImageObject\",\"inLanguage\":\"de\",\"@id\":\"https:\/\/staging.schokologo.com\/de\/#\/schema\/logo\/image\/\",\"url\":\"https:\/\/staging.schokologo.com\/wp-content\/uploads\/2023\/09\/SchokoLogo_Logo.svg\",\"contentUrl\":\"https:\/\/staging.schokologo.com\/wp-content\/uploads\/2023\/09\/SchokoLogo_Logo.svg\",\"width\":270,\"height\":106,\"caption\":\"Schokologo e.K.\"},\"image\":{\"@id\":\"https:\/\/staging.schokologo.com\/de\/#\/schema\/logo\/image\/\"},\"sameAs\":[\"https:\/\/www.facebook.com\/SCHOKOLOGO\",\"https:\/\/x.com\/schokologo\",\"https:\/\/www.instagram.com\/schoko_logo\"],\"description\":\"Personalisierte Schokoladenprodukte und Sonderanfertigungen aus Schokolade. Wir gestalten individuelle Schokoladenkreationen mit Logos, Texten und Designs nach Ihren W\u00fcnschen. Unsere hochwertigen Schokoladenprodukte sind das ideale Geschenk f\u00fcr Kunden, Gesch\u00e4ftspartner und besondere Anl\u00e4sse. Mit den besten Zutaten und ma\u00dfgeschneiderten L\u00f6sungen pr\u00e4sentieren wir Ihre Markenbotschaft auf einzigartige und k\u00f6stliche Weise. Entdecken Sie die Vielfalt unserer Schokoladenprodukte und hinterlassen Sie einen bleibenden Eindruck mit Schokologo.\",\"email\":\"info@schokologo.com\",\"telephone\":\"3677790\",\"legalName\":\"Schokologo e.K.\",\"foundingDate\":\"2003-01-08\",\"vatID\":\"DE220776735\",\"numberOfEmployees\":{\"@type\":\"QuantitativeValue\",\"minValue\":\"51\",\"maxValue\":\"200\"}}]}<\/script>\n<meta property=\"og:availability\" content=\"instock\" \/>\n<meta property=\"product:availability\" content=\"instock\" \/>\n<meta property=\"product:retailer_item_id\" content=\"SL10232.15\" \/>\n<meta property=\"product:condition\" content=\"new\" \/>\n<!-- \/ Yoast SEO Premium plugin. -->","yoast_head_json":{"title":"Individuelle Schokoaufleger mit Logo","description":"Veredeln Sie Desserts, Giveaways oder Buffets mit individuellen Schokoauflegern mit Logo \u2013 gepr\u00e4gt oder bedruckt aus edler belgischer Schokolade.","robots":{"index":"noindex","follow":"follow","max-snippet":"max-snippet:-1","max-image-preview":"max-image-preview:large","max-video-preview":"max-video-preview:-1"},"og_locale":"de_DE","og_type":"article","og_title":"Bedruckte Schoko-Aufleger","og_description":"Veredeln Sie Desserts, Giveaways oder Buffets mit individuellen Schokoauflegern mit Logo \u2013 gepr\u00e4gt oder bedruckt aus edler belgischer Schokolade.","og_url":"https:\/\/staging.schokologo.com\/de\/schokologo\/schoko-aufleger","og_site_name":"Choco-Logo","article_publisher":"https:\/\/www.facebook.com\/SCHOKOLOGO","article_modified_time":"2026-03-25T05:28:21+00:00","og_image":[{"width":1920,"height":1371,"url":"https:\/\/staging.schokologo.com\/wp-content\/uploads\/2023\/09\/BackNaschwerk_Mov_ScwartzgBwBiY8k3SYQC_4nd.png","type":"image\/png"}],"twitter_card":"summary_large_image","twitter_site":"@schokologo","twitter_misc":{"Verf\u00fcgbarkeit":"Auf Lager"},"schema":{"@context":"https:\/\/schema.org","@graph":[{"@type":"WebPage","@id":"https:\/\/staging.schokologo.com\/de\/schokologo\/schoko-aufleger","url":"https:\/\/staging.schokologo.com\/de\/schokologo\/schoko-aufleger","name":"Individuelle Schokoaufleger mit Logo","isPartOf":{"@id":"https:\/\/staging.schokologo.com\/de\/#website"},"primaryImageOfPage":{"@id":"https:\/\/staging.schokologo.com\/de\/schokologo\/schoko-aufleger#primaryimage"},"image":{"@id":"https:\/\/staging.schokologo.com\/de\/schokologo\/schoko-aufleger#primaryimage"},"thumbnailUrl":"https:\/\/staging.schokologo.com\/wp-content\/uploads\/2023\/09\/BackNaschwerk_Mov_ScwartzgBwBiY8k3SYQC_4nd.png","datePublished":"2023-09-27T14:44:21+00:00","dateModified":"2026-03-25T05:28:21+00:00","description":"Veredeln Sie Desserts, Giveaways oder Buffets mit individuellen Schokoauflegern mit Logo \u2013 gepr\u00e4gt oder bedruckt aus edler belgischer Schokolade.","breadcrumb":{"@id":"https:\/\/staging.schokologo.com\/de\/schokologo\/schoko-aufleger#breadcrumb"},"inLanguage":"de","potentialAction":[{"@type":"ReadAction","target":["https:\/\/staging.schokologo.com\/de\/schokologo\/schoko-aufleger"]}]},{"@type":"ImageObject","inLanguage":"de","@id":"https:\/\/staging.schokologo.com\/de\/schokologo\/schoko-aufleger#primaryimage","url":"https:\/\/staging.schokologo.com\/wp-content\/uploads\/2023\/09\/BackNaschwerk_Mov_ScwartzgBwBiY8k3SYQC_4nd.png","contentUrl":"https:\/\/staging.schokologo.com\/wp-content\/uploads\/2023\/09\/BackNaschwerk_Mov_ScwartzgBwBiY8k3SYQC_4nd.png","width":1920,"height":1371,"caption":"BackNaschwerk_Mov_ScwartzgBwBiY8k3SYQC"},{"@type":"BreadcrumbList","@id":"https:\/\/staging.schokologo.com\/de\/schokologo\/schoko-aufleger#breadcrumb","itemListElement":[{"@type":"ListItem","position":1,"name":"Home","item":"https:\/\/staging.schokologo.com\/de"},{"@type":"ListItem","position":2,"name":"Produkte","item":"https:\/\/staging.schokologo.com\/de\/shop"},{"@type":"ListItem","position":3,"name":"Bedruckte Schoko-Aufleger"}]},{"@type":"WebSite","@id":"https:\/\/staging.schokologo.com\/de\/#website","url":"https:\/\/staging.schokologo.com\/de\/","name":"Schokologo","description":"Your finest calling card","publisher":{"@id":"https:\/\/staging.schokologo.com\/de\/#organization"},"alternateName":"Ihr Logo aus edler Schokolade","potentialAction":[{"@type":"SearchAction","target":{"@type":"EntryPoint","urlTemplate":"https:\/\/staging.schokologo.com\/de\/?s={search_term_string}"},"query-input":{"@type":"PropertyValueSpecification","valueRequired":true,"valueName":"search_term_string"}}],"inLanguage":"de"},{"@type":"Organization","@id":"https:\/\/staging.schokologo.com\/de\/#organization","name":"Schokologo e.K.","alternateName":"Schokologo","url":"https:\/\/staging.schokologo.com\/de\/","logo":{"@type":"ImageObject","inLanguage":"de","@id":"https:\/\/staging.schokologo.com\/de\/#\/schema\/logo\/image\/","url":"https:\/\/staging.schokologo.com\/wp-content\/uploads\/2023\/09\/SchokoLogo_Logo.svg","contentUrl":"https:\/\/staging.schokologo.com\/wp-content\/uploads\/2023\/09\/SchokoLogo_Logo.svg","width":270,"height":106,"caption":"Schokologo e.K."},"image":{"@id":"https:\/\/staging.schokologo.com\/de\/#\/schema\/logo\/image\/"},"sameAs":["https:\/\/www.facebook.com\/SCHOKOLOGO","https:\/\/x.com\/schokologo","https:\/\/www.instagram.com\/schoko_logo"],"description":"Personalisierte Schokoladenprodukte und Sonderanfertigungen aus Schokolade. Wir gestalten individuelle Schokoladenkreationen mit Logos, Texten und Designs nach Ihren W\u00fcnschen. Unsere hochwertigen Schokoladenprodukte sind das ideale Geschenk f\u00fcr Kunden, Gesch\u00e4ftspartner und besondere Anl\u00e4sse. Mit den besten Zutaten und ma\u00dfgeschneiderten L\u00f6sungen pr\u00e4sentieren wir Ihre Markenbotschaft auf einzigartige und k\u00f6stliche Weise. Entdecken Sie die Vielfalt unserer Schokoladenprodukte und hinterlassen Sie einen bleibenden Eindruck mit Schokologo.","email":"info@schokologo.com","telephone":"3677790","legalName":"Schokologo e.K.","foundingDate":"2003-01-08","vatID":"DE220776735","numberOfEmployees":{"@type":"QuantitativeValue","minValue":"51","maxValue":"200"}}]},"og_availability":"instock","product_availability":"instock","product_retailer_item_id":"SL10232.15","product_condition":"new"},"_links":{"self":[{"href":"https:\/\/staging.schokologo.com\/de\/wp-json\/wp\/v2\/product\/57216","targetHints":{"allow":["GET"]}}],"collection":[{"href":"https:\/\/staging.schokologo.com\/de\/wp-json\/wp\/v2\/product"}],"about":[{"href":"https:\/\/staging.schokologo.com\/de\/wp-json\/wp\/v2\/types\/product"}],"version-history":[{"count":15,"href":"https:\/\/staging.schokologo.com\/de\/wp-json\/wp\/v2\/product\/57216\/revisions"}],"predecessor-version":[{"id":64558,"href":"https:\/\/staging.schokologo.com\/de\/wp-json\/wp\/v2\/product\/57216\/revisions\/64558"}],"wp:featuredmedia":[{"embeddable":true,"href":"https:\/\/staging.schokologo.com\/de\/wp-json\/wp\/v2\/media\/49465"}],"wp:attachment":[{"href":"https:\/\/staging.schokologo.com\/de\/wp-json\/wp\/v2\/media?parent=57216"}],"wp:term":[{"taxonomy":"product_brand","embeddable":true,"href":"https:\/\/staging.schokologo.com\/de\/wp-json\/wp\/v2\/product_brand?post=57216"},{"taxonomy":"product_cat","embeddable":true,"href":"https:\/\/staging.schokologo.com\/de\/wp-json\/wp\/v2\/product_cat?post=57216"},{"taxonomy":"product_tag","embeddable":true,"href":"https:\/\/staging.schokologo.com\/de\/wp-json\/wp\/v2\/product_tag?post=57216"}],"curies":[{"name":"wp","href":"https:\/\/api.w.org\/{rel}","templated":true}]}}