{"id":57058,"date":"2023-09-27T14:43:46","date_gmt":"2023-09-27T14:43:46","guid":{"rendered":"http:\/\/custom-chocolate.biz\/?product=geback-tortelettes"},"modified":"2025-03-16T10:18:35","modified_gmt":"2025-03-16T09:18:35","slug":"geback-tortelettes","status":"publish","type":"product","link":"https:\/\/staging.schokologo.com\/de\/schokologo\/geback-tortelettes","title":{"rendered":"Geb\u00e4ck Tortelettes"},"content":{"rendered":"<p>Eine Komposition aus knusprigem Geb\u00e4ck und handgemachter Schokolade mit Ihrem Logo. Zur Wahl bieten wir einige Geb\u00e4ck-Optionen aber Ihre W\u00fcnsche bez\u00fcglich weitere Kekse und Geb\u00e4ck sind willkommen. Ihr Logo wird auf die Schokolade eingepr\u00e4gt und personalisiert.<\/p>\n<p><strong>Schoko Logo Tortelettes<\/strong> &#8211; Die kleinen M\u00fcrbeteig-Tortenb\u00f6den f\u00fcllen wir mit unserer Schokolade und Ihrem Logo.<\/p>\n<p>Verpackung: Einzeln verpackt in Klarsichtfolie, sibernen, goldenen oder vierfarbig bedruckten Schachteln<\/p>\n","protected":false},"excerpt":{"rendered":"<p>Eine Komposition aus knusprigem Geb\u00e4ck und handgemachter Schokolade mit Ihrem Logo. Zur Wahl bieten wir einige Geb\u00e4ck-Optionen aber Ihre W\u00fcnsche bez\u00fcglich weitere Kekse und Geb\u00e4ck sind willkommen. Ihr Logo wird auf die Schokolade eingepr\u00e4gt und personalisiert.<\/p>\n<p>Schoko Logo Heidesand &#8211; Leicht, locker und dabei auch optisch ein Genuss. Heidesand ist ein Butter-Sand-M\u00fcrbegeb\u00e4ck eventuel mit Kristall-Zuckerrand. Heidesand schmeckt noch lecherer, wenn es mit unserer Schokolade vereinigt wird.<br \/>\nSchoko Logo Spekulatius &#8211; Wir kombinieren das beliebte und traditionelle Weihnachtsgeb\u00e4ck aus M\u00fcrbeteig mit unserer zartschmelzenden Schokolade.<br \/>\nSchoko Logo Tortelettes &#8211; Die kleinen M\u00fcrbeteig-Tortenb\u00f6den f\u00fcllen wir mit unserer Schokolade und Ihrem Logo.<\/p>\n","protected":false},"featured_media":49433,"template":"","meta":{"_acf_changed":false},"product_brand":[2904],"product_cat":[2946],"product_tag":[],"class_list":{"0":"post-57058","1":"product","2":"type-product","3":"status-publish","4":"has-post-thumbnail","6":"product_brand-schokologo-e-k","7":"product_cat-pralinen-gebaeck","9":"first","10":"instock","11":"taxable","12":"shipping-taxable","13":"purchasable","14":"product-type-simple"},"acf":{"sl_product_custom_field":"","sl_inquire_only_product":true},"yoast_head":"<!-- This site is optimized with the Yoast SEO Premium plugin v26.5 (Yoast SEO v27.2) - https:\/\/yoast.com\/product\/yoast-seo-premium-wordpress\/ -->\n<title>Schoko Logo Geb\u00e4ck Tortelettes<\/title>\n<meta name=\"robots\" content=\"noindex, follow, max-snippet:-1, max-image-preview:large, max-video-preview:-1\" \/>\n<meta property=\"og:locale\" content=\"de_DE\" \/>\n<meta property=\"og:type\" content=\"article\" \/>\n<meta property=\"og:title\" content=\"Geb\u00e4ck Tortelettes\" \/>\n<meta property=\"og:description\" content=\"Eine Komposition aus knusprigem Geb\u00e4ck und handgemachter Schokolade mit Ihrem Logo. Zur Wahl bieten wir einige Geb\u00e4ck-Optionen aber Ihre W\u00fcnsche bez\u00fcglich weitere Kekse und Geb\u00e4ck sind willkommen. Ihr Logo wird auf die Schokolade eingepr\u00e4gt und personalisiert. Schoko Logo Heidesand - Leicht, locker und dabei auch optisch ein Genuss. Heidesand ist ein Butter-Sand-M\u00fcrbegeb\u00e4ck eventuel mit Kristall-Zuckerrand. Heidesand schmeckt noch lecherer, wenn es mit unserer Schokolade vereinigt wird. Schoko Logo Spekulatius - Wir kombinieren das beliebte und traditionelle Weihnachtsgeb\u00e4ck aus M\u00fcrbeteig mit unserer zartschmelzenden Schokolade. Schoko Logo Tortelettes - Die kleinen M\u00fcrbeteig-Tortenb\u00f6den f\u00fcllen wir mit unserer Schokolade und Ihrem Logo.\" \/>\n<meta property=\"og:url\" content=\"https:\/\/staging.schokologo.com\/de\/schokologo\/geback-tortelettes\" \/>\n<meta property=\"og:site_name\" content=\"Choco-Logo\" \/>\n<meta property=\"article:publisher\" content=\"https:\/\/www.facebook.com\/SCHOKOLOGO\" \/>\n<meta property=\"article:modified_time\" content=\"2025-03-16T09:18:35+00:00\" \/>\n<meta property=\"og:image\" content=\"https:\/\/staging.schokologo.com\/wp-content\/uploads\/2023\/09\/TortlettsOriginal_freigestelltg5LvamvKdgIlE_4nd.png\" \/>\n\t<meta property=\"og:image:width\" content=\"1440\" \/>\n\t<meta property=\"og:image:height\" content=\"1920\" \/>\n\t<meta property=\"og:image:type\" content=\"image\/png\" \/>\n<meta name=\"twitter:card\" content=\"summary_large_image\" \/>\n<meta name=\"twitter:site\" content=\"@schokologo\" \/>\n<meta name=\"twitter:label1\" content=\"Preis\" \/>\n\t<meta name=\"twitter:data1\" content=\"0,01&nbsp;&euro; Exluding Tax\" \/>\n\t<meta name=\"twitter:label2\" content=\"Verf\u00fcgbarkeit\" \/>\n\t<meta name=\"twitter:data2\" content=\"Auf Lager\" \/>\n<script type=\"application\/ld+json\" class=\"yoast-schema-graph\">{\"@context\":\"https:\/\/schema.org\",\"@graph\":[{\"@type\":\"WebPage\",\"@id\":\"https:\/\/staging.schokologo.com\/de\/schokologo\/geback-tortelettes\",\"url\":\"https:\/\/staging.schokologo.com\/de\/schokologo\/geback-tortelettes\",\"name\":\"Schoko Logo Geb\u00e4ck Tortelettes\",\"isPartOf\":{\"@id\":\"https:\/\/staging.schokologo.com\/de\/#website\"},\"primaryImageOfPage\":{\"@id\":\"https:\/\/staging.schokologo.com\/de\/schokologo\/geback-tortelettes#primaryimage\"},\"image\":{\"@id\":\"https:\/\/staging.schokologo.com\/de\/schokologo\/geback-tortelettes#primaryimage\"},\"thumbnailUrl\":\"https:\/\/staging.schokologo.com\/wp-content\/uploads\/2023\/09\/TortlettsOriginal_freigestelltg5LvamvKdgIlE_4nd.png\",\"datePublished\":\"2023-09-27T14:43:46+00:00\",\"dateModified\":\"2025-03-16T09:18:35+00:00\",\"breadcrumb\":{\"@id\":\"https:\/\/staging.schokologo.com\/de\/schokologo\/geback-tortelettes#breadcrumb\"},\"inLanguage\":\"de\",\"potentialAction\":[{\"@type\":\"ReadAction\",\"target\":[\"https:\/\/staging.schokologo.com\/de\/schokologo\/geback-tortelettes\"]}]},{\"@type\":\"ImageObject\",\"inLanguage\":\"de\",\"@id\":\"https:\/\/staging.schokologo.com\/de\/schokologo\/geback-tortelettes#primaryimage\",\"url\":\"https:\/\/staging.schokologo.com\/wp-content\/uploads\/2023\/09\/TortlettsOriginal_freigestelltg5LvamvKdgIlE_4nd.png\",\"contentUrl\":\"https:\/\/staging.schokologo.com\/wp-content\/uploads\/2023\/09\/TortlettsOriginal_freigestelltg5LvamvKdgIlE_4nd.png\",\"width\":1440,\"height\":1920,\"caption\":\"Tortletts-Original_freigestelltg5LvamvKdgIlE\"},{\"@type\":\"BreadcrumbList\",\"@id\":\"https:\/\/staging.schokologo.com\/de\/schokologo\/geback-tortelettes#breadcrumb\",\"itemListElement\":[{\"@type\":\"ListItem\",\"position\":1,\"name\":\"Home\",\"item\":\"https:\/\/staging.schokologo.com\/de\"},{\"@type\":\"ListItem\",\"position\":2,\"name\":\"Produkte\",\"item\":\"https:\/\/staging.schokologo.com\/de\/shop\"},{\"@type\":\"ListItem\",\"position\":3,\"name\":\"Geb\u00e4ck Tortelettes\"}]},{\"@type\":\"WebSite\",\"@id\":\"https:\/\/staging.schokologo.com\/de\/#website\",\"url\":\"https:\/\/staging.schokologo.com\/de\/\",\"name\":\"Schokologo\",\"description\":\"Your finest calling card\",\"publisher\":{\"@id\":\"https:\/\/staging.schokologo.com\/de\/#organization\"},\"alternateName\":\"Ihr Logo aus edler Schokolade\",\"potentialAction\":[{\"@type\":\"SearchAction\",\"target\":{\"@type\":\"EntryPoint\",\"urlTemplate\":\"https:\/\/staging.schokologo.com\/de\/?s={search_term_string}\"},\"query-input\":{\"@type\":\"PropertyValueSpecification\",\"valueRequired\":true,\"valueName\":\"search_term_string\"}}],\"inLanguage\":\"de\"},{\"@type\":\"Organization\",\"@id\":\"https:\/\/staging.schokologo.com\/de\/#organization\",\"name\":\"Schokologo e.K.\",\"alternateName\":\"Schokologo\",\"url\":\"https:\/\/staging.schokologo.com\/de\/\",\"logo\":{\"@type\":\"ImageObject\",\"inLanguage\":\"de\",\"@id\":\"https:\/\/staging.schokologo.com\/de\/#\/schema\/logo\/image\/\",\"url\":\"https:\/\/staging.schokologo.com\/wp-content\/uploads\/2023\/09\/SchokoLogo_Logo.svg\",\"contentUrl\":\"https:\/\/staging.schokologo.com\/wp-content\/uploads\/2023\/09\/SchokoLogo_Logo.svg\",\"width\":270,\"height\":106,\"caption\":\"Schokologo e.K.\"},\"image\":{\"@id\":\"https:\/\/staging.schokologo.com\/de\/#\/schema\/logo\/image\/\"},\"sameAs\":[\"https:\/\/www.facebook.com\/SCHOKOLOGO\",\"https:\/\/x.com\/schokologo\",\"https:\/\/www.instagram.com\/schoko_logo\"],\"description\":\"Personalisierte Schokoladenprodukte und Sonderanfertigungen aus Schokolade. Wir gestalten individuelle Schokoladenkreationen mit Logos, Texten und Designs nach Ihren W\u00fcnschen. Unsere hochwertigen Schokoladenprodukte sind das ideale Geschenk f\u00fcr Kunden, Gesch\u00e4ftspartner und besondere Anl\u00e4sse. Mit den besten Zutaten und ma\u00dfgeschneiderten L\u00f6sungen pr\u00e4sentieren wir Ihre Markenbotschaft auf einzigartige und k\u00f6stliche Weise. Entdecken Sie die Vielfalt unserer Schokoladenprodukte und hinterlassen Sie einen bleibenden Eindruck mit Schokologo.\",\"email\":\"info@schokologo.com\",\"telephone\":\"3677790\",\"legalName\":\"Schokologo e.K.\",\"foundingDate\":\"2003-01-08\",\"vatID\":\"DE220776735\",\"numberOfEmployees\":{\"@type\":\"QuantitativeValue\",\"minValue\":\"51\",\"maxValue\":\"200\"}}]}<\/script>\n<meta property=\"product:price:amount\" content=\"0.01\" \/>\n<meta property=\"product:price:currency\" content=\"EUR\" \/>\n<meta property=\"og:availability\" content=\"instock\" \/>\n<meta property=\"product:availability\" content=\"instock\" \/>\n<meta property=\"product:retailer_item_id\" content=\"SL10225\" \/>\n<meta property=\"product:condition\" content=\"new\" \/>\n<!-- \/ Yoast SEO Premium plugin. -->","yoast_head_json":{"title":"Schoko Logo Geb\u00e4ck Tortelettes","robots":{"index":"noindex","follow":"follow","max-snippet":"max-snippet:-1","max-image-preview":"max-image-preview:large","max-video-preview":"max-video-preview:-1"},"og_locale":"de_DE","og_type":"article","og_title":"Geb\u00e4ck Tortelettes","og_description":"Eine Komposition aus knusprigem Geb\u00e4ck und handgemachter Schokolade mit Ihrem Logo. Zur Wahl bieten wir einige Geb\u00e4ck-Optionen aber Ihre W\u00fcnsche bez\u00fcglich weitere Kekse und Geb\u00e4ck sind willkommen. Ihr Logo wird auf die Schokolade eingepr\u00e4gt und personalisiert. Schoko Logo Heidesand - Leicht, locker und dabei auch optisch ein Genuss. Heidesand ist ein Butter-Sand-M\u00fcrbegeb\u00e4ck eventuel mit Kristall-Zuckerrand. Heidesand schmeckt noch lecherer, wenn es mit unserer Schokolade vereinigt wird. Schoko Logo Spekulatius - Wir kombinieren das beliebte und traditionelle Weihnachtsgeb\u00e4ck aus M\u00fcrbeteig mit unserer zartschmelzenden Schokolade. Schoko Logo Tortelettes - Die kleinen M\u00fcrbeteig-Tortenb\u00f6den f\u00fcllen wir mit unserer Schokolade und Ihrem Logo.","og_url":"https:\/\/staging.schokologo.com\/de\/schokologo\/geback-tortelettes","og_site_name":"Choco-Logo","article_publisher":"https:\/\/www.facebook.com\/SCHOKOLOGO","article_modified_time":"2025-03-16T09:18:35+00:00","og_image":[{"width":1440,"height":1920,"url":"https:\/\/staging.schokologo.com\/wp-content\/uploads\/2023\/09\/TortlettsOriginal_freigestelltg5LvamvKdgIlE_4nd.png","type":"image\/png"}],"twitter_card":"summary_large_image","twitter_site":"@schokologo","twitter_misc":{"Preis":"0,01&nbsp;&euro; Exluding Tax","Verf\u00fcgbarkeit":"Auf Lager"},"schema":{"@context":"https:\/\/schema.org","@graph":[{"@type":"WebPage","@id":"https:\/\/staging.schokologo.com\/de\/schokologo\/geback-tortelettes","url":"https:\/\/staging.schokologo.com\/de\/schokologo\/geback-tortelettes","name":"Schoko Logo Geb\u00e4ck Tortelettes","isPartOf":{"@id":"https:\/\/staging.schokologo.com\/de\/#website"},"primaryImageOfPage":{"@id":"https:\/\/staging.schokologo.com\/de\/schokologo\/geback-tortelettes#primaryimage"},"image":{"@id":"https:\/\/staging.schokologo.com\/de\/schokologo\/geback-tortelettes#primaryimage"},"thumbnailUrl":"https:\/\/staging.schokologo.com\/wp-content\/uploads\/2023\/09\/TortlettsOriginal_freigestelltg5LvamvKdgIlE_4nd.png","datePublished":"2023-09-27T14:43:46+00:00","dateModified":"2025-03-16T09:18:35+00:00","breadcrumb":{"@id":"https:\/\/staging.schokologo.com\/de\/schokologo\/geback-tortelettes#breadcrumb"},"inLanguage":"de","potentialAction":[{"@type":"ReadAction","target":["https:\/\/staging.schokologo.com\/de\/schokologo\/geback-tortelettes"]}]},{"@type":"ImageObject","inLanguage":"de","@id":"https:\/\/staging.schokologo.com\/de\/schokologo\/geback-tortelettes#primaryimage","url":"https:\/\/staging.schokologo.com\/wp-content\/uploads\/2023\/09\/TortlettsOriginal_freigestelltg5LvamvKdgIlE_4nd.png","contentUrl":"https:\/\/staging.schokologo.com\/wp-content\/uploads\/2023\/09\/TortlettsOriginal_freigestelltg5LvamvKdgIlE_4nd.png","width":1440,"height":1920,"caption":"Tortletts-Original_freigestelltg5LvamvKdgIlE"},{"@type":"BreadcrumbList","@id":"https:\/\/staging.schokologo.com\/de\/schokologo\/geback-tortelettes#breadcrumb","itemListElement":[{"@type":"ListItem","position":1,"name":"Home","item":"https:\/\/staging.schokologo.com\/de"},{"@type":"ListItem","position":2,"name":"Produkte","item":"https:\/\/staging.schokologo.com\/de\/shop"},{"@type":"ListItem","position":3,"name":"Geb\u00e4ck Tortelettes"}]},{"@type":"WebSite","@id":"https:\/\/staging.schokologo.com\/de\/#website","url":"https:\/\/staging.schokologo.com\/de\/","name":"Schokologo","description":"Your finest calling card","publisher":{"@id":"https:\/\/staging.schokologo.com\/de\/#organization"},"alternateName":"Ihr Logo aus edler Schokolade","potentialAction":[{"@type":"SearchAction","target":{"@type":"EntryPoint","urlTemplate":"https:\/\/staging.schokologo.com\/de\/?s={search_term_string}"},"query-input":{"@type":"PropertyValueSpecification","valueRequired":true,"valueName":"search_term_string"}}],"inLanguage":"de"},{"@type":"Organization","@id":"https:\/\/staging.schokologo.com\/de\/#organization","name":"Schokologo e.K.","alternateName":"Schokologo","url":"https:\/\/staging.schokologo.com\/de\/","logo":{"@type":"ImageObject","inLanguage":"de","@id":"https:\/\/staging.schokologo.com\/de\/#\/schema\/logo\/image\/","url":"https:\/\/staging.schokologo.com\/wp-content\/uploads\/2023\/09\/SchokoLogo_Logo.svg","contentUrl":"https:\/\/staging.schokologo.com\/wp-content\/uploads\/2023\/09\/SchokoLogo_Logo.svg","width":270,"height":106,"caption":"Schokologo e.K."},"image":{"@id":"https:\/\/staging.schokologo.com\/de\/#\/schema\/logo\/image\/"},"sameAs":["https:\/\/www.facebook.com\/SCHOKOLOGO","https:\/\/x.com\/schokologo","https:\/\/www.instagram.com\/schoko_logo"],"description":"Personalisierte Schokoladenprodukte und Sonderanfertigungen aus Schokolade. Wir gestalten individuelle Schokoladenkreationen mit Logos, Texten und Designs nach Ihren W\u00fcnschen. Unsere hochwertigen Schokoladenprodukte sind das ideale Geschenk f\u00fcr Kunden, Gesch\u00e4ftspartner und besondere Anl\u00e4sse. Mit den besten Zutaten und ma\u00dfgeschneiderten L\u00f6sungen pr\u00e4sentieren wir Ihre Markenbotschaft auf einzigartige und k\u00f6stliche Weise. Entdecken Sie die Vielfalt unserer Schokoladenprodukte und hinterlassen Sie einen bleibenden Eindruck mit Schokologo.","email":"info@schokologo.com","telephone":"3677790","legalName":"Schokologo e.K.","foundingDate":"2003-01-08","vatID":"DE220776735","numberOfEmployees":{"@type":"QuantitativeValue","minValue":"51","maxValue":"200"}}]},"product_price_amount":"0.01","product_price_currency":"EUR","og_availability":"instock","product_availability":"instock","product_retailer_item_id":"SL10225","product_condition":"new"},"_links":{"self":[{"href":"https:\/\/staging.schokologo.com\/de\/wp-json\/wp\/v2\/product\/57058","targetHints":{"allow":["GET"]}}],"collection":[{"href":"https:\/\/staging.schokologo.com\/de\/wp-json\/wp\/v2\/product"}],"about":[{"href":"https:\/\/staging.schokologo.com\/de\/wp-json\/wp\/v2\/types\/product"}],"version-history":[{"count":1,"href":"https:\/\/staging.schokologo.com\/de\/wp-json\/wp\/v2\/product\/57058\/revisions"}],"predecessor-version":[{"id":61691,"href":"https:\/\/staging.schokologo.com\/de\/wp-json\/wp\/v2\/product\/57058\/revisions\/61691"}],"wp:featuredmedia":[{"embeddable":true,"href":"https:\/\/staging.schokologo.com\/de\/wp-json\/wp\/v2\/media\/49433"}],"wp:attachment":[{"href":"https:\/\/staging.schokologo.com\/de\/wp-json\/wp\/v2\/media?parent=57058"}],"wp:term":[{"taxonomy":"product_brand","embeddable":true,"href":"https:\/\/staging.schokologo.com\/de\/wp-json\/wp\/v2\/product_brand?post=57058"},{"taxonomy":"product_cat","embeddable":true,"href":"https:\/\/staging.schokologo.com\/de\/wp-json\/wp\/v2\/product_cat?post=57058"},{"taxonomy":"product_tag","embeddable":true,"href":"https:\/\/staging.schokologo.com\/de\/wp-json\/wp\/v2\/product_tag?post=57058"}],"curies":[{"name":"wp","href":"https:\/\/api.w.org\/{rel}","templated":true}]}}