{"id":57052,"date":"2023-09-27T14:43:39","date_gmt":"2023-09-27T14:43:39","guid":{"rendered":"http:\/\/custom-chocolate.biz\/?product=pralinen-werbe-adventskalender"},"modified":"2024-08-22T11:26:43","modified_gmt":"2024-08-22T09:26:43","slug":"pralinen-werbe-adventskalender","status":"publish","type":"product","link":"https:\/\/staging.schokologo.com\/de\/schokologo\/pralinen-werbe-adventskalender","title":{"rendered":"Pralinen Werbe Adventskalender"},"content":{"rendered":"<h2>Pralinen-Werbe-Adventskalender<\/h2>\n<p>Individueller Werbe-Adventskalender bef\u00fcllt mit Pralinen und einem personalisierten, gebrandeten Schokoladen-Logo.<br \/>\nGestalten Sie Ihren besonderen Adventskalender ganz individuell mit Ihrem Design und hinterlassen Sie einen s\u00fc\u00dfen Eindruck von einem ganz besonderen Adventskalender.<br \/>\nDer Kalender wird mit 22 Pralinen-Tr\u00fcffeln bef\u00fcllt, einem s\u00fc\u00dfen Schoko-Nikolaus und einem geschmackvollen Schoko-T\u00e4felchen mit Ihrem Logo.<\/p>\n<p>Die k\u00f6nnen diesen Kalender komplett individuell bedrucken oder ganz einfach unser Weihnachtsdesign mit Ihrem Logo versehen.<br \/>\nAn den 6. und 24. T\u00fcrchen enth\u00e4lt der Pralinenkalender T\u00e4felchen mit Ihrem Logo und\/oder in Form von Nikolaus.<br \/>\nAuf Wunsch k\u00f6nnen wir ma\u00dfgeschneiderte und individuelle Formen, z.B. in Form eines Produktes von Ihnen, kreieren.<\/p>\n<p>Insgesamt warten ca. 150g Schoko-Genuss auf Ihre Kunden und das mindestens 24 Tage lang.<br \/>\nGr\u00f6\u00dfe: 330 x 210 x 25 mm.<\/p>\n<p>Hinter jedem T\u00fcrchen dieses au\u00dfergew\u00f6hnlichen Kalenders wartet eine leckere Praline darauf, Sie geschmackvoll zu \u00fcberraschen. Die Pralinen schmecken deswegen besonders lecker, weil sie alle handgesch\u00f6pft mit bester handwerklicher Tradition hergestellt wurden. So w\u00fcnschen Sie Ihren Kunden und Gesch\u00e4ftspartnern eine genussvolle Adventszeit, die lange nach dem Verzehr in Erinnerung bleibt.<\/p>\n<p>Geschmackrichtungen der Pralinen: Maccadamia, Vanille, Herrenherb, Cointreau, Champagner, Rum, Buttersahne Vollmilch, Buttersahne Zartbitter.<\/p>\n<p>Auf Wunsch k\u00f6nnen alkoholfreie Pralinen bestellt werden: Maccadamia, Vanille, Buttersahne Vollmilch, Buttersahne Zartbitter<\/p>\n","protected":false},"excerpt":{"rendered":"<p>Individueller Werbe-Adventskalender bef\u00fcllt mit Pralinen und einem personalisierten, gebrandeten Schokoladen-Logo. Insgesamt warten ca. 150 g Schoko-Genu\u00df auf Ihre Kunden und das mindestens 24 Tage lang.<\/p>\n","protected":false},"featured_media":49417,"template":"","meta":{"_acf_changed":false},"product_brand":[2904],"product_cat":[2952,3002,2970,2946,3004],"product_tag":[3546],"class_list":{"0":"post-57052","1":"product","2":"type-product","3":"status-publish","4":"has-post-thumbnail","6":"product_brand-schokologo-e-k","7":"product_cat-adventskalender","8":"product_cat-kundengeschenke-weihnachten","9":"product_cat-mailing","10":"product_cat-pralinen-gebaeck","11":"product_cat-weihnachtsgeschenke-fur-kunden","12":"product_tag-weihnachten","14":"first","15":"instock","16":"taxable","17":"shipping-taxable","18":"purchasable","19":"product-type-simple"},"acf":{"sl_product_custom_field":"22 Pralinen und 2 Schokologos","sl_inquire_only_product":true},"yoast_head":"<!-- This site is optimized with the Yoast SEO Premium plugin v26.5 (Yoast SEO v27.2) - https:\/\/yoast.com\/product\/yoast-seo-premium-wordpress\/ -->\n<title>Pralinen Werbe Adventskalender<\/title>\n<meta name=\"robots\" content=\"noindex, follow, max-snippet:-1, max-image-preview:large, max-video-preview:-1\" \/>\n<meta property=\"og:locale\" content=\"de_DE\" \/>\n<meta property=\"og:type\" content=\"article\" \/>\n<meta property=\"og:title\" content=\"Pralinen Werbe Adventskalender\" \/>\n<meta property=\"og:description\" content=\"Individueller Werbe-Adventskalender bef\u00fcllt mit Pralinen und einem personalisierten, gebrandeten Schokoladen-Logo. Insgesamt warten ca. 150 g Schoko-Genu\u00df auf Ihre Kunden und das mindestens 24 Tage lang.\" \/>\n<meta property=\"og:url\" content=\"https:\/\/staging.schokologo.com\/de\/schokologo\/pralinen-werbe-adventskalender\" \/>\n<meta property=\"og:site_name\" content=\"Choco-Logo\" \/>\n<meta property=\"article:publisher\" content=\"https:\/\/www.facebook.com\/SCHOKOLOGO\" \/>\n<meta property=\"article:modified_time\" content=\"2024-08-22T09:26:43+00:00\" \/>\n<meta property=\"og:image\" content=\"https:\/\/staging.schokologo.com\/wp-content\/uploads\/2023\/09\/PralinenAdventskalender_Vorderseite_4nd-scaled.jpg\" \/>\n\t<meta property=\"og:image:width\" content=\"1234\" \/>\n\t<meta property=\"og:image:height\" content=\"1920\" \/>\n\t<meta property=\"og:image:type\" content=\"image\/jpeg\" \/>\n<meta name=\"twitter:card\" content=\"summary_large_image\" \/>\n<meta name=\"twitter:site\" content=\"@schokologo\" \/>\n<meta name=\"twitter:label1\" content=\"Preis\" \/>\n\t<meta name=\"twitter:data1\" content=\"8,33&nbsp;&euro; Exluding Tax\" \/>\n\t<meta name=\"twitter:label2\" content=\"Verf\u00fcgbarkeit\" \/>\n\t<meta name=\"twitter:data2\" content=\"Auf Lager\" \/>\n<script type=\"application\/ld+json\" class=\"yoast-schema-graph\">{\"@context\":\"https:\/\/schema.org\",\"@graph\":[{\"@type\":\"WebPage\",\"@id\":\"https:\/\/staging.schokologo.com\/de\/schokologo\/pralinen-werbe-adventskalender\",\"url\":\"https:\/\/staging.schokologo.com\/de\/schokologo\/pralinen-werbe-adventskalender\",\"name\":\"Pralinen Werbe Adventskalender\",\"isPartOf\":{\"@id\":\"https:\/\/staging.schokologo.com\/de\/#website\"},\"primaryImageOfPage\":{\"@id\":\"https:\/\/staging.schokologo.com\/de\/schokologo\/pralinen-werbe-adventskalender#primaryimage\"},\"image\":{\"@id\":\"https:\/\/staging.schokologo.com\/de\/schokologo\/pralinen-werbe-adventskalender#primaryimage\"},\"thumbnailUrl\":\"https:\/\/staging.schokologo.com\/wp-content\/uploads\/2023\/09\/PralinenAdventskalender_Vorderseite_4nd-scaled.jpg\",\"datePublished\":\"2023-09-27T14:43:39+00:00\",\"dateModified\":\"2024-08-22T09:26:43+00:00\",\"breadcrumb\":{\"@id\":\"https:\/\/staging.schokologo.com\/de\/schokologo\/pralinen-werbe-adventskalender#breadcrumb\"},\"inLanguage\":\"de\",\"potentialAction\":[{\"@type\":\"ReadAction\",\"target\":[\"https:\/\/staging.schokologo.com\/de\/schokologo\/pralinen-werbe-adventskalender\"]}]},{\"@type\":\"ImageObject\",\"inLanguage\":\"de\",\"@id\":\"https:\/\/staging.schokologo.com\/de\/schokologo\/pralinen-werbe-adventskalender#primaryimage\",\"url\":\"https:\/\/staging.schokologo.com\/wp-content\/uploads\/2023\/09\/PralinenAdventskalender_Vorderseite_4nd-scaled.jpg\",\"contentUrl\":\"https:\/\/staging.schokologo.com\/wp-content\/uploads\/2023\/09\/PralinenAdventskalender_Vorderseite_4nd-scaled.jpg\",\"width\":1234,\"height\":1920,\"caption\":\"Pralinen-Adventskalender_Vorderseite\"},{\"@type\":\"BreadcrumbList\",\"@id\":\"https:\/\/staging.schokologo.com\/de\/schokologo\/pralinen-werbe-adventskalender#breadcrumb\",\"itemListElement\":[{\"@type\":\"ListItem\",\"position\":1,\"name\":\"Home\",\"item\":\"https:\/\/staging.schokologo.com\/de\"},{\"@type\":\"ListItem\",\"position\":2,\"name\":\"Produkte\",\"item\":\"https:\/\/staging.schokologo.com\/de\/shop\"},{\"@type\":\"ListItem\",\"position\":3,\"name\":\"Pralinen Werbe Adventskalender\"}]},{\"@type\":\"WebSite\",\"@id\":\"https:\/\/staging.schokologo.com\/de\/#website\",\"url\":\"https:\/\/staging.schokologo.com\/de\/\",\"name\":\"Schokologo\",\"description\":\"Your finest calling card\",\"publisher\":{\"@id\":\"https:\/\/staging.schokologo.com\/de\/#organization\"},\"alternateName\":\"Ihr Logo aus edler Schokolade\",\"potentialAction\":[{\"@type\":\"SearchAction\",\"target\":{\"@type\":\"EntryPoint\",\"urlTemplate\":\"https:\/\/staging.schokologo.com\/de\/?s={search_term_string}\"},\"query-input\":{\"@type\":\"PropertyValueSpecification\",\"valueRequired\":true,\"valueName\":\"search_term_string\"}}],\"inLanguage\":\"de\"},{\"@type\":\"Organization\",\"@id\":\"https:\/\/staging.schokologo.com\/de\/#organization\",\"name\":\"Schokologo e.K.\",\"alternateName\":\"Schokologo\",\"url\":\"https:\/\/staging.schokologo.com\/de\/\",\"logo\":{\"@type\":\"ImageObject\",\"inLanguage\":\"de\",\"@id\":\"https:\/\/staging.schokologo.com\/de\/#\/schema\/logo\/image\/\",\"url\":\"https:\/\/staging.schokologo.com\/wp-content\/uploads\/2023\/09\/SchokoLogo_Logo.svg\",\"contentUrl\":\"https:\/\/staging.schokologo.com\/wp-content\/uploads\/2023\/09\/SchokoLogo_Logo.svg\",\"width\":270,\"height\":106,\"caption\":\"Schokologo e.K.\"},\"image\":{\"@id\":\"https:\/\/staging.schokologo.com\/de\/#\/schema\/logo\/image\/\"},\"sameAs\":[\"https:\/\/www.facebook.com\/SCHOKOLOGO\",\"https:\/\/x.com\/schokologo\",\"https:\/\/www.instagram.com\/schoko_logo\"],\"description\":\"Personalisierte Schokoladenprodukte und Sonderanfertigungen aus Schokolade. Wir gestalten individuelle Schokoladenkreationen mit Logos, Texten und Designs nach Ihren W\u00fcnschen. Unsere hochwertigen Schokoladenprodukte sind das ideale Geschenk f\u00fcr Kunden, Gesch\u00e4ftspartner und besondere Anl\u00e4sse. Mit den besten Zutaten und ma\u00dfgeschneiderten L\u00f6sungen pr\u00e4sentieren wir Ihre Markenbotschaft auf einzigartige und k\u00f6stliche Weise. Entdecken Sie die Vielfalt unserer Schokoladenprodukte und hinterlassen Sie einen bleibenden Eindruck mit Schokologo.\",\"email\":\"info@schokologo.com\",\"telephone\":\"3677790\",\"legalName\":\"Schokologo e.K.\",\"foundingDate\":\"2003-01-08\",\"vatID\":\"DE220776735\",\"numberOfEmployees\":{\"@type\":\"QuantitativeValue\",\"minValue\":\"51\",\"maxValue\":\"200\"}}]}<\/script>\n<meta property=\"product:price:amount\" content=\"8.33\" \/>\n<meta property=\"product:price:currency\" content=\"EUR\" \/>\n<meta property=\"og:availability\" content=\"instock\" \/>\n<meta property=\"product:availability\" content=\"instock\" \/>\n<meta property=\"product:retailer_item_id\" content=\"SL10222\" \/>\n<meta property=\"product:condition\" content=\"new\" \/>\n<!-- \/ Yoast SEO Premium plugin. -->","yoast_head_json":{"title":"Pralinen Werbe Adventskalender","robots":{"index":"noindex","follow":"follow","max-snippet":"max-snippet:-1","max-image-preview":"max-image-preview:large","max-video-preview":"max-video-preview:-1"},"og_locale":"de_DE","og_type":"article","og_title":"Pralinen Werbe Adventskalender","og_description":"Individueller Werbe-Adventskalender bef\u00fcllt mit Pralinen und einem personalisierten, gebrandeten Schokoladen-Logo. Insgesamt warten ca. 150 g Schoko-Genu\u00df auf Ihre Kunden und das mindestens 24 Tage lang.","og_url":"https:\/\/staging.schokologo.com\/de\/schokologo\/pralinen-werbe-adventskalender","og_site_name":"Choco-Logo","article_publisher":"https:\/\/www.facebook.com\/SCHOKOLOGO","article_modified_time":"2024-08-22T09:26:43+00:00","og_image":[{"width":1234,"height":1920,"url":"https:\/\/staging.schokologo.com\/wp-content\/uploads\/2023\/09\/PralinenAdventskalender_Vorderseite_4nd-scaled.jpg","type":"image\/jpeg"}],"twitter_card":"summary_large_image","twitter_site":"@schokologo","twitter_misc":{"Preis":"8,33&nbsp;&euro; Exluding Tax","Verf\u00fcgbarkeit":"Auf Lager"},"schema":{"@context":"https:\/\/schema.org","@graph":[{"@type":"WebPage","@id":"https:\/\/staging.schokologo.com\/de\/schokologo\/pralinen-werbe-adventskalender","url":"https:\/\/staging.schokologo.com\/de\/schokologo\/pralinen-werbe-adventskalender","name":"Pralinen Werbe Adventskalender","isPartOf":{"@id":"https:\/\/staging.schokologo.com\/de\/#website"},"primaryImageOfPage":{"@id":"https:\/\/staging.schokologo.com\/de\/schokologo\/pralinen-werbe-adventskalender#primaryimage"},"image":{"@id":"https:\/\/staging.schokologo.com\/de\/schokologo\/pralinen-werbe-adventskalender#primaryimage"},"thumbnailUrl":"https:\/\/staging.schokologo.com\/wp-content\/uploads\/2023\/09\/PralinenAdventskalender_Vorderseite_4nd-scaled.jpg","datePublished":"2023-09-27T14:43:39+00:00","dateModified":"2024-08-22T09:26:43+00:00","breadcrumb":{"@id":"https:\/\/staging.schokologo.com\/de\/schokologo\/pralinen-werbe-adventskalender#breadcrumb"},"inLanguage":"de","potentialAction":[{"@type":"ReadAction","target":["https:\/\/staging.schokologo.com\/de\/schokologo\/pralinen-werbe-adventskalender"]}]},{"@type":"ImageObject","inLanguage":"de","@id":"https:\/\/staging.schokologo.com\/de\/schokologo\/pralinen-werbe-adventskalender#primaryimage","url":"https:\/\/staging.schokologo.com\/wp-content\/uploads\/2023\/09\/PralinenAdventskalender_Vorderseite_4nd-scaled.jpg","contentUrl":"https:\/\/staging.schokologo.com\/wp-content\/uploads\/2023\/09\/PralinenAdventskalender_Vorderseite_4nd-scaled.jpg","width":1234,"height":1920,"caption":"Pralinen-Adventskalender_Vorderseite"},{"@type":"BreadcrumbList","@id":"https:\/\/staging.schokologo.com\/de\/schokologo\/pralinen-werbe-adventskalender#breadcrumb","itemListElement":[{"@type":"ListItem","position":1,"name":"Home","item":"https:\/\/staging.schokologo.com\/de"},{"@type":"ListItem","position":2,"name":"Produkte","item":"https:\/\/staging.schokologo.com\/de\/shop"},{"@type":"ListItem","position":3,"name":"Pralinen Werbe Adventskalender"}]},{"@type":"WebSite","@id":"https:\/\/staging.schokologo.com\/de\/#website","url":"https:\/\/staging.schokologo.com\/de\/","name":"Schokologo","description":"Your finest calling card","publisher":{"@id":"https:\/\/staging.schokologo.com\/de\/#organization"},"alternateName":"Ihr Logo aus edler Schokolade","potentialAction":[{"@type":"SearchAction","target":{"@type":"EntryPoint","urlTemplate":"https:\/\/staging.schokologo.com\/de\/?s={search_term_string}"},"query-input":{"@type":"PropertyValueSpecification","valueRequired":true,"valueName":"search_term_string"}}],"inLanguage":"de"},{"@type":"Organization","@id":"https:\/\/staging.schokologo.com\/de\/#organization","name":"Schokologo e.K.","alternateName":"Schokologo","url":"https:\/\/staging.schokologo.com\/de\/","logo":{"@type":"ImageObject","inLanguage":"de","@id":"https:\/\/staging.schokologo.com\/de\/#\/schema\/logo\/image\/","url":"https:\/\/staging.schokologo.com\/wp-content\/uploads\/2023\/09\/SchokoLogo_Logo.svg","contentUrl":"https:\/\/staging.schokologo.com\/wp-content\/uploads\/2023\/09\/SchokoLogo_Logo.svg","width":270,"height":106,"caption":"Schokologo e.K."},"image":{"@id":"https:\/\/staging.schokologo.com\/de\/#\/schema\/logo\/image\/"},"sameAs":["https:\/\/www.facebook.com\/SCHOKOLOGO","https:\/\/x.com\/schokologo","https:\/\/www.instagram.com\/schoko_logo"],"description":"Personalisierte Schokoladenprodukte und Sonderanfertigungen aus Schokolade. Wir gestalten individuelle Schokoladenkreationen mit Logos, Texten und Designs nach Ihren W\u00fcnschen. Unsere hochwertigen Schokoladenprodukte sind das ideale Geschenk f\u00fcr Kunden, Gesch\u00e4ftspartner und besondere Anl\u00e4sse. Mit den besten Zutaten und ma\u00dfgeschneiderten L\u00f6sungen pr\u00e4sentieren wir Ihre Markenbotschaft auf einzigartige und k\u00f6stliche Weise. Entdecken Sie die Vielfalt unserer Schokoladenprodukte und hinterlassen Sie einen bleibenden Eindruck mit Schokologo.","email":"info@schokologo.com","telephone":"3677790","legalName":"Schokologo e.K.","foundingDate":"2003-01-08","vatID":"DE220776735","numberOfEmployees":{"@type":"QuantitativeValue","minValue":"51","maxValue":"200"}}]},"product_price_amount":"8.33","product_price_currency":"EUR","og_availability":"instock","product_availability":"instock","product_retailer_item_id":"SL10222","product_condition":"new"},"_links":{"self":[{"href":"https:\/\/staging.schokologo.com\/de\/wp-json\/wp\/v2\/product\/57052","targetHints":{"allow":["GET"]}}],"collection":[{"href":"https:\/\/staging.schokologo.com\/de\/wp-json\/wp\/v2\/product"}],"about":[{"href":"https:\/\/staging.schokologo.com\/de\/wp-json\/wp\/v2\/types\/product"}],"version-history":[{"count":2,"href":"https:\/\/staging.schokologo.com\/de\/wp-json\/wp\/v2\/product\/57052\/revisions"}],"predecessor-version":[{"id":61385,"href":"https:\/\/staging.schokologo.com\/de\/wp-json\/wp\/v2\/product\/57052\/revisions\/61385"}],"wp:featuredmedia":[{"embeddable":true,"href":"https:\/\/staging.schokologo.com\/de\/wp-json\/wp\/v2\/media\/49417"}],"wp:attachment":[{"href":"https:\/\/staging.schokologo.com\/de\/wp-json\/wp\/v2\/media?parent=57052"}],"wp:term":[{"taxonomy":"product_brand","embeddable":true,"href":"https:\/\/staging.schokologo.com\/de\/wp-json\/wp\/v2\/product_brand?post=57052"},{"taxonomy":"product_cat","embeddable":true,"href":"https:\/\/staging.schokologo.com\/de\/wp-json\/wp\/v2\/product_cat?post=57052"},{"taxonomy":"product_tag","embeddable":true,"href":"https:\/\/staging.schokologo.com\/de\/wp-json\/wp\/v2\/product_tag?post=57052"}],"curies":[{"name":"wp","href":"https:\/\/api.w.org\/{rel}","templated":true}]}}