{"id":57044,"date":"2023-09-27T14:43:33","date_gmt":"2023-09-27T14:43:33","guid":{"rendered":"http:\/\/custom-chocolate.biz\/?product=werbe-etikett-schokolade-logo"},"modified":"2025-03-16T09:20:07","modified_gmt":"2025-03-16T08:20:07","slug":"werbe-etikett-schokolade-logo","status":"publish","type":"product","link":"https:\/\/staging.schokologo.com\/de\/schokologo\/werbe-etikett-schokolade-logo","title":{"rendered":"Schoko mit Werbe-Etikett"},"content":{"rendered":"<p>Eine Schokot\u00e4felchen einzeln verpackt in einer Klarsichtfolie mit einem 4c individuell bedrukten Werbe-Erikett.<\/p>\n<p>Nach Wunsch kann die Schokolade auch individuell gepr\u00e4gt werden. Alternativ f\u00fcr den Sommer &#8211; Kekse mit Werbe-Etikett.<\/p>\n<p>Die Schoko mit Werbe-Etikett passn hervorang als give away auf Messen und Veranstaltungen.<\/p>\n<p>&nbsp;<\/p>\n<p>&nbsp;<\/p>\n","protected":false},"excerpt":{"rendered":"<p>Eine Schokot\u00e4felchen einzeln verpackt in einer Klarsichtfolie mit einem 4c individuell bedrukten Werbe-Erikett.<\/p>\n<p>Nach Wunsch kann die Schokolade auch individuell gepr\u00e4gt werden.<\/p>\n<p>Die Schoko mit Werbe-Etikett passn hervorang als give away auf Messen und Veranstaltungen.<\/p>\n","protected":false},"featured_media":49393,"template":"","meta":{"_acf_changed":false},"product_brand":[2904],"product_cat":[2974,2938],"product_tag":[3584],"class_list":{"0":"post-57044","1":"product","2":"type-product","3":"status-publish","4":"has-post-thumbnail","6":"product_brand-schokologo-e-k","7":"product_cat-giveaways-incentives","8":"product_cat-verpackung","9":"product_tag-verpackung","11":"first","12":"instock","13":"taxable","14":"shipping-taxable","15":"purchasable","16":"product-type-simple"},"acf":{"sl_product_custom_field":"","sl_inquire_only_product":true},"yoast_head":"<!-- This site is optimized with the Yoast SEO Premium plugin v26.5 (Yoast SEO v27.2) - https:\/\/yoast.com\/product\/yoast-seo-premium-wordpress\/ -->\n<title>Schoko mit Werbe-Etikett<\/title>\n<meta name=\"robots\" content=\"noindex, follow, max-snippet:-1, max-image-preview:large, max-video-preview:-1\" \/>\n<meta property=\"og:locale\" content=\"de_DE\" \/>\n<meta property=\"og:type\" content=\"article\" \/>\n<meta property=\"og:title\" content=\"Schoko mit Werbe-Etikett\" \/>\n<meta property=\"og:description\" content=\"Eine Schokot\u00e4felchen einzeln verpackt in einer Klarsichtfolie mit einem 4c individuell bedrukten Werbe-Erikett. Nach Wunsch kann die Schokolade auch individuell gepr\u00e4gt werden. Die Schoko mit Werbe-Etikett passn hervorang als give away auf Messen und Veranstaltungen.\" \/>\n<meta property=\"og:url\" content=\"https:\/\/staging.schokologo.com\/de\/schokologo\/werbe-etikett-schokolade-logo\" \/>\n<meta property=\"og:site_name\" content=\"Choco-Logo\" \/>\n<meta property=\"article:publisher\" content=\"https:\/\/www.facebook.com\/SCHOKOLOGO\" \/>\n<meta property=\"article:modified_time\" content=\"2025-03-16T08:20:07+00:00\" \/>\n<meta property=\"og:image\" content=\"https:\/\/staging.schokologo.com\/wp-content\/uploads\/2023\/09\/SchokomitWerbeEtikettBOVyWz06s7jLE_4nd.jpg\" \/>\n\t<meta property=\"og:image:width\" content=\"1600\" \/>\n\t<meta property=\"og:image:height\" content=\"1231\" \/>\n\t<meta property=\"og:image:type\" content=\"image\/jpeg\" \/>\n<meta name=\"twitter:card\" content=\"summary_large_image\" \/>\n<meta name=\"twitter:site\" content=\"@schokologo\" \/>\n<meta name=\"twitter:label1\" content=\"Preis\" \/>\n\t<meta name=\"twitter:data1\" content=\"0,01&nbsp;&euro; Exluding Tax\" \/>\n\t<meta name=\"twitter:label2\" content=\"Verf\u00fcgbarkeit\" \/>\n\t<meta name=\"twitter:data2\" content=\"Auf Lager\" \/>\n<script type=\"application\/ld+json\" class=\"yoast-schema-graph\">{\"@context\":\"https:\/\/schema.org\",\"@graph\":[{\"@type\":\"WebPage\",\"@id\":\"https:\/\/staging.schokologo.com\/de\/schokologo\/werbe-etikett-schokolade-logo\",\"url\":\"https:\/\/staging.schokologo.com\/de\/schokologo\/werbe-etikett-schokolade-logo\",\"name\":\"Schoko mit Werbe-Etikett\",\"isPartOf\":{\"@id\":\"https:\/\/staging.schokologo.com\/de\/#website\"},\"primaryImageOfPage\":{\"@id\":\"https:\/\/staging.schokologo.com\/de\/schokologo\/werbe-etikett-schokolade-logo#primaryimage\"},\"image\":{\"@id\":\"https:\/\/staging.schokologo.com\/de\/schokologo\/werbe-etikett-schokolade-logo#primaryimage\"},\"thumbnailUrl\":\"https:\/\/staging.schokologo.com\/wp-content\/uploads\/2023\/09\/SchokomitWerbeEtikettBOVyWz06s7jLE_4nd.jpg\",\"datePublished\":\"2023-09-27T14:43:33+00:00\",\"dateModified\":\"2025-03-16T08:20:07+00:00\",\"breadcrumb\":{\"@id\":\"https:\/\/staging.schokologo.com\/de\/schokologo\/werbe-etikett-schokolade-logo#breadcrumb\"},\"inLanguage\":\"de\",\"potentialAction\":[{\"@type\":\"ReadAction\",\"target\":[\"https:\/\/staging.schokologo.com\/de\/schokologo\/werbe-etikett-schokolade-logo\"]}]},{\"@type\":\"ImageObject\",\"inLanguage\":\"de\",\"@id\":\"https:\/\/staging.schokologo.com\/de\/schokologo\/werbe-etikett-schokolade-logo#primaryimage\",\"url\":\"https:\/\/staging.schokologo.com\/wp-content\/uploads\/2023\/09\/SchokomitWerbeEtikettBOVyWz06s7jLE_4nd.jpg\",\"contentUrl\":\"https:\/\/staging.schokologo.com\/wp-content\/uploads\/2023\/09\/SchokomitWerbeEtikettBOVyWz06s7jLE_4nd.jpg\",\"width\":1600,\"height\":1231,\"caption\":\"Schoko-mit-Werbe-EtikettBOVyWz06s7jLE\"},{\"@type\":\"BreadcrumbList\",\"@id\":\"https:\/\/staging.schokologo.com\/de\/schokologo\/werbe-etikett-schokolade-logo#breadcrumb\",\"itemListElement\":[{\"@type\":\"ListItem\",\"position\":1,\"name\":\"Home\",\"item\":\"https:\/\/staging.schokologo.com\/de\"},{\"@type\":\"ListItem\",\"position\":2,\"name\":\"Produkte\",\"item\":\"https:\/\/staging.schokologo.com\/de\/shop\"},{\"@type\":\"ListItem\",\"position\":3,\"name\":\"Schoko mit Werbe-Etikett\"}]},{\"@type\":\"WebSite\",\"@id\":\"https:\/\/staging.schokologo.com\/de\/#website\",\"url\":\"https:\/\/staging.schokologo.com\/de\/\",\"name\":\"Schokologo\",\"description\":\"Your finest calling card\",\"publisher\":{\"@id\":\"https:\/\/staging.schokologo.com\/de\/#organization\"},\"alternateName\":\"Ihr Logo aus edler Schokolade\",\"potentialAction\":[{\"@type\":\"SearchAction\",\"target\":{\"@type\":\"EntryPoint\",\"urlTemplate\":\"https:\/\/staging.schokologo.com\/de\/?s={search_term_string}\"},\"query-input\":{\"@type\":\"PropertyValueSpecification\",\"valueRequired\":true,\"valueName\":\"search_term_string\"}}],\"inLanguage\":\"de\"},{\"@type\":\"Organization\",\"@id\":\"https:\/\/staging.schokologo.com\/de\/#organization\",\"name\":\"Schokologo e.K.\",\"alternateName\":\"Schokologo\",\"url\":\"https:\/\/staging.schokologo.com\/de\/\",\"logo\":{\"@type\":\"ImageObject\",\"inLanguage\":\"de\",\"@id\":\"https:\/\/staging.schokologo.com\/de\/#\/schema\/logo\/image\/\",\"url\":\"https:\/\/staging.schokologo.com\/wp-content\/uploads\/2023\/09\/SchokoLogo_Logo.svg\",\"contentUrl\":\"https:\/\/staging.schokologo.com\/wp-content\/uploads\/2023\/09\/SchokoLogo_Logo.svg\",\"width\":270,\"height\":106,\"caption\":\"Schokologo e.K.\"},\"image\":{\"@id\":\"https:\/\/staging.schokologo.com\/de\/#\/schema\/logo\/image\/\"},\"sameAs\":[\"https:\/\/www.facebook.com\/SCHOKOLOGO\",\"https:\/\/x.com\/schokologo\",\"https:\/\/www.instagram.com\/schoko_logo\"],\"description\":\"Personalisierte Schokoladenprodukte und Sonderanfertigungen aus Schokolade. Wir gestalten individuelle Schokoladenkreationen mit Logos, Texten und Designs nach Ihren W\u00fcnschen. Unsere hochwertigen Schokoladenprodukte sind das ideale Geschenk f\u00fcr Kunden, Gesch\u00e4ftspartner und besondere Anl\u00e4sse. Mit den besten Zutaten und ma\u00dfgeschneiderten L\u00f6sungen pr\u00e4sentieren wir Ihre Markenbotschaft auf einzigartige und k\u00f6stliche Weise. Entdecken Sie die Vielfalt unserer Schokoladenprodukte und hinterlassen Sie einen bleibenden Eindruck mit Schokologo.\",\"email\":\"info@schokologo.com\",\"telephone\":\"3677790\",\"legalName\":\"Schokologo e.K.\",\"foundingDate\":\"2003-01-08\",\"vatID\":\"DE220776735\",\"numberOfEmployees\":{\"@type\":\"QuantitativeValue\",\"minValue\":\"51\",\"maxValue\":\"200\"}}]}<\/script>\n<meta property=\"product:price:amount\" content=\"0.01\" \/>\n<meta property=\"product:price:currency\" content=\"EUR\" \/>\n<meta property=\"og:availability\" content=\"instock\" \/>\n<meta property=\"product:availability\" content=\"instock\" \/>\n<meta property=\"product:retailer_item_id\" content=\"SL10218\" \/>\n<meta property=\"product:condition\" content=\"new\" \/>\n<!-- \/ Yoast SEO Premium plugin. -->","yoast_head_json":{"title":"Schoko mit Werbe-Etikett","robots":{"index":"noindex","follow":"follow","max-snippet":"max-snippet:-1","max-image-preview":"max-image-preview:large","max-video-preview":"max-video-preview:-1"},"og_locale":"de_DE","og_type":"article","og_title":"Schoko mit Werbe-Etikett","og_description":"Eine Schokot\u00e4felchen einzeln verpackt in einer Klarsichtfolie mit einem 4c individuell bedrukten Werbe-Erikett. Nach Wunsch kann die Schokolade auch individuell gepr\u00e4gt werden. Die Schoko mit Werbe-Etikett passn hervorang als give away auf Messen und Veranstaltungen.","og_url":"https:\/\/staging.schokologo.com\/de\/schokologo\/werbe-etikett-schokolade-logo","og_site_name":"Choco-Logo","article_publisher":"https:\/\/www.facebook.com\/SCHOKOLOGO","article_modified_time":"2025-03-16T08:20:07+00:00","og_image":[{"width":1600,"height":1231,"url":"https:\/\/staging.schokologo.com\/wp-content\/uploads\/2023\/09\/SchokomitWerbeEtikettBOVyWz06s7jLE_4nd.jpg","type":"image\/jpeg"}],"twitter_card":"summary_large_image","twitter_site":"@schokologo","twitter_misc":{"Preis":"0,01&nbsp;&euro; Exluding Tax","Verf\u00fcgbarkeit":"Auf Lager"},"schema":{"@context":"https:\/\/schema.org","@graph":[{"@type":"WebPage","@id":"https:\/\/staging.schokologo.com\/de\/schokologo\/werbe-etikett-schokolade-logo","url":"https:\/\/staging.schokologo.com\/de\/schokologo\/werbe-etikett-schokolade-logo","name":"Schoko mit Werbe-Etikett","isPartOf":{"@id":"https:\/\/staging.schokologo.com\/de\/#website"},"primaryImageOfPage":{"@id":"https:\/\/staging.schokologo.com\/de\/schokologo\/werbe-etikett-schokolade-logo#primaryimage"},"image":{"@id":"https:\/\/staging.schokologo.com\/de\/schokologo\/werbe-etikett-schokolade-logo#primaryimage"},"thumbnailUrl":"https:\/\/staging.schokologo.com\/wp-content\/uploads\/2023\/09\/SchokomitWerbeEtikettBOVyWz06s7jLE_4nd.jpg","datePublished":"2023-09-27T14:43:33+00:00","dateModified":"2025-03-16T08:20:07+00:00","breadcrumb":{"@id":"https:\/\/staging.schokologo.com\/de\/schokologo\/werbe-etikett-schokolade-logo#breadcrumb"},"inLanguage":"de","potentialAction":[{"@type":"ReadAction","target":["https:\/\/staging.schokologo.com\/de\/schokologo\/werbe-etikett-schokolade-logo"]}]},{"@type":"ImageObject","inLanguage":"de","@id":"https:\/\/staging.schokologo.com\/de\/schokologo\/werbe-etikett-schokolade-logo#primaryimage","url":"https:\/\/staging.schokologo.com\/wp-content\/uploads\/2023\/09\/SchokomitWerbeEtikettBOVyWz06s7jLE_4nd.jpg","contentUrl":"https:\/\/staging.schokologo.com\/wp-content\/uploads\/2023\/09\/SchokomitWerbeEtikettBOVyWz06s7jLE_4nd.jpg","width":1600,"height":1231,"caption":"Schoko-mit-Werbe-EtikettBOVyWz06s7jLE"},{"@type":"BreadcrumbList","@id":"https:\/\/staging.schokologo.com\/de\/schokologo\/werbe-etikett-schokolade-logo#breadcrumb","itemListElement":[{"@type":"ListItem","position":1,"name":"Home","item":"https:\/\/staging.schokologo.com\/de"},{"@type":"ListItem","position":2,"name":"Produkte","item":"https:\/\/staging.schokologo.com\/de\/shop"},{"@type":"ListItem","position":3,"name":"Schoko mit Werbe-Etikett"}]},{"@type":"WebSite","@id":"https:\/\/staging.schokologo.com\/de\/#website","url":"https:\/\/staging.schokologo.com\/de\/","name":"Schokologo","description":"Your finest calling card","publisher":{"@id":"https:\/\/staging.schokologo.com\/de\/#organization"},"alternateName":"Ihr Logo aus edler Schokolade","potentialAction":[{"@type":"SearchAction","target":{"@type":"EntryPoint","urlTemplate":"https:\/\/staging.schokologo.com\/de\/?s={search_term_string}"},"query-input":{"@type":"PropertyValueSpecification","valueRequired":true,"valueName":"search_term_string"}}],"inLanguage":"de"},{"@type":"Organization","@id":"https:\/\/staging.schokologo.com\/de\/#organization","name":"Schokologo e.K.","alternateName":"Schokologo","url":"https:\/\/staging.schokologo.com\/de\/","logo":{"@type":"ImageObject","inLanguage":"de","@id":"https:\/\/staging.schokologo.com\/de\/#\/schema\/logo\/image\/","url":"https:\/\/staging.schokologo.com\/wp-content\/uploads\/2023\/09\/SchokoLogo_Logo.svg","contentUrl":"https:\/\/staging.schokologo.com\/wp-content\/uploads\/2023\/09\/SchokoLogo_Logo.svg","width":270,"height":106,"caption":"Schokologo e.K."},"image":{"@id":"https:\/\/staging.schokologo.com\/de\/#\/schema\/logo\/image\/"},"sameAs":["https:\/\/www.facebook.com\/SCHOKOLOGO","https:\/\/x.com\/schokologo","https:\/\/www.instagram.com\/schoko_logo"],"description":"Personalisierte Schokoladenprodukte und Sonderanfertigungen aus Schokolade. Wir gestalten individuelle Schokoladenkreationen mit Logos, Texten und Designs nach Ihren W\u00fcnschen. Unsere hochwertigen Schokoladenprodukte sind das ideale Geschenk f\u00fcr Kunden, Gesch\u00e4ftspartner und besondere Anl\u00e4sse. Mit den besten Zutaten und ma\u00dfgeschneiderten L\u00f6sungen pr\u00e4sentieren wir Ihre Markenbotschaft auf einzigartige und k\u00f6stliche Weise. Entdecken Sie die Vielfalt unserer Schokoladenprodukte und hinterlassen Sie einen bleibenden Eindruck mit Schokologo.","email":"info@schokologo.com","telephone":"3677790","legalName":"Schokologo e.K.","foundingDate":"2003-01-08","vatID":"DE220776735","numberOfEmployees":{"@type":"QuantitativeValue","minValue":"51","maxValue":"200"}}]},"product_price_amount":"0.01","product_price_currency":"EUR","og_availability":"instock","product_availability":"instock","product_retailer_item_id":"SL10218","product_condition":"new"},"_links":{"self":[{"href":"https:\/\/staging.schokologo.com\/de\/wp-json\/wp\/v2\/product\/57044","targetHints":{"allow":["GET"]}}],"collection":[{"href":"https:\/\/staging.schokologo.com\/de\/wp-json\/wp\/v2\/product"}],"about":[{"href":"https:\/\/staging.schokologo.com\/de\/wp-json\/wp\/v2\/types\/product"}],"version-history":[{"count":1,"href":"https:\/\/staging.schokologo.com\/de\/wp-json\/wp\/v2\/product\/57044\/revisions"}],"predecessor-version":[{"id":61529,"href":"https:\/\/staging.schokologo.com\/de\/wp-json\/wp\/v2\/product\/57044\/revisions\/61529"}],"wp:featuredmedia":[{"embeddable":true,"href":"https:\/\/staging.schokologo.com\/de\/wp-json\/wp\/v2\/media\/49393"}],"wp:attachment":[{"href":"https:\/\/staging.schokologo.com\/de\/wp-json\/wp\/v2\/media?parent=57044"}],"wp:term":[{"taxonomy":"product_brand","embeddable":true,"href":"https:\/\/staging.schokologo.com\/de\/wp-json\/wp\/v2\/product_brand?post=57044"},{"taxonomy":"product_cat","embeddable":true,"href":"https:\/\/staging.schokologo.com\/de\/wp-json\/wp\/v2\/product_cat?post=57044"},{"taxonomy":"product_tag","embeddable":true,"href":"https:\/\/staging.schokologo.com\/de\/wp-json\/wp\/v2\/product_tag?post=57044"}],"curies":[{"name":"wp","href":"https:\/\/api.w.org\/{rel}","templated":true}]}}