{"id":56988,"date":"2023-09-27T14:42:52","date_gmt":"2023-09-27T14:42:52","guid":{"rendered":"http:\/\/custom-chocolate.biz\/?product=klarsichtbox-stulpbox-schokolade-werbegeschenk-weihnachten-besonderer-anlass-schokolade-in-klarsichtbox-schokolade-in-stulpbox-schokolade-als-give-away-durchsichtige-box-schoko-klarsichtverpackung-eff"},"modified":"2025-03-16T09:20:07","modified_gmt":"2025-03-16T08:20:07","slug":"klarsichtbox-stulpbox-schokolade-werbegeschenk-weihnachten-besonderer-anlass-schokolade-in-klarsichtbox-schokolade-in-stulpbox-schokolade-als-give-away-durchsichtige-box-schoko-klarsichtverpackung-eff","status":"publish","type":"product","link":"https:\/\/staging.schokologo.com\/de\/schokologo\/klarsichtbox-stulpbox-schokolade-werbegeschenk-weihnachten-besonderer-anlass-schokolade-in-klarsichtbox-schokolade-in-stulpbox-schokolade-als-give-away-durchsichtige-box-schoko-klarsichtverpackung-eff","title":{"rendered":"Effektvolle Schoko-Klarsichtverpackung"},"content":{"rendered":"<p>Die durchsichtige St\u00fclpbox gibt die Sicht auf Ihr schokoladiges Motiv gerne frei. So ist der Werbeaufdruck der Schokolade sofort sichtbar, ohne dass die Geschenkverpackung ge\u00f6ffnet werden muss.<\/p>\n<p>Die Schokolade wird edel auf einem goldenen Karton pr\u00e4sentiert. Um den Look der durchsichtigen Schokoladenbox abzurunden, wird sie mit einer goldenen Schleife zusammengehalten.<\/p>\n<p>Verpackungsgr\u00f6\u00dfe: 152x75x12mm<\/p>\n<p>Passt zur Schokoladengr\u00f6\u00dfe: 147x70x5mm, ca. 65g<\/p>\n<p>Weitere Gr\u00f6\u00dfen auf Anfrage.<\/p>\n","protected":false},"excerpt":{"rendered":"<p>Edle Schokolade in effektvoller Schoko-Klarsichtverpackung mit goldener Schleife verziert, ideal als Werbegeschenk f\u00fcr den besonderen Anla\u00df<\/p>\n","protected":false},"featured_media":49335,"template":"","meta":{"_acf_changed":false},"product_brand":[2904],"product_cat":[2938],"product_tag":[3584],"class_list":{"0":"post-56988","1":"product","2":"type-product","3":"status-publish","4":"has-post-thumbnail","6":"product_brand-schokologo-e-k","7":"product_cat-verpackung","8":"product_tag-verpackung","10":"first","11":"instock","12":"taxable","13":"shipping-taxable","14":"purchasable","15":"product-type-simple"},"acf":{"sl_product_custom_field":"","sl_inquire_only_product":true},"yoast_head":"<!-- This site is optimized with the Yoast SEO Premium plugin v26.5 (Yoast SEO v27.2) - https:\/\/yoast.com\/product\/yoast-seo-premium-wordpress\/ -->\n<title>Schoko-Klarsichtverpackung<\/title>\n<meta name=\"robots\" content=\"noindex, follow, max-snippet:-1, max-image-preview:large, max-video-preview:-1\" \/>\n<meta property=\"og:locale\" content=\"de_DE\" \/>\n<meta property=\"og:type\" content=\"article\" \/>\n<meta property=\"og:title\" content=\"Effektvolle Schoko-Klarsichtverpackung\" \/>\n<meta property=\"og:description\" content=\"Edle Schokolade in effektvoller Schoko-Klarsichtverpackung mit goldener Schleife verziert, ideal als Werbegeschenk f\u00fcr den besonderen Anla\u00df\" \/>\n<meta property=\"og:url\" content=\"https:\/\/staging.schokologo.com\/de\/schokologo\/klarsichtbox-stulpbox-schokolade-werbegeschenk-weihnachten-besonderer-anlass-schokolade-in-klarsichtbox-schokolade-in-stulpbox-schokolade-als-give-away-durchsichtige-box-schoko-klarsichtverpackung-eff\" \/>\n<meta property=\"og:site_name\" content=\"Choco-Logo\" \/>\n<meta property=\"article:publisher\" content=\"https:\/\/www.facebook.com\/SCHOKOLOGO\" \/>\n<meta property=\"article:modified_time\" content=\"2025-03-16T08:20:07+00:00\" \/>\n<meta property=\"og:image\" content=\"https:\/\/staging.schokologo.com\/wp-content\/uploads\/2023\/09\/BespokeChocolateClearBox_All1_4nd.jpg\" \/>\n\t<meta property=\"og:image:width\" content=\"1920\" \/>\n\t<meta property=\"og:image:height\" content=\"1134\" \/>\n\t<meta property=\"og:image:type\" content=\"image\/jpeg\" \/>\n<meta name=\"twitter:card\" content=\"summary_large_image\" \/>\n<meta name=\"twitter:site\" content=\"@schokologo\" \/>\n<meta name=\"twitter:label1\" content=\"Preis\" \/>\n\t<meta name=\"twitter:data1\" content=\"0,01&nbsp;&euro; Exluding Tax\" \/>\n\t<meta name=\"twitter:label2\" content=\"Verf\u00fcgbarkeit\" \/>\n\t<meta name=\"twitter:data2\" content=\"Auf Lager\" \/>\n<script type=\"application\/ld+json\" class=\"yoast-schema-graph\">{\"@context\":\"https:\/\/schema.org\",\"@graph\":[{\"@type\":\"WebPage\",\"@id\":\"https:\/\/staging.schokologo.com\/de\/schokologo\/klarsichtbox-stulpbox-schokolade-werbegeschenk-weihnachten-besonderer-anlass-schokolade-in-klarsichtbox-schokolade-in-stulpbox-schokolade-als-give-away-durchsichtige-box-schoko-klarsichtverpackung-eff\",\"url\":\"https:\/\/staging.schokologo.com\/de\/schokologo\/klarsichtbox-stulpbox-schokolade-werbegeschenk-weihnachten-besonderer-anlass-schokolade-in-klarsichtbox-schokolade-in-stulpbox-schokolade-als-give-away-durchsichtige-box-schoko-klarsichtverpackung-eff\",\"name\":\"Schoko-Klarsichtverpackung\",\"isPartOf\":{\"@id\":\"https:\/\/staging.schokologo.com\/de\/#website\"},\"primaryImageOfPage\":{\"@id\":\"https:\/\/staging.schokologo.com\/de\/schokologo\/klarsichtbox-stulpbox-schokolade-werbegeschenk-weihnachten-besonderer-anlass-schokolade-in-klarsichtbox-schokolade-in-stulpbox-schokolade-als-give-away-durchsichtige-box-schoko-klarsichtverpackung-eff#primaryimage\"},\"image\":{\"@id\":\"https:\/\/staging.schokologo.com\/de\/schokologo\/klarsichtbox-stulpbox-schokolade-werbegeschenk-weihnachten-besonderer-anlass-schokolade-in-klarsichtbox-schokolade-in-stulpbox-schokolade-als-give-away-durchsichtige-box-schoko-klarsichtverpackung-eff#primaryimage\"},\"thumbnailUrl\":\"https:\/\/staging.schokologo.com\/wp-content\/uploads\/2023\/09\/BespokeChocolateClearBox_All1_4nd.jpg\",\"datePublished\":\"2023-09-27T14:42:52+00:00\",\"dateModified\":\"2025-03-16T08:20:07+00:00\",\"breadcrumb\":{\"@id\":\"https:\/\/staging.schokologo.com\/de\/schokologo\/klarsichtbox-stulpbox-schokolade-werbegeschenk-weihnachten-besonderer-anlass-schokolade-in-klarsichtbox-schokolade-in-stulpbox-schokolade-als-give-away-durchsichtige-box-schoko-klarsichtverpackung-eff#breadcrumb\"},\"inLanguage\":\"de\",\"potentialAction\":[{\"@type\":\"ReadAction\",\"target\":[\"https:\/\/staging.schokologo.com\/de\/schokologo\/klarsichtbox-stulpbox-schokolade-werbegeschenk-weihnachten-besonderer-anlass-schokolade-in-klarsichtbox-schokolade-in-stulpbox-schokolade-als-give-away-durchsichtige-box-schoko-klarsichtverpackung-eff\"]}]},{\"@type\":\"ImageObject\",\"inLanguage\":\"de\",\"@id\":\"https:\/\/staging.schokologo.com\/de\/schokologo\/klarsichtbox-stulpbox-schokolade-werbegeschenk-weihnachten-besonderer-anlass-schokolade-in-klarsichtbox-schokolade-in-stulpbox-schokolade-als-give-away-durchsichtige-box-schoko-klarsichtverpackung-eff#primaryimage\",\"url\":\"https:\/\/staging.schokologo.com\/wp-content\/uploads\/2023\/09\/BespokeChocolateClearBox_All1_4nd.jpg\",\"contentUrl\":\"https:\/\/staging.schokologo.com\/wp-content\/uploads\/2023\/09\/BespokeChocolateClearBox_All1_4nd.jpg\",\"width\":1920,\"height\":1134,\"caption\":\"Bespoke-Chocolate-ClearBox_All1\"},{\"@type\":\"BreadcrumbList\",\"@id\":\"https:\/\/staging.schokologo.com\/de\/schokologo\/klarsichtbox-stulpbox-schokolade-werbegeschenk-weihnachten-besonderer-anlass-schokolade-in-klarsichtbox-schokolade-in-stulpbox-schokolade-als-give-away-durchsichtige-box-schoko-klarsichtverpackung-eff#breadcrumb\",\"itemListElement\":[{\"@type\":\"ListItem\",\"position\":1,\"name\":\"Home\",\"item\":\"https:\/\/staging.schokologo.com\/de\"},{\"@type\":\"ListItem\",\"position\":2,\"name\":\"Produkte\",\"item\":\"https:\/\/staging.schokologo.com\/de\/shop\"},{\"@type\":\"ListItem\",\"position\":3,\"name\":\"Effektvolle Schoko-Klarsichtverpackung\"}]},{\"@type\":\"WebSite\",\"@id\":\"https:\/\/staging.schokologo.com\/de\/#website\",\"url\":\"https:\/\/staging.schokologo.com\/de\/\",\"name\":\"Schokologo\",\"description\":\"Your finest calling card\",\"publisher\":{\"@id\":\"https:\/\/staging.schokologo.com\/de\/#organization\"},\"alternateName\":\"Ihr Logo aus edler Schokolade\",\"potentialAction\":[{\"@type\":\"SearchAction\",\"target\":{\"@type\":\"EntryPoint\",\"urlTemplate\":\"https:\/\/staging.schokologo.com\/de\/?s={search_term_string}\"},\"query-input\":{\"@type\":\"PropertyValueSpecification\",\"valueRequired\":true,\"valueName\":\"search_term_string\"}}],\"inLanguage\":\"de\"},{\"@type\":\"Organization\",\"@id\":\"https:\/\/staging.schokologo.com\/de\/#organization\",\"name\":\"Schokologo e.K.\",\"alternateName\":\"Schokologo\",\"url\":\"https:\/\/staging.schokologo.com\/de\/\",\"logo\":{\"@type\":\"ImageObject\",\"inLanguage\":\"de\",\"@id\":\"https:\/\/staging.schokologo.com\/de\/#\/schema\/logo\/image\/\",\"url\":\"https:\/\/staging.schokologo.com\/wp-content\/uploads\/2023\/09\/SchokoLogo_Logo.svg\",\"contentUrl\":\"https:\/\/staging.schokologo.com\/wp-content\/uploads\/2023\/09\/SchokoLogo_Logo.svg\",\"width\":270,\"height\":106,\"caption\":\"Schokologo e.K.\"},\"image\":{\"@id\":\"https:\/\/staging.schokologo.com\/de\/#\/schema\/logo\/image\/\"},\"sameAs\":[\"https:\/\/www.facebook.com\/SCHOKOLOGO\",\"https:\/\/x.com\/schokologo\",\"https:\/\/www.instagram.com\/schoko_logo\"],\"description\":\"Personalisierte Schokoladenprodukte und Sonderanfertigungen aus Schokolade. Wir gestalten individuelle Schokoladenkreationen mit Logos, Texten und Designs nach Ihren W\u00fcnschen. Unsere hochwertigen Schokoladenprodukte sind das ideale Geschenk f\u00fcr Kunden, Gesch\u00e4ftspartner und besondere Anl\u00e4sse. Mit den besten Zutaten und ma\u00dfgeschneiderten L\u00f6sungen pr\u00e4sentieren wir Ihre Markenbotschaft auf einzigartige und k\u00f6stliche Weise. Entdecken Sie die Vielfalt unserer Schokoladenprodukte und hinterlassen Sie einen bleibenden Eindruck mit Schokologo.\",\"email\":\"info@schokologo.com\",\"telephone\":\"3677790\",\"legalName\":\"Schokologo e.K.\",\"foundingDate\":\"2003-01-08\",\"vatID\":\"DE220776735\",\"numberOfEmployees\":{\"@type\":\"QuantitativeValue\",\"minValue\":\"51\",\"maxValue\":\"200\"}}]}<\/script>\n<meta property=\"product:price:amount\" content=\"0.01\" \/>\n<meta property=\"product:price:currency\" content=\"EUR\" \/>\n<meta property=\"og:availability\" content=\"instock\" \/>\n<meta property=\"product:availability\" content=\"instock\" \/>\n<meta property=\"product:retailer_item_id\" content=\"SL10206\" \/>\n<meta property=\"product:condition\" content=\"new\" \/>\n<!-- \/ Yoast SEO Premium plugin. -->","yoast_head_json":{"title":"Schoko-Klarsichtverpackung","robots":{"index":"noindex","follow":"follow","max-snippet":"max-snippet:-1","max-image-preview":"max-image-preview:large","max-video-preview":"max-video-preview:-1"},"og_locale":"de_DE","og_type":"article","og_title":"Effektvolle Schoko-Klarsichtverpackung","og_description":"Edle Schokolade in effektvoller Schoko-Klarsichtverpackung mit goldener Schleife verziert, ideal als Werbegeschenk f\u00fcr den besonderen Anla\u00df","og_url":"https:\/\/staging.schokologo.com\/de\/schokologo\/klarsichtbox-stulpbox-schokolade-werbegeschenk-weihnachten-besonderer-anlass-schokolade-in-klarsichtbox-schokolade-in-stulpbox-schokolade-als-give-away-durchsichtige-box-schoko-klarsichtverpackung-eff","og_site_name":"Choco-Logo","article_publisher":"https:\/\/www.facebook.com\/SCHOKOLOGO","article_modified_time":"2025-03-16T08:20:07+00:00","og_image":[{"width":1920,"height":1134,"url":"https:\/\/staging.schokologo.com\/wp-content\/uploads\/2023\/09\/BespokeChocolateClearBox_All1_4nd.jpg","type":"image\/jpeg"}],"twitter_card":"summary_large_image","twitter_site":"@schokologo","twitter_misc":{"Preis":"0,01&nbsp;&euro; Exluding Tax","Verf\u00fcgbarkeit":"Auf Lager"},"schema":{"@context":"https:\/\/schema.org","@graph":[{"@type":"WebPage","@id":"https:\/\/staging.schokologo.com\/de\/schokologo\/klarsichtbox-stulpbox-schokolade-werbegeschenk-weihnachten-besonderer-anlass-schokolade-in-klarsichtbox-schokolade-in-stulpbox-schokolade-als-give-away-durchsichtige-box-schoko-klarsichtverpackung-eff","url":"https:\/\/staging.schokologo.com\/de\/schokologo\/klarsichtbox-stulpbox-schokolade-werbegeschenk-weihnachten-besonderer-anlass-schokolade-in-klarsichtbox-schokolade-in-stulpbox-schokolade-als-give-away-durchsichtige-box-schoko-klarsichtverpackung-eff","name":"Schoko-Klarsichtverpackung","isPartOf":{"@id":"https:\/\/staging.schokologo.com\/de\/#website"},"primaryImageOfPage":{"@id":"https:\/\/staging.schokologo.com\/de\/schokologo\/klarsichtbox-stulpbox-schokolade-werbegeschenk-weihnachten-besonderer-anlass-schokolade-in-klarsichtbox-schokolade-in-stulpbox-schokolade-als-give-away-durchsichtige-box-schoko-klarsichtverpackung-eff#primaryimage"},"image":{"@id":"https:\/\/staging.schokologo.com\/de\/schokologo\/klarsichtbox-stulpbox-schokolade-werbegeschenk-weihnachten-besonderer-anlass-schokolade-in-klarsichtbox-schokolade-in-stulpbox-schokolade-als-give-away-durchsichtige-box-schoko-klarsichtverpackung-eff#primaryimage"},"thumbnailUrl":"https:\/\/staging.schokologo.com\/wp-content\/uploads\/2023\/09\/BespokeChocolateClearBox_All1_4nd.jpg","datePublished":"2023-09-27T14:42:52+00:00","dateModified":"2025-03-16T08:20:07+00:00","breadcrumb":{"@id":"https:\/\/staging.schokologo.com\/de\/schokologo\/klarsichtbox-stulpbox-schokolade-werbegeschenk-weihnachten-besonderer-anlass-schokolade-in-klarsichtbox-schokolade-in-stulpbox-schokolade-als-give-away-durchsichtige-box-schoko-klarsichtverpackung-eff#breadcrumb"},"inLanguage":"de","potentialAction":[{"@type":"ReadAction","target":["https:\/\/staging.schokologo.com\/de\/schokologo\/klarsichtbox-stulpbox-schokolade-werbegeschenk-weihnachten-besonderer-anlass-schokolade-in-klarsichtbox-schokolade-in-stulpbox-schokolade-als-give-away-durchsichtige-box-schoko-klarsichtverpackung-eff"]}]},{"@type":"ImageObject","inLanguage":"de","@id":"https:\/\/staging.schokologo.com\/de\/schokologo\/klarsichtbox-stulpbox-schokolade-werbegeschenk-weihnachten-besonderer-anlass-schokolade-in-klarsichtbox-schokolade-in-stulpbox-schokolade-als-give-away-durchsichtige-box-schoko-klarsichtverpackung-eff#primaryimage","url":"https:\/\/staging.schokologo.com\/wp-content\/uploads\/2023\/09\/BespokeChocolateClearBox_All1_4nd.jpg","contentUrl":"https:\/\/staging.schokologo.com\/wp-content\/uploads\/2023\/09\/BespokeChocolateClearBox_All1_4nd.jpg","width":1920,"height":1134,"caption":"Bespoke-Chocolate-ClearBox_All1"},{"@type":"BreadcrumbList","@id":"https:\/\/staging.schokologo.com\/de\/schokologo\/klarsichtbox-stulpbox-schokolade-werbegeschenk-weihnachten-besonderer-anlass-schokolade-in-klarsichtbox-schokolade-in-stulpbox-schokolade-als-give-away-durchsichtige-box-schoko-klarsichtverpackung-eff#breadcrumb","itemListElement":[{"@type":"ListItem","position":1,"name":"Home","item":"https:\/\/staging.schokologo.com\/de"},{"@type":"ListItem","position":2,"name":"Produkte","item":"https:\/\/staging.schokologo.com\/de\/shop"},{"@type":"ListItem","position":3,"name":"Effektvolle Schoko-Klarsichtverpackung"}]},{"@type":"WebSite","@id":"https:\/\/staging.schokologo.com\/de\/#website","url":"https:\/\/staging.schokologo.com\/de\/","name":"Schokologo","description":"Your finest calling card","publisher":{"@id":"https:\/\/staging.schokologo.com\/de\/#organization"},"alternateName":"Ihr Logo aus edler Schokolade","potentialAction":[{"@type":"SearchAction","target":{"@type":"EntryPoint","urlTemplate":"https:\/\/staging.schokologo.com\/de\/?s={search_term_string}"},"query-input":{"@type":"PropertyValueSpecification","valueRequired":true,"valueName":"search_term_string"}}],"inLanguage":"de"},{"@type":"Organization","@id":"https:\/\/staging.schokologo.com\/de\/#organization","name":"Schokologo e.K.","alternateName":"Schokologo","url":"https:\/\/staging.schokologo.com\/de\/","logo":{"@type":"ImageObject","inLanguage":"de","@id":"https:\/\/staging.schokologo.com\/de\/#\/schema\/logo\/image\/","url":"https:\/\/staging.schokologo.com\/wp-content\/uploads\/2023\/09\/SchokoLogo_Logo.svg","contentUrl":"https:\/\/staging.schokologo.com\/wp-content\/uploads\/2023\/09\/SchokoLogo_Logo.svg","width":270,"height":106,"caption":"Schokologo e.K."},"image":{"@id":"https:\/\/staging.schokologo.com\/de\/#\/schema\/logo\/image\/"},"sameAs":["https:\/\/www.facebook.com\/SCHOKOLOGO","https:\/\/x.com\/schokologo","https:\/\/www.instagram.com\/schoko_logo"],"description":"Personalisierte Schokoladenprodukte und Sonderanfertigungen aus Schokolade. Wir gestalten individuelle Schokoladenkreationen mit Logos, Texten und Designs nach Ihren W\u00fcnschen. Unsere hochwertigen Schokoladenprodukte sind das ideale Geschenk f\u00fcr Kunden, Gesch\u00e4ftspartner und besondere Anl\u00e4sse. Mit den besten Zutaten und ma\u00dfgeschneiderten L\u00f6sungen pr\u00e4sentieren wir Ihre Markenbotschaft auf einzigartige und k\u00f6stliche Weise. Entdecken Sie die Vielfalt unserer Schokoladenprodukte und hinterlassen Sie einen bleibenden Eindruck mit Schokologo.","email":"info@schokologo.com","telephone":"3677790","legalName":"Schokologo e.K.","foundingDate":"2003-01-08","vatID":"DE220776735","numberOfEmployees":{"@type":"QuantitativeValue","minValue":"51","maxValue":"200"}}]},"product_price_amount":"0.01","product_price_currency":"EUR","og_availability":"instock","product_availability":"instock","product_retailer_item_id":"SL10206","product_condition":"new"},"_links":{"self":[{"href":"https:\/\/staging.schokologo.com\/de\/wp-json\/wp\/v2\/product\/56988","targetHints":{"allow":["GET"]}}],"collection":[{"href":"https:\/\/staging.schokologo.com\/de\/wp-json\/wp\/v2\/product"}],"about":[{"href":"https:\/\/staging.schokologo.com\/de\/wp-json\/wp\/v2\/types\/product"}],"version-history":[{"count":1,"href":"https:\/\/staging.schokologo.com\/de\/wp-json\/wp\/v2\/product\/56988\/revisions"}],"predecessor-version":[{"id":61530,"href":"https:\/\/staging.schokologo.com\/de\/wp-json\/wp\/v2\/product\/56988\/revisions\/61530"}],"wp:featuredmedia":[{"embeddable":true,"href":"https:\/\/staging.schokologo.com\/de\/wp-json\/wp\/v2\/media\/49335"}],"wp:attachment":[{"href":"https:\/\/staging.schokologo.com\/de\/wp-json\/wp\/v2\/media?parent=56988"}],"wp:term":[{"taxonomy":"product_brand","embeddable":true,"href":"https:\/\/staging.schokologo.com\/de\/wp-json\/wp\/v2\/product_brand?post=56988"},{"taxonomy":"product_cat","embeddable":true,"href":"https:\/\/staging.schokologo.com\/de\/wp-json\/wp\/v2\/product_cat?post=56988"},{"taxonomy":"product_tag","embeddable":true,"href":"https:\/\/staging.schokologo.com\/de\/wp-json\/wp\/v2\/product_tag?post=56988"}],"curies":[{"name":"wp","href":"https:\/\/api.w.org\/{rel}","templated":true}]}}