{"id":56888,"date":"2023-09-27T14:41:20","date_gmt":"2023-09-27T14:41:20","guid":{"rendered":"http:\/\/custom-chocolate.biz\/?product=black-or-milk"},"modified":"2025-09-17T12:48:48","modified_gmt":"2025-09-17T10:48:48","slug":"design-schokolade","status":"publish","type":"product","link":"https:\/\/staging.schokologo.com\/de\/schokologo\/design-schokolade","title":{"rendered":"Design-Schokolade"},"content":{"rendered":"<p><strong>Zweifarbige Design-Schokoladen \u2013 edel gerahmt, individuell gepr\u00e4gt<\/strong><\/p>\n<p>Eine innere Tafel mit Ihrem Logo trifft auf eine \u00e4u\u00dferen Rahmen \u2013 harmonisch kombiniert aus zwei Schokoladensorten und auf Wunsch veredelt mit ausgew\u00e4hlten Toppings. Ob rund oder eckig, pur oder bestreut \u2013 jedes St\u00fcck ist ein individuell gestaltbares Schokoladengeschenk mit Markenwirkung.<\/p>\n<p><strong>Produktkonzept:<\/strong><br \/>\n\u2022 Zwei Schokoladen in einem: z.\u202fB. Zartbitter + Vollmilch, Vollmilch + Wei\u00df oder Zartbitter + Wei\u00df<br \/>\n\u2022 Ihr Logo wird pr\u00e4zise in die innere Tafel eingepr\u00e4gt<br \/>\n\u2022 Toppings nach Wahl: Mandeln, Pistazien, Cranberries, Rosinen, Raspeln, Mokkabohnen, Streusel, Ruby-Drops u.v.m.<\/p>\n<p><strong>Formate &amp; Varianten:<\/strong><br \/>\n\u2022 Rund oder quadratisch<br \/>\n\u2022 Durchmesser\/Gr\u00f6\u00dfen: 50\u202fmm bis 140\u202fmm au\u00dfen, 40\u202fmm bis 90\u202fmm innen<br \/>\n\u2022 Gewicht: je nach Variante ca. 30\u202fg bis 120\u202fg<\/p>\n<p><strong>Verpackung:<\/strong><br \/>\n\u2022 Einzelverpackung in silberner, goldener oder individuell bedruckter Faltschachtel<br \/>\n\u2022 Schachtelgr\u00f6\u00dfen: 60\u00d760\u202fmm bis 210\u00d7140\u202fmm<\/p>\n<p><strong>Einsatzm\u00f6glichkeiten:<\/strong><br \/>\nIdeal als hochwertiges Kundengeschenk, zu Weihnachten, Jubil\u00e4en, Messen oder als exklusives Mailing-Beilegerprodukt.<\/p>\n<p><strong>Vorteile auf einen Blick:<\/strong><br \/>\n\u2022 Hochwertige Markenpr\u00e4sentation durch Logopr\u00e4gung<br \/>\n\u2022 Vielseitig individualisierbar (Sorten, Toppings, Verpackung)<br \/>\n\u2022 Produktion auch in kleinen St\u00fcckzahlen m\u00f6glich<br \/>\n\u2022 Edle Optik, starker Geschmack \u2013 mit Erinnerungswert<\/p>\n<p>Alte Beschreibungen:<br \/>\nRunde Zartbitterschokolade, 50mm Durchmesser umkreist eine runde Vollmilch-Schokoladentafel 40mm Durchmesser.<br \/>\nIhr Logo wird auf die Vollmilchtafel eingepr\u00e4gt.<\/p>\n<p>Originell, individuell und traumhaft lecker.<\/p>\n<p>Perfekt zu Weihnachten und besondere Feiertage.<\/p>\n<p>Zartbitterschokolade: 50 Durchmesser.<br \/>\nVollmilchschokolade: 40 Durchmesser<\/p>\n<p>Verpackung: Einzeln verpackt in sibernen, goldene oder vierfarbig bedruckten Schachteln<\/p>\n<p>Schachtelgr\u00f6\u00dfe 60x60x8mm<\/p>\n<p>Produktinformationen &#8222;Dunkel-Milch-Mandeln Kombination&#8220;<br \/>\nZartbitterschokolade der Gr\u00f6\u00dfe 90x90mm umkreist eine Vollmilch Schokoladentafel der Gr\u00f6\u00dfe 50x50mm.<br \/>\nIhr Logo wird auf die Vollmilchtafel gepr\u00e4gt und die auf die Zartbittertafel werden Mandeln gestreut.<br \/>\nOriginell, individuell und traumhaft lecker.<br \/>\nPerfekt zu Weihnachten und besondere Feiertage.<br \/>\nZartbitterschokolade: 90x90mm, ca. 28g<br \/>\nVollmilchschokolade: 50x50mm, ca. 14g<br \/>\nMandeln: ca. 2g<br \/>\nVerpackung: siberne goldene oder vierfarbig bedruckte Schachteln<br \/>\nSchachtelgr\u00f6\u00dfe 100x100x8mm<\/p>\n<p>Produktinformationen &#8222;Black or Milk&#8220;<br \/>\nRunde Zartbitterschokolade, 50mm Durchmesser umkreist eine runde Vollmilch-Schokoladentafel 40mm Durchmesser.<br \/>\nIhr Logo wird auf die Vollmilchtafel eingepr\u00e4gt.<br \/>\nOriginell, individuell und traumhaft lecker.<br \/>\nPerfekt zu Weihnachten und besondere Feiertage.<br \/>\nZartbitterschokolade: 50 Durchmesser.<br \/>\nVollmilchschokolade: 40 Durchmesser<\/p>\n<p>Verpackung: Einzeln verpackt in sibernen, goldenee oder vierfarbig bedruckten Schachteln<br \/>\nSchachtelgr\u00f6\u00dfe 60x60x8mm<\/p>\n<p>Produktinformationen &#8222;Milk or White&#8220;<br \/>\nRunde Vollmilchschokolade, 50mm Durchmesser umkreist eine runde Wei\u00df-Schokoladentafel 40mm Durchmesser.<br \/>\nIhr Logo wird auf die Wei\u00dfschokoladentafel eingepr\u00e4gt.<br \/>\nOriginell, individuell und traumhaft lecker.<br \/>\nPerfekt zu Weihnachten und besondere Feiertage.<br \/>\nVollmilchschokolade: 50 Durchmesser<br \/>\nWei\u00dfe Schokolade: 40 Durchmesser<\/p>\n<p>Verpackung: Einzeln verpackt in sibernen, goldenee oder vierfarbig bedruckten Schachteln<br \/>\nSchachtelgr\u00f6\u00dfe 60x60x8mm<\/p>\n<p>Produktinformationen &#8222;Black or White&#8220;<br \/>\nRunde Zartbitterschokolade, 50mm Durchmesser umkreist eine runde Wei\u00df-Schokoladentafel 40mm Durchmesser.<br \/>\nIhr Logo wird auf die Vollmilchtafel eingepr\u00e4gt.<br \/>\nOriginell, individuell und traumhaft lecker.<br \/>\nPerfekt zu Weihnachten und besondere Feiertage.<br \/>\nZartbitterschokolade: 50 Durchmesser.<br \/>\nWei\u00dfw Schokolade: 40 Durchmesser<\/p>\n<p>Verpackung: Einzeln verpackt in sibernen, goldenee oder vierfarbig bedruckten Schachteln<br \/>\nSchachtelgr\u00f6\u00dfe 60x60x8mm<\/p>\n<p>Produktinformationen &#8222;Design Dunkel-Wei\u00df-Raspel&#8220;<br \/>\nRunde Zartbitterschokolade, 75mm Durchmesser umkreist eine runde Wei\u00df-Schokoladentafel 40mm Durchmesser.<br \/>\nFeine Wei\u00df-Schokoladenraspel werden auf die Zartbitterschokolade gestreut.<br \/>\nIhr Logo wird auf die Wei\u00dfschokoladentafel eingepr\u00e4gt.<br \/>\nZartbitterschokolade: 75 Durchmesser.<br \/>\nWei\u00dfe Schschokolade: 40 Durchmesser<br \/>\nVerpackung: Einzeln verpackt in sibernen, goldenee oder vierfarbig bedruckten Schachteln<br \/>\nSchachtelgr\u00f6\u00dfe 85x85x8mm<\/p>\n<p>Produktinformationen &#8222;Design Milch-Wei\u00df-Raspel&#8220;<br \/>\nRunde Vollmilchschokolade, 75mm Durchmesser umkreist eine runde Wei\u00df-Schokoladentafel 40mm Durchmesser.<br \/>\nFeine Wei\u00dfschokoladenraspel werden auf die Vollmilchschokolade gestreut.<br \/>\nIhr Logo wird auf die Wei\u00dfschokoladentafel eingepr\u00e4gt.<br \/>\nZartbitterschokolade: 75 Durchmesser.<br \/>\nWei\u00dfe Schschokolade: 40 Durchmesser<br \/>\nVerpackung: Einzeln verpackt in sibernen, goldenen oder vierfarbig bedruckten Schachteln<br \/>\nSchachtelgr\u00f6\u00dfe 85x85x8mm<\/p>\n<p>Produktinformationen &#8222;Design Milch-Wei\u00df-Mandeln&#8220;<br \/>\nRunde Vollmilchschokolade, 75mm Durchmesser umkreist eine runde Wei\u00df-Schokoladentafel 40mm Durchmesser.<br \/>\nAuf die Vollmilchschokolade werden gehackte Mandeln gestreut.<br \/>\nIhr Logo wird auf die Wei\u00dfschokoladentafel eingepr\u00e4gt.<br \/>\nZartbitterschokolade: 75 Durchmesser.<br \/>\nWei\u00dfe Schschokolade: 40 Durchmesser<br \/>\nVerpackung: Einzeln verpackt in sibernen, goldenen oder vierfarbig bedruckten Schachteln<br \/>\nSchachtelgr\u00f6\u00dfe 85x85x8mm<\/p>\n<p>Produktinformationen &#8222;Design Mandeln-Rosinen&#8220;<br \/>\nRunde Vollmilchschokolade, 75mm Durchmesser umkreist eine stenf\u00f6rmige Vollmilch-Schokoladentafel 40mm gro\u00df.<br \/>\nAuf die rund Vollmilchschokolade werden gestiftete Mandeln und leckere Rosinen gestreut.<br \/>\nIhr Logo wird auf die stenf\u00f6rmige Vollmilch-Schokolade eingepr\u00e4gt und personalisiert.<br \/>\nZartbitterschokolade: 75 Durchmesser.<br \/>\nWei\u00dfe Schschokolade: 40 Durchmesser<br \/>\nVerpackung: Einzeln verpackt in sibernen, goldenen oder vierfarbig bedruckten Schachteln<br \/>\nSchachtelgr\u00f6\u00dfe 85x85x8mm<\/p>\n<p>Produktinformationen &#8222;Design Dunkel-Milch-Raspel&#8220;<br \/>\nRunde Zartbitterschokolade, 75mm Durchmesser umkreist eine runde Vollmilch-Schokoladentafel 40mm Durchmesser.<br \/>\nFeine Vollmilch-Schokoladenraspel werden auf die Zartbitterschokolade gestreut.<br \/>\nIhr Logo wird auf die Vollmilchschokoladentafel eingepr\u00e4gt und Ihre Schokolade dadurch individualisiert.<br \/>\nZartbitterschokolade: 75 Durchmesser.<br \/>\nVollmilch Schschokolade: 40 Durchmesser<br \/>\nVerpackung: Einzeln verpackt in sibernen, goldene oder vierfarbig bedruckten Schachteln<br \/>\nSchachtelgr\u00f6\u00dfe 85x85x8mm<\/p>\n<p>Produktinformationen &#8222;Design Mokka-Streusel&#8220;<br \/>\nQuadratische Zartbitter-Schokolade, 75x75mm umkreist eine quadratische Vollmilch-Schokoladentafel 40x40mm gro\u00df.<br \/>\nAuf die gro\u00dfe Zarbitterschokolade werden Mokka-Bohnen und leckere Schoko-Streusel gestreut.<br \/>\nIhr Logo wird auf die kleine Vollmilch-Schokolade eingepr\u00e4gt und personalisiert.<br \/>\nZartbitterschokolade: 75x75mm.<br \/>\nVollmilch-Schokolade: 40x40mm<br \/>\nVerpackung: Einzeln verpackt in sibernen, goldenen oder vierfarbig bedruckten Schachteln<br \/>\nSchachtelgr\u00f6\u00dfe 85x85x8mm<\/p>\n<p>Produktinformationen &#8222;Design Pistazien Deluxe&#8220;<br \/>\nQuadratische Zartbitter-Schokolade, 140x140mm umkreist eine quadratische Vollmilch-Schokoladentafel 75x75mm gro\u00df.<br \/>\nAuf die gro\u00dfe Zarbitterschokolade werden Pistazien und leckere wei\u00dfe Schoko-Raspel gestreut.<br \/>\nIhr Logo wird auf die Vollmilch-Schokolade eingepr\u00e4gt und personalisiert.<br \/>\nZartbitterschokolade: 140x140mm.<br \/>\nVollmilch-Schokolade: 75x75mm<br \/>\nVerpackung: Einzeln verpackt in sibernen, goldenen oder vierfarbig bedruckten Schachteln<br \/>\nSchachtelgr\u00f6\u00dfe 150x150x8mm<\/p>\n<p>Produktinformationen &#8222;Design Cranberries Mandeln&#8220;<br \/>\nQuadratische Vollmilch-Schokolade, 140x140mm umkreist eine quadratische Vollmilch-Schokoladentafel 90x90mm gro\u00df.<br \/>\nAuf die gro\u00dfe Zarbitterschokolade werden Cranberries und gestiftete Mandeln gestreut.<br \/>\nIhr Logo wird auf die innere Schokolade eingepr\u00e4gt und personalisiert.<br \/>\nVollmilchschokolade Au\u00dfen: 140x140mm.<br \/>\nVollmilch-Schokolade Innen: 90x90mm<br \/>\nVerpackung: Einzeln verpackt in sibernen, goldenen oder vierfarbig bedruckten Schachteln<br \/>\nSchachtelgr\u00f6\u00dfe 150x150x8mm<\/p>\n<p>Produktinformationen &#8222;Design Pistazien Premium&#8220;<br \/>\nEin Kundengeschenk der Premiumklasse<br \/>\n\u00dcberraschen Sie Schokoladenliebhaber mit einem originellen Geschenk:<br \/>\nEine Rechteckige Premium-Zartbitter-Schokolade (60% Kakao-Gehalt) umkreist eine rechteckige Vollmilch-Schokoladentafel 110x60mm gro\u00df.<br \/>\nAuf die gro\u00dfe Zartbitterschokolade werden gehackte Pistazien und Schoko-Streusel gestreut.<br \/>\nIhr Logo wird auf die Vollmilch-Schokolade eingepr\u00e4gt und personalisiert.<br \/>\nZartbitterschokolade: 210x130mm.<br \/>\nVollmilch-Schokolade: 110x60mm.<br \/>\nVerpackung: Einzeln verpackt in sibernen, goldenen oder vierfarbig bedruckten Schachteln<br \/>\nSchachtelgr\u00f6\u00dfe 210x140x10mm<\/p>\n","protected":false},"excerpt":{"rendered":"<p>Exklusive zweifarbige Design-Schokoladen: eine innere Tafel mit Logo, gerahmt von edler Schokolade. Rund oder eckig, mit Toppings und Premium-Verpackung.<\/p>\n","protected":false},"featured_media":49153,"template":"","meta":{"_acf_changed":false},"product_brand":[2904],"product_cat":[2913],"product_tag":[],"class_list":{"0":"post-56888","1":"product","2":"type-product","3":"status-publish","4":"has-post-thumbnail","6":"product_brand-schokologo-e-k","7":"product_cat-schoko-reliefs","9":"first","10":"instock","11":"taxable","12":"shipping-taxable","13":"purchasable","14":"product-type-variable"},"acf":{"sl_product_custom_field":"zahlreiche Varianten","sl_inquire_only_product":true},"yoast_head":"<!-- This site is optimized with the Yoast SEO Premium plugin v26.5 (Yoast SEO v27.2) - https:\/\/yoast.com\/product\/yoast-seo-premium-wordpress\/ -->\n<title>Design-Schokolade<\/title>\n<meta name=\"description\" content=\"Personalisierte zweifarbige Schokoladen mit Logopr\u00e4gung, rund oder quadratisch, in verschiedenen Gr\u00f6\u00dfen. Mit Toppings und eleganter Verpackung \u2013 ideal als Geschenk.\" \/>\n<meta name=\"robots\" content=\"noindex, follow, max-snippet:-1, max-image-preview:large, max-video-preview:-1\" \/>\n<meta property=\"og:locale\" content=\"de_DE\" \/>\n<meta property=\"og:type\" content=\"article\" \/>\n<meta property=\"og:title\" content=\"Design-Schokolade\" \/>\n<meta property=\"og:description\" content=\"Personalisierte zweifarbige Schokoladen mit Logopr\u00e4gung, rund oder quadratisch, in verschiedenen Gr\u00f6\u00dfen. Mit Toppings und eleganter Verpackung \u2013 ideal als Geschenk.\" \/>\n<meta property=\"og:url\" content=\"https:\/\/staging.schokologo.com\/de\/schokologo\/design-schokolade\" \/>\n<meta property=\"og:site_name\" content=\"Choco-Logo\" \/>\n<meta property=\"article:publisher\" content=\"https:\/\/www.facebook.com\/SCHOKOLOGO\" \/>\n<meta property=\"article:modified_time\" content=\"2025-09-17T10:48:48+00:00\" \/>\n<meta property=\"og:image\" content=\"https:\/\/staging.schokologo.com\/wp-content\/uploads\/2023\/09\/bespokedesignroundchocolate1b_50mm_4nd.jpg\" \/>\n\t<meta property=\"og:image:width\" content=\"1600\" \/>\n\t<meta property=\"og:image:height\" content=\"1431\" \/>\n\t<meta property=\"og:image:type\" content=\"image\/jpeg\" \/>\n<meta name=\"twitter:card\" content=\"summary_large_image\" \/>\n<meta name=\"twitter:site\" content=\"@schokologo\" \/>\n<meta name=\"twitter:label1\" content=\"Verf\u00fcgbarkeit\" \/>\n\t<meta name=\"twitter:data1\" content=\"Auf Lager\" \/>\n<script type=\"application\/ld+json\" class=\"yoast-schema-graph\">{\"@context\":\"https:\/\/schema.org\",\"@graph\":[{\"@type\":\"WebPage\",\"@id\":\"https:\/\/staging.schokologo.com\/de\/schokologo\/design-schokolade\",\"url\":\"https:\/\/staging.schokologo.com\/de\/schokologo\/design-schokolade\",\"name\":\"Design-Schokolade\",\"isPartOf\":{\"@id\":\"https:\/\/staging.schokologo.com\/de\/#website\"},\"primaryImageOfPage\":{\"@id\":\"https:\/\/staging.schokologo.com\/de\/schokologo\/design-schokolade#primaryimage\"},\"image\":{\"@id\":\"https:\/\/staging.schokologo.com\/de\/schokologo\/design-schokolade#primaryimage\"},\"thumbnailUrl\":\"https:\/\/staging.schokologo.com\/wp-content\/uploads\/2023\/09\/bespokedesignroundchocolate1b_50mm_4nd.jpg\",\"datePublished\":\"2023-09-27T14:41:20+00:00\",\"dateModified\":\"2025-09-17T10:48:48+00:00\",\"description\":\"Personalisierte zweifarbige Schokoladen mit Logopr\u00e4gung, rund oder quadratisch, in verschiedenen Gr\u00f6\u00dfen. Mit Toppings und eleganter Verpackung \u2013 ideal als Geschenk.\",\"breadcrumb\":{\"@id\":\"https:\/\/staging.schokologo.com\/de\/schokologo\/design-schokolade#breadcrumb\"},\"inLanguage\":\"de\",\"potentialAction\":[{\"@type\":\"ReadAction\",\"target\":[\"https:\/\/staging.schokologo.com\/de\/schokologo\/design-schokolade\"]}]},{\"@type\":\"ImageObject\",\"inLanguage\":\"de\",\"@id\":\"https:\/\/staging.schokologo.com\/de\/schokologo\/design-schokolade#primaryimage\",\"url\":\"https:\/\/staging.schokologo.com\/wp-content\/uploads\/2023\/09\/bespokedesignroundchocolate1b_50mm_4nd.jpg\",\"contentUrl\":\"https:\/\/staging.schokologo.com\/wp-content\/uploads\/2023\/09\/bespokedesignroundchocolate1b_50mm_4nd.jpg\",\"width\":1600,\"height\":1431,\"caption\":\"bespoke-design-round-chocolate-1b_50mm\"},{\"@type\":\"BreadcrumbList\",\"@id\":\"https:\/\/staging.schokologo.com\/de\/schokologo\/design-schokolade#breadcrumb\",\"itemListElement\":[{\"@type\":\"ListItem\",\"position\":1,\"name\":\"Home\",\"item\":\"https:\/\/staging.schokologo.com\/de\"},{\"@type\":\"ListItem\",\"position\":2,\"name\":\"Produkte\",\"item\":\"https:\/\/staging.schokologo.com\/de\/shop\"},{\"@type\":\"ListItem\",\"position\":3,\"name\":\"Design-Schokolade\"}]},{\"@type\":\"WebSite\",\"@id\":\"https:\/\/staging.schokologo.com\/de\/#website\",\"url\":\"https:\/\/staging.schokologo.com\/de\/\",\"name\":\"Schokologo\",\"description\":\"Your finest calling card\",\"publisher\":{\"@id\":\"https:\/\/staging.schokologo.com\/de\/#organization\"},\"alternateName\":\"Ihr Logo aus edler Schokolade\",\"potentialAction\":[{\"@type\":\"SearchAction\",\"target\":{\"@type\":\"EntryPoint\",\"urlTemplate\":\"https:\/\/staging.schokologo.com\/de\/?s={search_term_string}\"},\"query-input\":{\"@type\":\"PropertyValueSpecification\",\"valueRequired\":true,\"valueName\":\"search_term_string\"}}],\"inLanguage\":\"de\"},{\"@type\":\"Organization\",\"@id\":\"https:\/\/staging.schokologo.com\/de\/#organization\",\"name\":\"Schokologo e.K.\",\"alternateName\":\"Schokologo\",\"url\":\"https:\/\/staging.schokologo.com\/de\/\",\"logo\":{\"@type\":\"ImageObject\",\"inLanguage\":\"de\",\"@id\":\"https:\/\/staging.schokologo.com\/de\/#\/schema\/logo\/image\/\",\"url\":\"https:\/\/staging.schokologo.com\/wp-content\/uploads\/2023\/09\/SchokoLogo_Logo.svg\",\"contentUrl\":\"https:\/\/staging.schokologo.com\/wp-content\/uploads\/2023\/09\/SchokoLogo_Logo.svg\",\"width\":270,\"height\":106,\"caption\":\"Schokologo e.K.\"},\"image\":{\"@id\":\"https:\/\/staging.schokologo.com\/de\/#\/schema\/logo\/image\/\"},\"sameAs\":[\"https:\/\/www.facebook.com\/SCHOKOLOGO\",\"https:\/\/x.com\/schokologo\",\"https:\/\/www.instagram.com\/schoko_logo\"],\"description\":\"Personalisierte Schokoladenprodukte und Sonderanfertigungen aus Schokolade. Wir gestalten individuelle Schokoladenkreationen mit Logos, Texten und Designs nach Ihren W\u00fcnschen. Unsere hochwertigen Schokoladenprodukte sind das ideale Geschenk f\u00fcr Kunden, Gesch\u00e4ftspartner und besondere Anl\u00e4sse. Mit den besten Zutaten und ma\u00dfgeschneiderten L\u00f6sungen pr\u00e4sentieren wir Ihre Markenbotschaft auf einzigartige und k\u00f6stliche Weise. Entdecken Sie die Vielfalt unserer Schokoladenprodukte und hinterlassen Sie einen bleibenden Eindruck mit Schokologo.\",\"email\":\"info@schokologo.com\",\"telephone\":\"3677790\",\"legalName\":\"Schokologo e.K.\",\"foundingDate\":\"2003-01-08\",\"vatID\":\"DE220776735\",\"numberOfEmployees\":{\"@type\":\"QuantitativeValue\",\"minValue\":\"51\",\"maxValue\":\"200\"}}]}<\/script>\n<meta property=\"og:availability\" content=\"instock\" \/>\n<meta property=\"product:availability\" content=\"instock\" \/>\n<meta property=\"product:condition\" content=\"new\" \/>\n<!-- \/ Yoast SEO Premium plugin. -->","yoast_head_json":{"title":"Design-Schokolade","description":"Personalisierte zweifarbige Schokoladen mit Logopr\u00e4gung, rund oder quadratisch, in verschiedenen Gr\u00f6\u00dfen. Mit Toppings und eleganter Verpackung \u2013 ideal als Geschenk.","robots":{"index":"noindex","follow":"follow","max-snippet":"max-snippet:-1","max-image-preview":"max-image-preview:large","max-video-preview":"max-video-preview:-1"},"og_locale":"de_DE","og_type":"article","og_title":"Design-Schokolade","og_description":"Personalisierte zweifarbige Schokoladen mit Logopr\u00e4gung, rund oder quadratisch, in verschiedenen Gr\u00f6\u00dfen. Mit Toppings und eleganter Verpackung \u2013 ideal als Geschenk.","og_url":"https:\/\/staging.schokologo.com\/de\/schokologo\/design-schokolade","og_site_name":"Choco-Logo","article_publisher":"https:\/\/www.facebook.com\/SCHOKOLOGO","article_modified_time":"2025-09-17T10:48:48+00:00","og_image":[{"width":1600,"height":1431,"url":"https:\/\/staging.schokologo.com\/wp-content\/uploads\/2023\/09\/bespokedesignroundchocolate1b_50mm_4nd.jpg","type":"image\/jpeg"}],"twitter_card":"summary_large_image","twitter_site":"@schokologo","twitter_misc":{"Verf\u00fcgbarkeit":"Auf Lager"},"schema":{"@context":"https:\/\/schema.org","@graph":[{"@type":"WebPage","@id":"https:\/\/staging.schokologo.com\/de\/schokologo\/design-schokolade","url":"https:\/\/staging.schokologo.com\/de\/schokologo\/design-schokolade","name":"Design-Schokolade","isPartOf":{"@id":"https:\/\/staging.schokologo.com\/de\/#website"},"primaryImageOfPage":{"@id":"https:\/\/staging.schokologo.com\/de\/schokologo\/design-schokolade#primaryimage"},"image":{"@id":"https:\/\/staging.schokologo.com\/de\/schokologo\/design-schokolade#primaryimage"},"thumbnailUrl":"https:\/\/staging.schokologo.com\/wp-content\/uploads\/2023\/09\/bespokedesignroundchocolate1b_50mm_4nd.jpg","datePublished":"2023-09-27T14:41:20+00:00","dateModified":"2025-09-17T10:48:48+00:00","description":"Personalisierte zweifarbige Schokoladen mit Logopr\u00e4gung, rund oder quadratisch, in verschiedenen Gr\u00f6\u00dfen. Mit Toppings und eleganter Verpackung \u2013 ideal als Geschenk.","breadcrumb":{"@id":"https:\/\/staging.schokologo.com\/de\/schokologo\/design-schokolade#breadcrumb"},"inLanguage":"de","potentialAction":[{"@type":"ReadAction","target":["https:\/\/staging.schokologo.com\/de\/schokologo\/design-schokolade"]}]},{"@type":"ImageObject","inLanguage":"de","@id":"https:\/\/staging.schokologo.com\/de\/schokologo\/design-schokolade#primaryimage","url":"https:\/\/staging.schokologo.com\/wp-content\/uploads\/2023\/09\/bespokedesignroundchocolate1b_50mm_4nd.jpg","contentUrl":"https:\/\/staging.schokologo.com\/wp-content\/uploads\/2023\/09\/bespokedesignroundchocolate1b_50mm_4nd.jpg","width":1600,"height":1431,"caption":"bespoke-design-round-chocolate-1b_50mm"},{"@type":"BreadcrumbList","@id":"https:\/\/staging.schokologo.com\/de\/schokologo\/design-schokolade#breadcrumb","itemListElement":[{"@type":"ListItem","position":1,"name":"Home","item":"https:\/\/staging.schokologo.com\/de"},{"@type":"ListItem","position":2,"name":"Produkte","item":"https:\/\/staging.schokologo.com\/de\/shop"},{"@type":"ListItem","position":3,"name":"Design-Schokolade"}]},{"@type":"WebSite","@id":"https:\/\/staging.schokologo.com\/de\/#website","url":"https:\/\/staging.schokologo.com\/de\/","name":"Schokologo","description":"Your finest calling card","publisher":{"@id":"https:\/\/staging.schokologo.com\/de\/#organization"},"alternateName":"Ihr Logo aus edler Schokolade","potentialAction":[{"@type":"SearchAction","target":{"@type":"EntryPoint","urlTemplate":"https:\/\/staging.schokologo.com\/de\/?s={search_term_string}"},"query-input":{"@type":"PropertyValueSpecification","valueRequired":true,"valueName":"search_term_string"}}],"inLanguage":"de"},{"@type":"Organization","@id":"https:\/\/staging.schokologo.com\/de\/#organization","name":"Schokologo e.K.","alternateName":"Schokologo","url":"https:\/\/staging.schokologo.com\/de\/","logo":{"@type":"ImageObject","inLanguage":"de","@id":"https:\/\/staging.schokologo.com\/de\/#\/schema\/logo\/image\/","url":"https:\/\/staging.schokologo.com\/wp-content\/uploads\/2023\/09\/SchokoLogo_Logo.svg","contentUrl":"https:\/\/staging.schokologo.com\/wp-content\/uploads\/2023\/09\/SchokoLogo_Logo.svg","width":270,"height":106,"caption":"Schokologo e.K."},"image":{"@id":"https:\/\/staging.schokologo.com\/de\/#\/schema\/logo\/image\/"},"sameAs":["https:\/\/www.facebook.com\/SCHOKOLOGO","https:\/\/x.com\/schokologo","https:\/\/www.instagram.com\/schoko_logo"],"description":"Personalisierte Schokoladenprodukte und Sonderanfertigungen aus Schokolade. Wir gestalten individuelle Schokoladenkreationen mit Logos, Texten und Designs nach Ihren W\u00fcnschen. Unsere hochwertigen Schokoladenprodukte sind das ideale Geschenk f\u00fcr Kunden, Gesch\u00e4ftspartner und besondere Anl\u00e4sse. Mit den besten Zutaten und ma\u00dfgeschneiderten L\u00f6sungen pr\u00e4sentieren wir Ihre Markenbotschaft auf einzigartige und k\u00f6stliche Weise. Entdecken Sie die Vielfalt unserer Schokoladenprodukte und hinterlassen Sie einen bleibenden Eindruck mit Schokologo.","email":"info@schokologo.com","telephone":"3677790","legalName":"Schokologo e.K.","foundingDate":"2003-01-08","vatID":"DE220776735","numberOfEmployees":{"@type":"QuantitativeValue","minValue":"51","maxValue":"200"}}]},"og_availability":"instock","product_availability":"instock","product_condition":"new"},"_links":{"self":[{"href":"https:\/\/staging.schokologo.com\/de\/wp-json\/wp\/v2\/product\/56888","targetHints":{"allow":["GET"]}}],"collection":[{"href":"https:\/\/staging.schokologo.com\/de\/wp-json\/wp\/v2\/product"}],"about":[{"href":"https:\/\/staging.schokologo.com\/de\/wp-json\/wp\/v2\/types\/product"}],"version-history":[{"count":10,"href":"https:\/\/staging.schokologo.com\/de\/wp-json\/wp\/v2\/product\/56888\/revisions"}],"predecessor-version":[{"id":69988,"href":"https:\/\/staging.schokologo.com\/de\/wp-json\/wp\/v2\/product\/56888\/revisions\/69988"}],"wp:featuredmedia":[{"embeddable":true,"href":"https:\/\/staging.schokologo.com\/de\/wp-json\/wp\/v2\/media\/49153"}],"wp:attachment":[{"href":"https:\/\/staging.schokologo.com\/de\/wp-json\/wp\/v2\/media?parent=56888"}],"wp:term":[{"taxonomy":"product_brand","embeddable":true,"href":"https:\/\/staging.schokologo.com\/de\/wp-json\/wp\/v2\/product_brand?post=56888"},{"taxonomy":"product_cat","embeddable":true,"href":"https:\/\/staging.schokologo.com\/de\/wp-json\/wp\/v2\/product_cat?post=56888"},{"taxonomy":"product_tag","embeddable":true,"href":"https:\/\/staging.schokologo.com\/de\/wp-json\/wp\/v2\/product_tag?post=56888"}],"curies":[{"name":"wp","href":"https:\/\/api.w.org\/{rel}","templated":true}]}}