{"id":56450,"date":"2023-09-27T14:38:17","date_gmt":"2023-09-27T14:38:17","guid":{"rendered":"http:\/\/custom-chocolate.biz\/?product=zahnrad-auf-stange"},"modified":"2024-05-28T11:40:35","modified_gmt":"2024-05-28T09:40:35","slug":"zahnrad-auf-stange","status":"publish","type":"product","link":"https:\/\/staging.schokologo.com\/de\/schokologo\/zahnrad-auf-stange","title":{"rendered":"Zahnrad auf Stange"},"content":{"rendered":"<p>Schoko Produktnachbildung &#8211; Bewegliches Zahnrad<\/p>\n<p>Eine Zahnrad-Form l\u00e4\u00dft sich spielend auf der Stange rollen und bringt bestimmt ein L\u00e4cheln und Freude auf Ihrem Messestand&nbsp;auf.<\/p>\n<p>Ein Erlebnis l\u00e4sst Appetit aufkommen: Leichte Schokolade macht das Bewegen eines Rads einfach. Ihr Geschenk wird griffbereit zu einem interaktiven Kunstwerk, ihr Kunde aktiv und begeistert sein.<\/p>\n<p>Beispielgr\u00f6\u00dfe: 4 cm x 8,5 cm.<\/p>\n<p>Weitere Gr\u00f6\u00dfen nach Ihrem Wunsch.<\/p>\n<p>Design in Vollmilch-, Zartbitter- und wei\u00dfer Schokolade erh\u00e4ltlich.<\/p>\n<p>&nbsp;<\/p>\n<p>Zur Produktion ben\u00f6tigen wir entweder ein echtes Muster zugeschickt oder 3D-Daten in stl-Format.<\/p>\n<p>Verpackung wird individuell angepasst. Schokolade in Klarsichtbeutel eingeschwei\u00dft; Gold-, Silber- und bunte Geschenkbox m\u00f6glich.<\/p>\n<p>&nbsp;<\/p>\n<p>Kunst aus Schokolade, Schokoladenspielzeug, Spielzeug aus Schokolade.<\/p>\n<p>tags: Bewegliches Zahnrad, Schokolade, Zahnradform, giveaway, Geschenk, Pr\u00e4sent, Kundengeschenk, Unternehmen, Schokolade.<\/p>\n<p>&nbsp;<\/p>\n<p>Musterbeispiel, nicht bestellbar<\/p>\n","protected":false},"excerpt":{"rendered":"<p>Schoko Produktnachbildung &#8211; Das Zahnrad l\u00e4\u00dft sich spielend auf der Stange rollen und bringt bestimmt ein L\u00e4cheln und Freude auf auf Ihrem Messestand. Kunst aus Schokolade, Schokoladenspielzeug, Spielzeug aus Schokolade. Vollmilch, Zartbitterschokolade, Wei\u00dfe Schokolade.<\/p>\n","protected":false},"featured_media":48659,"template":"","meta":{"_acf_changed":false},"product_brand":[2904],"product_cat":[2919],"product_tag":[],"class_list":{"0":"post-56450","1":"product","2":"type-product","3":"status-publish","4":"has-post-thumbnail","6":"product_brand-schokologo-e-k","7":"product_cat-sonderanfertigung","9":"first","10":"instock","11":"taxable","12":"shipping-taxable","13":"purchasable","14":"product-type-simple"},"acf":{"sl_product_custom_field":"","sl_inquire_only_product":true},"yoast_head":"<!-- This site is optimized with the Yoast SEO Premium plugin v26.5 (Yoast SEO v27.2) - https:\/\/yoast.com\/product\/yoast-seo-premium-wordpress\/ -->\n<title>Produktnachbildung - Zahnrad auf Stange<\/title>\n<meta name=\"robots\" content=\"noindex, follow, max-snippet:-1, max-image-preview:large, max-video-preview:-1\" \/>\n<meta property=\"og:locale\" content=\"de_DE\" \/>\n<meta property=\"og:type\" content=\"article\" \/>\n<meta property=\"og:title\" content=\"Zahnrad auf Stange\" \/>\n<meta property=\"og:description\" content=\"Schoko Produktnachbildung - Das Zahnrad l\u00e4\u00dft sich spielend auf der Stange rollen und bringt bestimmt ein L\u00e4cheln und Freude auf auf Ihrem Messestand. Kunst aus Schokolade, Schokoladenspielzeug, Spielzeug aus Schokolade. Vollmilch, Zartbitterschokolade, Wei\u00dfe Schokolade.\" \/>\n<meta property=\"og:url\" content=\"https:\/\/staging.schokologo.com\/de\/schokologo\/zahnrad-auf-stange\" \/>\n<meta property=\"og:site_name\" content=\"Choco-Logo\" \/>\n<meta property=\"article:publisher\" content=\"https:\/\/www.facebook.com\/SCHOKOLOGO\" \/>\n<meta property=\"article:modified_time\" content=\"2024-05-28T09:40:35+00:00\" \/>\n<meta property=\"og:image\" content=\"https:\/\/staging.schokologo.com\/wp-content\/uploads\/2023\/09\/customchocolategearandrode_4nd.jpg\" \/>\n\t<meta property=\"og:image:width\" content=\"1041\" \/>\n\t<meta property=\"og:image:height\" content=\"695\" \/>\n\t<meta property=\"og:image:type\" content=\"image\/jpeg\" \/>\n<meta name=\"twitter:card\" content=\"summary_large_image\" \/>\n<meta name=\"twitter:site\" content=\"@schokologo\" \/>\n<meta name=\"twitter:label1\" content=\"Preis\" \/>\n\t<meta name=\"twitter:data1\" content=\"1,19&nbsp;&euro; Exluding Tax\" \/>\n\t<meta name=\"twitter:label2\" content=\"Verf\u00fcgbarkeit\" \/>\n\t<meta name=\"twitter:data2\" content=\"Auf Lager\" \/>\n<script type=\"application\/ld+json\" class=\"yoast-schema-graph\">{\"@context\":\"https:\/\/schema.org\",\"@graph\":[{\"@type\":\"WebPage\",\"@id\":\"https:\/\/staging.schokologo.com\/de\/schokologo\/zahnrad-auf-stange\",\"url\":\"https:\/\/staging.schokologo.com\/de\/schokologo\/zahnrad-auf-stange\",\"name\":\"Produktnachbildung - Zahnrad auf Stange\",\"isPartOf\":{\"@id\":\"https:\/\/staging.schokologo.com\/de\/#website\"},\"primaryImageOfPage\":{\"@id\":\"https:\/\/staging.schokologo.com\/de\/schokologo\/zahnrad-auf-stange#primaryimage\"},\"image\":{\"@id\":\"https:\/\/staging.schokologo.com\/de\/schokologo\/zahnrad-auf-stange#primaryimage\"},\"thumbnailUrl\":\"https:\/\/staging.schokologo.com\/wp-content\/uploads\/2023\/09\/customchocolategearandrode_4nd.jpg\",\"datePublished\":\"2023-09-27T14:38:17+00:00\",\"dateModified\":\"2024-05-28T09:40:35+00:00\",\"breadcrumb\":{\"@id\":\"https:\/\/staging.schokologo.com\/de\/schokologo\/zahnrad-auf-stange#breadcrumb\"},\"inLanguage\":\"de\",\"potentialAction\":[{\"@type\":\"ReadAction\",\"target\":[\"https:\/\/staging.schokologo.com\/de\/schokologo\/zahnrad-auf-stange\"]}]},{\"@type\":\"ImageObject\",\"inLanguage\":\"de\",\"@id\":\"https:\/\/staging.schokologo.com\/de\/schokologo\/zahnrad-auf-stange#primaryimage\",\"url\":\"https:\/\/staging.schokologo.com\/wp-content\/uploads\/2023\/09\/customchocolategearandrode_4nd.jpg\",\"contentUrl\":\"https:\/\/staging.schokologo.com\/wp-content\/uploads\/2023\/09\/customchocolategearandrode_4nd.jpg\",\"width\":1041,\"height\":695,\"caption\":\"custom-chocolate-gear-and-rode\"},{\"@type\":\"BreadcrumbList\",\"@id\":\"https:\/\/staging.schokologo.com\/de\/schokologo\/zahnrad-auf-stange#breadcrumb\",\"itemListElement\":[{\"@type\":\"ListItem\",\"position\":1,\"name\":\"Home\",\"item\":\"https:\/\/staging.schokologo.com\/de\"},{\"@type\":\"ListItem\",\"position\":2,\"name\":\"Produkte\",\"item\":\"https:\/\/staging.schokologo.com\/de\/shop\"},{\"@type\":\"ListItem\",\"position\":3,\"name\":\"Zahnrad auf Stange\"}]},{\"@type\":\"WebSite\",\"@id\":\"https:\/\/staging.schokologo.com\/de\/#website\",\"url\":\"https:\/\/staging.schokologo.com\/de\/\",\"name\":\"Schokologo\",\"description\":\"Your finest calling card\",\"publisher\":{\"@id\":\"https:\/\/staging.schokologo.com\/de\/#organization\"},\"alternateName\":\"Ihr Logo aus edler Schokolade\",\"potentialAction\":[{\"@type\":\"SearchAction\",\"target\":{\"@type\":\"EntryPoint\",\"urlTemplate\":\"https:\/\/staging.schokologo.com\/de\/?s={search_term_string}\"},\"query-input\":{\"@type\":\"PropertyValueSpecification\",\"valueRequired\":true,\"valueName\":\"search_term_string\"}}],\"inLanguage\":\"de\"},{\"@type\":\"Organization\",\"@id\":\"https:\/\/staging.schokologo.com\/de\/#organization\",\"name\":\"Schokologo e.K.\",\"alternateName\":\"Schokologo\",\"url\":\"https:\/\/staging.schokologo.com\/de\/\",\"logo\":{\"@type\":\"ImageObject\",\"inLanguage\":\"de\",\"@id\":\"https:\/\/staging.schokologo.com\/de\/#\/schema\/logo\/image\/\",\"url\":\"https:\/\/staging.schokologo.com\/wp-content\/uploads\/2023\/09\/SchokoLogo_Logo.svg\",\"contentUrl\":\"https:\/\/staging.schokologo.com\/wp-content\/uploads\/2023\/09\/SchokoLogo_Logo.svg\",\"width\":270,\"height\":106,\"caption\":\"Schokologo e.K.\"},\"image\":{\"@id\":\"https:\/\/staging.schokologo.com\/de\/#\/schema\/logo\/image\/\"},\"sameAs\":[\"https:\/\/www.facebook.com\/SCHOKOLOGO\",\"https:\/\/x.com\/schokologo\",\"https:\/\/www.instagram.com\/schoko_logo\"],\"description\":\"Personalisierte Schokoladenprodukte und Sonderanfertigungen aus Schokolade. Wir gestalten individuelle Schokoladenkreationen mit Logos, Texten und Designs nach Ihren W\u00fcnschen. Unsere hochwertigen Schokoladenprodukte sind das ideale Geschenk f\u00fcr Kunden, Gesch\u00e4ftspartner und besondere Anl\u00e4sse. Mit den besten Zutaten und ma\u00dfgeschneiderten L\u00f6sungen pr\u00e4sentieren wir Ihre Markenbotschaft auf einzigartige und k\u00f6stliche Weise. Entdecken Sie die Vielfalt unserer Schokoladenprodukte und hinterlassen Sie einen bleibenden Eindruck mit Schokologo.\",\"email\":\"info@schokologo.com\",\"telephone\":\"3677790\",\"legalName\":\"Schokologo e.K.\",\"foundingDate\":\"2003-01-08\",\"vatID\":\"DE220776735\",\"numberOfEmployees\":{\"@type\":\"QuantitativeValue\",\"minValue\":\"51\",\"maxValue\":\"200\"}}]}<\/script>\n<meta property=\"product:price:amount\" content=\"1.19\" \/>\n<meta property=\"product:price:currency\" content=\"EUR\" \/>\n<meta property=\"og:availability\" content=\"instock\" \/>\n<meta property=\"product:availability\" content=\"instock\" \/>\n<meta property=\"product:retailer_item_id\" content=\"SL0004PN\" \/>\n<meta property=\"product:condition\" content=\"new\" \/>\n<!-- \/ Yoast SEO Premium plugin. -->","yoast_head_json":{"title":"Produktnachbildung - Zahnrad auf Stange","robots":{"index":"noindex","follow":"follow","max-snippet":"max-snippet:-1","max-image-preview":"max-image-preview:large","max-video-preview":"max-video-preview:-1"},"og_locale":"de_DE","og_type":"article","og_title":"Zahnrad auf Stange","og_description":"Schoko Produktnachbildung - Das Zahnrad l\u00e4\u00dft sich spielend auf der Stange rollen und bringt bestimmt ein L\u00e4cheln und Freude auf auf Ihrem Messestand. Kunst aus Schokolade, Schokoladenspielzeug, Spielzeug aus Schokolade. Vollmilch, Zartbitterschokolade, Wei\u00dfe Schokolade.","og_url":"https:\/\/staging.schokologo.com\/de\/schokologo\/zahnrad-auf-stange","og_site_name":"Choco-Logo","article_publisher":"https:\/\/www.facebook.com\/SCHOKOLOGO","article_modified_time":"2024-05-28T09:40:35+00:00","og_image":[{"width":1041,"height":695,"url":"https:\/\/staging.schokologo.com\/wp-content\/uploads\/2023\/09\/customchocolategearandrode_4nd.jpg","type":"image\/jpeg"}],"twitter_card":"summary_large_image","twitter_site":"@schokologo","twitter_misc":{"Preis":"1,19&nbsp;&euro; Exluding Tax","Verf\u00fcgbarkeit":"Auf Lager"},"schema":{"@context":"https:\/\/schema.org","@graph":[{"@type":"WebPage","@id":"https:\/\/staging.schokologo.com\/de\/schokologo\/zahnrad-auf-stange","url":"https:\/\/staging.schokologo.com\/de\/schokologo\/zahnrad-auf-stange","name":"Produktnachbildung - Zahnrad auf Stange","isPartOf":{"@id":"https:\/\/staging.schokologo.com\/de\/#website"},"primaryImageOfPage":{"@id":"https:\/\/staging.schokologo.com\/de\/schokologo\/zahnrad-auf-stange#primaryimage"},"image":{"@id":"https:\/\/staging.schokologo.com\/de\/schokologo\/zahnrad-auf-stange#primaryimage"},"thumbnailUrl":"https:\/\/staging.schokologo.com\/wp-content\/uploads\/2023\/09\/customchocolategearandrode_4nd.jpg","datePublished":"2023-09-27T14:38:17+00:00","dateModified":"2024-05-28T09:40:35+00:00","breadcrumb":{"@id":"https:\/\/staging.schokologo.com\/de\/schokologo\/zahnrad-auf-stange#breadcrumb"},"inLanguage":"de","potentialAction":[{"@type":"ReadAction","target":["https:\/\/staging.schokologo.com\/de\/schokologo\/zahnrad-auf-stange"]}]},{"@type":"ImageObject","inLanguage":"de","@id":"https:\/\/staging.schokologo.com\/de\/schokologo\/zahnrad-auf-stange#primaryimage","url":"https:\/\/staging.schokologo.com\/wp-content\/uploads\/2023\/09\/customchocolategearandrode_4nd.jpg","contentUrl":"https:\/\/staging.schokologo.com\/wp-content\/uploads\/2023\/09\/customchocolategearandrode_4nd.jpg","width":1041,"height":695,"caption":"custom-chocolate-gear-and-rode"},{"@type":"BreadcrumbList","@id":"https:\/\/staging.schokologo.com\/de\/schokologo\/zahnrad-auf-stange#breadcrumb","itemListElement":[{"@type":"ListItem","position":1,"name":"Home","item":"https:\/\/staging.schokologo.com\/de"},{"@type":"ListItem","position":2,"name":"Produkte","item":"https:\/\/staging.schokologo.com\/de\/shop"},{"@type":"ListItem","position":3,"name":"Zahnrad auf Stange"}]},{"@type":"WebSite","@id":"https:\/\/staging.schokologo.com\/de\/#website","url":"https:\/\/staging.schokologo.com\/de\/","name":"Schokologo","description":"Your finest calling card","publisher":{"@id":"https:\/\/staging.schokologo.com\/de\/#organization"},"alternateName":"Ihr Logo aus edler Schokolade","potentialAction":[{"@type":"SearchAction","target":{"@type":"EntryPoint","urlTemplate":"https:\/\/staging.schokologo.com\/de\/?s={search_term_string}"},"query-input":{"@type":"PropertyValueSpecification","valueRequired":true,"valueName":"search_term_string"}}],"inLanguage":"de"},{"@type":"Organization","@id":"https:\/\/staging.schokologo.com\/de\/#organization","name":"Schokologo e.K.","alternateName":"Schokologo","url":"https:\/\/staging.schokologo.com\/de\/","logo":{"@type":"ImageObject","inLanguage":"de","@id":"https:\/\/staging.schokologo.com\/de\/#\/schema\/logo\/image\/","url":"https:\/\/staging.schokologo.com\/wp-content\/uploads\/2023\/09\/SchokoLogo_Logo.svg","contentUrl":"https:\/\/staging.schokologo.com\/wp-content\/uploads\/2023\/09\/SchokoLogo_Logo.svg","width":270,"height":106,"caption":"Schokologo e.K."},"image":{"@id":"https:\/\/staging.schokologo.com\/de\/#\/schema\/logo\/image\/"},"sameAs":["https:\/\/www.facebook.com\/SCHOKOLOGO","https:\/\/x.com\/schokologo","https:\/\/www.instagram.com\/schoko_logo"],"description":"Personalisierte Schokoladenprodukte und Sonderanfertigungen aus Schokolade. Wir gestalten individuelle Schokoladenkreationen mit Logos, Texten und Designs nach Ihren W\u00fcnschen. Unsere hochwertigen Schokoladenprodukte sind das ideale Geschenk f\u00fcr Kunden, Gesch\u00e4ftspartner und besondere Anl\u00e4sse. Mit den besten Zutaten und ma\u00dfgeschneiderten L\u00f6sungen pr\u00e4sentieren wir Ihre Markenbotschaft auf einzigartige und k\u00f6stliche Weise. Entdecken Sie die Vielfalt unserer Schokoladenprodukte und hinterlassen Sie einen bleibenden Eindruck mit Schokologo.","email":"info@schokologo.com","telephone":"3677790","legalName":"Schokologo e.K.","foundingDate":"2003-01-08","vatID":"DE220776735","numberOfEmployees":{"@type":"QuantitativeValue","minValue":"51","maxValue":"200"}}]},"product_price_amount":"1.19","product_price_currency":"EUR","og_availability":"instock","product_availability":"instock","product_retailer_item_id":"SL0004PN","product_condition":"new"},"_links":{"self":[{"href":"https:\/\/staging.schokologo.com\/de\/wp-json\/wp\/v2\/product\/56450","targetHints":{"allow":["GET"]}}],"collection":[{"href":"https:\/\/staging.schokologo.com\/de\/wp-json\/wp\/v2\/product"}],"about":[{"href":"https:\/\/staging.schokologo.com\/de\/wp-json\/wp\/v2\/types\/product"}],"version-history":[{"count":0,"href":"https:\/\/staging.schokologo.com\/de\/wp-json\/wp\/v2\/product\/56450\/revisions"}],"wp:featuredmedia":[{"embeddable":true,"href":"https:\/\/staging.schokologo.com\/de\/wp-json\/wp\/v2\/media\/48659"}],"wp:attachment":[{"href":"https:\/\/staging.schokologo.com\/de\/wp-json\/wp\/v2\/media?parent=56450"}],"wp:term":[{"taxonomy":"product_brand","embeddable":true,"href":"https:\/\/staging.schokologo.com\/de\/wp-json\/wp\/v2\/product_brand?post=56450"},{"taxonomy":"product_cat","embeddable":true,"href":"https:\/\/staging.schokologo.com\/de\/wp-json\/wp\/v2\/product_cat?post=56450"},{"taxonomy":"product_tag","embeddable":true,"href":"https:\/\/staging.schokologo.com\/de\/wp-json\/wp\/v2\/product_tag?post=56450"}],"curies":[{"name":"wp","href":"https:\/\/api.w.org\/{rel}","templated":true}]}}