{"id":55954,"date":"2023-09-27T14:35:22","date_gmt":"2023-09-27T14:35:22","guid":{"rendered":"http:\/\/custom-chocolate.biz\/?product=schoko-card-individuell"},"modified":"2025-03-18T02:25:07","modified_gmt":"2025-03-18T01:25:07","slug":"schoko-card-individuell","status":"publish","type":"product","link":"https:\/\/staging.schokologo.com\/de\/schokologo\/schoko-card-individuell","title":{"rendered":"Schoko-Card Individuell"},"content":{"rendered":"<p>Jedes Schokot\u00e4felchen wird erst in Cellophan und dann in einer Gold oder Silbernen Geschenkbox verpackt.<br \/>\nAuf der Box ist &#8222;Frohe Weihnachten&#8220;, &#8222;Frohe Ostern&#8220; oder ein anderer Gru\u00df eingepr\u00e4gt. Alternativ kann auch Ihr Firmenname auf der Gold- oder Silberbox eingepr\u00e4gt werden.<br \/>\nDie Schokolade kann mit einem feierlichen Standard-Motiv geliefert werden oder mit einem individuellen Gru\u00df (ab 300 St.), Ihrem Logo und\/oder weiterer Botschaften und Slogans gepr\u00e4gt. Die Grenzen sind nur durch die eigene Kreativit\u00e4t gesetzt.<br \/>\nUnsere Vollmilchschokolade ist aus feinster belgischer Qualit\u00e4tsschokolade. Hohe Pr\u00e4zision und Detailgenauigkeit ist unsere Spezialit\u00e4t.<\/p>\n<p>Ma\u00dfe Schokolade: 60 x 50 mm, Gewicht: ca. 15g.<br \/>\nMa\u00dfe Schoko-Schachtel: 70&#215;60 mm<\/p>\n<p>\u2022 Schokolade nach Ihrem Motiv<\/p>\n<p>\u2022\u00a0Einzeln verschwei\u00dft in Cellophan<\/p>\n<p>\u2022 Einrichtung und Gussform<\/p>\n<p>\u2022 Beste Qualit\u00e4t \u2013 feinste Belgische Qualit\u00e4tsschokolade<\/p>\n<p>\u2022 Einzeln verpackt in einer silbernen oder goldenen Geschenkbox (Schachtel)<\/p>\n<p>\u2022 Logo-Einpr\u00e4gung auf der Verpackung (1-2 W\u00f6rter oder ein Logo)<\/p>\n<p>\u2022 Gru\u00dfkarte<\/p>\n<p>\u2022 Kuvert in Gold oder Silber<\/p>\n<p>\u2022 Schaumfolie<\/p>\n<p>&nbsp;<\/p>\n","protected":false},"excerpt":{"rendered":"<p>Den Effekt der Sendung einer Gru\u00dfkarte k\u00f6nnen Sie noch steigern, indem Sie eine s\u00fc\u00dfe \u00dcberraschung beif\u00fcgen, in Form einer Schokoladentafel bester Qualit\u00e4t aus feinster belgischer Schokolade gepr\u00e4gt mit einem weihnachtlichen Motiv oder Ihrem Firmenlogo .<\/p>\n","protected":false},"featured_media":48073,"template":"","meta":{"_acf_changed":false},"product_brand":[2904],"product_cat":[2968,2988,3002,2970,2996,2938,2960,3004,3000,3006],"product_tag":[],"class_list":{"0":"post-55954","1":"product","2":"type-product","3":"status-publish","4":"has-post-thumbnail","6":"product_brand-schokologo-e-k","7":"product_cat-firmenjubilaeum","8":"product_cat-kundengeschenke","9":"product_cat-kundengeschenke-weihnachten","10":"product_cat-mailing","11":"product_cat-mitarbeitergeschenke","12":"product_cat-verpackung","13":"product_cat-weihnachten","14":"product_cat-weihnachtsgeschenke-fur-kunden","15":"product_cat-werbe-schokolade","16":"product_cat-werbeartikel-schokolade","18":"first","19":"outofstock","20":"taxable","21":"shipping-taxable","22":"purchasable","23":"product-type-variable"},"acf":{"sl_product_custom_field":"","sl_inquire_only_product":true},"yoast_head":"<!-- This site is optimized with the Yoast SEO Premium plugin v26.5 (Yoast SEO v27.2) - https:\/\/yoast.com\/product\/yoast-seo-premium-wordpress\/ -->\n<title>Schoko-Card individuell<\/title>\n<meta name=\"robots\" content=\"noindex, follow, max-snippet:-1, max-image-preview:large, max-video-preview:-1\" \/>\n<meta property=\"og:locale\" content=\"de_DE\" \/>\n<meta property=\"og:type\" content=\"article\" \/>\n<meta property=\"og:title\" content=\"Schoko-Card Individuell\" \/>\n<meta property=\"og:description\" content=\"Den Effekt der Sendung einer Gru\u00dfkarte k\u00f6nnen Sie noch steigern, indem Sie eine s\u00fc\u00dfe \u00dcberraschung beif\u00fcgen, in Form einer Schokoladentafel bester Qualit\u00e4t aus feinster belgischer Schokolade gepr\u00e4gt mit einem weihnachtlichen Motiv oder Ihrem Firmenlogo .\" \/>\n<meta property=\"og:url\" content=\"https:\/\/staging.schokologo.com\/de\/schokologo\/schoko-card-individuell\" \/>\n<meta property=\"og:site_name\" content=\"Choco-Logo\" \/>\n<meta property=\"article:publisher\" content=\"https:\/\/www.facebook.com\/SCHOKOLOGO\" \/>\n<meta property=\"article:modified_time\" content=\"2025-03-18T01:25:07+00:00\" \/>\n<meta property=\"og:image\" content=\"https:\/\/staging.schokologo.com\/wp-content\/uploads\/2023\/09\/SchokoCardBoxSilberGoldRot_4nd.jpg\" \/>\n\t<meta property=\"og:image:width\" content=\"1200\" \/>\n\t<meta property=\"og:image:height\" content=\"847\" \/>\n\t<meta property=\"og:image:type\" content=\"image\/jpeg\" \/>\n<meta name=\"twitter:card\" content=\"summary_large_image\" \/>\n<meta name=\"twitter:site\" content=\"@schokologo\" \/>\n<meta name=\"twitter:label1\" content=\"Verf\u00fcgbarkeit\" \/>\n\t<meta name=\"twitter:data1\" content=\"ausverkauft\" \/>\n<script type=\"application\/ld+json\" class=\"yoast-schema-graph\">{\"@context\":\"https:\/\/schema.org\",\"@graph\":[{\"@type\":\"WebPage\",\"@id\":\"https:\/\/staging.schokologo.com\/de\/schokologo\/schoko-card-individuell\",\"url\":\"https:\/\/staging.schokologo.com\/de\/schokologo\/schoko-card-individuell\",\"name\":\"Schoko-Card individuell\",\"isPartOf\":{\"@id\":\"https:\/\/staging.schokologo.com\/de\/#website\"},\"primaryImageOfPage\":{\"@id\":\"https:\/\/staging.schokologo.com\/de\/schokologo\/schoko-card-individuell#primaryimage\"},\"image\":{\"@id\":\"https:\/\/staging.schokologo.com\/de\/schokologo\/schoko-card-individuell#primaryimage\"},\"thumbnailUrl\":\"https:\/\/staging.schokologo.com\/wp-content\/uploads\/2023\/09\/SchokoCardBoxSilberGoldRot_4nd.jpg\",\"datePublished\":\"2023-09-27T14:35:22+00:00\",\"dateModified\":\"2025-03-18T01:25:07+00:00\",\"breadcrumb\":{\"@id\":\"https:\/\/staging.schokologo.com\/de\/schokologo\/schoko-card-individuell#breadcrumb\"},\"inLanguage\":\"de\",\"potentialAction\":[{\"@type\":\"ReadAction\",\"target\":[\"https:\/\/staging.schokologo.com\/de\/schokologo\/schoko-card-individuell\"]}]},{\"@type\":\"ImageObject\",\"inLanguage\":\"de\",\"@id\":\"https:\/\/staging.schokologo.com\/de\/schokologo\/schoko-card-individuell#primaryimage\",\"url\":\"https:\/\/staging.schokologo.com\/wp-content\/uploads\/2023\/09\/SchokoCardBoxSilberGoldRot_4nd.jpg\",\"contentUrl\":\"https:\/\/staging.schokologo.com\/wp-content\/uploads\/2023\/09\/SchokoCardBoxSilberGoldRot_4nd.jpg\",\"width\":1200,\"height\":847,\"caption\":\"Schoko-Card-Box-Silber-Gold-Rot\"},{\"@type\":\"BreadcrumbList\",\"@id\":\"https:\/\/staging.schokologo.com\/de\/schokologo\/schoko-card-individuell#breadcrumb\",\"itemListElement\":[{\"@type\":\"ListItem\",\"position\":1,\"name\":\"Home\",\"item\":\"https:\/\/staging.schokologo.com\/de\"},{\"@type\":\"ListItem\",\"position\":2,\"name\":\"Produkte\",\"item\":\"https:\/\/staging.schokologo.com\/de\/shop\"},{\"@type\":\"ListItem\",\"position\":3,\"name\":\"Schoko-Card Individuell\"}]},{\"@type\":\"WebSite\",\"@id\":\"https:\/\/staging.schokologo.com\/de\/#website\",\"url\":\"https:\/\/staging.schokologo.com\/de\/\",\"name\":\"Schokologo\",\"description\":\"Your finest calling card\",\"publisher\":{\"@id\":\"https:\/\/staging.schokologo.com\/de\/#organization\"},\"alternateName\":\"Ihr Logo aus edler Schokolade\",\"potentialAction\":[{\"@type\":\"SearchAction\",\"target\":{\"@type\":\"EntryPoint\",\"urlTemplate\":\"https:\/\/staging.schokologo.com\/de\/?s={search_term_string}\"},\"query-input\":{\"@type\":\"PropertyValueSpecification\",\"valueRequired\":true,\"valueName\":\"search_term_string\"}}],\"inLanguage\":\"de\"},{\"@type\":\"Organization\",\"@id\":\"https:\/\/staging.schokologo.com\/de\/#organization\",\"name\":\"Schokologo e.K.\",\"alternateName\":\"Schokologo\",\"url\":\"https:\/\/staging.schokologo.com\/de\/\",\"logo\":{\"@type\":\"ImageObject\",\"inLanguage\":\"de\",\"@id\":\"https:\/\/staging.schokologo.com\/de\/#\/schema\/logo\/image\/\",\"url\":\"https:\/\/staging.schokologo.com\/wp-content\/uploads\/2023\/09\/SchokoLogo_Logo.svg\",\"contentUrl\":\"https:\/\/staging.schokologo.com\/wp-content\/uploads\/2023\/09\/SchokoLogo_Logo.svg\",\"width\":270,\"height\":106,\"caption\":\"Schokologo e.K.\"},\"image\":{\"@id\":\"https:\/\/staging.schokologo.com\/de\/#\/schema\/logo\/image\/\"},\"sameAs\":[\"https:\/\/www.facebook.com\/SCHOKOLOGO\",\"https:\/\/x.com\/schokologo\",\"https:\/\/www.instagram.com\/schoko_logo\"],\"description\":\"Personalisierte Schokoladenprodukte und Sonderanfertigungen aus Schokolade. Wir gestalten individuelle Schokoladenkreationen mit Logos, Texten und Designs nach Ihren W\u00fcnschen. Unsere hochwertigen Schokoladenprodukte sind das ideale Geschenk f\u00fcr Kunden, Gesch\u00e4ftspartner und besondere Anl\u00e4sse. Mit den besten Zutaten und ma\u00dfgeschneiderten L\u00f6sungen pr\u00e4sentieren wir Ihre Markenbotschaft auf einzigartige und k\u00f6stliche Weise. Entdecken Sie die Vielfalt unserer Schokoladenprodukte und hinterlassen Sie einen bleibenden Eindruck mit Schokologo.\",\"email\":\"info@schokologo.com\",\"telephone\":\"3677790\",\"legalName\":\"Schokologo e.K.\",\"foundingDate\":\"2003-01-08\",\"vatID\":\"DE220776735\",\"numberOfEmployees\":{\"@type\":\"QuantitativeValue\",\"minValue\":\"51\",\"maxValue\":\"200\"}}]}<\/script>\n<meta property=\"og:availability\" content=\"out of stock\" \/>\n<meta property=\"product:availability\" content=\"out of stock\" \/>\n<meta property=\"product:retailer_item_id\" content=\"SC0010REVMGO\" \/>\n<meta property=\"product:condition\" content=\"new\" \/>\n<!-- \/ Yoast SEO Premium plugin. -->","yoast_head_json":{"title":"Schoko-Card individuell","robots":{"index":"noindex","follow":"follow","max-snippet":"max-snippet:-1","max-image-preview":"max-image-preview:large","max-video-preview":"max-video-preview:-1"},"og_locale":"de_DE","og_type":"article","og_title":"Schoko-Card Individuell","og_description":"Den Effekt der Sendung einer Gru\u00dfkarte k\u00f6nnen Sie noch steigern, indem Sie eine s\u00fc\u00dfe \u00dcberraschung beif\u00fcgen, in Form einer Schokoladentafel bester Qualit\u00e4t aus feinster belgischer Schokolade gepr\u00e4gt mit einem weihnachtlichen Motiv oder Ihrem Firmenlogo .","og_url":"https:\/\/staging.schokologo.com\/de\/schokologo\/schoko-card-individuell","og_site_name":"Choco-Logo","article_publisher":"https:\/\/www.facebook.com\/SCHOKOLOGO","article_modified_time":"2025-03-18T01:25:07+00:00","og_image":[{"width":1200,"height":847,"url":"https:\/\/staging.schokologo.com\/wp-content\/uploads\/2023\/09\/SchokoCardBoxSilberGoldRot_4nd.jpg","type":"image\/jpeg"}],"twitter_card":"summary_large_image","twitter_site":"@schokologo","twitter_misc":{"Verf\u00fcgbarkeit":"ausverkauft"},"schema":{"@context":"https:\/\/schema.org","@graph":[{"@type":"WebPage","@id":"https:\/\/staging.schokologo.com\/de\/schokologo\/schoko-card-individuell","url":"https:\/\/staging.schokologo.com\/de\/schokologo\/schoko-card-individuell","name":"Schoko-Card individuell","isPartOf":{"@id":"https:\/\/staging.schokologo.com\/de\/#website"},"primaryImageOfPage":{"@id":"https:\/\/staging.schokologo.com\/de\/schokologo\/schoko-card-individuell#primaryimage"},"image":{"@id":"https:\/\/staging.schokologo.com\/de\/schokologo\/schoko-card-individuell#primaryimage"},"thumbnailUrl":"https:\/\/staging.schokologo.com\/wp-content\/uploads\/2023\/09\/SchokoCardBoxSilberGoldRot_4nd.jpg","datePublished":"2023-09-27T14:35:22+00:00","dateModified":"2025-03-18T01:25:07+00:00","breadcrumb":{"@id":"https:\/\/staging.schokologo.com\/de\/schokologo\/schoko-card-individuell#breadcrumb"},"inLanguage":"de","potentialAction":[{"@type":"ReadAction","target":["https:\/\/staging.schokologo.com\/de\/schokologo\/schoko-card-individuell"]}]},{"@type":"ImageObject","inLanguage":"de","@id":"https:\/\/staging.schokologo.com\/de\/schokologo\/schoko-card-individuell#primaryimage","url":"https:\/\/staging.schokologo.com\/wp-content\/uploads\/2023\/09\/SchokoCardBoxSilberGoldRot_4nd.jpg","contentUrl":"https:\/\/staging.schokologo.com\/wp-content\/uploads\/2023\/09\/SchokoCardBoxSilberGoldRot_4nd.jpg","width":1200,"height":847,"caption":"Schoko-Card-Box-Silber-Gold-Rot"},{"@type":"BreadcrumbList","@id":"https:\/\/staging.schokologo.com\/de\/schokologo\/schoko-card-individuell#breadcrumb","itemListElement":[{"@type":"ListItem","position":1,"name":"Home","item":"https:\/\/staging.schokologo.com\/de"},{"@type":"ListItem","position":2,"name":"Produkte","item":"https:\/\/staging.schokologo.com\/de\/shop"},{"@type":"ListItem","position":3,"name":"Schoko-Card Individuell"}]},{"@type":"WebSite","@id":"https:\/\/staging.schokologo.com\/de\/#website","url":"https:\/\/staging.schokologo.com\/de\/","name":"Schokologo","description":"Your finest calling card","publisher":{"@id":"https:\/\/staging.schokologo.com\/de\/#organization"},"alternateName":"Ihr Logo aus edler Schokolade","potentialAction":[{"@type":"SearchAction","target":{"@type":"EntryPoint","urlTemplate":"https:\/\/staging.schokologo.com\/de\/?s={search_term_string}"},"query-input":{"@type":"PropertyValueSpecification","valueRequired":true,"valueName":"search_term_string"}}],"inLanguage":"de"},{"@type":"Organization","@id":"https:\/\/staging.schokologo.com\/de\/#organization","name":"Schokologo e.K.","alternateName":"Schokologo","url":"https:\/\/staging.schokologo.com\/de\/","logo":{"@type":"ImageObject","inLanguage":"de","@id":"https:\/\/staging.schokologo.com\/de\/#\/schema\/logo\/image\/","url":"https:\/\/staging.schokologo.com\/wp-content\/uploads\/2023\/09\/SchokoLogo_Logo.svg","contentUrl":"https:\/\/staging.schokologo.com\/wp-content\/uploads\/2023\/09\/SchokoLogo_Logo.svg","width":270,"height":106,"caption":"Schokologo e.K."},"image":{"@id":"https:\/\/staging.schokologo.com\/de\/#\/schema\/logo\/image\/"},"sameAs":["https:\/\/www.facebook.com\/SCHOKOLOGO","https:\/\/x.com\/schokologo","https:\/\/www.instagram.com\/schoko_logo"],"description":"Personalisierte Schokoladenprodukte und Sonderanfertigungen aus Schokolade. Wir gestalten individuelle Schokoladenkreationen mit Logos, Texten und Designs nach Ihren W\u00fcnschen. Unsere hochwertigen Schokoladenprodukte sind das ideale Geschenk f\u00fcr Kunden, Gesch\u00e4ftspartner und besondere Anl\u00e4sse. Mit den besten Zutaten und ma\u00dfgeschneiderten L\u00f6sungen pr\u00e4sentieren wir Ihre Markenbotschaft auf einzigartige und k\u00f6stliche Weise. Entdecken Sie die Vielfalt unserer Schokoladenprodukte und hinterlassen Sie einen bleibenden Eindruck mit Schokologo.","email":"info@schokologo.com","telephone":"3677790","legalName":"Schokologo e.K.","foundingDate":"2003-01-08","vatID":"DE220776735","numberOfEmployees":{"@type":"QuantitativeValue","minValue":"51","maxValue":"200"}}]},"og_availability":"out of stock","product_availability":"out of stock","product_retailer_item_id":"SC0010REVMGO","product_condition":"new"},"_links":{"self":[{"href":"https:\/\/staging.schokologo.com\/de\/wp-json\/wp\/v2\/product\/55954","targetHints":{"allow":["GET"]}}],"collection":[{"href":"https:\/\/staging.schokologo.com\/de\/wp-json\/wp\/v2\/product"}],"about":[{"href":"https:\/\/staging.schokologo.com\/de\/wp-json\/wp\/v2\/types\/product"}],"version-history":[{"count":1,"href":"https:\/\/staging.schokologo.com\/de\/wp-json\/wp\/v2\/product\/55954\/revisions"}],"predecessor-version":[{"id":61815,"href":"https:\/\/staging.schokologo.com\/de\/wp-json\/wp\/v2\/product\/55954\/revisions\/61815"}],"wp:featuredmedia":[{"embeddable":true,"href":"https:\/\/staging.schokologo.com\/de\/wp-json\/wp\/v2\/media\/48073"}],"wp:attachment":[{"href":"https:\/\/staging.schokologo.com\/de\/wp-json\/wp\/v2\/media?parent=55954"}],"wp:term":[{"taxonomy":"product_brand","embeddable":true,"href":"https:\/\/staging.schokologo.com\/de\/wp-json\/wp\/v2\/product_brand?post=55954"},{"taxonomy":"product_cat","embeddable":true,"href":"https:\/\/staging.schokologo.com\/de\/wp-json\/wp\/v2\/product_cat?post=55954"},{"taxonomy":"product_tag","embeddable":true,"href":"https:\/\/staging.schokologo.com\/de\/wp-json\/wp\/v2\/product_tag?post=55954"}],"curies":[{"name":"wp","href":"https:\/\/api.w.org\/{rel}","templated":true}]}}