{"id":55610,"date":"2023-09-27T14:33:49","date_gmt":"2023-09-27T14:33:49","guid":{"rendered":"http:\/\/custom-chocolate.biz\/?product=schoko-herz-mini"},"modified":"2025-06-21T09:54:51","modified_gmt":"2025-06-21T07:54:51","slug":"schoko-herz","status":"publish","type":"product","link":"https:\/\/staging.schokologo.com\/de\/schokologo\/schoko-herz","title":{"rendered":"Schoko-Herzen"},"content":{"rendered":"<p>Unsere Schokoladen in Herzform, Individuell und detailgetreu gepr\u00e4gt mit Ihren Logo, Namen und Datum.<br \/>\nWir haben ein Herz f\u00fcr Naschkatzen. Das kann man getrost w\u00f6rtlich nehmen: Die Schoko-Herzen sind lieferbar in diversen Gr\u00f6\u00dfen von 4cm kleine Herzen bis zum 14cm gro\u00df und edel verpackt.<br \/>\nWerbebotschaften, die von Herzen kommen, verfehlen so garantiert nicht ihre Wirkung.<\/p>\n<p>Das Schoko-Herz kann f\u00fcr Mailing auf unserem\u00a0<a title=\"Schoko-Flyer\" href=\"\/de\/schokologo\/schokologo-flyer-a6\">Schoko-Flyer<\/a>\u00a0oder in unserem\u00a0<a title=\"Schoko-Card\" href=\"\/de\/schokologo\/schoko-card-individuell\">Schoko-Card<\/a>\u00a0eingesetzt werden.<\/p>\n<p>Sollten Sie eine andere Herzform w\u00fcnschen, schicken Sie uns Ihre Skizze der Herzform zu mit Angabe der Gr\u00f6\u00dfe, Menge und Verpackungsart. Wir melden uns umgehend mit passendem Angebot.<\/p>\n<p>Wenn Sie Interesse haben an personalisierte Herzen f\u00fcr private Einl\u00e4sse wie Hochzeiten, Silberhochzeiten, Kommunion und andere Feierlichkeiten, besuchen Sie unsere\u00a0<a title=\"https:\/\/choco-secrets.com\/refer=schokologo_de\" href=\"https:\/\/www.choco-secrets.de\" target=\"_blank\" rel=\"noopener\">choco-secrets Homepage<\/a>.<\/p>\n","protected":false},"excerpt":{"rendered":"<p>Herzf\u00f6rmige Schokolade mit Logo. Der Schoko-Stern ideal als als Giveaway, Streuartikel oder eigenst\u00e4ndiges Geschenk &#8211;\u00a0 Erhltlich in 7 verschiedenen Gr\u00f6\u00dfen von 4 bis 14 cm, gepr\u00e4gt mit Ihrem Logo, individuelle Verpackungsm\u00f6glichkeiten und Konfektionierungsidee .<\/p>\n","protected":false},"featured_media":24133,"template":"","meta":{"_acf_changed":false},"product_brand":[2904],"product_cat":[2913],"product_tag":[],"class_list":{"0":"post-55610","1":"product","2":"type-product","3":"status-publish","4":"has-post-thumbnail","6":"product_brand-schokologo-e-k","7":"product_cat-schoko-reliefs","9":"first","10":"instock","11":"taxable","12":"shipping-taxable","13":"purchasable","14":"product-type-variable","15":"has-default-attributes"},"acf":{"sl_product_custom_field":"diverse Herz-Gr\u00f6\u00dfen","sl_inquire_only_product":false},"yoast_head":"<!-- This site is optimized with the Yoast SEO Premium plugin v26.5 (Yoast SEO v27.2) - https:\/\/yoast.com\/product\/yoast-seo-premium-wordpress\/ -->\n<title>Herzen aus Schokolade, mit Ihrem Logo personalisiert<\/title>\n<meta name=\"description\" content=\"Herzf\u00f6rmige Schokolade mit Logo. Das Schoko-Herz ideal als als Giveaway, Streuartikel oder eigenst\u00e4ndiges Geschenk -\u00a0 Erhltlich in 7 verschiedenen Gr\u00f6\u00dfen von 4 bis 14 cm, gepr\u00e4gt mit Ihrem Logo, individuelle Verpackungsm\u00f6glichkeiten und Konfektionierungsideen.\" \/>\n<meta name=\"robots\" content=\"noindex, follow, max-snippet:-1, max-image-preview:large, max-video-preview:-1\" \/>\n<meta property=\"og:locale\" content=\"de_DE\" \/>\n<meta property=\"og:type\" content=\"article\" \/>\n<meta property=\"og:title\" content=\"Schoko-Herzen\" \/>\n<meta property=\"og:description\" content=\"Herzf\u00f6rmige Schokolade mit Logo. Das Schoko-Herz ideal als als Giveaway, Streuartikel oder eigenst\u00e4ndiges Geschenk -\u00a0 Erhltlich in 7 verschiedenen Gr\u00f6\u00dfen von 4 bis 14 cm, gepr\u00e4gt mit Ihrem Logo, individuelle Verpackungsm\u00f6glichkeiten und Konfektionierungsideen.\" \/>\n<meta property=\"og:url\" content=\"https:\/\/staging.schokologo.com\/de\/schokologo\/schoko-herz\" \/>\n<meta property=\"og:site_name\" content=\"Choco-Logo\" \/>\n<meta property=\"article:publisher\" content=\"https:\/\/www.facebook.com\/SCHOKOLOGO\" \/>\n<meta property=\"article:modified_time\" content=\"2025-06-21T07:54:51+00:00\" \/>\n<meta property=\"og:image\" content=\"https:\/\/staging.schokologo.com\/wp-content\/uploads\/2023\/09\/BespokeChocolateHeart90mm_einkaufszentrum.jpg\" \/>\n\t<meta property=\"og:image:width\" content=\"1200\" \/>\n\t<meta property=\"og:image:height\" content=\"1252\" \/>\n\t<meta property=\"og:image:type\" content=\"image\/jpeg\" \/>\n<meta name=\"twitter:card\" content=\"summary_large_image\" \/>\n<meta name=\"twitter:site\" content=\"@schokologo\" \/>\n<meta name=\"twitter:label1\" content=\"Verf\u00fcgbarkeit\" \/>\n\t<meta name=\"twitter:data1\" content=\"Auf Lager\" \/>\n<script type=\"application\/ld+json\" class=\"yoast-schema-graph\">{\"@context\":\"https:\/\/schema.org\",\"@graph\":[{\"@type\":\"WebPage\",\"@id\":\"https:\/\/staging.schokologo.com\/de\/schokologo\/schoko-herz\",\"url\":\"https:\/\/staging.schokologo.com\/de\/schokologo\/schoko-herz\",\"name\":\"Herzen aus Schokolade, mit Ihrem Logo personalisiert\",\"isPartOf\":{\"@id\":\"https:\/\/staging.schokologo.com\/de\/#website\"},\"primaryImageOfPage\":{\"@id\":\"https:\/\/staging.schokologo.com\/de\/schokologo\/schoko-herz#primaryimage\"},\"image\":{\"@id\":\"https:\/\/staging.schokologo.com\/de\/schokologo\/schoko-herz#primaryimage\"},\"thumbnailUrl\":\"https:\/\/staging.schokologo.com\/wp-content\/uploads\/2023\/09\/BespokeChocolateHeart90mm_einkaufszentrum.jpg\",\"datePublished\":\"2023-09-27T14:33:49+00:00\",\"dateModified\":\"2025-06-21T07:54:51+00:00\",\"description\":\"Herzf\u00f6rmige Schokolade mit Logo. Das Schoko-Herz ideal als als Giveaway, Streuartikel oder eigenst\u00e4ndiges Geschenk -\u00a0 Erhltlich in 7 verschiedenen Gr\u00f6\u00dfen von 4 bis 14 cm, gepr\u00e4gt mit Ihrem Logo, individuelle Verpackungsm\u00f6glichkeiten und Konfektionierungsideen.\",\"breadcrumb\":{\"@id\":\"https:\/\/staging.schokologo.com\/de\/schokologo\/schoko-herz#breadcrumb\"},\"inLanguage\":\"de\",\"potentialAction\":[{\"@type\":\"ReadAction\",\"target\":[\"https:\/\/staging.schokologo.com\/de\/schokologo\/schoko-herz\"]}]},{\"@type\":\"ImageObject\",\"inLanguage\":\"de\",\"@id\":\"https:\/\/staging.schokologo.com\/de\/schokologo\/schoko-herz#primaryimage\",\"url\":\"https:\/\/staging.schokologo.com\/wp-content\/uploads\/2023\/09\/BespokeChocolateHeart90mm_einkaufszentrum.jpg\",\"contentUrl\":\"https:\/\/staging.schokologo.com\/wp-content\/uploads\/2023\/09\/BespokeChocolateHeart90mm_einkaufszentrum.jpg\",\"width\":1200,\"height\":1252},{\"@type\":\"BreadcrumbList\",\"@id\":\"https:\/\/staging.schokologo.com\/de\/schokologo\/schoko-herz#breadcrumb\",\"itemListElement\":[{\"@type\":\"ListItem\",\"position\":1,\"name\":\"Home\",\"item\":\"https:\/\/staging.schokologo.com\/de\"},{\"@type\":\"ListItem\",\"position\":2,\"name\":\"Produkte\",\"item\":\"https:\/\/staging.schokologo.com\/de\/shop\"},{\"@type\":\"ListItem\",\"position\":3,\"name\":\"Schoko-Herzen\"}]},{\"@type\":\"WebSite\",\"@id\":\"https:\/\/staging.schokologo.com\/de\/#website\",\"url\":\"https:\/\/staging.schokologo.com\/de\/\",\"name\":\"Schokologo\",\"description\":\"Your finest calling card\",\"publisher\":{\"@id\":\"https:\/\/staging.schokologo.com\/de\/#organization\"},\"alternateName\":\"Ihr Logo aus edler Schokolade\",\"potentialAction\":[{\"@type\":\"SearchAction\",\"target\":{\"@type\":\"EntryPoint\",\"urlTemplate\":\"https:\/\/staging.schokologo.com\/de\/?s={search_term_string}\"},\"query-input\":{\"@type\":\"PropertyValueSpecification\",\"valueRequired\":true,\"valueName\":\"search_term_string\"}}],\"inLanguage\":\"de\"},{\"@type\":\"Organization\",\"@id\":\"https:\/\/staging.schokologo.com\/de\/#organization\",\"name\":\"Schokologo e.K.\",\"alternateName\":\"Schokologo\",\"url\":\"https:\/\/staging.schokologo.com\/de\/\",\"logo\":{\"@type\":\"ImageObject\",\"inLanguage\":\"de\",\"@id\":\"https:\/\/staging.schokologo.com\/de\/#\/schema\/logo\/image\/\",\"url\":\"https:\/\/staging.schokologo.com\/wp-content\/uploads\/2023\/09\/SchokoLogo_Logo.svg\",\"contentUrl\":\"https:\/\/staging.schokologo.com\/wp-content\/uploads\/2023\/09\/SchokoLogo_Logo.svg\",\"width\":270,\"height\":106,\"caption\":\"Schokologo e.K.\"},\"image\":{\"@id\":\"https:\/\/staging.schokologo.com\/de\/#\/schema\/logo\/image\/\"},\"sameAs\":[\"https:\/\/www.facebook.com\/SCHOKOLOGO\",\"https:\/\/x.com\/schokologo\",\"https:\/\/www.instagram.com\/schoko_logo\"],\"description\":\"Personalisierte Schokoladenprodukte und Sonderanfertigungen aus Schokolade. Wir gestalten individuelle Schokoladenkreationen mit Logos, Texten und Designs nach Ihren W\u00fcnschen. Unsere hochwertigen Schokoladenprodukte sind das ideale Geschenk f\u00fcr Kunden, Gesch\u00e4ftspartner und besondere Anl\u00e4sse. Mit den besten Zutaten und ma\u00dfgeschneiderten L\u00f6sungen pr\u00e4sentieren wir Ihre Markenbotschaft auf einzigartige und k\u00f6stliche Weise. Entdecken Sie die Vielfalt unserer Schokoladenprodukte und hinterlassen Sie einen bleibenden Eindruck mit Schokologo.\",\"email\":\"info@schokologo.com\",\"telephone\":\"3677790\",\"legalName\":\"Schokologo e.K.\",\"foundingDate\":\"2003-01-08\",\"vatID\":\"DE220776735\",\"numberOfEmployees\":{\"@type\":\"QuantitativeValue\",\"minValue\":\"51\",\"maxValue\":\"200\"}}]}<\/script>\n<meta property=\"og:availability\" content=\"instock\" \/>\n<meta property=\"product:availability\" content=\"instock\" \/>\n<meta property=\"product:condition\" content=\"new\" \/>\n<!-- \/ Yoast SEO Premium plugin. -->","yoast_head_json":{"title":"Herzen aus Schokolade, mit Ihrem Logo personalisiert","description":"Herzf\u00f6rmige Schokolade mit Logo. Das Schoko-Herz ideal als als Giveaway, Streuartikel oder eigenst\u00e4ndiges Geschenk -\u00a0 Erhltlich in 7 verschiedenen Gr\u00f6\u00dfen von 4 bis 14 cm, gepr\u00e4gt mit Ihrem Logo, individuelle Verpackungsm\u00f6glichkeiten und Konfektionierungsideen.","robots":{"index":"noindex","follow":"follow","max-snippet":"max-snippet:-1","max-image-preview":"max-image-preview:large","max-video-preview":"max-video-preview:-1"},"og_locale":"de_DE","og_type":"article","og_title":"Schoko-Herzen","og_description":"Herzf\u00f6rmige Schokolade mit Logo. Das Schoko-Herz ideal als als Giveaway, Streuartikel oder eigenst\u00e4ndiges Geschenk -\u00a0 Erhltlich in 7 verschiedenen Gr\u00f6\u00dfen von 4 bis 14 cm, gepr\u00e4gt mit Ihrem Logo, individuelle Verpackungsm\u00f6glichkeiten und Konfektionierungsideen.","og_url":"https:\/\/staging.schokologo.com\/de\/schokologo\/schoko-herz","og_site_name":"Choco-Logo","article_publisher":"https:\/\/www.facebook.com\/SCHOKOLOGO","article_modified_time":"2025-06-21T07:54:51+00:00","og_image":[{"width":1200,"height":1252,"url":"https:\/\/staging.schokologo.com\/wp-content\/uploads\/2023\/09\/BespokeChocolateHeart90mm_einkaufszentrum.jpg","type":"image\/jpeg"}],"twitter_card":"summary_large_image","twitter_site":"@schokologo","twitter_misc":{"Verf\u00fcgbarkeit":"Auf Lager"},"schema":{"@context":"https:\/\/schema.org","@graph":[{"@type":"WebPage","@id":"https:\/\/staging.schokologo.com\/de\/schokologo\/schoko-herz","url":"https:\/\/staging.schokologo.com\/de\/schokologo\/schoko-herz","name":"Herzen aus Schokolade, mit Ihrem Logo personalisiert","isPartOf":{"@id":"https:\/\/staging.schokologo.com\/de\/#website"},"primaryImageOfPage":{"@id":"https:\/\/staging.schokologo.com\/de\/schokologo\/schoko-herz#primaryimage"},"image":{"@id":"https:\/\/staging.schokologo.com\/de\/schokologo\/schoko-herz#primaryimage"},"thumbnailUrl":"https:\/\/staging.schokologo.com\/wp-content\/uploads\/2023\/09\/BespokeChocolateHeart90mm_einkaufszentrum.jpg","datePublished":"2023-09-27T14:33:49+00:00","dateModified":"2025-06-21T07:54:51+00:00","description":"Herzf\u00f6rmige Schokolade mit Logo. Das Schoko-Herz ideal als als Giveaway, Streuartikel oder eigenst\u00e4ndiges Geschenk -\u00a0 Erhltlich in 7 verschiedenen Gr\u00f6\u00dfen von 4 bis 14 cm, gepr\u00e4gt mit Ihrem Logo, individuelle Verpackungsm\u00f6glichkeiten und Konfektionierungsideen.","breadcrumb":{"@id":"https:\/\/staging.schokologo.com\/de\/schokologo\/schoko-herz#breadcrumb"},"inLanguage":"de","potentialAction":[{"@type":"ReadAction","target":["https:\/\/staging.schokologo.com\/de\/schokologo\/schoko-herz"]}]},{"@type":"ImageObject","inLanguage":"de","@id":"https:\/\/staging.schokologo.com\/de\/schokologo\/schoko-herz#primaryimage","url":"https:\/\/staging.schokologo.com\/wp-content\/uploads\/2023\/09\/BespokeChocolateHeart90mm_einkaufszentrum.jpg","contentUrl":"https:\/\/staging.schokologo.com\/wp-content\/uploads\/2023\/09\/BespokeChocolateHeart90mm_einkaufszentrum.jpg","width":1200,"height":1252},{"@type":"BreadcrumbList","@id":"https:\/\/staging.schokologo.com\/de\/schokologo\/schoko-herz#breadcrumb","itemListElement":[{"@type":"ListItem","position":1,"name":"Home","item":"https:\/\/staging.schokologo.com\/de"},{"@type":"ListItem","position":2,"name":"Produkte","item":"https:\/\/staging.schokologo.com\/de\/shop"},{"@type":"ListItem","position":3,"name":"Schoko-Herzen"}]},{"@type":"WebSite","@id":"https:\/\/staging.schokologo.com\/de\/#website","url":"https:\/\/staging.schokologo.com\/de\/","name":"Schokologo","description":"Your finest calling card","publisher":{"@id":"https:\/\/staging.schokologo.com\/de\/#organization"},"alternateName":"Ihr Logo aus edler Schokolade","potentialAction":[{"@type":"SearchAction","target":{"@type":"EntryPoint","urlTemplate":"https:\/\/staging.schokologo.com\/de\/?s={search_term_string}"},"query-input":{"@type":"PropertyValueSpecification","valueRequired":true,"valueName":"search_term_string"}}],"inLanguage":"de"},{"@type":"Organization","@id":"https:\/\/staging.schokologo.com\/de\/#organization","name":"Schokologo e.K.","alternateName":"Schokologo","url":"https:\/\/staging.schokologo.com\/de\/","logo":{"@type":"ImageObject","inLanguage":"de","@id":"https:\/\/staging.schokologo.com\/de\/#\/schema\/logo\/image\/","url":"https:\/\/staging.schokologo.com\/wp-content\/uploads\/2023\/09\/SchokoLogo_Logo.svg","contentUrl":"https:\/\/staging.schokologo.com\/wp-content\/uploads\/2023\/09\/SchokoLogo_Logo.svg","width":270,"height":106,"caption":"Schokologo e.K."},"image":{"@id":"https:\/\/staging.schokologo.com\/de\/#\/schema\/logo\/image\/"},"sameAs":["https:\/\/www.facebook.com\/SCHOKOLOGO","https:\/\/x.com\/schokologo","https:\/\/www.instagram.com\/schoko_logo"],"description":"Personalisierte Schokoladenprodukte und Sonderanfertigungen aus Schokolade. Wir gestalten individuelle Schokoladenkreationen mit Logos, Texten und Designs nach Ihren W\u00fcnschen. Unsere hochwertigen Schokoladenprodukte sind das ideale Geschenk f\u00fcr Kunden, Gesch\u00e4ftspartner und besondere Anl\u00e4sse. Mit den besten Zutaten und ma\u00dfgeschneiderten L\u00f6sungen pr\u00e4sentieren wir Ihre Markenbotschaft auf einzigartige und k\u00f6stliche Weise. Entdecken Sie die Vielfalt unserer Schokoladenprodukte und hinterlassen Sie einen bleibenden Eindruck mit Schokologo.","email":"info@schokologo.com","telephone":"3677790","legalName":"Schokologo e.K.","foundingDate":"2003-01-08","vatID":"DE220776735","numberOfEmployees":{"@type":"QuantitativeValue","minValue":"51","maxValue":"200"}}]},"og_availability":"instock","product_availability":"instock","product_condition":"new"},"_links":{"self":[{"href":"https:\/\/staging.schokologo.com\/de\/wp-json\/wp\/v2\/product\/55610","targetHints":{"allow":["GET"]}}],"collection":[{"href":"https:\/\/staging.schokologo.com\/de\/wp-json\/wp\/v2\/product"}],"about":[{"href":"https:\/\/staging.schokologo.com\/de\/wp-json\/wp\/v2\/types\/product"}],"version-history":[{"count":3,"href":"https:\/\/staging.schokologo.com\/de\/wp-json\/wp\/v2\/product\/55610\/revisions"}],"predecessor-version":[{"id":66745,"href":"https:\/\/staging.schokologo.com\/de\/wp-json\/wp\/v2\/product\/55610\/revisions\/66745"}],"wp:featuredmedia":[{"embeddable":true,"href":"https:\/\/staging.schokologo.com\/de\/wp-json\/wp\/v2\/media\/24133"}],"wp:attachment":[{"href":"https:\/\/staging.schokologo.com\/de\/wp-json\/wp\/v2\/media?parent=55610"}],"wp:term":[{"taxonomy":"product_brand","embeddable":true,"href":"https:\/\/staging.schokologo.com\/de\/wp-json\/wp\/v2\/product_brand?post=55610"},{"taxonomy":"product_cat","embeddable":true,"href":"https:\/\/staging.schokologo.com\/de\/wp-json\/wp\/v2\/product_cat?post=55610"},{"taxonomy":"product_tag","embeddable":true,"href":"https:\/\/staging.schokologo.com\/de\/wp-json\/wp\/v2\/product_tag?post=55610"}],"curies":[{"name":"wp","href":"https:\/\/api.w.org\/{rel}","templated":true}]}}