{"id":55460,"date":"2023-09-27T14:33:05","date_gmt":"2023-09-27T14:33:05","guid":{"rendered":"http:\/\/custom-chocolate.biz\/?product=giveaway-stern-mini"},"modified":"2025-03-15T18:57:26","modified_gmt":"2025-03-15T17:57:26","slug":"schoko-stern","status":"publish","type":"product","link":"https:\/\/staging.schokologo.com\/de\/schokologo\/schoko-stern","title":{"rendered":"Schoko-Sterne"},"content":{"rendered":"<p><strong>Schokoladenstern, Stern-Schokolade<\/strong> \u2013 verzaubern Sie Ihre G\u00e4ste oder Kunden mit unserer personalisierten Schokolade in Sternform! Diese edle Schokolade, kunstvoll zu einem Stern geformt, ist in sechs verschiedenen Gr\u00f6\u00dfen erh\u00e4ltlich: 4 cm, 5 cm, 6,5 cm, 7 cm, 9 cm und 12 cm. Perfekt f\u00fcr festliche Anl\u00e4sse wie Weihnachtsfeiern, Jubil\u00e4en, Firmenveranstaltungen oder als einzigartiges Geschenk zu besonderen Momenten.<\/p>\n<p>Ihr individuelles Motiv, Logo oder eine pers\u00f6nliche Botschaft wird pr\u00e4zise auf die Oberfl\u00e4che der Stern-Schokolade gepr\u00e4gt, um ein unvergessliches Pr\u00e4sent zu schaffen. Jede Schokolade wird in Klarsichtfolie verpackt, um Frische und Qualit\u00e4t zu bewahren. Optional k\u00f6nnen Sie Ihre Schokolade in einer edlen, individuell gepr\u00e4gten Schachtel in Gold oder Silber oder in einer vollst\u00e4ndig bedruckten Verpackung pr\u00e4sentieren. Diese Stern-Schokolade ist nicht nur ein Genuss, sondern auch ein stilvolles Statement \u2013 perfekt, um Ihren festlichen Anl\u00e4ssen eine besondere Note zu verleihen!<\/p>\n","protected":false},"excerpt":{"rendered":"<p><strong>Stern-Schokolade, Schokoladenstern<\/strong> \u2013 personalisiert mit Ihrem Motiv und in sechs verschiedenen Gr\u00f6\u00dfen verf\u00fcgbar. Ideal f\u00fcr Weihnachtsfeiern, Jubil\u00e4en, Firmenveranstaltungen und als besonderes Geschenk f\u00fcr festliche Anl\u00e4sse.<\/p>\n","protected":false},"featured_media":24126,"template":"","meta":{"_acf_changed":false},"product_brand":[2904],"product_cat":[2974,2913,2960],"product_tag":[],"class_list":{"0":"post-55460","1":"product","2":"type-product","3":"status-publish","4":"has-post-thumbnail","6":"product_brand-schokologo-e-k","7":"product_cat-giveaways-incentives","8":"product_cat-schoko-reliefs","9":"product_cat-weihnachten","11":"first","12":"instock","13":"taxable","14":"shipping-taxable","15":"purchasable","16":"product-type-variable","17":"has-default-attributes"},"acf":{"sl_product_custom_field":"Verschiedene Gr\u00f6\u00dfen","sl_inquire_only_product":true},"yoast_head":"<!-- This site is optimized with the Yoast SEO Premium plugin v26.5 (Yoast SEO v27.2) - https:\/\/yoast.com\/product\/yoast-seo-premium-wordpress\/ -->\n<title>Giveaway Stern Mini<\/title>\n<meta name=\"description\" content=\"Schokoladenstern, Stern-Schokolade \u2013 erh\u00e4ltlich in verschiedenen Gr\u00f6\u00dfen und mit Ihrem Logo oder Motiv gepr\u00e4gt. Perfekt f\u00fcr Weihnachtsfeiern, festliche Anl\u00e4sse und als exklusives Geschenk!\" \/>\n<meta name=\"robots\" content=\"noindex, follow, max-snippet:-1, max-image-preview:large, max-video-preview:-1\" \/>\n<meta property=\"og:locale\" content=\"de_DE\" \/>\n<meta property=\"og:type\" content=\"article\" \/>\n<meta property=\"og:title\" content=\"Schoko-Sterne\" \/>\n<meta property=\"og:description\" content=\"Schokoladenstern, Stern-Schokolade \u2013 erh\u00e4ltlich in verschiedenen Gr\u00f6\u00dfen und mit Ihrem Logo oder Motiv gepr\u00e4gt. Perfekt f\u00fcr Weihnachtsfeiern, festliche Anl\u00e4sse und als exklusives Geschenk!\" \/>\n<meta property=\"og:url\" content=\"https:\/\/staging.schokologo.com\/de\/schokologo\/schoko-stern\" \/>\n<meta property=\"og:site_name\" content=\"Choco-Logo\" \/>\n<meta property=\"article:publisher\" content=\"https:\/\/www.facebook.com\/SCHOKOLOGO\" \/>\n<meta property=\"article:modified_time\" content=\"2025-03-15T17:57:26+00:00\" \/>\n<meta property=\"og:image\" content=\"https:\/\/staging.schokologo.com\/wp-content\/uploads\/2023\/09\/Custom-Chocolate-Star-12-Vattenfall.jpg\" \/>\n\t<meta property=\"og:image:width\" content=\"1003\" \/>\n\t<meta property=\"og:image:height\" content=\"916\" \/>\n\t<meta property=\"og:image:type\" content=\"image\/jpeg\" \/>\n<meta name=\"twitter:card\" content=\"summary_large_image\" \/>\n<meta name=\"twitter:site\" content=\"@schokologo\" \/>\n<meta name=\"twitter:label1\" content=\"Verf\u00fcgbarkeit\" \/>\n\t<meta name=\"twitter:data1\" content=\"Auf Lager\" \/>\n<script type=\"application\/ld+json\" class=\"yoast-schema-graph\">{\"@context\":\"https:\/\/schema.org\",\"@graph\":[{\"@type\":\"WebPage\",\"@id\":\"https:\/\/staging.schokologo.com\/de\/schokologo\/schoko-stern\",\"url\":\"https:\/\/staging.schokologo.com\/de\/schokologo\/schoko-stern\",\"name\":\"Giveaway Stern Mini\",\"isPartOf\":{\"@id\":\"https:\/\/staging.schokologo.com\/de\/#website\"},\"primaryImageOfPage\":{\"@id\":\"https:\/\/staging.schokologo.com\/de\/schokologo\/schoko-stern#primaryimage\"},\"image\":{\"@id\":\"https:\/\/staging.schokologo.com\/de\/schokologo\/schoko-stern#primaryimage\"},\"thumbnailUrl\":\"https:\/\/staging.schokologo.com\/wp-content\/uploads\/2023\/09\/Custom-Chocolate-Star-12-Vattenfall.jpg\",\"datePublished\":\"2023-09-27T14:33:05+00:00\",\"dateModified\":\"2025-03-15T17:57:26+00:00\",\"description\":\"Schokoladenstern, Stern-Schokolade \u2013 erh\u00e4ltlich in verschiedenen Gr\u00f6\u00dfen und mit Ihrem Logo oder Motiv gepr\u00e4gt. Perfekt f\u00fcr Weihnachtsfeiern, festliche Anl\u00e4sse und als exklusives Geschenk!\",\"breadcrumb\":{\"@id\":\"https:\/\/staging.schokologo.com\/de\/schokologo\/schoko-stern#breadcrumb\"},\"inLanguage\":\"de\",\"potentialAction\":[{\"@type\":\"ReadAction\",\"target\":[\"https:\/\/staging.schokologo.com\/de\/schokologo\/schoko-stern\"]}]},{\"@type\":\"ImageObject\",\"inLanguage\":\"de\",\"@id\":\"https:\/\/staging.schokologo.com\/de\/schokologo\/schoko-stern#primaryimage\",\"url\":\"https:\/\/staging.schokologo.com\/wp-content\/uploads\/2023\/09\/Custom-Chocolate-Star-12-Vattenfall.jpg\",\"contentUrl\":\"https:\/\/staging.schokologo.com\/wp-content\/uploads\/2023\/09\/Custom-Chocolate-Star-12-Vattenfall.jpg\",\"width\":1003,\"height\":916,\"caption\":\"Custom-Chocolate-Star\"},{\"@type\":\"BreadcrumbList\",\"@id\":\"https:\/\/staging.schokologo.com\/de\/schokologo\/schoko-stern#breadcrumb\",\"itemListElement\":[{\"@type\":\"ListItem\",\"position\":1,\"name\":\"Home\",\"item\":\"https:\/\/staging.schokologo.com\/de\"},{\"@type\":\"ListItem\",\"position\":2,\"name\":\"Produkte\",\"item\":\"https:\/\/staging.schokologo.com\/de\/shop\"},{\"@type\":\"ListItem\",\"position\":3,\"name\":\"Schoko-Sterne\"}]},{\"@type\":\"WebSite\",\"@id\":\"https:\/\/staging.schokologo.com\/de\/#website\",\"url\":\"https:\/\/staging.schokologo.com\/de\/\",\"name\":\"Schokologo\",\"description\":\"Your finest calling card\",\"publisher\":{\"@id\":\"https:\/\/staging.schokologo.com\/de\/#organization\"},\"alternateName\":\"Ihr Logo aus edler Schokolade\",\"potentialAction\":[{\"@type\":\"SearchAction\",\"target\":{\"@type\":\"EntryPoint\",\"urlTemplate\":\"https:\/\/staging.schokologo.com\/de\/?s={search_term_string}\"},\"query-input\":{\"@type\":\"PropertyValueSpecification\",\"valueRequired\":true,\"valueName\":\"search_term_string\"}}],\"inLanguage\":\"de\"},{\"@type\":\"Organization\",\"@id\":\"https:\/\/staging.schokologo.com\/de\/#organization\",\"name\":\"Schokologo e.K.\",\"alternateName\":\"Schokologo\",\"url\":\"https:\/\/staging.schokologo.com\/de\/\",\"logo\":{\"@type\":\"ImageObject\",\"inLanguage\":\"de\",\"@id\":\"https:\/\/staging.schokologo.com\/de\/#\/schema\/logo\/image\/\",\"url\":\"https:\/\/staging.schokologo.com\/wp-content\/uploads\/2023\/09\/SchokoLogo_Logo.svg\",\"contentUrl\":\"https:\/\/staging.schokologo.com\/wp-content\/uploads\/2023\/09\/SchokoLogo_Logo.svg\",\"width\":270,\"height\":106,\"caption\":\"Schokologo e.K.\"},\"image\":{\"@id\":\"https:\/\/staging.schokologo.com\/de\/#\/schema\/logo\/image\/\"},\"sameAs\":[\"https:\/\/www.facebook.com\/SCHOKOLOGO\",\"https:\/\/x.com\/schokologo\",\"https:\/\/www.instagram.com\/schoko_logo\"],\"description\":\"Personalisierte Schokoladenprodukte und Sonderanfertigungen aus Schokolade. Wir gestalten individuelle Schokoladenkreationen mit Logos, Texten und Designs nach Ihren W\u00fcnschen. Unsere hochwertigen Schokoladenprodukte sind das ideale Geschenk f\u00fcr Kunden, Gesch\u00e4ftspartner und besondere Anl\u00e4sse. Mit den besten Zutaten und ma\u00dfgeschneiderten L\u00f6sungen pr\u00e4sentieren wir Ihre Markenbotschaft auf einzigartige und k\u00f6stliche Weise. Entdecken Sie die Vielfalt unserer Schokoladenprodukte und hinterlassen Sie einen bleibenden Eindruck mit Schokologo.\",\"email\":\"info@schokologo.com\",\"telephone\":\"3677790\",\"legalName\":\"Schokologo e.K.\",\"foundingDate\":\"2003-01-08\",\"vatID\":\"DE220776735\",\"numberOfEmployees\":{\"@type\":\"QuantitativeValue\",\"minValue\":\"51\",\"maxValue\":\"200\"}}]}<\/script>\n<meta property=\"og:availability\" content=\"instock\" \/>\n<meta property=\"product:availability\" content=\"instock\" \/>\n<meta property=\"product:condition\" content=\"new\" \/>\n<!-- \/ Yoast SEO Premium plugin. -->","yoast_head_json":{"title":"Giveaway Stern Mini","description":"Schokoladenstern, Stern-Schokolade \u2013 erh\u00e4ltlich in verschiedenen Gr\u00f6\u00dfen und mit Ihrem Logo oder Motiv gepr\u00e4gt. Perfekt f\u00fcr Weihnachtsfeiern, festliche Anl\u00e4sse und als exklusives Geschenk!","robots":{"index":"noindex","follow":"follow","max-snippet":"max-snippet:-1","max-image-preview":"max-image-preview:large","max-video-preview":"max-video-preview:-1"},"og_locale":"de_DE","og_type":"article","og_title":"Schoko-Sterne","og_description":"Schokoladenstern, Stern-Schokolade \u2013 erh\u00e4ltlich in verschiedenen Gr\u00f6\u00dfen und mit Ihrem Logo oder Motiv gepr\u00e4gt. Perfekt f\u00fcr Weihnachtsfeiern, festliche Anl\u00e4sse und als exklusives Geschenk!","og_url":"https:\/\/staging.schokologo.com\/de\/schokologo\/schoko-stern","og_site_name":"Choco-Logo","article_publisher":"https:\/\/www.facebook.com\/SCHOKOLOGO","article_modified_time":"2025-03-15T17:57:26+00:00","og_image":[{"width":1003,"height":916,"url":"https:\/\/staging.schokologo.com\/wp-content\/uploads\/2023\/09\/Custom-Chocolate-Star-12-Vattenfall.jpg","type":"image\/jpeg"}],"twitter_card":"summary_large_image","twitter_site":"@schokologo","twitter_misc":{"Verf\u00fcgbarkeit":"Auf Lager"},"schema":{"@context":"https:\/\/schema.org","@graph":[{"@type":"WebPage","@id":"https:\/\/staging.schokologo.com\/de\/schokologo\/schoko-stern","url":"https:\/\/staging.schokologo.com\/de\/schokologo\/schoko-stern","name":"Giveaway Stern Mini","isPartOf":{"@id":"https:\/\/staging.schokologo.com\/de\/#website"},"primaryImageOfPage":{"@id":"https:\/\/staging.schokologo.com\/de\/schokologo\/schoko-stern#primaryimage"},"image":{"@id":"https:\/\/staging.schokologo.com\/de\/schokologo\/schoko-stern#primaryimage"},"thumbnailUrl":"https:\/\/staging.schokologo.com\/wp-content\/uploads\/2023\/09\/Custom-Chocolate-Star-12-Vattenfall.jpg","datePublished":"2023-09-27T14:33:05+00:00","dateModified":"2025-03-15T17:57:26+00:00","description":"Schokoladenstern, Stern-Schokolade \u2013 erh\u00e4ltlich in verschiedenen Gr\u00f6\u00dfen und mit Ihrem Logo oder Motiv gepr\u00e4gt. Perfekt f\u00fcr Weihnachtsfeiern, festliche Anl\u00e4sse und als exklusives Geschenk!","breadcrumb":{"@id":"https:\/\/staging.schokologo.com\/de\/schokologo\/schoko-stern#breadcrumb"},"inLanguage":"de","potentialAction":[{"@type":"ReadAction","target":["https:\/\/staging.schokologo.com\/de\/schokologo\/schoko-stern"]}]},{"@type":"ImageObject","inLanguage":"de","@id":"https:\/\/staging.schokologo.com\/de\/schokologo\/schoko-stern#primaryimage","url":"https:\/\/staging.schokologo.com\/wp-content\/uploads\/2023\/09\/Custom-Chocolate-Star-12-Vattenfall.jpg","contentUrl":"https:\/\/staging.schokologo.com\/wp-content\/uploads\/2023\/09\/Custom-Chocolate-Star-12-Vattenfall.jpg","width":1003,"height":916,"caption":"Custom-Chocolate-Star"},{"@type":"BreadcrumbList","@id":"https:\/\/staging.schokologo.com\/de\/schokologo\/schoko-stern#breadcrumb","itemListElement":[{"@type":"ListItem","position":1,"name":"Home","item":"https:\/\/staging.schokologo.com\/de"},{"@type":"ListItem","position":2,"name":"Produkte","item":"https:\/\/staging.schokologo.com\/de\/shop"},{"@type":"ListItem","position":3,"name":"Schoko-Sterne"}]},{"@type":"WebSite","@id":"https:\/\/staging.schokologo.com\/de\/#website","url":"https:\/\/staging.schokologo.com\/de\/","name":"Schokologo","description":"Your finest calling card","publisher":{"@id":"https:\/\/staging.schokologo.com\/de\/#organization"},"alternateName":"Ihr Logo aus edler Schokolade","potentialAction":[{"@type":"SearchAction","target":{"@type":"EntryPoint","urlTemplate":"https:\/\/staging.schokologo.com\/de\/?s={search_term_string}"},"query-input":{"@type":"PropertyValueSpecification","valueRequired":true,"valueName":"search_term_string"}}],"inLanguage":"de"},{"@type":"Organization","@id":"https:\/\/staging.schokologo.com\/de\/#organization","name":"Schokologo e.K.","alternateName":"Schokologo","url":"https:\/\/staging.schokologo.com\/de\/","logo":{"@type":"ImageObject","inLanguage":"de","@id":"https:\/\/staging.schokologo.com\/de\/#\/schema\/logo\/image\/","url":"https:\/\/staging.schokologo.com\/wp-content\/uploads\/2023\/09\/SchokoLogo_Logo.svg","contentUrl":"https:\/\/staging.schokologo.com\/wp-content\/uploads\/2023\/09\/SchokoLogo_Logo.svg","width":270,"height":106,"caption":"Schokologo e.K."},"image":{"@id":"https:\/\/staging.schokologo.com\/de\/#\/schema\/logo\/image\/"},"sameAs":["https:\/\/www.facebook.com\/SCHOKOLOGO","https:\/\/x.com\/schokologo","https:\/\/www.instagram.com\/schoko_logo"],"description":"Personalisierte Schokoladenprodukte und Sonderanfertigungen aus Schokolade. Wir gestalten individuelle Schokoladenkreationen mit Logos, Texten und Designs nach Ihren W\u00fcnschen. Unsere hochwertigen Schokoladenprodukte sind das ideale Geschenk f\u00fcr Kunden, Gesch\u00e4ftspartner und besondere Anl\u00e4sse. Mit den besten Zutaten und ma\u00dfgeschneiderten L\u00f6sungen pr\u00e4sentieren wir Ihre Markenbotschaft auf einzigartige und k\u00f6stliche Weise. Entdecken Sie die Vielfalt unserer Schokoladenprodukte und hinterlassen Sie einen bleibenden Eindruck mit Schokologo.","email":"info@schokologo.com","telephone":"3677790","legalName":"Schokologo e.K.","foundingDate":"2003-01-08","vatID":"DE220776735","numberOfEmployees":{"@type":"QuantitativeValue","minValue":"51","maxValue":"200"}}]},"og_availability":"instock","product_availability":"instock","product_condition":"new"},"_links":{"self":[{"href":"https:\/\/staging.schokologo.com\/de\/wp-json\/wp\/v2\/product\/55460","targetHints":{"allow":["GET"]}}],"collection":[{"href":"https:\/\/staging.schokologo.com\/de\/wp-json\/wp\/v2\/product"}],"about":[{"href":"https:\/\/staging.schokologo.com\/de\/wp-json\/wp\/v2\/types\/product"}],"version-history":[{"count":1,"href":"https:\/\/staging.schokologo.com\/de\/wp-json\/wp\/v2\/product\/55460\/revisions"}],"predecessor-version":[{"id":61606,"href":"https:\/\/staging.schokologo.com\/de\/wp-json\/wp\/v2\/product\/55460\/revisions\/61606"}],"wp:featuredmedia":[{"embeddable":true,"href":"https:\/\/staging.schokologo.com\/de\/wp-json\/wp\/v2\/media\/24126"}],"wp:attachment":[{"href":"https:\/\/staging.schokologo.com\/de\/wp-json\/wp\/v2\/media?parent=55460"}],"wp:term":[{"taxonomy":"product_brand","embeddable":true,"href":"https:\/\/staging.schokologo.com\/de\/wp-json\/wp\/v2\/product_brand?post=55460"},{"taxonomy":"product_cat","embeddable":true,"href":"https:\/\/staging.schokologo.com\/de\/wp-json\/wp\/v2\/product_cat?post=55460"},{"taxonomy":"product_tag","embeddable":true,"href":"https:\/\/staging.schokologo.com\/de\/wp-json\/wp\/v2\/product_tag?post=55460"}],"curies":[{"name":"wp","href":"https:\/\/api.w.org\/{rel}","templated":true}]}}