{"id":55166,"date":"2023-09-27T14:31:33","date_gmt":"2023-09-27T14:31:33","guid":{"rendered":"http:\/\/custom-chocolate.biz\/?product=schoko-schlussel-s"},"modified":"2025-09-07T11:30:43","modified_gmt":"2025-09-07T09:30:43","slug":"schoko-schluessel","status":"publish","type":"product","link":"https:\/\/staging.schokologo.com\/de\/schokologo\/schoko-schluessel","title":{"rendered":"Schl\u00fcssel aus Schokolade"},"content":{"rendered":"<p>Ihr Schoko-Schl\u00fcssel zum Erfolg!<\/p>\n<p>Ein Schokoladen-Schl\u00fcssel gepr\u00e4gt nach Ihren eigenen Vorgaben mit Ihrem Namen, Logo und Botschaft. Der Schokoladen-Schl\u00fcssel kann sowohl auf dem Kopf und\/oder auf dem Bart gepr\u00e4gt werden.<\/p>\n<p>Gr\u00f6\u00dfen: 60&#215;30, 100&#215;40, 195&#215;95 mm.<\/p>\n<p>Verpackung: Transparent (Flowpack), siberne Schachtel, goldene Schachtel oder vierfarbig bedruckt<\/p>\n<p>Schachtelgr\u00f6\u00dfe: 1cm gr\u00f6\u00dfer als die Schokolade.<\/p>\n","protected":false},"excerpt":{"rendered":"<p>Schl\u00fcssel aus Schokolade \u2013 individuell gepr\u00e4gt mit Logo, Namen &amp; Botschaft. In verschiedenen Gr\u00f6\u00dfen &amp; edler Verpackung. Ihr s\u00fc\u00dfer Schl\u00fcssel zum Erfolg!<\/p>\n","protected":false},"featured_media":47199,"template":"","meta":{"_acf_changed":false},"product_brand":[2904],"product_cat":[2913],"product_tag":[],"class_list":{"0":"post-55166","1":"product","2":"type-product","3":"status-publish","4":"has-post-thumbnail","6":"product_brand-schokologo-e-k","7":"product_cat-schoko-reliefs","9":"first","10":"instock","11":"taxable","12":"shipping-taxable","13":"purchasable","14":"product-type-variable"},"acf":{"sl_product_custom_field":"Verschiedene Gr\u00f6\u00dfen","sl_inquire_only_product":true},"yoast_head":"<!-- This site is optimized with the Yoast SEO Premium plugin v26.5 (Yoast SEO v27.2) - https:\/\/yoast.com\/product\/yoast-seo-premium-wordpress\/ -->\n<title>Schoko-Schl\u00fcssel<\/title>\n<meta name=\"description\" content=\"Schl\u00fcssel aus Schokolade \u2013 individuell gepr\u00e4gt mit Logo, Namen &amp; Botschaft. In verschiedenen Gr\u00f6\u00dfen &amp; edler Verpackung. Ihr s\u00fc\u00dfer Schl\u00fcssel zum Erfolg!\" \/>\n<meta name=\"robots\" content=\"noindex, follow, max-snippet:-1, max-image-preview:large, max-video-preview:-1\" \/>\n<meta property=\"og:locale\" content=\"de_DE\" \/>\n<meta property=\"og:type\" content=\"article\" \/>\n<meta property=\"og:title\" content=\"Schl\u00fcssel aus Schokolade\" \/>\n<meta property=\"og:description\" content=\"Schl\u00fcssel aus Schokolade \u2013 individuell gepr\u00e4gt mit Logo, Namen &amp; Botschaft. In verschiedenen Gr\u00f6\u00dfen &amp; edler Verpackung. Ihr s\u00fc\u00dfer Schl\u00fcssel zum Erfolg!\" \/>\n<meta property=\"og:url\" content=\"https:\/\/staging.schokologo.com\/de\/schokologo\/schoko-schluessel\" \/>\n<meta property=\"og:site_name\" content=\"Choco-Logo\" \/>\n<meta property=\"article:publisher\" content=\"https:\/\/www.facebook.com\/SCHOKOLOGO\" \/>\n<meta property=\"article:modified_time\" content=\"2025-09-07T09:30:43+00:00\" \/>\n<meta property=\"og:image\" content=\"https:\/\/staging.schokologo.com\/wp-content\/uploads\/2023\/09\/BespokeChocolateMiniKeyEastcon_4nd.jpg\" \/>\n\t<meta property=\"og:image:width\" content=\"1200\" \/>\n\t<meta property=\"og:image:height\" content=\"613\" \/>\n\t<meta property=\"og:image:type\" content=\"image\/jpeg\" \/>\n<meta name=\"twitter:card\" content=\"summary_large_image\" \/>\n<meta name=\"twitter:site\" content=\"@schokologo\" \/>\n<meta name=\"twitter:label1\" content=\"Verf\u00fcgbarkeit\" \/>\n\t<meta name=\"twitter:data1\" content=\"Auf Lager\" \/>\n<script type=\"application\/ld+json\" class=\"yoast-schema-graph\">{\"@context\":\"https:\/\/schema.org\",\"@graph\":[{\"@type\":\"WebPage\",\"@id\":\"https:\/\/staging.schokologo.com\/de\/schokologo\/schoko-schluessel\",\"url\":\"https:\/\/staging.schokologo.com\/de\/schokologo\/schoko-schluessel\",\"name\":\"Schoko-Schl\u00fcssel\",\"isPartOf\":{\"@id\":\"https:\/\/staging.schokologo.com\/de\/#website\"},\"primaryImageOfPage\":{\"@id\":\"https:\/\/staging.schokologo.com\/de\/schokologo\/schoko-schluessel#primaryimage\"},\"image\":{\"@id\":\"https:\/\/staging.schokologo.com\/de\/schokologo\/schoko-schluessel#primaryimage\"},\"thumbnailUrl\":\"https:\/\/staging.schokologo.com\/wp-content\/uploads\/2023\/09\/BespokeChocolateMiniKeyEastcon_4nd.jpg\",\"datePublished\":\"2023-09-27T14:31:33+00:00\",\"dateModified\":\"2025-09-07T09:30:43+00:00\",\"description\":\"Schl\u00fcssel aus Schokolade \u2013 individuell gepr\u00e4gt mit Logo, Namen & Botschaft. In verschiedenen Gr\u00f6\u00dfen & edler Verpackung. Ihr s\u00fc\u00dfer Schl\u00fcssel zum Erfolg!\",\"breadcrumb\":{\"@id\":\"https:\/\/staging.schokologo.com\/de\/schokologo\/schoko-schluessel#breadcrumb\"},\"inLanguage\":\"de\",\"potentialAction\":[{\"@type\":\"ReadAction\",\"target\":[\"https:\/\/staging.schokologo.com\/de\/schokologo\/schoko-schluessel\"]}]},{\"@type\":\"ImageObject\",\"inLanguage\":\"de\",\"@id\":\"https:\/\/staging.schokologo.com\/de\/schokologo\/schoko-schluessel#primaryimage\",\"url\":\"https:\/\/staging.schokologo.com\/wp-content\/uploads\/2023\/09\/BespokeChocolateMiniKeyEastcon_4nd.jpg\",\"contentUrl\":\"https:\/\/staging.schokologo.com\/wp-content\/uploads\/2023\/09\/BespokeChocolateMiniKeyEastcon_4nd.jpg\",\"width\":1200,\"height\":613,\"caption\":\"Bespoke-Chocolate-Mini-Key-Eastcon\"},{\"@type\":\"BreadcrumbList\",\"@id\":\"https:\/\/staging.schokologo.com\/de\/schokologo\/schoko-schluessel#breadcrumb\",\"itemListElement\":[{\"@type\":\"ListItem\",\"position\":1,\"name\":\"Home\",\"item\":\"https:\/\/staging.schokologo.com\/de\"},{\"@type\":\"ListItem\",\"position\":2,\"name\":\"Produkte\",\"item\":\"https:\/\/staging.schokologo.com\/de\/shop\"},{\"@type\":\"ListItem\",\"position\":3,\"name\":\"Schl\u00fcssel aus Schokolade\"}]},{\"@type\":\"WebSite\",\"@id\":\"https:\/\/staging.schokologo.com\/de\/#website\",\"url\":\"https:\/\/staging.schokologo.com\/de\/\",\"name\":\"Schokologo\",\"description\":\"Your finest calling card\",\"publisher\":{\"@id\":\"https:\/\/staging.schokologo.com\/de\/#organization\"},\"alternateName\":\"Ihr Logo aus edler Schokolade\",\"potentialAction\":[{\"@type\":\"SearchAction\",\"target\":{\"@type\":\"EntryPoint\",\"urlTemplate\":\"https:\/\/staging.schokologo.com\/de\/?s={search_term_string}\"},\"query-input\":{\"@type\":\"PropertyValueSpecification\",\"valueRequired\":true,\"valueName\":\"search_term_string\"}}],\"inLanguage\":\"de\"},{\"@type\":\"Organization\",\"@id\":\"https:\/\/staging.schokologo.com\/de\/#organization\",\"name\":\"Schokologo e.K.\",\"alternateName\":\"Schokologo\",\"url\":\"https:\/\/staging.schokologo.com\/de\/\",\"logo\":{\"@type\":\"ImageObject\",\"inLanguage\":\"de\",\"@id\":\"https:\/\/staging.schokologo.com\/de\/#\/schema\/logo\/image\/\",\"url\":\"https:\/\/staging.schokologo.com\/wp-content\/uploads\/2023\/09\/SchokoLogo_Logo.svg\",\"contentUrl\":\"https:\/\/staging.schokologo.com\/wp-content\/uploads\/2023\/09\/SchokoLogo_Logo.svg\",\"width\":270,\"height\":106,\"caption\":\"Schokologo e.K.\"},\"image\":{\"@id\":\"https:\/\/staging.schokologo.com\/de\/#\/schema\/logo\/image\/\"},\"sameAs\":[\"https:\/\/www.facebook.com\/SCHOKOLOGO\",\"https:\/\/x.com\/schokologo\",\"https:\/\/www.instagram.com\/schoko_logo\"],\"description\":\"Personalisierte Schokoladenprodukte und Sonderanfertigungen aus Schokolade. Wir gestalten individuelle Schokoladenkreationen mit Logos, Texten und Designs nach Ihren W\u00fcnschen. Unsere hochwertigen Schokoladenprodukte sind das ideale Geschenk f\u00fcr Kunden, Gesch\u00e4ftspartner und besondere Anl\u00e4sse. Mit den besten Zutaten und ma\u00dfgeschneiderten L\u00f6sungen pr\u00e4sentieren wir Ihre Markenbotschaft auf einzigartige und k\u00f6stliche Weise. Entdecken Sie die Vielfalt unserer Schokoladenprodukte und hinterlassen Sie einen bleibenden Eindruck mit Schokologo.\",\"email\":\"info@schokologo.com\",\"telephone\":\"3677790\",\"legalName\":\"Schokologo e.K.\",\"foundingDate\":\"2003-01-08\",\"vatID\":\"DE220776735\",\"numberOfEmployees\":{\"@type\":\"QuantitativeValue\",\"minValue\":\"51\",\"maxValue\":\"200\"}}]}<\/script>\n<meta property=\"og:availability\" content=\"instock\" \/>\n<meta property=\"product:availability\" content=\"instock\" \/>\n<meta property=\"product:condition\" content=\"new\" \/>\n<!-- \/ Yoast SEO Premium plugin. -->","yoast_head_json":{"title":"Schoko-Schl\u00fcssel","description":"Schl\u00fcssel aus Schokolade \u2013 individuell gepr\u00e4gt mit Logo, Namen & Botschaft. In verschiedenen Gr\u00f6\u00dfen & edler Verpackung. Ihr s\u00fc\u00dfer Schl\u00fcssel zum Erfolg!","robots":{"index":"noindex","follow":"follow","max-snippet":"max-snippet:-1","max-image-preview":"max-image-preview:large","max-video-preview":"max-video-preview:-1"},"og_locale":"de_DE","og_type":"article","og_title":"Schl\u00fcssel aus Schokolade","og_description":"Schl\u00fcssel aus Schokolade \u2013 individuell gepr\u00e4gt mit Logo, Namen & Botschaft. In verschiedenen Gr\u00f6\u00dfen & edler Verpackung. Ihr s\u00fc\u00dfer Schl\u00fcssel zum Erfolg!","og_url":"https:\/\/staging.schokologo.com\/de\/schokologo\/schoko-schluessel","og_site_name":"Choco-Logo","article_publisher":"https:\/\/www.facebook.com\/SCHOKOLOGO","article_modified_time":"2025-09-07T09:30:43+00:00","og_image":[{"width":1200,"height":613,"url":"https:\/\/staging.schokologo.com\/wp-content\/uploads\/2023\/09\/BespokeChocolateMiniKeyEastcon_4nd.jpg","type":"image\/jpeg"}],"twitter_card":"summary_large_image","twitter_site":"@schokologo","twitter_misc":{"Verf\u00fcgbarkeit":"Auf Lager"},"schema":{"@context":"https:\/\/schema.org","@graph":[{"@type":"WebPage","@id":"https:\/\/staging.schokologo.com\/de\/schokologo\/schoko-schluessel","url":"https:\/\/staging.schokologo.com\/de\/schokologo\/schoko-schluessel","name":"Schoko-Schl\u00fcssel","isPartOf":{"@id":"https:\/\/staging.schokologo.com\/de\/#website"},"primaryImageOfPage":{"@id":"https:\/\/staging.schokologo.com\/de\/schokologo\/schoko-schluessel#primaryimage"},"image":{"@id":"https:\/\/staging.schokologo.com\/de\/schokologo\/schoko-schluessel#primaryimage"},"thumbnailUrl":"https:\/\/staging.schokologo.com\/wp-content\/uploads\/2023\/09\/BespokeChocolateMiniKeyEastcon_4nd.jpg","datePublished":"2023-09-27T14:31:33+00:00","dateModified":"2025-09-07T09:30:43+00:00","description":"Schl\u00fcssel aus Schokolade \u2013 individuell gepr\u00e4gt mit Logo, Namen & Botschaft. In verschiedenen Gr\u00f6\u00dfen & edler Verpackung. Ihr s\u00fc\u00dfer Schl\u00fcssel zum Erfolg!","breadcrumb":{"@id":"https:\/\/staging.schokologo.com\/de\/schokologo\/schoko-schluessel#breadcrumb"},"inLanguage":"de","potentialAction":[{"@type":"ReadAction","target":["https:\/\/staging.schokologo.com\/de\/schokologo\/schoko-schluessel"]}]},{"@type":"ImageObject","inLanguage":"de","@id":"https:\/\/staging.schokologo.com\/de\/schokologo\/schoko-schluessel#primaryimage","url":"https:\/\/staging.schokologo.com\/wp-content\/uploads\/2023\/09\/BespokeChocolateMiniKeyEastcon_4nd.jpg","contentUrl":"https:\/\/staging.schokologo.com\/wp-content\/uploads\/2023\/09\/BespokeChocolateMiniKeyEastcon_4nd.jpg","width":1200,"height":613,"caption":"Bespoke-Chocolate-Mini-Key-Eastcon"},{"@type":"BreadcrumbList","@id":"https:\/\/staging.schokologo.com\/de\/schokologo\/schoko-schluessel#breadcrumb","itemListElement":[{"@type":"ListItem","position":1,"name":"Home","item":"https:\/\/staging.schokologo.com\/de"},{"@type":"ListItem","position":2,"name":"Produkte","item":"https:\/\/staging.schokologo.com\/de\/shop"},{"@type":"ListItem","position":3,"name":"Schl\u00fcssel aus Schokolade"}]},{"@type":"WebSite","@id":"https:\/\/staging.schokologo.com\/de\/#website","url":"https:\/\/staging.schokologo.com\/de\/","name":"Schokologo","description":"Your finest calling card","publisher":{"@id":"https:\/\/staging.schokologo.com\/de\/#organization"},"alternateName":"Ihr Logo aus edler Schokolade","potentialAction":[{"@type":"SearchAction","target":{"@type":"EntryPoint","urlTemplate":"https:\/\/staging.schokologo.com\/de\/?s={search_term_string}"},"query-input":{"@type":"PropertyValueSpecification","valueRequired":true,"valueName":"search_term_string"}}],"inLanguage":"de"},{"@type":"Organization","@id":"https:\/\/staging.schokologo.com\/de\/#organization","name":"Schokologo e.K.","alternateName":"Schokologo","url":"https:\/\/staging.schokologo.com\/de\/","logo":{"@type":"ImageObject","inLanguage":"de","@id":"https:\/\/staging.schokologo.com\/de\/#\/schema\/logo\/image\/","url":"https:\/\/staging.schokologo.com\/wp-content\/uploads\/2023\/09\/SchokoLogo_Logo.svg","contentUrl":"https:\/\/staging.schokologo.com\/wp-content\/uploads\/2023\/09\/SchokoLogo_Logo.svg","width":270,"height":106,"caption":"Schokologo e.K."},"image":{"@id":"https:\/\/staging.schokologo.com\/de\/#\/schema\/logo\/image\/"},"sameAs":["https:\/\/www.facebook.com\/SCHOKOLOGO","https:\/\/x.com\/schokologo","https:\/\/www.instagram.com\/schoko_logo"],"description":"Personalisierte Schokoladenprodukte und Sonderanfertigungen aus Schokolade. Wir gestalten individuelle Schokoladenkreationen mit Logos, Texten und Designs nach Ihren W\u00fcnschen. Unsere hochwertigen Schokoladenprodukte sind das ideale Geschenk f\u00fcr Kunden, Gesch\u00e4ftspartner und besondere Anl\u00e4sse. Mit den besten Zutaten und ma\u00dfgeschneiderten L\u00f6sungen pr\u00e4sentieren wir Ihre Markenbotschaft auf einzigartige und k\u00f6stliche Weise. Entdecken Sie die Vielfalt unserer Schokoladenprodukte und hinterlassen Sie einen bleibenden Eindruck mit Schokologo.","email":"info@schokologo.com","telephone":"3677790","legalName":"Schokologo e.K.","foundingDate":"2003-01-08","vatID":"DE220776735","numberOfEmployees":{"@type":"QuantitativeValue","minValue":"51","maxValue":"200"}}]},"og_availability":"instock","product_availability":"instock","product_condition":"new"},"_links":{"self":[{"href":"https:\/\/staging.schokologo.com\/de\/wp-json\/wp\/v2\/product\/55166","targetHints":{"allow":["GET"]}}],"collection":[{"href":"https:\/\/staging.schokologo.com\/de\/wp-json\/wp\/v2\/product"}],"about":[{"href":"https:\/\/staging.schokologo.com\/de\/wp-json\/wp\/v2\/types\/product"}],"version-history":[{"count":2,"href":"https:\/\/staging.schokologo.com\/de\/wp-json\/wp\/v2\/product\/55166\/revisions"}],"predecessor-version":[{"id":69905,"href":"https:\/\/staging.schokologo.com\/de\/wp-json\/wp\/v2\/product\/55166\/revisions\/69905"}],"wp:featuredmedia":[{"embeddable":true,"href":"https:\/\/staging.schokologo.com\/de\/wp-json\/wp\/v2\/media\/47199"}],"wp:attachment":[{"href":"https:\/\/staging.schokologo.com\/de\/wp-json\/wp\/v2\/media?parent=55166"}],"wp:term":[{"taxonomy":"product_brand","embeddable":true,"href":"https:\/\/staging.schokologo.com\/de\/wp-json\/wp\/v2\/product_brand?post=55166"},{"taxonomy":"product_cat","embeddable":true,"href":"https:\/\/staging.schokologo.com\/de\/wp-json\/wp\/v2\/product_cat?post=55166"},{"taxonomy":"product_tag","embeddable":true,"href":"https:\/\/staging.schokologo.com\/de\/wp-json\/wp\/v2\/product_tag?post=55166"}],"curies":[{"name":"wp","href":"https:\/\/api.w.org\/{rel}","templated":true}]}}