{"id":55086,"date":"2023-09-27T14:31:09","date_gmt":"2023-09-27T14:31:09","guid":{"rendered":"http:\/\/custom-chocolate.biz\/?product=schoko-welt-karte"},"modified":"2026-04-12T10:44:09","modified_gmt":"2026-04-12T08:44:09","slug":"schoko-welt-karte","status":"publish","type":"product","link":"https:\/\/staging.schokologo.com\/de\/schokologo\/schoko-welt-karte","title":{"rendered":"Schoko Welt-Karte"},"content":{"rendered":"<p>Diese edle Schokoladentafel mit gepr\u00e4gtem Weltkarten-Motiv ist sofort verf\u00fcgbar und ideal als besonderes Geschenk, internationales Give-away oder stilvolle Aufmerksamkeit f\u00fcr Unternehmen und Events. Mit ihrem klaren, hochwertigen Design wirkt sie modern, elegant und vielseitig einsetzbar.<br \/>\nDie Tafel hat ein Format von 14 x 14 cm und ein Gewicht von 130 g. Sie ist als off-the-shelf Produkt erh\u00e4ltlich und kann auf Wunsch auch individualisiert werden.<\/p>\n<p>Schoko Welt-Karte. Auf Wunsch auch individualisierbar mit Ihrem Logo oder Botschaft.<\/p>\n<p>Gr\u00f6\u00dfe: 140&#215;140 mm<\/p>\n<p>Gewicht: ca. 130 g<\/p>\n<p>Verpackung: Silberne, goldene oder vierfarbige Schachtel<\/p>\n<p>Schachtelgr\u00f6\u00dfe: 150 x 150 mm<br \/>\n<div class=\"sl-layout-download-links\"><a href=\"https:\/\/staging.schokologo.com\/wp-content\/uploads\/2026\/04\/Schokologo_Stanze_140x140mm.pdf\" class=\"sl-layout-link sl-layout-packaging\" download>Standskizze Schachtel f\u00fcr Schokolade 140 \u00d7 140 mm (PDF)<\/a><\/div><\/p>\n","protected":false},"excerpt":{"rendered":"<p>Sofort verf\u00fcgbare Schokoladentafel mit Weltkarten-Pr\u00e4gung, 14 x 14 cm, 130 g. Ideal als hochwertiges Geschenk oder internationales Werbemittel. Auf Wunsch auch individualisierbar.<\/p>\n","protected":false},"featured_media":47111,"template":"","meta":{"_acf_changed":false},"product_brand":[2904],"product_cat":[2913],"product_tag":[],"class_list":{"0":"post-55086","1":"product","2":"type-product","3":"status-publish","4":"has-post-thumbnail","6":"product_brand-schokologo-e-k","7":"product_cat-schoko-reliefs","9":"first","10":"instock","11":"taxable","12":"shipping-taxable","13":"purchasable","14":"product-type-variable","15":"has-default-attributes"},"acf":{"sl_product_custom_field":"","sl_inquire_only_product":true},"yoast_head":"<!-- This site is optimized with the Yoast SEO Premium plugin v26.5 (Yoast SEO v27.2) - https:\/\/yoast.com\/product\/yoast-seo-premium-wordpress\/ -->\n<title>Schoko Welt-Karte<\/title>\n<meta name=\"description\" content=\"Schokoladentafel mit Weltkarten-Motiv, 14 x 14 cm, 130 g. Sofort verf\u00fcgbar, hochwertig und ideal als Geschenk oder Werbepr\u00e4sent. Optional individualisierbar.\" \/>\n<meta name=\"robots\" content=\"noindex, follow, max-snippet:-1, max-image-preview:large, max-video-preview:-1\" \/>\n<meta property=\"og:locale\" content=\"de_DE\" \/>\n<meta property=\"og:type\" content=\"article\" \/>\n<meta property=\"og:title\" content=\"Schoko Welt-Karte\" \/>\n<meta property=\"og:description\" content=\"Schokoladentafel mit Weltkarten-Motiv, 14 x 14 cm, 130 g. Sofort verf\u00fcgbar, hochwertig und ideal als Geschenk oder Werbepr\u00e4sent. Optional individualisierbar.\" \/>\n<meta property=\"og:url\" content=\"https:\/\/staging.schokologo.com\/de\/schokologo\/schoko-welt-karte\" \/>\n<meta property=\"og:site_name\" content=\"Choco-Logo\" \/>\n<meta property=\"article:publisher\" content=\"https:\/\/www.facebook.com\/SCHOKOLOGO\" \/>\n<meta property=\"article:modified_time\" content=\"2026-04-12T08:44:09+00:00\" \/>\n<meta property=\"og:image\" content=\"https:\/\/staging.schokologo.com\/wp-content\/uploads\/2023\/09\/ChocolateWorldMap_4nd.jpg\" \/>\n\t<meta property=\"og:image:width\" content=\"1200\" \/>\n\t<meta property=\"og:image:height\" content=\"1034\" \/>\n\t<meta property=\"og:image:type\" content=\"image\/jpeg\" \/>\n<meta name=\"twitter:card\" content=\"summary_large_image\" \/>\n<meta name=\"twitter:site\" content=\"@schokologo\" \/>\n<meta name=\"twitter:label1\" content=\"Verf\u00fcgbarkeit\" \/>\n\t<meta name=\"twitter:data1\" content=\"Auf Lager\" \/>\n<script type=\"application\/ld+json\" class=\"yoast-schema-graph\">{\"@context\":\"https:\/\/schema.org\",\"@graph\":[{\"@type\":\"WebPage\",\"@id\":\"https:\/\/staging.schokologo.com\/de\/schokologo\/schoko-welt-karte\",\"url\":\"https:\/\/staging.schokologo.com\/de\/schokologo\/schoko-welt-karte\",\"name\":\"Schoko Welt-Karte\",\"isPartOf\":{\"@id\":\"https:\/\/staging.schokologo.com\/de\/#website\"},\"primaryImageOfPage\":{\"@id\":\"https:\/\/staging.schokologo.com\/de\/schokologo\/schoko-welt-karte#primaryimage\"},\"image\":{\"@id\":\"https:\/\/staging.schokologo.com\/de\/schokologo\/schoko-welt-karte#primaryimage\"},\"thumbnailUrl\":\"https:\/\/staging.schokologo.com\/wp-content\/uploads\/2023\/09\/ChocolateWorldMap_4nd.jpg\",\"datePublished\":\"2023-09-27T14:31:09+00:00\",\"dateModified\":\"2026-04-12T08:44:09+00:00\",\"description\":\"Schokoladentafel mit Weltkarten-Motiv, 14 x 14 cm, 130 g. Sofort verf\u00fcgbar, hochwertig und ideal als Geschenk oder Werbepr\u00e4sent. Optional individualisierbar.\",\"breadcrumb\":{\"@id\":\"https:\/\/staging.schokologo.com\/de\/schokologo\/schoko-welt-karte#breadcrumb\"},\"inLanguage\":\"de\",\"potentialAction\":[{\"@type\":\"ReadAction\",\"target\":[\"https:\/\/staging.schokologo.com\/de\/schokologo\/schoko-welt-karte\"]}]},{\"@type\":\"ImageObject\",\"inLanguage\":\"de\",\"@id\":\"https:\/\/staging.schokologo.com\/de\/schokologo\/schoko-welt-karte#primaryimage\",\"url\":\"https:\/\/staging.schokologo.com\/wp-content\/uploads\/2023\/09\/ChocolateWorldMap_4nd.jpg\",\"contentUrl\":\"https:\/\/staging.schokologo.com\/wp-content\/uploads\/2023\/09\/ChocolateWorldMap_4nd.jpg\",\"width\":1200,\"height\":1034,\"caption\":\"Chocolate-World-Map\"},{\"@type\":\"BreadcrumbList\",\"@id\":\"https:\/\/staging.schokologo.com\/de\/schokologo\/schoko-welt-karte#breadcrumb\",\"itemListElement\":[{\"@type\":\"ListItem\",\"position\":1,\"name\":\"Home\",\"item\":\"https:\/\/staging.schokologo.com\/de\"},{\"@type\":\"ListItem\",\"position\":2,\"name\":\"Produkte\",\"item\":\"https:\/\/staging.schokologo.com\/de\/shop\"},{\"@type\":\"ListItem\",\"position\":3,\"name\":\"Schoko Welt-Karte\"}]},{\"@type\":\"WebSite\",\"@id\":\"https:\/\/staging.schokologo.com\/de\/#website\",\"url\":\"https:\/\/staging.schokologo.com\/de\/\",\"name\":\"Schokologo\",\"description\":\"Your finest calling card\",\"publisher\":{\"@id\":\"https:\/\/staging.schokologo.com\/de\/#organization\"},\"alternateName\":\"Ihr Logo aus edler Schokolade\",\"potentialAction\":[{\"@type\":\"SearchAction\",\"target\":{\"@type\":\"EntryPoint\",\"urlTemplate\":\"https:\/\/staging.schokologo.com\/de\/?s={search_term_string}\"},\"query-input\":{\"@type\":\"PropertyValueSpecification\",\"valueRequired\":true,\"valueName\":\"search_term_string\"}}],\"inLanguage\":\"de\"},{\"@type\":\"Organization\",\"@id\":\"https:\/\/staging.schokologo.com\/de\/#organization\",\"name\":\"Schokologo e.K.\",\"alternateName\":\"Schokologo\",\"url\":\"https:\/\/staging.schokologo.com\/de\/\",\"logo\":{\"@type\":\"ImageObject\",\"inLanguage\":\"de\",\"@id\":\"https:\/\/staging.schokologo.com\/de\/#\/schema\/logo\/image\/\",\"url\":\"https:\/\/staging.schokologo.com\/wp-content\/uploads\/2023\/09\/SchokoLogo_Logo.svg\",\"contentUrl\":\"https:\/\/staging.schokologo.com\/wp-content\/uploads\/2023\/09\/SchokoLogo_Logo.svg\",\"width\":270,\"height\":106,\"caption\":\"Schokologo e.K.\"},\"image\":{\"@id\":\"https:\/\/staging.schokologo.com\/de\/#\/schema\/logo\/image\/\"},\"sameAs\":[\"https:\/\/www.facebook.com\/SCHOKOLOGO\",\"https:\/\/x.com\/schokologo\",\"https:\/\/www.instagram.com\/schoko_logo\"],\"description\":\"Personalisierte Schokoladenprodukte und Sonderanfertigungen aus Schokolade. Wir gestalten individuelle Schokoladenkreationen mit Logos, Texten und Designs nach Ihren W\u00fcnschen. Unsere hochwertigen Schokoladenprodukte sind das ideale Geschenk f\u00fcr Kunden, Gesch\u00e4ftspartner und besondere Anl\u00e4sse. Mit den besten Zutaten und ma\u00dfgeschneiderten L\u00f6sungen pr\u00e4sentieren wir Ihre Markenbotschaft auf einzigartige und k\u00f6stliche Weise. Entdecken Sie die Vielfalt unserer Schokoladenprodukte und hinterlassen Sie einen bleibenden Eindruck mit Schokologo.\",\"email\":\"info@schokologo.com\",\"telephone\":\"3677790\",\"legalName\":\"Schokologo e.K.\",\"foundingDate\":\"2003-01-08\",\"vatID\":\"DE220776735\",\"numberOfEmployees\":{\"@type\":\"QuantitativeValue\",\"minValue\":\"51\",\"maxValue\":\"200\"}}]}<\/script>\n<meta property=\"og:availability\" content=\"instock\" \/>\n<meta property=\"product:availability\" content=\"instock\" \/>\n<meta property=\"product:condition\" content=\"new\" \/>\n<!-- \/ Yoast SEO Premium plugin. -->","yoast_head_json":{"title":"Schoko Welt-Karte","description":"Schokoladentafel mit Weltkarten-Motiv, 14 x 14 cm, 130 g. Sofort verf\u00fcgbar, hochwertig und ideal als Geschenk oder Werbepr\u00e4sent. Optional individualisierbar.","robots":{"index":"noindex","follow":"follow","max-snippet":"max-snippet:-1","max-image-preview":"max-image-preview:large","max-video-preview":"max-video-preview:-1"},"og_locale":"de_DE","og_type":"article","og_title":"Schoko Welt-Karte","og_description":"Schokoladentafel mit Weltkarten-Motiv, 14 x 14 cm, 130 g. Sofort verf\u00fcgbar, hochwertig und ideal als Geschenk oder Werbepr\u00e4sent. Optional individualisierbar.","og_url":"https:\/\/staging.schokologo.com\/de\/schokologo\/schoko-welt-karte","og_site_name":"Choco-Logo","article_publisher":"https:\/\/www.facebook.com\/SCHOKOLOGO","article_modified_time":"2026-04-12T08:44:09+00:00","og_image":[{"width":1200,"height":1034,"url":"https:\/\/staging.schokologo.com\/wp-content\/uploads\/2023\/09\/ChocolateWorldMap_4nd.jpg","type":"image\/jpeg"}],"twitter_card":"summary_large_image","twitter_site":"@schokologo","twitter_misc":{"Verf\u00fcgbarkeit":"Auf Lager"},"schema":{"@context":"https:\/\/schema.org","@graph":[{"@type":"WebPage","@id":"https:\/\/staging.schokologo.com\/de\/schokologo\/schoko-welt-karte","url":"https:\/\/staging.schokologo.com\/de\/schokologo\/schoko-welt-karte","name":"Schoko Welt-Karte","isPartOf":{"@id":"https:\/\/staging.schokologo.com\/de\/#website"},"primaryImageOfPage":{"@id":"https:\/\/staging.schokologo.com\/de\/schokologo\/schoko-welt-karte#primaryimage"},"image":{"@id":"https:\/\/staging.schokologo.com\/de\/schokologo\/schoko-welt-karte#primaryimage"},"thumbnailUrl":"https:\/\/staging.schokologo.com\/wp-content\/uploads\/2023\/09\/ChocolateWorldMap_4nd.jpg","datePublished":"2023-09-27T14:31:09+00:00","dateModified":"2026-04-12T08:44:09+00:00","description":"Schokoladentafel mit Weltkarten-Motiv, 14 x 14 cm, 130 g. Sofort verf\u00fcgbar, hochwertig und ideal als Geschenk oder Werbepr\u00e4sent. Optional individualisierbar.","breadcrumb":{"@id":"https:\/\/staging.schokologo.com\/de\/schokologo\/schoko-welt-karte#breadcrumb"},"inLanguage":"de","potentialAction":[{"@type":"ReadAction","target":["https:\/\/staging.schokologo.com\/de\/schokologo\/schoko-welt-karte"]}]},{"@type":"ImageObject","inLanguage":"de","@id":"https:\/\/staging.schokologo.com\/de\/schokologo\/schoko-welt-karte#primaryimage","url":"https:\/\/staging.schokologo.com\/wp-content\/uploads\/2023\/09\/ChocolateWorldMap_4nd.jpg","contentUrl":"https:\/\/staging.schokologo.com\/wp-content\/uploads\/2023\/09\/ChocolateWorldMap_4nd.jpg","width":1200,"height":1034,"caption":"Chocolate-World-Map"},{"@type":"BreadcrumbList","@id":"https:\/\/staging.schokologo.com\/de\/schokologo\/schoko-welt-karte#breadcrumb","itemListElement":[{"@type":"ListItem","position":1,"name":"Home","item":"https:\/\/staging.schokologo.com\/de"},{"@type":"ListItem","position":2,"name":"Produkte","item":"https:\/\/staging.schokologo.com\/de\/shop"},{"@type":"ListItem","position":3,"name":"Schoko Welt-Karte"}]},{"@type":"WebSite","@id":"https:\/\/staging.schokologo.com\/de\/#website","url":"https:\/\/staging.schokologo.com\/de\/","name":"Schokologo","description":"Your finest calling card","publisher":{"@id":"https:\/\/staging.schokologo.com\/de\/#organization"},"alternateName":"Ihr Logo aus edler Schokolade","potentialAction":[{"@type":"SearchAction","target":{"@type":"EntryPoint","urlTemplate":"https:\/\/staging.schokologo.com\/de\/?s={search_term_string}"},"query-input":{"@type":"PropertyValueSpecification","valueRequired":true,"valueName":"search_term_string"}}],"inLanguage":"de"},{"@type":"Organization","@id":"https:\/\/staging.schokologo.com\/de\/#organization","name":"Schokologo e.K.","alternateName":"Schokologo","url":"https:\/\/staging.schokologo.com\/de\/","logo":{"@type":"ImageObject","inLanguage":"de","@id":"https:\/\/staging.schokologo.com\/de\/#\/schema\/logo\/image\/","url":"https:\/\/staging.schokologo.com\/wp-content\/uploads\/2023\/09\/SchokoLogo_Logo.svg","contentUrl":"https:\/\/staging.schokologo.com\/wp-content\/uploads\/2023\/09\/SchokoLogo_Logo.svg","width":270,"height":106,"caption":"Schokologo e.K."},"image":{"@id":"https:\/\/staging.schokologo.com\/de\/#\/schema\/logo\/image\/"},"sameAs":["https:\/\/www.facebook.com\/SCHOKOLOGO","https:\/\/x.com\/schokologo","https:\/\/www.instagram.com\/schoko_logo"],"description":"Personalisierte Schokoladenprodukte und Sonderanfertigungen aus Schokolade. Wir gestalten individuelle Schokoladenkreationen mit Logos, Texten und Designs nach Ihren W\u00fcnschen. Unsere hochwertigen Schokoladenprodukte sind das ideale Geschenk f\u00fcr Kunden, Gesch\u00e4ftspartner und besondere Anl\u00e4sse. Mit den besten Zutaten und ma\u00dfgeschneiderten L\u00f6sungen pr\u00e4sentieren wir Ihre Markenbotschaft auf einzigartige und k\u00f6stliche Weise. Entdecken Sie die Vielfalt unserer Schokoladenprodukte und hinterlassen Sie einen bleibenden Eindruck mit Schokologo.","email":"info@schokologo.com","telephone":"3677790","legalName":"Schokologo e.K.","foundingDate":"2003-01-08","vatID":"DE220776735","numberOfEmployees":{"@type":"QuantitativeValue","minValue":"51","maxValue":"200"}}]},"og_availability":"instock","product_availability":"instock","product_condition":"new"},"_links":{"self":[{"href":"https:\/\/staging.schokologo.com\/de\/wp-json\/wp\/v2\/product\/55086","targetHints":{"allow":["GET"]}}],"collection":[{"href":"https:\/\/staging.schokologo.com\/de\/wp-json\/wp\/v2\/product"}],"about":[{"href":"https:\/\/staging.schokologo.com\/de\/wp-json\/wp\/v2\/types\/product"}],"version-history":[{"count":4,"href":"https:\/\/staging.schokologo.com\/de\/wp-json\/wp\/v2\/product\/55086\/revisions"}],"predecessor-version":[{"id":70397,"href":"https:\/\/staging.schokologo.com\/de\/wp-json\/wp\/v2\/product\/55086\/revisions\/70397"}],"wp:featuredmedia":[{"embeddable":true,"href":"https:\/\/staging.schokologo.com\/de\/wp-json\/wp\/v2\/media\/47111"}],"wp:attachment":[{"href":"https:\/\/staging.schokologo.com\/de\/wp-json\/wp\/v2\/media?parent=55086"}],"wp:term":[{"taxonomy":"product_brand","embeddable":true,"href":"https:\/\/staging.schokologo.com\/de\/wp-json\/wp\/v2\/product_brand?post=55086"},{"taxonomy":"product_cat","embeddable":true,"href":"https:\/\/staging.schokologo.com\/de\/wp-json\/wp\/v2\/product_cat?post=55086"},{"taxonomy":"product_tag","embeddable":true,"href":"https:\/\/staging.schokologo.com\/de\/wp-json\/wp\/v2\/product_tag?post=55086"}],"curies":[{"name":"wp","href":"https:\/\/api.w.org\/{rel}","templated":true}]}}