{"id":55044,"date":"2023-09-27T14:30:56","date_gmt":"2023-09-27T14:30:56","guid":{"rendered":"http:\/\/custom-chocolate.biz\/?product=schoko-motor"},"modified":"2025-09-17T13:14:27","modified_gmt":"2025-09-17T11:14:27","slug":"schoko-motor","status":"publish","type":"product","link":"https:\/\/staging.schokologo.com\/de\/schokologo\/schoko-motor","title":{"rendered":"Schoko-Motor"},"content":{"rendered":"<p><strong>Schoko-Motor \u2013 individuelle Schokoladenform mit Logo<\/p>\n<p><\/strong><\/p>\n<p data-start=\"244\" data-end=\"537\">Der Schoko-Motor zeigt, wie eindrucksvoll individuelle Schokoladenformen Markenbotschaften transportieren k\u00f6nnen. Aus feinster belgischer Schokolade gefertigt, detailgetreu in Motorform gegossen und mit Ihrem Logo gepr\u00e4gt, wird er zu einem unvergesslichen Pr\u00e4sent.<\/p>\n<p data-start=\"539\" data-end=\"864\">Ob f\u00fcr Messen, Produkteinf\u00fchrungen oder als kreatives Kundengeschenk: Mit diesem au\u00dfergew\u00f6hnlichen Schokoladenst\u00fcck verbinden Sie technische Pr\u00e4zision mit feinstem Genuss. Verpackt in eleganten Schachteln \u2013 wahlweise in Gold, Silber oder vollfl\u00e4chig bedruckt \u2013 sorgt der Schoko-Motor f\u00fcr einen starken Auftritt Ihrer Marke.<\/p>\n<p data-start=\"866\" data-end=\"1072\">Auf Wunsch sind unterschiedliche Schokoladensorten (Vollmilch, Zartbitter oder Wei\u00df) verf\u00fcgbar. Jedes St\u00fcck ist handgefertigt und garantiert ein s\u00fc\u00dfes Highlight, das Ihre Kunden \u00fcberrascht und begeistert.<\/p>\n<p><strong>\u00a0<\/strong><\/p>\n","protected":false},"excerpt":{"rendered":"<p>Produktnachbildung Motor aus Schokolade. Ein Motor aus feinster Schokolade, detailgetreu geformt und mit Ihrem Logo gepr\u00e4gt \u2013 das perfekte, originelle Werbegeschenk f\u00fcr Technik- und Industriebranchen.<\/p>\n","protected":false},"featured_media":47063,"template":"","meta":{"_acf_changed":false},"product_brand":[2904],"product_cat":[2919],"product_tag":[],"class_list":{"0":"post-55044","1":"product","2":"type-product","3":"status-publish","4":"has-post-thumbnail","6":"product_brand-schokologo-e-k","7":"product_cat-sonderanfertigung","9":"first","10":"instock","11":"taxable","12":"shipping-taxable","13":"purchasable","14":"product-type-simple"},"acf":{"sl_product_custom_field":"","sl_inquire_only_product":false},"yoast_head":"<!-- This site is optimized with the Yoast SEO Premium plugin v26.5 (Yoast SEO v27.2) - https:\/\/yoast.com\/product\/yoast-seo-premium-wordpress\/ -->\n<title>Produktnachbildung Motor aus Schokolade<\/title>\n<meta name=\"description\" content=\"Schoko-Motor von Schokologo: individuelle Schokolade in Motorform mit Logo-Pr\u00e4gung. Handgemacht aus belgischer Schokolade \u2013 originelles Werbegeschenk f\u00fcr Messen und Kunden.\" \/>\n<meta name=\"robots\" content=\"noindex, follow, max-snippet:-1, max-image-preview:large, max-video-preview:-1\" \/>\n<meta property=\"og:locale\" content=\"de_DE\" \/>\n<meta property=\"og:type\" content=\"article\" \/>\n<meta property=\"og:title\" content=\"Schoko-Motor\" \/>\n<meta property=\"og:description\" content=\"Schoko-Motor von Schokologo: individuelle Schokolade in Motorform mit Logo-Pr\u00e4gung. Handgemacht aus belgischer Schokolade \u2013 originelles Werbegeschenk f\u00fcr Messen und Kunden.\" \/>\n<meta property=\"og:url\" content=\"https:\/\/staging.schokologo.com\/de\/schokologo\/schoko-motor\" \/>\n<meta property=\"og:site_name\" content=\"Choco-Logo\" \/>\n<meta property=\"article:publisher\" content=\"https:\/\/www.facebook.com\/SCHOKOLOGO\" \/>\n<meta property=\"article:modified_time\" content=\"2025-09-17T11:14:27+00:00\" \/>\n<meta property=\"og:image\" content=\"https:\/\/staging.schokologo.com\/wp-content\/uploads\/2023\/09\/CustomChocolateMotor_danfoss_5nd.jpg\" \/>\n\t<meta property=\"og:image:width\" content=\"1200\" \/>\n\t<meta property=\"og:image:height\" content=\"1085\" \/>\n\t<meta property=\"og:image:type\" content=\"image\/jpeg\" \/>\n<meta name=\"twitter:card\" content=\"summary_large_image\" \/>\n<meta name=\"twitter:site\" content=\"@schokologo\" \/>\n<meta name=\"twitter:label1\" content=\"Preis\" \/>\n\t<meta name=\"twitter:data1\" content=\"1,19&nbsp;&euro; Exluding Tax\" \/>\n\t<meta name=\"twitter:label2\" content=\"Verf\u00fcgbarkeit\" \/>\n\t<meta name=\"twitter:data2\" content=\"Auf Lager\" \/>\n<script type=\"application\/ld+json\" class=\"yoast-schema-graph\">{\"@context\":\"https:\/\/schema.org\",\"@graph\":[{\"@type\":\"WebPage\",\"@id\":\"https:\/\/staging.schokologo.com\/de\/schokologo\/schoko-motor\",\"url\":\"https:\/\/staging.schokologo.com\/de\/schokologo\/schoko-motor\",\"name\":\"Produktnachbildung Motor aus Schokolade\",\"isPartOf\":{\"@id\":\"https:\/\/staging.schokologo.com\/de\/#website\"},\"primaryImageOfPage\":{\"@id\":\"https:\/\/staging.schokologo.com\/de\/schokologo\/schoko-motor#primaryimage\"},\"image\":{\"@id\":\"https:\/\/staging.schokologo.com\/de\/schokologo\/schoko-motor#primaryimage\"},\"thumbnailUrl\":\"https:\/\/staging.schokologo.com\/wp-content\/uploads\/2023\/09\/CustomChocolateMotor_danfoss_5nd.jpg\",\"datePublished\":\"2023-09-27T14:30:56+00:00\",\"dateModified\":\"2025-09-17T11:14:27+00:00\",\"description\":\"Schoko-Motor von Schokologo: individuelle Schokolade in Motorform mit Logo-Pr\u00e4gung. Handgemacht aus belgischer Schokolade \u2013 originelles Werbegeschenk f\u00fcr Messen und Kunden.\",\"breadcrumb\":{\"@id\":\"https:\/\/staging.schokologo.com\/de\/schokologo\/schoko-motor#breadcrumb\"},\"inLanguage\":\"de\",\"potentialAction\":[{\"@type\":\"ReadAction\",\"target\":[\"https:\/\/staging.schokologo.com\/de\/schokologo\/schoko-motor\"]}]},{\"@type\":\"ImageObject\",\"inLanguage\":\"de\",\"@id\":\"https:\/\/staging.schokologo.com\/de\/schokologo\/schoko-motor#primaryimage\",\"url\":\"https:\/\/staging.schokologo.com\/wp-content\/uploads\/2023\/09\/CustomChocolateMotor_danfoss_5nd.jpg\",\"contentUrl\":\"https:\/\/staging.schokologo.com\/wp-content\/uploads\/2023\/09\/CustomChocolateMotor_danfoss_5nd.jpg\",\"width\":1200,\"height\":1085,\"caption\":\"CustomChocolateMotor_danfoss\"},{\"@type\":\"BreadcrumbList\",\"@id\":\"https:\/\/staging.schokologo.com\/de\/schokologo\/schoko-motor#breadcrumb\",\"itemListElement\":[{\"@type\":\"ListItem\",\"position\":1,\"name\":\"Home\",\"item\":\"https:\/\/staging.schokologo.com\/de\"},{\"@type\":\"ListItem\",\"position\":2,\"name\":\"Produkte\",\"item\":\"https:\/\/staging.schokologo.com\/de\/shop\"},{\"@type\":\"ListItem\",\"position\":3,\"name\":\"Schoko-Motor\"}]},{\"@type\":\"WebSite\",\"@id\":\"https:\/\/staging.schokologo.com\/de\/#website\",\"url\":\"https:\/\/staging.schokologo.com\/de\/\",\"name\":\"Schokologo\",\"description\":\"Your finest calling card\",\"publisher\":{\"@id\":\"https:\/\/staging.schokologo.com\/de\/#organization\"},\"alternateName\":\"Ihr Logo aus edler Schokolade\",\"potentialAction\":[{\"@type\":\"SearchAction\",\"target\":{\"@type\":\"EntryPoint\",\"urlTemplate\":\"https:\/\/staging.schokologo.com\/de\/?s={search_term_string}\"},\"query-input\":{\"@type\":\"PropertyValueSpecification\",\"valueRequired\":true,\"valueName\":\"search_term_string\"}}],\"inLanguage\":\"de\"},{\"@type\":\"Organization\",\"@id\":\"https:\/\/staging.schokologo.com\/de\/#organization\",\"name\":\"Schokologo e.K.\",\"alternateName\":\"Schokologo\",\"url\":\"https:\/\/staging.schokologo.com\/de\/\",\"logo\":{\"@type\":\"ImageObject\",\"inLanguage\":\"de\",\"@id\":\"https:\/\/staging.schokologo.com\/de\/#\/schema\/logo\/image\/\",\"url\":\"https:\/\/staging.schokologo.com\/wp-content\/uploads\/2023\/09\/SchokoLogo_Logo.svg\",\"contentUrl\":\"https:\/\/staging.schokologo.com\/wp-content\/uploads\/2023\/09\/SchokoLogo_Logo.svg\",\"width\":270,\"height\":106,\"caption\":\"Schokologo e.K.\"},\"image\":{\"@id\":\"https:\/\/staging.schokologo.com\/de\/#\/schema\/logo\/image\/\"},\"sameAs\":[\"https:\/\/www.facebook.com\/SCHOKOLOGO\",\"https:\/\/x.com\/schokologo\",\"https:\/\/www.instagram.com\/schoko_logo\"],\"description\":\"Personalisierte Schokoladenprodukte und Sonderanfertigungen aus Schokolade. Wir gestalten individuelle Schokoladenkreationen mit Logos, Texten und Designs nach Ihren W\u00fcnschen. Unsere hochwertigen Schokoladenprodukte sind das ideale Geschenk f\u00fcr Kunden, Gesch\u00e4ftspartner und besondere Anl\u00e4sse. Mit den besten Zutaten und ma\u00dfgeschneiderten L\u00f6sungen pr\u00e4sentieren wir Ihre Markenbotschaft auf einzigartige und k\u00f6stliche Weise. Entdecken Sie die Vielfalt unserer Schokoladenprodukte und hinterlassen Sie einen bleibenden Eindruck mit Schokologo.\",\"email\":\"info@schokologo.com\",\"telephone\":\"3677790\",\"legalName\":\"Schokologo e.K.\",\"foundingDate\":\"2003-01-08\",\"vatID\":\"DE220776735\",\"numberOfEmployees\":{\"@type\":\"QuantitativeValue\",\"minValue\":\"51\",\"maxValue\":\"200\"}}]}<\/script>\n<meta property=\"product:price:amount\" content=\"1.19\" \/>\n<meta property=\"product:price:currency\" content=\"EUR\" \/>\n<meta property=\"og:availability\" content=\"instock\" \/>\n<meta property=\"product:availability\" content=\"instock\" \/>\n<meta property=\"product:retailer_item_id\" content=\"SL0001PN\" \/>\n<meta property=\"product:condition\" content=\"new\" \/>\n<!-- \/ Yoast SEO Premium plugin. -->","yoast_head_json":{"title":"Produktnachbildung Motor aus Schokolade","description":"Schoko-Motor von Schokologo: individuelle Schokolade in Motorform mit Logo-Pr\u00e4gung. Handgemacht aus belgischer Schokolade \u2013 originelles Werbegeschenk f\u00fcr Messen und Kunden.","robots":{"index":"noindex","follow":"follow","max-snippet":"max-snippet:-1","max-image-preview":"max-image-preview:large","max-video-preview":"max-video-preview:-1"},"og_locale":"de_DE","og_type":"article","og_title":"Schoko-Motor","og_description":"Schoko-Motor von Schokologo: individuelle Schokolade in Motorform mit Logo-Pr\u00e4gung. Handgemacht aus belgischer Schokolade \u2013 originelles Werbegeschenk f\u00fcr Messen und Kunden.","og_url":"https:\/\/staging.schokologo.com\/de\/schokologo\/schoko-motor","og_site_name":"Choco-Logo","article_publisher":"https:\/\/www.facebook.com\/SCHOKOLOGO","article_modified_time":"2025-09-17T11:14:27+00:00","og_image":[{"width":1200,"height":1085,"url":"https:\/\/staging.schokologo.com\/wp-content\/uploads\/2023\/09\/CustomChocolateMotor_danfoss_5nd.jpg","type":"image\/jpeg"}],"twitter_card":"summary_large_image","twitter_site":"@schokologo","twitter_misc":{"Preis":"1,19&nbsp;&euro; Exluding Tax","Verf\u00fcgbarkeit":"Auf Lager"},"schema":{"@context":"https:\/\/schema.org","@graph":[{"@type":"WebPage","@id":"https:\/\/staging.schokologo.com\/de\/schokologo\/schoko-motor","url":"https:\/\/staging.schokologo.com\/de\/schokologo\/schoko-motor","name":"Produktnachbildung Motor aus Schokolade","isPartOf":{"@id":"https:\/\/staging.schokologo.com\/de\/#website"},"primaryImageOfPage":{"@id":"https:\/\/staging.schokologo.com\/de\/schokologo\/schoko-motor#primaryimage"},"image":{"@id":"https:\/\/staging.schokologo.com\/de\/schokologo\/schoko-motor#primaryimage"},"thumbnailUrl":"https:\/\/staging.schokologo.com\/wp-content\/uploads\/2023\/09\/CustomChocolateMotor_danfoss_5nd.jpg","datePublished":"2023-09-27T14:30:56+00:00","dateModified":"2025-09-17T11:14:27+00:00","description":"Schoko-Motor von Schokologo: individuelle Schokolade in Motorform mit Logo-Pr\u00e4gung. Handgemacht aus belgischer Schokolade \u2013 originelles Werbegeschenk f\u00fcr Messen und Kunden.","breadcrumb":{"@id":"https:\/\/staging.schokologo.com\/de\/schokologo\/schoko-motor#breadcrumb"},"inLanguage":"de","potentialAction":[{"@type":"ReadAction","target":["https:\/\/staging.schokologo.com\/de\/schokologo\/schoko-motor"]}]},{"@type":"ImageObject","inLanguage":"de","@id":"https:\/\/staging.schokologo.com\/de\/schokologo\/schoko-motor#primaryimage","url":"https:\/\/staging.schokologo.com\/wp-content\/uploads\/2023\/09\/CustomChocolateMotor_danfoss_5nd.jpg","contentUrl":"https:\/\/staging.schokologo.com\/wp-content\/uploads\/2023\/09\/CustomChocolateMotor_danfoss_5nd.jpg","width":1200,"height":1085,"caption":"CustomChocolateMotor_danfoss"},{"@type":"BreadcrumbList","@id":"https:\/\/staging.schokologo.com\/de\/schokologo\/schoko-motor#breadcrumb","itemListElement":[{"@type":"ListItem","position":1,"name":"Home","item":"https:\/\/staging.schokologo.com\/de"},{"@type":"ListItem","position":2,"name":"Produkte","item":"https:\/\/staging.schokologo.com\/de\/shop"},{"@type":"ListItem","position":3,"name":"Schoko-Motor"}]},{"@type":"WebSite","@id":"https:\/\/staging.schokologo.com\/de\/#website","url":"https:\/\/staging.schokologo.com\/de\/","name":"Schokologo","description":"Your finest calling card","publisher":{"@id":"https:\/\/staging.schokologo.com\/de\/#organization"},"alternateName":"Ihr Logo aus edler Schokolade","potentialAction":[{"@type":"SearchAction","target":{"@type":"EntryPoint","urlTemplate":"https:\/\/staging.schokologo.com\/de\/?s={search_term_string}"},"query-input":{"@type":"PropertyValueSpecification","valueRequired":true,"valueName":"search_term_string"}}],"inLanguage":"de"},{"@type":"Organization","@id":"https:\/\/staging.schokologo.com\/de\/#organization","name":"Schokologo e.K.","alternateName":"Schokologo","url":"https:\/\/staging.schokologo.com\/de\/","logo":{"@type":"ImageObject","inLanguage":"de","@id":"https:\/\/staging.schokologo.com\/de\/#\/schema\/logo\/image\/","url":"https:\/\/staging.schokologo.com\/wp-content\/uploads\/2023\/09\/SchokoLogo_Logo.svg","contentUrl":"https:\/\/staging.schokologo.com\/wp-content\/uploads\/2023\/09\/SchokoLogo_Logo.svg","width":270,"height":106,"caption":"Schokologo e.K."},"image":{"@id":"https:\/\/staging.schokologo.com\/de\/#\/schema\/logo\/image\/"},"sameAs":["https:\/\/www.facebook.com\/SCHOKOLOGO","https:\/\/x.com\/schokologo","https:\/\/www.instagram.com\/schoko_logo"],"description":"Personalisierte Schokoladenprodukte und Sonderanfertigungen aus Schokolade. Wir gestalten individuelle Schokoladenkreationen mit Logos, Texten und Designs nach Ihren W\u00fcnschen. Unsere hochwertigen Schokoladenprodukte sind das ideale Geschenk f\u00fcr Kunden, Gesch\u00e4ftspartner und besondere Anl\u00e4sse. Mit den besten Zutaten und ma\u00dfgeschneiderten L\u00f6sungen pr\u00e4sentieren wir Ihre Markenbotschaft auf einzigartige und k\u00f6stliche Weise. Entdecken Sie die Vielfalt unserer Schokoladenprodukte und hinterlassen Sie einen bleibenden Eindruck mit Schokologo.","email":"info@schokologo.com","telephone":"3677790","legalName":"Schokologo e.K.","foundingDate":"2003-01-08","vatID":"DE220776735","numberOfEmployees":{"@type":"QuantitativeValue","minValue":"51","maxValue":"200"}}]},"product_price_amount":"1.19","product_price_currency":"EUR","og_availability":"instock","product_availability":"instock","product_retailer_item_id":"SL0001PN","product_condition":"new"},"_links":{"self":[{"href":"https:\/\/staging.schokologo.com\/de\/wp-json\/wp\/v2\/product\/55044","targetHints":{"allow":["GET"]}}],"collection":[{"href":"https:\/\/staging.schokologo.com\/de\/wp-json\/wp\/v2\/product"}],"about":[{"href":"https:\/\/staging.schokologo.com\/de\/wp-json\/wp\/v2\/types\/product"}],"version-history":[{"count":2,"href":"https:\/\/staging.schokologo.com\/de\/wp-json\/wp\/v2\/product\/55044\/revisions"}],"predecessor-version":[{"id":69995,"href":"https:\/\/staging.schokologo.com\/de\/wp-json\/wp\/v2\/product\/55044\/revisions\/69995"}],"wp:featuredmedia":[{"embeddable":true,"href":"https:\/\/staging.schokologo.com\/de\/wp-json\/wp\/v2\/media\/47063"}],"wp:attachment":[{"href":"https:\/\/staging.schokologo.com\/de\/wp-json\/wp\/v2\/media?parent=55044"}],"wp:term":[{"taxonomy":"product_brand","embeddable":true,"href":"https:\/\/staging.schokologo.com\/de\/wp-json\/wp\/v2\/product_brand?post=55044"},{"taxonomy":"product_cat","embeddable":true,"href":"https:\/\/staging.schokologo.com\/de\/wp-json\/wp\/v2\/product_cat?post=55044"},{"taxonomy":"product_tag","embeddable":true,"href":"https:\/\/staging.schokologo.com\/de\/wp-json\/wp\/v2\/product_tag?post=55044"}],"curies":[{"name":"wp","href":"https:\/\/api.w.org\/{rel}","templated":true}]}}