{"id":54878,"date":"2023-09-27T14:30:08","date_gmt":"2023-09-27T14:30:08","guid":{"rendered":"http:\/\/custom-chocolate.biz\/?product=schoko-card-tafel"},"modified":"2025-09-17T12:21:47","modified_gmt":"2025-09-17T10:21:47","slug":"balance-choco-tafel","status":"publish","type":"product","link":"https:\/\/staging.schokologo.com\/de\/schokologo\/balance-choco-tafel","title":{"rendered":"Balance Tafel"},"content":{"rendered":"<p><strong>Balance Tafel \u2013 Schokolade im Gleichgewicht von Genuss und Botschaft<br \/>\n<\/strong><\/p>\n<p>Die <strong>Balance Tafel<\/strong> vereint Eleganz, feinen Schokoladengenuss und individuelle Gestaltung in einer einzigartigen Form. Jede Tafel wird mit Logo, Motiv oder pers\u00f6nlicher Botschaft gepr\u00e4gt und macht so aus einem St\u00fcck Schokolade ein unvergessliches Pr\u00e4sent.<\/p>\n<p>Die Balance Tafel ist in f\u00fcnf Formaten erh\u00e4ltlich, passend f\u00fcr unterschiedliche Anl\u00e4sse und Budgets:<\/p>\n<ul>\n<li><strong>Schoko-Card<\/strong> \u2013 60 \u00d7 50 \u00d7 5 mm, ca. 18 g<\/li>\n<li><strong>Business Card Deluxe<\/strong> \u2013 110 \u00d7 60 \u00d7 5 mm, ca. 34 g<\/li>\n<li><strong>Schoko-Message<\/strong> \u2013 150 \u00d7 50 \u00d7 5 mm, ca. 40 g<\/li>\n<li><strong>S\u00fc\u00dfe Pr\u00e4gung<\/strong> \u2013 130 \u00d7 70 \u00d7 5 mm, ca. 47 g<\/li>\n<li><strong>Schokologo Souvenir<\/strong> \u2013 150 \u00d7 100 \u00d7 5 mm, ca. 80 g<\/li>\n<\/ul>\n<p>&nbsp;<\/p>\n<p>Wie gewohnt stehen verschiedene <strong>Verpackungsvarianten<\/strong> zur Auswahl \u2013 von eleganten Gold- und Silberschachteln bis hin zu vollfl\u00e4chig bedruckten Boxen, die Ihre Marke eindrucksvoll in Szene setzen.<\/p>\n<p>Auch geschmacklich bietet die Balance Tafel Vielfalt: zarte Vollmilch, edle Zartbitter oder cremige wei\u00dfe Schokolade. So wird sie zum perfekten Werbegeschenk, zur stilvollen Aufmerksamkeit f\u00fcr Mitarbeitende oder zum s\u00fc\u00dfen Highlight bei besonderen Anl\u00e4ssen.<\/p>\n<p>Die Balance Tafel \u2013 ein St\u00fcck Schokolade, das nicht nur k\u00f6stlich schmeckt, sondern auch Ihre Botschaft in bester Erinnerung h\u00e4lt.<\/p>\n","protected":false},"excerpt":{"rendered":"<p>Individuelle Balance Tafeln aus feinster Schokolade \u2013 gepr\u00e4gt mit Ihrem Logo oder Motiv, erh\u00e4ltlich in f\u00fcnf Formaten, mit eleganten Verpackungs- und Geschmacksvarianten.<\/p>\n","protected":false},"featured_media":62453,"template":"","meta":{"_acf_changed":false},"product_brand":[2904],"product_cat":[2913],"product_tag":[],"class_list":{"0":"post-54878","1":"product","2":"type-product","3":"status-publish","4":"has-post-thumbnail","6":"product_brand-schokologo-e-k","7":"product_cat-schoko-reliefs","9":"first","10":"instock","11":"taxable","12":"shipping-taxable","13":"purchasable","14":"product-type-variable","15":"has-default-attributes"},"acf":{"sl_product_custom_field":"diverse Gr\u00f6\u00dfen","sl_inquire_only_product":true},"yoast_head":"<!-- This site is optimized with the Yoast SEO Premium plugin v26.5 (Yoast SEO v27.2) - https:\/\/yoast.com\/product\/yoast-seo-premium-wordpress\/ -->\n<title>Schoko-Card Tafel<\/title>\n<meta name=\"description\" content=\"Balance Tafeln von Schokologo: personalisierte Schokolade mit Logo, in f\u00fcnf Gr\u00f6\u00dfen, edlen Verpackungen und verschiedenen Geschmacksrichtungen.\" \/>\n<meta name=\"robots\" content=\"noindex, follow, max-snippet:-1, max-image-preview:large, max-video-preview:-1\" \/>\n<meta property=\"og:locale\" content=\"de_DE\" \/>\n<meta property=\"og:type\" content=\"article\" \/>\n<meta property=\"og:title\" content=\"Balance Tafel\" \/>\n<meta property=\"og:description\" content=\"Balance Tafeln von Schokologo: personalisierte Schokolade mit Logo, in f\u00fcnf Gr\u00f6\u00dfen, edlen Verpackungen und verschiedenen Geschmacksrichtungen.\" \/>\n<meta property=\"og:url\" content=\"https:\/\/staging.schokologo.com\/de\/schokologo\/balance-choco-tafel\" \/>\n<meta property=\"og:site_name\" content=\"Choco-Logo\" \/>\n<meta property=\"article:publisher\" content=\"https:\/\/www.facebook.com\/SCHOKOLOGO\" \/>\n<meta property=\"article:modified_time\" content=\"2025-09-17T10:21:47+00:00\" \/>\n<meta property=\"og:image\" content=\"https:\/\/staging.schokologo.com\/wp-content\/uploads\/2023\/09\/Chocolate-Business-Cards-with-wallets-in-gold-and-silver.jpg\" \/>\n\t<meta property=\"og:image:width\" content=\"1024\" \/>\n\t<meta property=\"og:image:height\" content=\"1024\" \/>\n\t<meta property=\"og:image:type\" content=\"image\/jpeg\" \/>\n<meta name=\"twitter:card\" content=\"summary_large_image\" \/>\n<meta name=\"twitter:site\" content=\"@schokologo\" \/>\n<meta name=\"twitter:label1\" content=\"Verf\u00fcgbarkeit\" \/>\n\t<meta name=\"twitter:data1\" content=\"Auf Lager\" \/>\n<script type=\"application\/ld+json\" class=\"yoast-schema-graph\">{\"@context\":\"https:\/\/schema.org\",\"@graph\":[{\"@type\":\"WebPage\",\"@id\":\"https:\/\/staging.schokologo.com\/de\/schokologo\/balance-choco-tafel\",\"url\":\"https:\/\/staging.schokologo.com\/de\/schokologo\/balance-choco-tafel\",\"name\":\"Schoko-Card Tafel\",\"isPartOf\":{\"@id\":\"https:\/\/staging.schokologo.com\/de\/#website\"},\"primaryImageOfPage\":{\"@id\":\"https:\/\/staging.schokologo.com\/de\/schokologo\/balance-choco-tafel#primaryimage\"},\"image\":{\"@id\":\"https:\/\/staging.schokologo.com\/de\/schokologo\/balance-choco-tafel#primaryimage\"},\"thumbnailUrl\":\"https:\/\/staging.schokologo.com\/wp-content\/uploads\/2023\/09\/Chocolate-Business-Cards-with-wallets-in-gold-and-silver.jpg\",\"datePublished\":\"2023-09-27T14:30:08+00:00\",\"dateModified\":\"2025-09-17T10:21:47+00:00\",\"description\":\"Balance Tafeln von Schokologo: personalisierte Schokolade mit Logo, in f\u00fcnf Gr\u00f6\u00dfen, edlen Verpackungen und verschiedenen Geschmacksrichtungen.\",\"breadcrumb\":{\"@id\":\"https:\/\/staging.schokologo.com\/de\/schokologo\/balance-choco-tafel#breadcrumb\"},\"inLanguage\":\"de\",\"potentialAction\":[{\"@type\":\"ReadAction\",\"target\":[\"https:\/\/staging.schokologo.com\/de\/schokologo\/balance-choco-tafel\"]}]},{\"@type\":\"ImageObject\",\"inLanguage\":\"de\",\"@id\":\"https:\/\/staging.schokologo.com\/de\/schokologo\/balance-choco-tafel#primaryimage\",\"url\":\"https:\/\/staging.schokologo.com\/wp-content\/uploads\/2023\/09\/Chocolate-Business-Cards-with-wallets-in-gold-and-silver.jpg\",\"contentUrl\":\"https:\/\/staging.schokologo.com\/wp-content\/uploads\/2023\/09\/Chocolate-Business-Cards-with-wallets-in-gold-and-silver.jpg\",\"width\":1024,\"height\":1024,\"caption\":\"chocolate business cards with embossed wallets in gp\u00f6d and silver\"},{\"@type\":\"BreadcrumbList\",\"@id\":\"https:\/\/staging.schokologo.com\/de\/schokologo\/balance-choco-tafel#breadcrumb\",\"itemListElement\":[{\"@type\":\"ListItem\",\"position\":1,\"name\":\"Home\",\"item\":\"https:\/\/staging.schokologo.com\/de\"},{\"@type\":\"ListItem\",\"position\":2,\"name\":\"Produkte\",\"item\":\"https:\/\/staging.schokologo.com\/de\/shop\"},{\"@type\":\"ListItem\",\"position\":3,\"name\":\"Balance Tafel\"}]},{\"@type\":\"WebSite\",\"@id\":\"https:\/\/staging.schokologo.com\/de\/#website\",\"url\":\"https:\/\/staging.schokologo.com\/de\/\",\"name\":\"Schokologo\",\"description\":\"Your finest calling card\",\"publisher\":{\"@id\":\"https:\/\/staging.schokologo.com\/de\/#organization\"},\"alternateName\":\"Ihr Logo aus edler Schokolade\",\"potentialAction\":[{\"@type\":\"SearchAction\",\"target\":{\"@type\":\"EntryPoint\",\"urlTemplate\":\"https:\/\/staging.schokologo.com\/de\/?s={search_term_string}\"},\"query-input\":{\"@type\":\"PropertyValueSpecification\",\"valueRequired\":true,\"valueName\":\"search_term_string\"}}],\"inLanguage\":\"de\"},{\"@type\":\"Organization\",\"@id\":\"https:\/\/staging.schokologo.com\/de\/#organization\",\"name\":\"Schokologo e.K.\",\"alternateName\":\"Schokologo\",\"url\":\"https:\/\/staging.schokologo.com\/de\/\",\"logo\":{\"@type\":\"ImageObject\",\"inLanguage\":\"de\",\"@id\":\"https:\/\/staging.schokologo.com\/de\/#\/schema\/logo\/image\/\",\"url\":\"https:\/\/staging.schokologo.com\/wp-content\/uploads\/2023\/09\/SchokoLogo_Logo.svg\",\"contentUrl\":\"https:\/\/staging.schokologo.com\/wp-content\/uploads\/2023\/09\/SchokoLogo_Logo.svg\",\"width\":270,\"height\":106,\"caption\":\"Schokologo e.K.\"},\"image\":{\"@id\":\"https:\/\/staging.schokologo.com\/de\/#\/schema\/logo\/image\/\"},\"sameAs\":[\"https:\/\/www.facebook.com\/SCHOKOLOGO\",\"https:\/\/x.com\/schokologo\",\"https:\/\/www.instagram.com\/schoko_logo\"],\"description\":\"Personalisierte Schokoladenprodukte und Sonderanfertigungen aus Schokolade. Wir gestalten individuelle Schokoladenkreationen mit Logos, Texten und Designs nach Ihren W\u00fcnschen. Unsere hochwertigen Schokoladenprodukte sind das ideale Geschenk f\u00fcr Kunden, Gesch\u00e4ftspartner und besondere Anl\u00e4sse. Mit den besten Zutaten und ma\u00dfgeschneiderten L\u00f6sungen pr\u00e4sentieren wir Ihre Markenbotschaft auf einzigartige und k\u00f6stliche Weise. Entdecken Sie die Vielfalt unserer Schokoladenprodukte und hinterlassen Sie einen bleibenden Eindruck mit Schokologo.\",\"email\":\"info@schokologo.com\",\"telephone\":\"3677790\",\"legalName\":\"Schokologo e.K.\",\"foundingDate\":\"2003-01-08\",\"vatID\":\"DE220776735\",\"numberOfEmployees\":{\"@type\":\"QuantitativeValue\",\"minValue\":\"51\",\"maxValue\":\"200\"}}]}<\/script>\n<meta property=\"og:availability\" content=\"instock\" \/>\n<meta property=\"product:availability\" content=\"instock\" \/>\n<meta property=\"product:condition\" content=\"new\" \/>\n<!-- \/ Yoast SEO Premium plugin. -->","yoast_head_json":{"title":"Schoko-Card Tafel","description":"Balance Tafeln von Schokologo: personalisierte Schokolade mit Logo, in f\u00fcnf Gr\u00f6\u00dfen, edlen Verpackungen und verschiedenen Geschmacksrichtungen.","robots":{"index":"noindex","follow":"follow","max-snippet":"max-snippet:-1","max-image-preview":"max-image-preview:large","max-video-preview":"max-video-preview:-1"},"og_locale":"de_DE","og_type":"article","og_title":"Balance Tafel","og_description":"Balance Tafeln von Schokologo: personalisierte Schokolade mit Logo, in f\u00fcnf Gr\u00f6\u00dfen, edlen Verpackungen und verschiedenen Geschmacksrichtungen.","og_url":"https:\/\/staging.schokologo.com\/de\/schokologo\/balance-choco-tafel","og_site_name":"Choco-Logo","article_publisher":"https:\/\/www.facebook.com\/SCHOKOLOGO","article_modified_time":"2025-09-17T10:21:47+00:00","og_image":[{"width":1024,"height":1024,"url":"https:\/\/staging.schokologo.com\/wp-content\/uploads\/2023\/09\/Chocolate-Business-Cards-with-wallets-in-gold-and-silver.jpg","type":"image\/jpeg"}],"twitter_card":"summary_large_image","twitter_site":"@schokologo","twitter_misc":{"Verf\u00fcgbarkeit":"Auf Lager"},"schema":{"@context":"https:\/\/schema.org","@graph":[{"@type":"WebPage","@id":"https:\/\/staging.schokologo.com\/de\/schokologo\/balance-choco-tafel","url":"https:\/\/staging.schokologo.com\/de\/schokologo\/balance-choco-tafel","name":"Schoko-Card Tafel","isPartOf":{"@id":"https:\/\/staging.schokologo.com\/de\/#website"},"primaryImageOfPage":{"@id":"https:\/\/staging.schokologo.com\/de\/schokologo\/balance-choco-tafel#primaryimage"},"image":{"@id":"https:\/\/staging.schokologo.com\/de\/schokologo\/balance-choco-tafel#primaryimage"},"thumbnailUrl":"https:\/\/staging.schokologo.com\/wp-content\/uploads\/2023\/09\/Chocolate-Business-Cards-with-wallets-in-gold-and-silver.jpg","datePublished":"2023-09-27T14:30:08+00:00","dateModified":"2025-09-17T10:21:47+00:00","description":"Balance Tafeln von Schokologo: personalisierte Schokolade mit Logo, in f\u00fcnf Gr\u00f6\u00dfen, edlen Verpackungen und verschiedenen Geschmacksrichtungen.","breadcrumb":{"@id":"https:\/\/staging.schokologo.com\/de\/schokologo\/balance-choco-tafel#breadcrumb"},"inLanguage":"de","potentialAction":[{"@type":"ReadAction","target":["https:\/\/staging.schokologo.com\/de\/schokologo\/balance-choco-tafel"]}]},{"@type":"ImageObject","inLanguage":"de","@id":"https:\/\/staging.schokologo.com\/de\/schokologo\/balance-choco-tafel#primaryimage","url":"https:\/\/staging.schokologo.com\/wp-content\/uploads\/2023\/09\/Chocolate-Business-Cards-with-wallets-in-gold-and-silver.jpg","contentUrl":"https:\/\/staging.schokologo.com\/wp-content\/uploads\/2023\/09\/Chocolate-Business-Cards-with-wallets-in-gold-and-silver.jpg","width":1024,"height":1024,"caption":"chocolate business cards with embossed wallets in gp\u00f6d and silver"},{"@type":"BreadcrumbList","@id":"https:\/\/staging.schokologo.com\/de\/schokologo\/balance-choco-tafel#breadcrumb","itemListElement":[{"@type":"ListItem","position":1,"name":"Home","item":"https:\/\/staging.schokologo.com\/de"},{"@type":"ListItem","position":2,"name":"Produkte","item":"https:\/\/staging.schokologo.com\/de\/shop"},{"@type":"ListItem","position":3,"name":"Balance Tafel"}]},{"@type":"WebSite","@id":"https:\/\/staging.schokologo.com\/de\/#website","url":"https:\/\/staging.schokologo.com\/de\/","name":"Schokologo","description":"Your finest calling card","publisher":{"@id":"https:\/\/staging.schokologo.com\/de\/#organization"},"alternateName":"Ihr Logo aus edler Schokolade","potentialAction":[{"@type":"SearchAction","target":{"@type":"EntryPoint","urlTemplate":"https:\/\/staging.schokologo.com\/de\/?s={search_term_string}"},"query-input":{"@type":"PropertyValueSpecification","valueRequired":true,"valueName":"search_term_string"}}],"inLanguage":"de"},{"@type":"Organization","@id":"https:\/\/staging.schokologo.com\/de\/#organization","name":"Schokologo e.K.","alternateName":"Schokologo","url":"https:\/\/staging.schokologo.com\/de\/","logo":{"@type":"ImageObject","inLanguage":"de","@id":"https:\/\/staging.schokologo.com\/de\/#\/schema\/logo\/image\/","url":"https:\/\/staging.schokologo.com\/wp-content\/uploads\/2023\/09\/SchokoLogo_Logo.svg","contentUrl":"https:\/\/staging.schokologo.com\/wp-content\/uploads\/2023\/09\/SchokoLogo_Logo.svg","width":270,"height":106,"caption":"Schokologo e.K."},"image":{"@id":"https:\/\/staging.schokologo.com\/de\/#\/schema\/logo\/image\/"},"sameAs":["https:\/\/www.facebook.com\/SCHOKOLOGO","https:\/\/x.com\/schokologo","https:\/\/www.instagram.com\/schoko_logo"],"description":"Personalisierte Schokoladenprodukte und Sonderanfertigungen aus Schokolade. Wir gestalten individuelle Schokoladenkreationen mit Logos, Texten und Designs nach Ihren W\u00fcnschen. Unsere hochwertigen Schokoladenprodukte sind das ideale Geschenk f\u00fcr Kunden, Gesch\u00e4ftspartner und besondere Anl\u00e4sse. Mit den besten Zutaten und ma\u00dfgeschneiderten L\u00f6sungen pr\u00e4sentieren wir Ihre Markenbotschaft auf einzigartige und k\u00f6stliche Weise. Entdecken Sie die Vielfalt unserer Schokoladenprodukte und hinterlassen Sie einen bleibenden Eindruck mit Schokologo.","email":"info@schokologo.com","telephone":"3677790","legalName":"Schokologo e.K.","foundingDate":"2003-01-08","vatID":"DE220776735","numberOfEmployees":{"@type":"QuantitativeValue","minValue":"51","maxValue":"200"}}]},"og_availability":"instock","product_availability":"instock","product_condition":"new"},"_links":{"self":[{"href":"https:\/\/staging.schokologo.com\/de\/wp-json\/wp\/v2\/product\/54878","targetHints":{"allow":["GET"]}}],"collection":[{"href":"https:\/\/staging.schokologo.com\/de\/wp-json\/wp\/v2\/product"}],"about":[{"href":"https:\/\/staging.schokologo.com\/de\/wp-json\/wp\/v2\/types\/product"}],"version-history":[{"count":7,"href":"https:\/\/staging.schokologo.com\/de\/wp-json\/wp\/v2\/product\/54878\/revisions"}],"predecessor-version":[{"id":61785,"href":"https:\/\/staging.schokologo.com\/de\/wp-json\/wp\/v2\/product\/54878\/revisions\/61785"}],"wp:featuredmedia":[{"embeddable":true,"href":"https:\/\/staging.schokologo.com\/de\/wp-json\/wp\/v2\/media\/62453"}],"wp:attachment":[{"href":"https:\/\/staging.schokologo.com\/de\/wp-json\/wp\/v2\/media?parent=54878"}],"wp:term":[{"taxonomy":"product_brand","embeddable":true,"href":"https:\/\/staging.schokologo.com\/de\/wp-json\/wp\/v2\/product_brand?post=54878"},{"taxonomy":"product_cat","embeddable":true,"href":"https:\/\/staging.schokologo.com\/de\/wp-json\/wp\/v2\/product_cat?post=54878"},{"taxonomy":"product_tag","embeddable":true,"href":"https:\/\/staging.schokologo.com\/de\/wp-json\/wp\/v2\/product_tag?post=54878"}],"curies":[{"name":"wp","href":"https:\/\/api.w.org\/{rel}","templated":true}]}}