{"id":54864,"date":"2023-09-27T14:30:01","date_gmt":"2023-09-27T14:30:01","guid":{"rendered":"http:\/\/custom-chocolate.biz\/?product=ostern-giveaway-piccolo"},"modified":"2024-08-22T12:31:25","modified_gmt":"2024-08-22T10:31:25","slug":"ostern-giveaway-piccolo","status":"publish","type":"product","link":"https:\/\/staging.schokologo.com\/de\/schokologo\/ostern-giveaway-piccolo","title":{"rendered":"Ostern Giveaway Piccolo"},"content":{"rendered":"<p>Ostern-Pralinenschachtel mit 6&#215;3 cm, + 2 Eier-Pralinen<\/p>\n<p>Schokologo: 6&#215;3 cm, ca. 10 g<\/p>\n<p>2 Eier-Pralinen, \u00e1 ca. 15 g<\/p>\n<p>Verpackungsgr\u00f6\u00dfe: 80 x 35 x 30 mm&nbsp;<\/p>\n<p>Gesamtgewicht: ca. 43 g<\/p>\n","protected":false},"excerpt":{"rendered":"<p>Kleine Ostern-Pralinenschachtel mit Schoko-Logo 6&#215;3 cm, + 2 Eier-Pralinen<\/p>\n","protected":false},"featured_media":46859,"template":"","meta":{"_acf_changed":false},"product_brand":[2904],"product_cat":[2966,2946],"product_tag":[3578],"class_list":{"0":"post-54864","1":"product","2":"type-product","3":"status-publish","4":"has-post-thumbnail","6":"product_brand-schokologo-e-k","7":"product_cat-ostern","8":"product_cat-pralinen-gebaeck","9":"product_tag-ostern","11":"first","12":"instock","13":"taxable","14":"shipping-taxable","15":"purchasable","16":"product-type-variable"},"acf":{"sl_product_custom_field":"","sl_inquire_only_product":true},"yoast_head":"<!-- This site is optimized with the Yoast SEO Premium plugin v26.5 (Yoast SEO v27.2) - https:\/\/yoast.com\/product\/yoast-seo-premium-wordpress\/ -->\n<title>Schokologo - Ostern Giveaway Piccolo<\/title>\n<meta name=\"robots\" content=\"noindex, follow, max-snippet:-1, max-image-preview:large, max-video-preview:-1\" \/>\n<meta property=\"og:locale\" content=\"de_DE\" \/>\n<meta property=\"og:type\" content=\"article\" \/>\n<meta property=\"og:title\" content=\"Ostern Giveaway Piccolo\" \/>\n<meta property=\"og:description\" content=\"Kleine Ostern-Pralinenschachtel mit Schoko-Logo 6x3 cm, + 2 Eier-Pralinen\" \/>\n<meta property=\"og:url\" content=\"https:\/\/staging.schokologo.com\/de\/schokologo\/ostern-giveaway-piccolo\" \/>\n<meta property=\"og:site_name\" content=\"Choco-Logo\" \/>\n<meta property=\"article:publisher\" content=\"https:\/\/www.facebook.com\/SCHOKOLOGO\" \/>\n<meta property=\"article:modified_time\" content=\"2024-08-22T10:31:25+00:00\" \/>\n<meta property=\"og:image\" content=\"https:\/\/staging.schokologo.com\/wp-content\/uploads\/2023\/09\/BespokePralineBoxEasterGold_SL419_5nd.jpg\" \/>\n\t<meta property=\"og:image:width\" content=\"1200\" \/>\n\t<meta property=\"og:image:height\" content=\"828\" \/>\n\t<meta property=\"og:image:type\" content=\"image\/jpeg\" \/>\n<meta name=\"twitter:card\" content=\"summary_large_image\" \/>\n<meta name=\"twitter:site\" content=\"@schokologo\" \/>\n<meta name=\"twitter:label1\" content=\"Verf\u00fcgbarkeit\" \/>\n\t<meta name=\"twitter:data1\" content=\"Auf Lager\" \/>\n<script type=\"application\/ld+json\" class=\"yoast-schema-graph\">{\"@context\":\"https:\/\/schema.org\",\"@graph\":[{\"@type\":\"WebPage\",\"@id\":\"https:\/\/staging.schokologo.com\/de\/schokologo\/ostern-giveaway-piccolo\",\"url\":\"https:\/\/staging.schokologo.com\/de\/schokologo\/ostern-giveaway-piccolo\",\"name\":\"Schokologo - Ostern Giveaway Piccolo\",\"isPartOf\":{\"@id\":\"https:\/\/staging.schokologo.com\/de\/#website\"},\"primaryImageOfPage\":{\"@id\":\"https:\/\/staging.schokologo.com\/de\/schokologo\/ostern-giveaway-piccolo#primaryimage\"},\"image\":{\"@id\":\"https:\/\/staging.schokologo.com\/de\/schokologo\/ostern-giveaway-piccolo#primaryimage\"},\"thumbnailUrl\":\"https:\/\/staging.schokologo.com\/wp-content\/uploads\/2023\/09\/BespokePralineBoxEasterGold_SL419_5nd.jpg\",\"datePublished\":\"2023-09-27T14:30:01+00:00\",\"dateModified\":\"2024-08-22T10:31:25+00:00\",\"breadcrumb\":{\"@id\":\"https:\/\/staging.schokologo.com\/de\/schokologo\/ostern-giveaway-piccolo#breadcrumb\"},\"inLanguage\":\"de\",\"potentialAction\":[{\"@type\":\"ReadAction\",\"target\":[\"https:\/\/staging.schokologo.com\/de\/schokologo\/ostern-giveaway-piccolo\"]}]},{\"@type\":\"ImageObject\",\"inLanguage\":\"de\",\"@id\":\"https:\/\/staging.schokologo.com\/de\/schokologo\/ostern-giveaway-piccolo#primaryimage\",\"url\":\"https:\/\/staging.schokologo.com\/wp-content\/uploads\/2023\/09\/BespokePralineBoxEasterGold_SL419_5nd.jpg\",\"contentUrl\":\"https:\/\/staging.schokologo.com\/wp-content\/uploads\/2023\/09\/BespokePralineBoxEasterGold_SL419_5nd.jpg\",\"width\":1200,\"height\":828,\"caption\":\"BespokePralineBoxEasterGold_SL419\"},{\"@type\":\"BreadcrumbList\",\"@id\":\"https:\/\/staging.schokologo.com\/de\/schokologo\/ostern-giveaway-piccolo#breadcrumb\",\"itemListElement\":[{\"@type\":\"ListItem\",\"position\":1,\"name\":\"Home\",\"item\":\"https:\/\/staging.schokologo.com\/de\"},{\"@type\":\"ListItem\",\"position\":2,\"name\":\"Produkte\",\"item\":\"https:\/\/staging.schokologo.com\/de\/shop\"},{\"@type\":\"ListItem\",\"position\":3,\"name\":\"Ostern Giveaway Piccolo\"}]},{\"@type\":\"WebSite\",\"@id\":\"https:\/\/staging.schokologo.com\/de\/#website\",\"url\":\"https:\/\/staging.schokologo.com\/de\/\",\"name\":\"Schokologo\",\"description\":\"Your finest calling card\",\"publisher\":{\"@id\":\"https:\/\/staging.schokologo.com\/de\/#organization\"},\"alternateName\":\"Ihr Logo aus edler Schokolade\",\"potentialAction\":[{\"@type\":\"SearchAction\",\"target\":{\"@type\":\"EntryPoint\",\"urlTemplate\":\"https:\/\/staging.schokologo.com\/de\/?s={search_term_string}\"},\"query-input\":{\"@type\":\"PropertyValueSpecification\",\"valueRequired\":true,\"valueName\":\"search_term_string\"}}],\"inLanguage\":\"de\"},{\"@type\":\"Organization\",\"@id\":\"https:\/\/staging.schokologo.com\/de\/#organization\",\"name\":\"Schokologo e.K.\",\"alternateName\":\"Schokologo\",\"url\":\"https:\/\/staging.schokologo.com\/de\/\",\"logo\":{\"@type\":\"ImageObject\",\"inLanguage\":\"de\",\"@id\":\"https:\/\/staging.schokologo.com\/de\/#\/schema\/logo\/image\/\",\"url\":\"https:\/\/staging.schokologo.com\/wp-content\/uploads\/2023\/09\/SchokoLogo_Logo.svg\",\"contentUrl\":\"https:\/\/staging.schokologo.com\/wp-content\/uploads\/2023\/09\/SchokoLogo_Logo.svg\",\"width\":270,\"height\":106,\"caption\":\"Schokologo e.K.\"},\"image\":{\"@id\":\"https:\/\/staging.schokologo.com\/de\/#\/schema\/logo\/image\/\"},\"sameAs\":[\"https:\/\/www.facebook.com\/SCHOKOLOGO\",\"https:\/\/x.com\/schokologo\",\"https:\/\/www.instagram.com\/schoko_logo\"],\"description\":\"Personalisierte Schokoladenprodukte und Sonderanfertigungen aus Schokolade. Wir gestalten individuelle Schokoladenkreationen mit Logos, Texten und Designs nach Ihren W\u00fcnschen. Unsere hochwertigen Schokoladenprodukte sind das ideale Geschenk f\u00fcr Kunden, Gesch\u00e4ftspartner und besondere Anl\u00e4sse. Mit den besten Zutaten und ma\u00dfgeschneiderten L\u00f6sungen pr\u00e4sentieren wir Ihre Markenbotschaft auf einzigartige und k\u00f6stliche Weise. Entdecken Sie die Vielfalt unserer Schokoladenprodukte und hinterlassen Sie einen bleibenden Eindruck mit Schokologo.\",\"email\":\"info@schokologo.com\",\"telephone\":\"3677790\",\"legalName\":\"Schokologo e.K.\",\"foundingDate\":\"2003-01-08\",\"vatID\":\"DE220776735\",\"numberOfEmployees\":{\"@type\":\"QuantitativeValue\",\"minValue\":\"51\",\"maxValue\":\"200\"}}]}<\/script>\n<meta property=\"og:availability\" content=\"instock\" \/>\n<meta property=\"product:availability\" content=\"instock\" \/>\n<meta property=\"product:retailer_item_id\" content=\"SL0419REVMGO\" \/>\n<meta property=\"product:condition\" content=\"new\" \/>\n<!-- \/ Yoast SEO Premium plugin. -->","yoast_head_json":{"title":"Schokologo - Ostern Giveaway Piccolo","robots":{"index":"noindex","follow":"follow","max-snippet":"max-snippet:-1","max-image-preview":"max-image-preview:large","max-video-preview":"max-video-preview:-1"},"og_locale":"de_DE","og_type":"article","og_title":"Ostern Giveaway Piccolo","og_description":"Kleine Ostern-Pralinenschachtel mit Schoko-Logo 6x3 cm, + 2 Eier-Pralinen","og_url":"https:\/\/staging.schokologo.com\/de\/schokologo\/ostern-giveaway-piccolo","og_site_name":"Choco-Logo","article_publisher":"https:\/\/www.facebook.com\/SCHOKOLOGO","article_modified_time":"2024-08-22T10:31:25+00:00","og_image":[{"width":1200,"height":828,"url":"https:\/\/staging.schokologo.com\/wp-content\/uploads\/2023\/09\/BespokePralineBoxEasterGold_SL419_5nd.jpg","type":"image\/jpeg"}],"twitter_card":"summary_large_image","twitter_site":"@schokologo","twitter_misc":{"Verf\u00fcgbarkeit":"Auf Lager"},"schema":{"@context":"https:\/\/schema.org","@graph":[{"@type":"WebPage","@id":"https:\/\/staging.schokologo.com\/de\/schokologo\/ostern-giveaway-piccolo","url":"https:\/\/staging.schokologo.com\/de\/schokologo\/ostern-giveaway-piccolo","name":"Schokologo - Ostern Giveaway Piccolo","isPartOf":{"@id":"https:\/\/staging.schokologo.com\/de\/#website"},"primaryImageOfPage":{"@id":"https:\/\/staging.schokologo.com\/de\/schokologo\/ostern-giveaway-piccolo#primaryimage"},"image":{"@id":"https:\/\/staging.schokologo.com\/de\/schokologo\/ostern-giveaway-piccolo#primaryimage"},"thumbnailUrl":"https:\/\/staging.schokologo.com\/wp-content\/uploads\/2023\/09\/BespokePralineBoxEasterGold_SL419_5nd.jpg","datePublished":"2023-09-27T14:30:01+00:00","dateModified":"2024-08-22T10:31:25+00:00","breadcrumb":{"@id":"https:\/\/staging.schokologo.com\/de\/schokologo\/ostern-giveaway-piccolo#breadcrumb"},"inLanguage":"de","potentialAction":[{"@type":"ReadAction","target":["https:\/\/staging.schokologo.com\/de\/schokologo\/ostern-giveaway-piccolo"]}]},{"@type":"ImageObject","inLanguage":"de","@id":"https:\/\/staging.schokologo.com\/de\/schokologo\/ostern-giveaway-piccolo#primaryimage","url":"https:\/\/staging.schokologo.com\/wp-content\/uploads\/2023\/09\/BespokePralineBoxEasterGold_SL419_5nd.jpg","contentUrl":"https:\/\/staging.schokologo.com\/wp-content\/uploads\/2023\/09\/BespokePralineBoxEasterGold_SL419_5nd.jpg","width":1200,"height":828,"caption":"BespokePralineBoxEasterGold_SL419"},{"@type":"BreadcrumbList","@id":"https:\/\/staging.schokologo.com\/de\/schokologo\/ostern-giveaway-piccolo#breadcrumb","itemListElement":[{"@type":"ListItem","position":1,"name":"Home","item":"https:\/\/staging.schokologo.com\/de"},{"@type":"ListItem","position":2,"name":"Produkte","item":"https:\/\/staging.schokologo.com\/de\/shop"},{"@type":"ListItem","position":3,"name":"Ostern Giveaway Piccolo"}]},{"@type":"WebSite","@id":"https:\/\/staging.schokologo.com\/de\/#website","url":"https:\/\/staging.schokologo.com\/de\/","name":"Schokologo","description":"Your finest calling card","publisher":{"@id":"https:\/\/staging.schokologo.com\/de\/#organization"},"alternateName":"Ihr Logo aus edler Schokolade","potentialAction":[{"@type":"SearchAction","target":{"@type":"EntryPoint","urlTemplate":"https:\/\/staging.schokologo.com\/de\/?s={search_term_string}"},"query-input":{"@type":"PropertyValueSpecification","valueRequired":true,"valueName":"search_term_string"}}],"inLanguage":"de"},{"@type":"Organization","@id":"https:\/\/staging.schokologo.com\/de\/#organization","name":"Schokologo e.K.","alternateName":"Schokologo","url":"https:\/\/staging.schokologo.com\/de\/","logo":{"@type":"ImageObject","inLanguage":"de","@id":"https:\/\/staging.schokologo.com\/de\/#\/schema\/logo\/image\/","url":"https:\/\/staging.schokologo.com\/wp-content\/uploads\/2023\/09\/SchokoLogo_Logo.svg","contentUrl":"https:\/\/staging.schokologo.com\/wp-content\/uploads\/2023\/09\/SchokoLogo_Logo.svg","width":270,"height":106,"caption":"Schokologo e.K."},"image":{"@id":"https:\/\/staging.schokologo.com\/de\/#\/schema\/logo\/image\/"},"sameAs":["https:\/\/www.facebook.com\/SCHOKOLOGO","https:\/\/x.com\/schokologo","https:\/\/www.instagram.com\/schoko_logo"],"description":"Personalisierte Schokoladenprodukte und Sonderanfertigungen aus Schokolade. Wir gestalten individuelle Schokoladenkreationen mit Logos, Texten und Designs nach Ihren W\u00fcnschen. Unsere hochwertigen Schokoladenprodukte sind das ideale Geschenk f\u00fcr Kunden, Gesch\u00e4ftspartner und besondere Anl\u00e4sse. Mit den besten Zutaten und ma\u00dfgeschneiderten L\u00f6sungen pr\u00e4sentieren wir Ihre Markenbotschaft auf einzigartige und k\u00f6stliche Weise. Entdecken Sie die Vielfalt unserer Schokoladenprodukte und hinterlassen Sie einen bleibenden Eindruck mit Schokologo.","email":"info@schokologo.com","telephone":"3677790","legalName":"Schokologo e.K.","foundingDate":"2003-01-08","vatID":"DE220776735","numberOfEmployees":{"@type":"QuantitativeValue","minValue":"51","maxValue":"200"}}]},"og_availability":"instock","product_availability":"instock","product_retailer_item_id":"SL0419REVMGO","product_condition":"new"},"_links":{"self":[{"href":"https:\/\/staging.schokologo.com\/de\/wp-json\/wp\/v2\/product\/54864","targetHints":{"allow":["GET"]}}],"collection":[{"href":"https:\/\/staging.schokologo.com\/de\/wp-json\/wp\/v2\/product"}],"about":[{"href":"https:\/\/staging.schokologo.com\/de\/wp-json\/wp\/v2\/types\/product"}],"version-history":[{"count":1,"href":"https:\/\/staging.schokologo.com\/de\/wp-json\/wp\/v2\/product\/54864\/revisions"}],"predecessor-version":[{"id":61427,"href":"https:\/\/staging.schokologo.com\/de\/wp-json\/wp\/v2\/product\/54864\/revisions\/61427"}],"wp:featuredmedia":[{"embeddable":true,"href":"https:\/\/staging.schokologo.com\/de\/wp-json\/wp\/v2\/media\/46859"}],"wp:attachment":[{"href":"https:\/\/staging.schokologo.com\/de\/wp-json\/wp\/v2\/media?parent=54864"}],"wp:term":[{"taxonomy":"product_brand","embeddable":true,"href":"https:\/\/staging.schokologo.com\/de\/wp-json\/wp\/v2\/product_brand?post=54864"},{"taxonomy":"product_cat","embeddable":true,"href":"https:\/\/staging.schokologo.com\/de\/wp-json\/wp\/v2\/product_cat?post=54864"},{"taxonomy":"product_tag","embeddable":true,"href":"https:\/\/staging.schokologo.com\/de\/wp-json\/wp\/v2\/product_tag?post=54864"}],"curies":[{"name":"wp","href":"https:\/\/api.w.org\/{rel}","templated":true}]}}