{"id":54462,"date":"2023-09-27T14:27:57","date_gmt":"2023-09-27T14:27:57","guid":{"rendered":"http:\/\/custom-chocolate.biz\/?product=gute-tat-schokolade"},"modified":"2025-03-14T11:43:38","modified_gmt":"2025-03-14T10:43:38","slug":"gute-tat-schokolade","status":"publish","type":"product","link":"https:\/\/staging.schokologo.com\/de\/schokologo\/gute-tat-schokolade","title":{"rendered":"Gute Tat Schokolade"},"content":{"rendered":"<p>Die \u201eGute-Tat-Schokolade\u201c bringt Ihren Kunden und Mitarbeitern als Weihnachtsgeschenk einen neuen Mehrwert und verbindet leckere Schokolade mit einer Spendengeste.<\/p>\n<p>Dabei wird besonders in der Weihnachtszeit der ausgepr\u00e4gte Wunsch sich gro\u00dfz\u00fcgig zu zeigen aufgefangen und mit einem wertigen und kreativen Geschenk verbunden.<\/p>\n<p>Der angedeutete Biss in die Schokolade ist nat\u00fcrlich durch die Spende positiv besetzt und sollte auch den Beschenkten erfreuen. In der gro\u00dfz\u00fcgigen Verpackung ist genug Platz f\u00fcr eine pers\u00f6nliche Erkl\u00e4rung oder einen Spendennachweis.<\/p>\n<p>Selbstverst\u00e4ndlich eignet sich die \u201eGute-Tat&#8220;-Schokolade nicht nur als Kunden- und Mitarbeitergeschenk f\u00fcr das Weihnachtsfest. L\u00f6blicherweise unterst\u00fctzen viele Unternehmen das ganze Jahr \u00fcber soziale und humanit\u00e4re Produkte bei Konferenzen und Veranstaltungen und k\u00f6nnen ihre Investitionen darin nun mit geschmackvollen Giveaways oder Messegeschenken verbinden.<\/p>\n<p>Gr\u00f6\u00dfe: 75 x 75 mm<\/p>\n<p>Gewicht: ca. 30 g<\/p>\n<p>Verpackung: Gepr\u00e4gte silberne, goldene oder vierfarbig bedruckte Schachtel<\/p>\n<p>Schachtelgr\u00f6\u00dfe: 160 x 85 mm<\/p>\n","protected":false},"excerpt":{"rendered":"<p>Die \u201eGute-Tat-Schokolade\u201c bringt Ihren Kunden und Mitarbeitern als Weihnachtsgeschenk einen neuen Mehrwert und verbindet leckere Schokolade mit einer Spendengeste.<br \/>\nDabei wird besonders in der Weihnachtszeit der ausgepr\u00e4gte Wunsch sich gro\u00dfz\u00fcgig zu zeigen aufgefangen und mit einem wertigen und kreativen Geschenk verbunden.<\/p>\n","protected":false},"featured_media":46407,"template":"","meta":{"_acf_changed":false},"product_brand":[2904],"product_cat":[3002,2996,2913,2960,3004,3000,3006],"product_tag":[],"class_list":{"0":"post-54462","1":"product","2":"type-product","3":"status-publish","4":"has-post-thumbnail","6":"product_brand-schokologo-e-k","7":"product_cat-kundengeschenke-weihnachten","8":"product_cat-mitarbeitergeschenke","9":"product_cat-schoko-reliefs","10":"product_cat-weihnachten","11":"product_cat-weihnachtsgeschenke-fur-kunden","12":"product_cat-werbe-schokolade","13":"product_cat-werbeartikel-schokolade","15":"first","16":"instock","17":"taxable","18":"shipping-taxable","19":"purchasable","20":"product-type-variable"},"acf":{"sl_product_custom_field":"","sl_inquire_only_product":true},"yoast_head":"<!-- This site is optimized with the Yoast SEO Premium plugin v26.5 (Yoast SEO v27.2) - https:\/\/yoast.com\/product\/yoast-seo-premium-wordpress\/ -->\n<title>Gute Tat Schokolade<\/title>\n<meta name=\"robots\" content=\"noindex, follow, max-snippet:-1, max-image-preview:large, max-video-preview:-1\" \/>\n<meta property=\"og:locale\" content=\"de_DE\" \/>\n<meta property=\"og:type\" content=\"article\" \/>\n<meta property=\"og:title\" content=\"Gute Tat Schokolade\" \/>\n<meta property=\"og:description\" content=\"Die \u201eGute-Tat-Schokolade\u201c bringt Ihren Kunden und Mitarbeitern als Weihnachtsgeschenk einen neuen Mehrwert und verbindet leckere Schokolade mit einer Spendengeste. Dabei wird besonders in der Weihnachtszeit der ausgepr\u00e4gte Wunsch sich gro\u00dfz\u00fcgig zu zeigen aufgefangen und mit einem wertigen und kreativen Geschenk verbunden.\" \/>\n<meta property=\"og:url\" content=\"https:\/\/staging.schokologo.com\/de\/schokologo\/gute-tat-schokolade\" \/>\n<meta property=\"og:site_name\" content=\"Choco-Logo\" \/>\n<meta property=\"article:publisher\" content=\"https:\/\/www.facebook.com\/SCHOKOLOGO\" \/>\n<meta property=\"article:modified_time\" content=\"2025-03-14T10:43:38+00:00\" \/>\n<meta property=\"og:image\" content=\"https:\/\/staging.schokologo.com\/wp-content\/uploads\/2023\/09\/GoodDeedChocolate_4nd.jpg\" \/>\n\t<meta property=\"og:image:width\" content=\"1200\" \/>\n\t<meta property=\"og:image:height\" content=\"1171\" \/>\n\t<meta property=\"og:image:type\" content=\"image\/jpeg\" \/>\n<meta name=\"twitter:card\" content=\"summary_large_image\" \/>\n<meta name=\"twitter:site\" content=\"@schokologo\" \/>\n<meta name=\"twitter:label1\" content=\"Verf\u00fcgbarkeit\" \/>\n\t<meta name=\"twitter:data1\" content=\"Auf Lager\" \/>\n<script type=\"application\/ld+json\" class=\"yoast-schema-graph\">{\"@context\":\"https:\/\/schema.org\",\"@graph\":[{\"@type\":\"WebPage\",\"@id\":\"https:\/\/staging.schokologo.com\/de\/schokologo\/gute-tat-schokolade\",\"url\":\"https:\/\/staging.schokologo.com\/de\/schokologo\/gute-tat-schokolade\",\"name\":\"Gute Tat Schokolade\",\"isPartOf\":{\"@id\":\"https:\/\/staging.schokologo.com\/de\/#website\"},\"primaryImageOfPage\":{\"@id\":\"https:\/\/staging.schokologo.com\/de\/schokologo\/gute-tat-schokolade#primaryimage\"},\"image\":{\"@id\":\"https:\/\/staging.schokologo.com\/de\/schokologo\/gute-tat-schokolade#primaryimage\"},\"thumbnailUrl\":\"https:\/\/staging.schokologo.com\/wp-content\/uploads\/2023\/09\/GoodDeedChocolate_4nd.jpg\",\"datePublished\":\"2023-09-27T14:27:57+00:00\",\"dateModified\":\"2025-03-14T10:43:38+00:00\",\"breadcrumb\":{\"@id\":\"https:\/\/staging.schokologo.com\/de\/schokologo\/gute-tat-schokolade#breadcrumb\"},\"inLanguage\":\"de\",\"potentialAction\":[{\"@type\":\"ReadAction\",\"target\":[\"https:\/\/staging.schokologo.com\/de\/schokologo\/gute-tat-schokolade\"]}]},{\"@type\":\"ImageObject\",\"inLanguage\":\"de\",\"@id\":\"https:\/\/staging.schokologo.com\/de\/schokologo\/gute-tat-schokolade#primaryimage\",\"url\":\"https:\/\/staging.schokologo.com\/wp-content\/uploads\/2023\/09\/GoodDeedChocolate_4nd.jpg\",\"contentUrl\":\"https:\/\/staging.schokologo.com\/wp-content\/uploads\/2023\/09\/GoodDeedChocolate_4nd.jpg\",\"width\":1200,\"height\":1171,\"caption\":\"GoodDeedChocolate\"},{\"@type\":\"BreadcrumbList\",\"@id\":\"https:\/\/staging.schokologo.com\/de\/schokologo\/gute-tat-schokolade#breadcrumb\",\"itemListElement\":[{\"@type\":\"ListItem\",\"position\":1,\"name\":\"Home\",\"item\":\"https:\/\/staging.schokologo.com\/de\"},{\"@type\":\"ListItem\",\"position\":2,\"name\":\"Produkte\",\"item\":\"https:\/\/staging.schokologo.com\/de\/shop\"},{\"@type\":\"ListItem\",\"position\":3,\"name\":\"Gute Tat Schokolade\"}]},{\"@type\":\"WebSite\",\"@id\":\"https:\/\/staging.schokologo.com\/de\/#website\",\"url\":\"https:\/\/staging.schokologo.com\/de\/\",\"name\":\"Schokologo\",\"description\":\"Your finest calling card\",\"publisher\":{\"@id\":\"https:\/\/staging.schokologo.com\/de\/#organization\"},\"alternateName\":\"Ihr Logo aus edler Schokolade\",\"potentialAction\":[{\"@type\":\"SearchAction\",\"target\":{\"@type\":\"EntryPoint\",\"urlTemplate\":\"https:\/\/staging.schokologo.com\/de\/?s={search_term_string}\"},\"query-input\":{\"@type\":\"PropertyValueSpecification\",\"valueRequired\":true,\"valueName\":\"search_term_string\"}}],\"inLanguage\":\"de\"},{\"@type\":\"Organization\",\"@id\":\"https:\/\/staging.schokologo.com\/de\/#organization\",\"name\":\"Schokologo e.K.\",\"alternateName\":\"Schokologo\",\"url\":\"https:\/\/staging.schokologo.com\/de\/\",\"logo\":{\"@type\":\"ImageObject\",\"inLanguage\":\"de\",\"@id\":\"https:\/\/staging.schokologo.com\/de\/#\/schema\/logo\/image\/\",\"url\":\"https:\/\/staging.schokologo.com\/wp-content\/uploads\/2023\/09\/SchokoLogo_Logo.svg\",\"contentUrl\":\"https:\/\/staging.schokologo.com\/wp-content\/uploads\/2023\/09\/SchokoLogo_Logo.svg\",\"width\":270,\"height\":106,\"caption\":\"Schokologo e.K.\"},\"image\":{\"@id\":\"https:\/\/staging.schokologo.com\/de\/#\/schema\/logo\/image\/\"},\"sameAs\":[\"https:\/\/www.facebook.com\/SCHOKOLOGO\",\"https:\/\/x.com\/schokologo\",\"https:\/\/www.instagram.com\/schoko_logo\"],\"description\":\"Personalisierte Schokoladenprodukte und Sonderanfertigungen aus Schokolade. Wir gestalten individuelle Schokoladenkreationen mit Logos, Texten und Designs nach Ihren W\u00fcnschen. Unsere hochwertigen Schokoladenprodukte sind das ideale Geschenk f\u00fcr Kunden, Gesch\u00e4ftspartner und besondere Anl\u00e4sse. Mit den besten Zutaten und ma\u00dfgeschneiderten L\u00f6sungen pr\u00e4sentieren wir Ihre Markenbotschaft auf einzigartige und k\u00f6stliche Weise. Entdecken Sie die Vielfalt unserer Schokoladenprodukte und hinterlassen Sie einen bleibenden Eindruck mit Schokologo.\",\"email\":\"info@schokologo.com\",\"telephone\":\"3677790\",\"legalName\":\"Schokologo e.K.\",\"foundingDate\":\"2003-01-08\",\"vatID\":\"DE220776735\",\"numberOfEmployees\":{\"@type\":\"QuantitativeValue\",\"minValue\":\"51\",\"maxValue\":\"200\"}}]}<\/script>\n<meta property=\"og:availability\" content=\"instock\" \/>\n<meta property=\"product:availability\" content=\"instock\" \/>\n<meta property=\"product:retailer_item_id\" content=\"SL0005SEVMSI\" \/>\n<meta property=\"product:condition\" content=\"new\" \/>\n<!-- \/ Yoast SEO Premium plugin. -->","yoast_head_json":{"title":"Gute Tat Schokolade","robots":{"index":"noindex","follow":"follow","max-snippet":"max-snippet:-1","max-image-preview":"max-image-preview:large","max-video-preview":"max-video-preview:-1"},"og_locale":"de_DE","og_type":"article","og_title":"Gute Tat Schokolade","og_description":"Die \u201eGute-Tat-Schokolade\u201c bringt Ihren Kunden und Mitarbeitern als Weihnachtsgeschenk einen neuen Mehrwert und verbindet leckere Schokolade mit einer Spendengeste. Dabei wird besonders in der Weihnachtszeit der ausgepr\u00e4gte Wunsch sich gro\u00dfz\u00fcgig zu zeigen aufgefangen und mit einem wertigen und kreativen Geschenk verbunden.","og_url":"https:\/\/staging.schokologo.com\/de\/schokologo\/gute-tat-schokolade","og_site_name":"Choco-Logo","article_publisher":"https:\/\/www.facebook.com\/SCHOKOLOGO","article_modified_time":"2025-03-14T10:43:38+00:00","og_image":[{"width":1200,"height":1171,"url":"https:\/\/staging.schokologo.com\/wp-content\/uploads\/2023\/09\/GoodDeedChocolate_4nd.jpg","type":"image\/jpeg"}],"twitter_card":"summary_large_image","twitter_site":"@schokologo","twitter_misc":{"Verf\u00fcgbarkeit":"Auf Lager"},"schema":{"@context":"https:\/\/schema.org","@graph":[{"@type":"WebPage","@id":"https:\/\/staging.schokologo.com\/de\/schokologo\/gute-tat-schokolade","url":"https:\/\/staging.schokologo.com\/de\/schokologo\/gute-tat-schokolade","name":"Gute Tat Schokolade","isPartOf":{"@id":"https:\/\/staging.schokologo.com\/de\/#website"},"primaryImageOfPage":{"@id":"https:\/\/staging.schokologo.com\/de\/schokologo\/gute-tat-schokolade#primaryimage"},"image":{"@id":"https:\/\/staging.schokologo.com\/de\/schokologo\/gute-tat-schokolade#primaryimage"},"thumbnailUrl":"https:\/\/staging.schokologo.com\/wp-content\/uploads\/2023\/09\/GoodDeedChocolate_4nd.jpg","datePublished":"2023-09-27T14:27:57+00:00","dateModified":"2025-03-14T10:43:38+00:00","breadcrumb":{"@id":"https:\/\/staging.schokologo.com\/de\/schokologo\/gute-tat-schokolade#breadcrumb"},"inLanguage":"de","potentialAction":[{"@type":"ReadAction","target":["https:\/\/staging.schokologo.com\/de\/schokologo\/gute-tat-schokolade"]}]},{"@type":"ImageObject","inLanguage":"de","@id":"https:\/\/staging.schokologo.com\/de\/schokologo\/gute-tat-schokolade#primaryimage","url":"https:\/\/staging.schokologo.com\/wp-content\/uploads\/2023\/09\/GoodDeedChocolate_4nd.jpg","contentUrl":"https:\/\/staging.schokologo.com\/wp-content\/uploads\/2023\/09\/GoodDeedChocolate_4nd.jpg","width":1200,"height":1171,"caption":"GoodDeedChocolate"},{"@type":"BreadcrumbList","@id":"https:\/\/staging.schokologo.com\/de\/schokologo\/gute-tat-schokolade#breadcrumb","itemListElement":[{"@type":"ListItem","position":1,"name":"Home","item":"https:\/\/staging.schokologo.com\/de"},{"@type":"ListItem","position":2,"name":"Produkte","item":"https:\/\/staging.schokologo.com\/de\/shop"},{"@type":"ListItem","position":3,"name":"Gute Tat Schokolade"}]},{"@type":"WebSite","@id":"https:\/\/staging.schokologo.com\/de\/#website","url":"https:\/\/staging.schokologo.com\/de\/","name":"Schokologo","description":"Your finest calling card","publisher":{"@id":"https:\/\/staging.schokologo.com\/de\/#organization"},"alternateName":"Ihr Logo aus edler Schokolade","potentialAction":[{"@type":"SearchAction","target":{"@type":"EntryPoint","urlTemplate":"https:\/\/staging.schokologo.com\/de\/?s={search_term_string}"},"query-input":{"@type":"PropertyValueSpecification","valueRequired":true,"valueName":"search_term_string"}}],"inLanguage":"de"},{"@type":"Organization","@id":"https:\/\/staging.schokologo.com\/de\/#organization","name":"Schokologo e.K.","alternateName":"Schokologo","url":"https:\/\/staging.schokologo.com\/de\/","logo":{"@type":"ImageObject","inLanguage":"de","@id":"https:\/\/staging.schokologo.com\/de\/#\/schema\/logo\/image\/","url":"https:\/\/staging.schokologo.com\/wp-content\/uploads\/2023\/09\/SchokoLogo_Logo.svg","contentUrl":"https:\/\/staging.schokologo.com\/wp-content\/uploads\/2023\/09\/SchokoLogo_Logo.svg","width":270,"height":106,"caption":"Schokologo e.K."},"image":{"@id":"https:\/\/staging.schokologo.com\/de\/#\/schema\/logo\/image\/"},"sameAs":["https:\/\/www.facebook.com\/SCHOKOLOGO","https:\/\/x.com\/schokologo","https:\/\/www.instagram.com\/schoko_logo"],"description":"Personalisierte Schokoladenprodukte und Sonderanfertigungen aus Schokolade. Wir gestalten individuelle Schokoladenkreationen mit Logos, Texten und Designs nach Ihren W\u00fcnschen. Unsere hochwertigen Schokoladenprodukte sind das ideale Geschenk f\u00fcr Kunden, Gesch\u00e4ftspartner und besondere Anl\u00e4sse. Mit den besten Zutaten und ma\u00dfgeschneiderten L\u00f6sungen pr\u00e4sentieren wir Ihre Markenbotschaft auf einzigartige und k\u00f6stliche Weise. Entdecken Sie die Vielfalt unserer Schokoladenprodukte und hinterlassen Sie einen bleibenden Eindruck mit Schokologo.","email":"info@schokologo.com","telephone":"3677790","legalName":"Schokologo e.K.","foundingDate":"2003-01-08","vatID":"DE220776735","numberOfEmployees":{"@type":"QuantitativeValue","minValue":"51","maxValue":"200"}}]},"og_availability":"instock","product_availability":"instock","product_retailer_item_id":"SL0005SEVMSI","product_condition":"new"},"_links":{"self":[{"href":"https:\/\/staging.schokologo.com\/de\/wp-json\/wp\/v2\/product\/54462","targetHints":{"allow":["GET"]}}],"collection":[{"href":"https:\/\/staging.schokologo.com\/de\/wp-json\/wp\/v2\/product"}],"about":[{"href":"https:\/\/staging.schokologo.com\/de\/wp-json\/wp\/v2\/types\/product"}],"version-history":[{"count":1,"href":"https:\/\/staging.schokologo.com\/de\/wp-json\/wp\/v2\/product\/54462\/revisions"}],"predecessor-version":[{"id":61358,"href":"https:\/\/staging.schokologo.com\/de\/wp-json\/wp\/v2\/product\/54462\/revisions\/61358"}],"wp:featuredmedia":[{"embeddable":true,"href":"https:\/\/staging.schokologo.com\/de\/wp-json\/wp\/v2\/media\/46407"}],"wp:attachment":[{"href":"https:\/\/staging.schokologo.com\/de\/wp-json\/wp\/v2\/media?parent=54462"}],"wp:term":[{"taxonomy":"product_brand","embeddable":true,"href":"https:\/\/staging.schokologo.com\/de\/wp-json\/wp\/v2\/product_brand?post=54462"},{"taxonomy":"product_cat","embeddable":true,"href":"https:\/\/staging.schokologo.com\/de\/wp-json\/wp\/v2\/product_cat?post=54462"},{"taxonomy":"product_tag","embeddable":true,"href":"https:\/\/staging.schokologo.com\/de\/wp-json\/wp\/v2\/product_tag?post=54462"}],"curies":[{"name":"wp","href":"https:\/\/api.w.org\/{rel}","templated":true}]}}