{"id":54330,"date":"2023-09-27T14:27:21","date_gmt":"2023-09-27T14:27:21","guid":{"rendered":"http:\/\/custom-chocolate.biz\/?product=souvenir-deluxe"},"modified":"2025-07-08T04:22:51","modified_gmt":"2025-07-08T02:22:51","slug":"premium-tafel","status":"publish","type":"product","link":"https:\/\/staging.schokologo.com\/de\/schokologo\/premium-tafel","title":{"rendered":"Premium-Tafel"},"content":{"rendered":"<ul>\n<li>Souvenir Deluxe: Gr\u00f6\u00dfe: 150 x 100 x 8 mm, Gewicht: ca. 150 g<\/li>\n<li>Premium Special: Gr\u00f6\u00dfe: 200 x 130 x 5 mm, Gewicht: ca. 180 g<\/li>\n<\/ul>\n<p>Verpackung: Silberne, goldene oder vierfarbige Schachtel<\/p>\n<p>Schachtelgr\u00f6\u00dfe: 160 x 110 mm<\/p>\n<p>Gro\u00dfe-Premium-Tafel gepr\u00e4gt mit Ihrem Logo und Botschaft sowohl auf die Schokolade als auch auf die Verpackung. Ab 10 St. lieferbar.<\/p>\n<p>Hinterlassen Sie buchst\u00e4blich einen pr\u00e4genden Eindruck bei Ihren Kunden und lassen Sie Ihr Logo aus einer Riesentafel hervorheben.<\/p>\n<p>Die Schokologo Premium Tafel l\u00e4\u00dft sich perfekt auch per Post in einer A5-Versandkarton verschicken.<\/p>\n","protected":false},"excerpt":{"rendered":"<p>Gro\u00dfe-Premium-Tafel-Schokolade Souvenir Deluxe oder Premijm Specuak gepr\u00e4gt mit Ihrem Logo und Botschaft sowohl auf die Schokolade als auch auf die Verpackung. Ab 10 St. lieferbar.<\/p>\n","protected":false},"featured_media":46251,"template":"","meta":{"_acf_changed":false},"product_brand":[2904],"product_cat":[3002,2996,2913,2976,2960,3004,3000,3006],"product_tag":[3546],"class_list":{"0":"post-54330","1":"product","2":"type-product","3":"status-publish","4":"has-post-thumbnail","6":"product_brand-schokologo-e-k","7":"product_cat-kundengeschenke-weihnachten","8":"product_cat-mitarbeitergeschenke","9":"product_cat-schoko-reliefs","10":"product_cat-souvenirs-veranstaltungen","11":"product_cat-weihnachten","12":"product_cat-weihnachtsgeschenke-fur-kunden","13":"product_cat-werbe-schokolade","14":"product_cat-werbeartikel-schokolade","15":"product_tag-weihnachten","17":"first","18":"instock","19":"taxable","20":"shipping-taxable","21":"purchasable","22":"product-type-variable","23":"has-default-attributes"},"acf":{"sl_product_custom_field":"diverse Gr\u00f6\u00dfen","sl_inquire_only_product":false},"yoast_head":"<!-- This site is optimized with the Yoast SEO Premium plugin v26.5 (Yoast SEO v27.2) - https:\/\/yoast.com\/product\/yoast-seo-premium-wordpress\/ -->\n<title>Schokologo Souvenir Deluxe<\/title>\n<meta name=\"robots\" content=\"noindex, follow, max-snippet:-1, max-image-preview:large, max-video-preview:-1\" \/>\n<meta property=\"og:locale\" content=\"de_DE\" \/>\n<meta property=\"og:type\" content=\"article\" \/>\n<meta property=\"og:title\" content=\"Premium-Tafel\" \/>\n<meta property=\"og:description\" content=\"Gro\u00dfe-Premium-Tafel-Schokolade Souvenir Deluxe oder Premijm Specuak gepr\u00e4gt mit Ihrem Logo und Botschaft sowohl auf die Schokolade als auch auf die Verpackung. Ab 10 St. lieferbar.\" \/>\n<meta property=\"og:url\" content=\"https:\/\/staging.schokologo.com\/de\/schokologo\/premium-tafel\" \/>\n<meta property=\"og:site_name\" content=\"Choco-Logo\" \/>\n<meta property=\"article:publisher\" content=\"https:\/\/www.facebook.com\/SCHOKOLOGO\" \/>\n<meta property=\"article:modified_time\" content=\"2025-07-08T02:22:51+00:00\" \/>\n<meta property=\"og:image\" content=\"https:\/\/staging.schokologo.com\/wp-content\/uploads\/2023\/09\/BespokeChocolateBar150x100mm_4nd.jpg\" \/>\n\t<meta property=\"og:image:width\" content=\"1200\" \/>\n\t<meta property=\"og:image:height\" content=\"806\" \/>\n\t<meta property=\"og:image:type\" content=\"image\/jpeg\" \/>\n<meta name=\"twitter:card\" content=\"summary_large_image\" \/>\n<meta name=\"twitter:site\" content=\"@schokologo\" \/>\n<meta name=\"twitter:label1\" content=\"Verf\u00fcgbarkeit\" \/>\n\t<meta name=\"twitter:data1\" content=\"Auf Lager\" \/>\n<script type=\"application\/ld+json\" class=\"yoast-schema-graph\">{\"@context\":\"https:\/\/schema.org\",\"@graph\":[{\"@type\":\"WebPage\",\"@id\":\"https:\/\/staging.schokologo.com\/de\/schokologo\/premium-tafel\",\"url\":\"https:\/\/staging.schokologo.com\/de\/schokologo\/premium-tafel\",\"name\":\"Schokologo Souvenir Deluxe\",\"isPartOf\":{\"@id\":\"https:\/\/staging.schokologo.com\/de\/#website\"},\"primaryImageOfPage\":{\"@id\":\"https:\/\/staging.schokologo.com\/de\/schokologo\/premium-tafel#primaryimage\"},\"image\":{\"@id\":\"https:\/\/staging.schokologo.com\/de\/schokologo\/premium-tafel#primaryimage\"},\"thumbnailUrl\":\"https:\/\/staging.schokologo.com\/wp-content\/uploads\/2023\/09\/BespokeChocolateBar150x100mm_4nd.jpg\",\"datePublished\":\"2023-09-27T14:27:21+00:00\",\"dateModified\":\"2025-07-08T02:22:51+00:00\",\"breadcrumb\":{\"@id\":\"https:\/\/staging.schokologo.com\/de\/schokologo\/premium-tafel#breadcrumb\"},\"inLanguage\":\"de\",\"potentialAction\":[{\"@type\":\"ReadAction\",\"target\":[\"https:\/\/staging.schokologo.com\/de\/schokologo\/premium-tafel\"]}]},{\"@type\":\"ImageObject\",\"inLanguage\":\"de\",\"@id\":\"https:\/\/staging.schokologo.com\/de\/schokologo\/premium-tafel#primaryimage\",\"url\":\"https:\/\/staging.schokologo.com\/wp-content\/uploads\/2023\/09\/BespokeChocolateBar150x100mm_4nd.jpg\",\"contentUrl\":\"https:\/\/staging.schokologo.com\/wp-content\/uploads\/2023\/09\/BespokeChocolateBar150x100mm_4nd.jpg\",\"width\":1200,\"height\":806,\"caption\":\"Bespoke-ChocolateBar-150x100mm\"},{\"@type\":\"BreadcrumbList\",\"@id\":\"https:\/\/staging.schokologo.com\/de\/schokologo\/premium-tafel#breadcrumb\",\"itemListElement\":[{\"@type\":\"ListItem\",\"position\":1,\"name\":\"Home\",\"item\":\"https:\/\/staging.schokologo.com\/de\"},{\"@type\":\"ListItem\",\"position\":2,\"name\":\"Produkte\",\"item\":\"https:\/\/staging.schokologo.com\/de\/shop\"},{\"@type\":\"ListItem\",\"position\":3,\"name\":\"Premium-Tafel\"}]},{\"@type\":\"WebSite\",\"@id\":\"https:\/\/staging.schokologo.com\/de\/#website\",\"url\":\"https:\/\/staging.schokologo.com\/de\/\",\"name\":\"Schokologo\",\"description\":\"Your finest calling card\",\"publisher\":{\"@id\":\"https:\/\/staging.schokologo.com\/de\/#organization\"},\"alternateName\":\"Ihr Logo aus edler Schokolade\",\"potentialAction\":[{\"@type\":\"SearchAction\",\"target\":{\"@type\":\"EntryPoint\",\"urlTemplate\":\"https:\/\/staging.schokologo.com\/de\/?s={search_term_string}\"},\"query-input\":{\"@type\":\"PropertyValueSpecification\",\"valueRequired\":true,\"valueName\":\"search_term_string\"}}],\"inLanguage\":\"de\"},{\"@type\":\"Organization\",\"@id\":\"https:\/\/staging.schokologo.com\/de\/#organization\",\"name\":\"Schokologo e.K.\",\"alternateName\":\"Schokologo\",\"url\":\"https:\/\/staging.schokologo.com\/de\/\",\"logo\":{\"@type\":\"ImageObject\",\"inLanguage\":\"de\",\"@id\":\"https:\/\/staging.schokologo.com\/de\/#\/schema\/logo\/image\/\",\"url\":\"https:\/\/staging.schokologo.com\/wp-content\/uploads\/2023\/09\/SchokoLogo_Logo.svg\",\"contentUrl\":\"https:\/\/staging.schokologo.com\/wp-content\/uploads\/2023\/09\/SchokoLogo_Logo.svg\",\"width\":270,\"height\":106,\"caption\":\"Schokologo e.K.\"},\"image\":{\"@id\":\"https:\/\/staging.schokologo.com\/de\/#\/schema\/logo\/image\/\"},\"sameAs\":[\"https:\/\/www.facebook.com\/SCHOKOLOGO\",\"https:\/\/x.com\/schokologo\",\"https:\/\/www.instagram.com\/schoko_logo\"],\"description\":\"Personalisierte Schokoladenprodukte und Sonderanfertigungen aus Schokolade. Wir gestalten individuelle Schokoladenkreationen mit Logos, Texten und Designs nach Ihren W\u00fcnschen. Unsere hochwertigen Schokoladenprodukte sind das ideale Geschenk f\u00fcr Kunden, Gesch\u00e4ftspartner und besondere Anl\u00e4sse. Mit den besten Zutaten und ma\u00dfgeschneiderten L\u00f6sungen pr\u00e4sentieren wir Ihre Markenbotschaft auf einzigartige und k\u00f6stliche Weise. Entdecken Sie die Vielfalt unserer Schokoladenprodukte und hinterlassen Sie einen bleibenden Eindruck mit Schokologo.\",\"email\":\"info@schokologo.com\",\"telephone\":\"3677790\",\"legalName\":\"Schokologo e.K.\",\"foundingDate\":\"2003-01-08\",\"vatID\":\"DE220776735\",\"numberOfEmployees\":{\"@type\":\"QuantitativeValue\",\"minValue\":\"51\",\"maxValue\":\"200\"}}]}<\/script>\n<meta property=\"og:availability\" content=\"instock\" \/>\n<meta property=\"product:availability\" content=\"instock\" \/>\n<meta property=\"product:condition\" content=\"new\" \/>\n<!-- \/ Yoast SEO Premium plugin. -->","yoast_head_json":{"title":"Schokologo Souvenir Deluxe","robots":{"index":"noindex","follow":"follow","max-snippet":"max-snippet:-1","max-image-preview":"max-image-preview:large","max-video-preview":"max-video-preview:-1"},"og_locale":"de_DE","og_type":"article","og_title":"Premium-Tafel","og_description":"Gro\u00dfe-Premium-Tafel-Schokolade Souvenir Deluxe oder Premijm Specuak gepr\u00e4gt mit Ihrem Logo und Botschaft sowohl auf die Schokolade als auch auf die Verpackung. Ab 10 St. lieferbar.","og_url":"https:\/\/staging.schokologo.com\/de\/schokologo\/premium-tafel","og_site_name":"Choco-Logo","article_publisher":"https:\/\/www.facebook.com\/SCHOKOLOGO","article_modified_time":"2025-07-08T02:22:51+00:00","og_image":[{"width":1200,"height":806,"url":"https:\/\/staging.schokologo.com\/wp-content\/uploads\/2023\/09\/BespokeChocolateBar150x100mm_4nd.jpg","type":"image\/jpeg"}],"twitter_card":"summary_large_image","twitter_site":"@schokologo","twitter_misc":{"Verf\u00fcgbarkeit":"Auf Lager"},"schema":{"@context":"https:\/\/schema.org","@graph":[{"@type":"WebPage","@id":"https:\/\/staging.schokologo.com\/de\/schokologo\/premium-tafel","url":"https:\/\/staging.schokologo.com\/de\/schokologo\/premium-tafel","name":"Schokologo Souvenir Deluxe","isPartOf":{"@id":"https:\/\/staging.schokologo.com\/de\/#website"},"primaryImageOfPage":{"@id":"https:\/\/staging.schokologo.com\/de\/schokologo\/premium-tafel#primaryimage"},"image":{"@id":"https:\/\/staging.schokologo.com\/de\/schokologo\/premium-tafel#primaryimage"},"thumbnailUrl":"https:\/\/staging.schokologo.com\/wp-content\/uploads\/2023\/09\/BespokeChocolateBar150x100mm_4nd.jpg","datePublished":"2023-09-27T14:27:21+00:00","dateModified":"2025-07-08T02:22:51+00:00","breadcrumb":{"@id":"https:\/\/staging.schokologo.com\/de\/schokologo\/premium-tafel#breadcrumb"},"inLanguage":"de","potentialAction":[{"@type":"ReadAction","target":["https:\/\/staging.schokologo.com\/de\/schokologo\/premium-tafel"]}]},{"@type":"ImageObject","inLanguage":"de","@id":"https:\/\/staging.schokologo.com\/de\/schokologo\/premium-tafel#primaryimage","url":"https:\/\/staging.schokologo.com\/wp-content\/uploads\/2023\/09\/BespokeChocolateBar150x100mm_4nd.jpg","contentUrl":"https:\/\/staging.schokologo.com\/wp-content\/uploads\/2023\/09\/BespokeChocolateBar150x100mm_4nd.jpg","width":1200,"height":806,"caption":"Bespoke-ChocolateBar-150x100mm"},{"@type":"BreadcrumbList","@id":"https:\/\/staging.schokologo.com\/de\/schokologo\/premium-tafel#breadcrumb","itemListElement":[{"@type":"ListItem","position":1,"name":"Home","item":"https:\/\/staging.schokologo.com\/de"},{"@type":"ListItem","position":2,"name":"Produkte","item":"https:\/\/staging.schokologo.com\/de\/shop"},{"@type":"ListItem","position":3,"name":"Premium-Tafel"}]},{"@type":"WebSite","@id":"https:\/\/staging.schokologo.com\/de\/#website","url":"https:\/\/staging.schokologo.com\/de\/","name":"Schokologo","description":"Your finest calling card","publisher":{"@id":"https:\/\/staging.schokologo.com\/de\/#organization"},"alternateName":"Ihr Logo aus edler Schokolade","potentialAction":[{"@type":"SearchAction","target":{"@type":"EntryPoint","urlTemplate":"https:\/\/staging.schokologo.com\/de\/?s={search_term_string}"},"query-input":{"@type":"PropertyValueSpecification","valueRequired":true,"valueName":"search_term_string"}}],"inLanguage":"de"},{"@type":"Organization","@id":"https:\/\/staging.schokologo.com\/de\/#organization","name":"Schokologo e.K.","alternateName":"Schokologo","url":"https:\/\/staging.schokologo.com\/de\/","logo":{"@type":"ImageObject","inLanguage":"de","@id":"https:\/\/staging.schokologo.com\/de\/#\/schema\/logo\/image\/","url":"https:\/\/staging.schokologo.com\/wp-content\/uploads\/2023\/09\/SchokoLogo_Logo.svg","contentUrl":"https:\/\/staging.schokologo.com\/wp-content\/uploads\/2023\/09\/SchokoLogo_Logo.svg","width":270,"height":106,"caption":"Schokologo e.K."},"image":{"@id":"https:\/\/staging.schokologo.com\/de\/#\/schema\/logo\/image\/"},"sameAs":["https:\/\/www.facebook.com\/SCHOKOLOGO","https:\/\/x.com\/schokologo","https:\/\/www.instagram.com\/schoko_logo"],"description":"Personalisierte Schokoladenprodukte und Sonderanfertigungen aus Schokolade. Wir gestalten individuelle Schokoladenkreationen mit Logos, Texten und Designs nach Ihren W\u00fcnschen. Unsere hochwertigen Schokoladenprodukte sind das ideale Geschenk f\u00fcr Kunden, Gesch\u00e4ftspartner und besondere Anl\u00e4sse. Mit den besten Zutaten und ma\u00dfgeschneiderten L\u00f6sungen pr\u00e4sentieren wir Ihre Markenbotschaft auf einzigartige und k\u00f6stliche Weise. Entdecken Sie die Vielfalt unserer Schokoladenprodukte und hinterlassen Sie einen bleibenden Eindruck mit Schokologo.","email":"info@schokologo.com","telephone":"3677790","legalName":"Schokologo e.K.","foundingDate":"2003-01-08","vatID":"DE220776735","numberOfEmployees":{"@type":"QuantitativeValue","minValue":"51","maxValue":"200"}}]},"og_availability":"instock","product_availability":"instock","product_condition":"new"},"_links":{"self":[{"href":"https:\/\/staging.schokologo.com\/de\/wp-json\/wp\/v2\/product\/54330","targetHints":{"allow":["GET"]}}],"collection":[{"href":"https:\/\/staging.schokologo.com\/de\/wp-json\/wp\/v2\/product"}],"about":[{"href":"https:\/\/staging.schokologo.com\/de\/wp-json\/wp\/v2\/types\/product"}],"version-history":[{"count":5,"href":"https:\/\/staging.schokologo.com\/de\/wp-json\/wp\/v2\/product\/54330\/revisions"}],"predecessor-version":[{"id":67524,"href":"https:\/\/staging.schokologo.com\/de\/wp-json\/wp\/v2\/product\/54330\/revisions\/67524"}],"wp:featuredmedia":[{"embeddable":true,"href":"https:\/\/staging.schokologo.com\/de\/wp-json\/wp\/v2\/media\/46251"}],"wp:attachment":[{"href":"https:\/\/staging.schokologo.com\/de\/wp-json\/wp\/v2\/media?parent=54330"}],"wp:term":[{"taxonomy":"product_brand","embeddable":true,"href":"https:\/\/staging.schokologo.com\/de\/wp-json\/wp\/v2\/product_brand?post=54330"},{"taxonomy":"product_cat","embeddable":true,"href":"https:\/\/staging.schokologo.com\/de\/wp-json\/wp\/v2\/product_cat?post=54330"},{"taxonomy":"product_tag","embeddable":true,"href":"https:\/\/staging.schokologo.com\/de\/wp-json\/wp\/v2\/product_tag?post=54330"}],"curies":[{"name":"wp","href":"https:\/\/api.w.org\/{rel}","templated":true}]}}