{"id":70338,"date":"2026-03-26T18:47:43","date_gmt":"2026-03-26T17:47:43","guid":{"rendered":"https:\/\/www.schokologo.com\/?page_id=70338"},"modified":"2026-03-27T04:38:43","modified_gmt":"2026-03-27T03:38:43","slug":"account-setup","status":"publish","type":"page","link":"https:\/\/staging.schokologo.com\/de\/account-setup","title":{"rendered":""},"content":{"rendered":"\n<p><\/p>\n\n\n\n<p style=\"padding-top:40px;padding-right:40px;padding-bottom:40px;padding-left:40px\"><\/p>\n\n\n<div class=\"sl-account-setup-wrap\">\r\n\t<style>\r\n.sl-account-setup-wrap{font-family:Comfortaa,\"Work Sans\",Arial,sans-serif;display:flex;justify-content:center;padding:48px 16px;min-height:55vh;align-items:center;}\r\n.sl-setup-card{background:#fff;border-radius:12px;box-shadow:0 4px 28px rgba(60,17,0,.12);padding:48px 44px;max-width:440px;width:100%;}\r\n.sl-setup-card--centered{text-align:center;}\r\n.sl-setup-header{margin-bottom:32px;}\r\n.sl-setup-header h1{font-family:\"Bernhard Modern\",\"Work Sans\",Arial,sans-serif;font-weight:700;font-style:italic;color:#722F37;font-size:1.9rem;margin:0 0 10px;line-height:1.2;}\r\n.sl-setup-header p{color:#7a3e24;font-size:.97rem;margin:0;line-height:1.55;}\r\n.sl-setup-card h2{font-family:\"Bernhard Modern\",\"Work Sans\",Arial,sans-serif;font-weight:700;font-style:italic;color:#722F37;font-size:1.5rem;margin:12px 0 10px;}\r\n.sl-setup-card p{color:#7a3e24;font-size:.95rem;line-height:1.55;}\r\n.sl-setup-field{margin-bottom:20px;}\r\n.sl-setup-field label{display:block;font-size:.78rem;font-weight:700;color:#3c1100;margin-bottom:5px;letter-spacing:.06em;text-transform:uppercase;}\r\n.sl-setup-field input[type=password]{width:100%;box-sizing:border-box;padding:11px 14px;border:1.5px solid #d6b49b;border-radius:6px;font-family:inherit;font-size:1rem;color:#3c1100;outline:none;transition:border-color .18s;background:#fdfaf7;}\r\n.sl-setup-field input[type=password]:focus{border-color:#722F37;background:#fff;}\r\n.sl-setup-strength{font-size:.82rem;font-weight:700;margin-top:-14px;margin-bottom:18px;min-height:18px;letter-spacing:.03em;}\r\n.sl-pw-weak{color:#c0392b;}.sl-pw-fair{color:#d4820a;}.sl-pw-good{color:#27ae60;}.sl-pw-strong{color:#1a7a3c;}\r\n.sl-account-setup-wrap .sl-setup-btn{display:block!important;width:100%!important;padding:13px 20px!important;background:linear-gradient(135deg,#3C1100 0%,#7A3E24 100%)!important;color:#fff!important;border:none!important;border-radius:6px!important;font-family:\"Bernhard Modern\",\"Work Sans\",Arial,sans-serif!important;font-size:1.08rem!important;font-weight:700!important;font-style:italic!important;cursor:pointer!important;letter-spacing:.03em!important;transition:opacity .18s!important;margin-top:6px!important;line-height:1.4!important;min-height:46px!important;}\r\n.sl-account-setup-wrap .sl-setup-btn:hover{opacity:.86!important;}\r\n.sl-setup-error{background:#fdf0ef;border-left:3px solid #c0392b;padding:10px 14px;border-radius:4px;color:#c0392b;font-size:.9rem;margin-bottom:22px;line-height:1.4;}\r\n.sl-setup-icon{font-size:2.6rem;margin-bottom:10px;}\r\n.sl-setup-icon--warning{color:#d4820a;}.sl-setup-icon--error{color:#c0392b;}\r\n.sl-invite-notice{font-family:Comfortaa,\"Work Sans\",Arial,sans-serif;color:#3c1100;padding:32px;text-align:center;font-size:1rem;}\r\n.sl-invite-notice a{color:#722F37;font-weight:600;text-decoration:none;}\r\n.sl-invite-notice a:hover{text-decoration:underline;}\r\n<\/style>\t<div class=\"sl-setup-card sl-setup-card--centered\">\r\n\t\t<div class=\"sl-setup-icon sl-setup-icon--error\">&#10007;<\/div>\r\n\t\t<h2>Ung\u00fcltiger Link<\/h2>\r\n\t\t<p>Dieser Einladungslink ist ung\u00fcltig. Bitte pr\u00fcfen Sie Ihre E-Mail oder wenden Sie sich an Schokologo.\t\t<\/p>\r\n\t\t<a href=\"https:\/\/staging.schokologo.com\/de\/account\" class=\"sl-setup-btn\" style=\"display:inline-block;width:auto;margin-top:20px;text-decoration:none;\">\r\n\t\t\tZum Login &rarr;\t\t<\/a>\r\n\t<\/div>\r\n<\/div>\r\n\t\t\n","protected":false},"excerpt":{"rendered":"","protected":false},"author":1,"featured_media":0,"parent":0,"menu_order":0,"comment_status":"closed","ping_status":"closed","template":"","meta":{"_acf_changed":false,"footnotes":""},"class_list":["post-70338","page","type-page","status-publish","hentry"],"acf":[],"yoast_head":"<!-- This site is optimized with the Yoast SEO Premium plugin v26.5 (Yoast SEO v27.2) - https:\/\/yoast.com\/product\/yoast-seo-premium-wordpress\/ -->\n<title>- Choco-Logo<\/title>\n<meta name=\"robots\" content=\"noindex, follow, max-snippet:-1, max-image-preview:large, max-video-preview:-1\" \/>\n<meta property=\"og:locale\" content=\"de_DE\" \/>\n<meta property=\"og:type\" content=\"article\" \/>\n<meta property=\"og:url\" content=\"https:\/\/staging.schokologo.com\/de\/account-setup\" \/>\n<meta property=\"og:site_name\" content=\"Choco-Logo\" \/>\n<meta property=\"article:publisher\" content=\"https:\/\/www.facebook.com\/SCHOKOLOGO\" \/>\n<meta property=\"article:modified_time\" content=\"2026-03-27T03:38:43+00:00\" \/>\n<meta property=\"og:image\" content=\"https:\/\/staging.schokologo.com\/wp-content\/uploads\/2023\/09\/3dcustomchocolate_4nd.jpg\" \/>\n\t<meta property=\"og:image:width\" content=\"1200\" \/>\n\t<meta property=\"og:image:height\" content=\"798\" \/>\n\t<meta property=\"og:image:type\" content=\"image\/jpeg\" \/>\n<meta name=\"twitter:card\" content=\"summary_large_image\" \/>\n<meta name=\"twitter:site\" content=\"@schokologo\" \/>\n<meta name=\"twitter:label1\" content=\"Gesch\u00e4tzte Lesezeit\" \/>\n\t<meta name=\"twitter:data1\" content=\"1\u00a0Minute\" \/>\n<script type=\"application\/ld+json\" class=\"yoast-schema-graph\">{\"@context\":\"https:\/\/schema.org\",\"@graph\":[{\"@type\":\"WebPage\",\"@id\":\"https:\/\/staging.schokologo.com\/de\/account-setup\",\"url\":\"https:\/\/staging.schokologo.com\/de\/account-setup\",\"name\":\"- Choco-Logo\",\"isPartOf\":{\"@id\":\"https:\/\/staging.schokologo.com\/de\/#website\"},\"datePublished\":\"2026-03-26T17:47:43+00:00\",\"dateModified\":\"2026-03-27T03:38:43+00:00\",\"inLanguage\":\"de\",\"potentialAction\":[{\"@type\":\"ReadAction\",\"target\":[\"https:\/\/staging.schokologo.com\/de\/account-setup\"]}]},{\"@type\":\"WebSite\",\"@id\":\"https:\/\/staging.schokologo.com\/de\/#website\",\"url\":\"https:\/\/staging.schokologo.com\/de\/\",\"name\":\"Schokologo\",\"description\":\"Your finest calling card\",\"publisher\":{\"@id\":\"https:\/\/staging.schokologo.com\/de\/#organization\"},\"alternateName\":\"Ihr Logo aus edler Schokolade\",\"potentialAction\":[{\"@type\":\"SearchAction\",\"target\":{\"@type\":\"EntryPoint\",\"urlTemplate\":\"https:\/\/staging.schokologo.com\/de\/?s={search_term_string}\"},\"query-input\":{\"@type\":\"PropertyValueSpecification\",\"valueRequired\":true,\"valueName\":\"search_term_string\"}}],\"inLanguage\":\"de\"},{\"@type\":\"Organization\",\"@id\":\"https:\/\/staging.schokologo.com\/de\/#organization\",\"name\":\"Schokologo e.K.\",\"alternateName\":\"Schokologo\",\"url\":\"https:\/\/staging.schokologo.com\/de\/\",\"logo\":{\"@type\":\"ImageObject\",\"inLanguage\":\"de\",\"@id\":\"https:\/\/staging.schokologo.com\/de\/#\/schema\/logo\/image\/\",\"url\":\"https:\/\/staging.schokologo.com\/wp-content\/uploads\/2023\/09\/SchokoLogo_Logo.svg\",\"contentUrl\":\"https:\/\/staging.schokologo.com\/wp-content\/uploads\/2023\/09\/SchokoLogo_Logo.svg\",\"width\":270,\"height\":106,\"caption\":\"Schokologo e.K.\"},\"image\":{\"@id\":\"https:\/\/staging.schokologo.com\/de\/#\/schema\/logo\/image\/\"},\"sameAs\":[\"https:\/\/www.facebook.com\/SCHOKOLOGO\",\"https:\/\/x.com\/schokologo\",\"https:\/\/www.instagram.com\/schoko_logo\"],\"description\":\"Personalisierte Schokoladenprodukte und Sonderanfertigungen aus Schokolade. Wir gestalten individuelle Schokoladenkreationen mit Logos, Texten und Designs nach Ihren W\u00fcnschen. Unsere hochwertigen Schokoladenprodukte sind das ideale Geschenk f\u00fcr Kunden, Gesch\u00e4ftspartner und besondere Anl\u00e4sse. Mit den besten Zutaten und ma\u00dfgeschneiderten L\u00f6sungen pr\u00e4sentieren wir Ihre Markenbotschaft auf einzigartige und k\u00f6stliche Weise. Entdecken Sie die Vielfalt unserer Schokoladenprodukte und hinterlassen Sie einen bleibenden Eindruck mit Schokologo.\",\"email\":\"info@schokologo.com\",\"telephone\":\"3677790\",\"legalName\":\"Schokologo e.K.\",\"foundingDate\":\"2003-01-08\",\"vatID\":\"DE220776735\",\"numberOfEmployees\":{\"@type\":\"QuantitativeValue\",\"minValue\":\"51\",\"maxValue\":\"200\"}}]}<\/script>\n<!-- \/ Yoast SEO Premium plugin. -->","yoast_head_json":{"title":"- Choco-Logo","robots":{"index":"noindex","follow":"follow","max-snippet":"max-snippet:-1","max-image-preview":"max-image-preview:large","max-video-preview":"max-video-preview:-1"},"og_locale":"de_DE","og_type":"article","og_url":"https:\/\/staging.schokologo.com\/de\/account-setup","og_site_name":"Choco-Logo","article_publisher":"https:\/\/www.facebook.com\/SCHOKOLOGO","article_modified_time":"2026-03-27T03:38:43+00:00","og_image":[{"width":1200,"height":798,"url":"https:\/\/staging.schokologo.com\/wp-content\/uploads\/2023\/09\/3dcustomchocolate_4nd.jpg","type":"image\/jpeg"}],"twitter_card":"summary_large_image","twitter_site":"@schokologo","twitter_misc":{"Gesch\u00e4tzte Lesezeit":"1\u00a0Minute"},"schema":{"@context":"https:\/\/schema.org","@graph":[{"@type":"WebPage","@id":"https:\/\/staging.schokologo.com\/de\/account-setup","url":"https:\/\/staging.schokologo.com\/de\/account-setup","name":"- Choco-Logo","isPartOf":{"@id":"https:\/\/staging.schokologo.com\/de\/#website"},"datePublished":"2026-03-26T17:47:43+00:00","dateModified":"2026-03-27T03:38:43+00:00","inLanguage":"de","potentialAction":[{"@type":"ReadAction","target":["https:\/\/staging.schokologo.com\/de\/account-setup"]}]},{"@type":"WebSite","@id":"https:\/\/staging.schokologo.com\/de\/#website","url":"https:\/\/staging.schokologo.com\/de\/","name":"Schokologo","description":"Your finest calling card","publisher":{"@id":"https:\/\/staging.schokologo.com\/de\/#organization"},"alternateName":"Ihr Logo aus edler Schokolade","potentialAction":[{"@type":"SearchAction","target":{"@type":"EntryPoint","urlTemplate":"https:\/\/staging.schokologo.com\/de\/?s={search_term_string}"},"query-input":{"@type":"PropertyValueSpecification","valueRequired":true,"valueName":"search_term_string"}}],"inLanguage":"de"},{"@type":"Organization","@id":"https:\/\/staging.schokologo.com\/de\/#organization","name":"Schokologo e.K.","alternateName":"Schokologo","url":"https:\/\/staging.schokologo.com\/de\/","logo":{"@type":"ImageObject","inLanguage":"de","@id":"https:\/\/staging.schokologo.com\/de\/#\/schema\/logo\/image\/","url":"https:\/\/staging.schokologo.com\/wp-content\/uploads\/2023\/09\/SchokoLogo_Logo.svg","contentUrl":"https:\/\/staging.schokologo.com\/wp-content\/uploads\/2023\/09\/SchokoLogo_Logo.svg","width":270,"height":106,"caption":"Schokologo e.K."},"image":{"@id":"https:\/\/staging.schokologo.com\/de\/#\/schema\/logo\/image\/"},"sameAs":["https:\/\/www.facebook.com\/SCHOKOLOGO","https:\/\/x.com\/schokologo","https:\/\/www.instagram.com\/schoko_logo"],"description":"Personalisierte Schokoladenprodukte und Sonderanfertigungen aus Schokolade. Wir gestalten individuelle Schokoladenkreationen mit Logos, Texten und Designs nach Ihren W\u00fcnschen. Unsere hochwertigen Schokoladenprodukte sind das ideale Geschenk f\u00fcr Kunden, Gesch\u00e4ftspartner und besondere Anl\u00e4sse. Mit den besten Zutaten und ma\u00dfgeschneiderten L\u00f6sungen pr\u00e4sentieren wir Ihre Markenbotschaft auf einzigartige und k\u00f6stliche Weise. Entdecken Sie die Vielfalt unserer Schokoladenprodukte und hinterlassen Sie einen bleibenden Eindruck mit Schokologo.","email":"info@schokologo.com","telephone":"3677790","legalName":"Schokologo e.K.","foundingDate":"2003-01-08","vatID":"DE220776735","numberOfEmployees":{"@type":"QuantitativeValue","minValue":"51","maxValue":"200"}}]}},"_links":{"self":[{"href":"https:\/\/staging.schokologo.com\/de\/wp-json\/wp\/v2\/pages\/70338","targetHints":{"allow":["GET"]}}],"collection":[{"href":"https:\/\/staging.schokologo.com\/de\/wp-json\/wp\/v2\/pages"}],"about":[{"href":"https:\/\/staging.schokologo.com\/de\/wp-json\/wp\/v2\/types\/page"}],"author":[{"embeddable":true,"href":"https:\/\/staging.schokologo.com\/de\/wp-json\/wp\/v2\/users\/1"}],"replies":[{"embeddable":true,"href":"https:\/\/staging.schokologo.com\/de\/wp-json\/wp\/v2\/comments?post=70338"}],"version-history":[{"count":11,"href":"https:\/\/staging.schokologo.com\/de\/wp-json\/wp\/v2\/pages\/70338\/revisions"}],"predecessor-version":[{"id":70350,"href":"https:\/\/staging.schokologo.com\/de\/wp-json\/wp\/v2\/pages\/70338\/revisions\/70350"}],"wp:attachment":[{"href":"https:\/\/staging.schokologo.com\/de\/wp-json\/wp\/v2\/media?parent=70338"}],"curies":[{"name":"wp","href":"https:\/\/api.w.org\/{rel}","templated":true}]}}