{"id":61021,"date":"2024-06-17T13:38:17","date_gmt":"2024-06-17T11:38:17","guid":{"rendered":"https:\/\/www.schokologo.com\/?page_id=61021"},"modified":"2025-07-08T16:06:26","modified_gmt":"2025-07-08T14:06:26","slug":"blog-de","status":"publish","type":"page","link":"https:\/\/staging.schokologo.com\/de\/blog-de","title":{"rendered":"Schokologo News"},"content":{"rendered":"\t\t<div data-elementor-type=\"wp-page\" data-elementor-id=\"61021\" class=\"elementor elementor-61021 elementor-61011\" data-elementor-post-type=\"page\">\n\t\t\t\t<div class=\"elementor-element elementor-element-undefined-19d7f9b e-flex e-con-boxed e-con e-parent\" data-id=\"undefined-19d7f9b\" data-element_type=\"container\" data-e-type=\"container\">\n\t\t\t\t\t<div class=\"e-con-inner\">\n\t\t<div class=\"elementor-element elementor-element-e9e5d08 e-con-full e-flex e-con e-child\" data-id=\"e9e5d08\" data-element_type=\"container\" data-e-type=\"container\">\n\t\t\t\t<div class=\"elementor-element elementor-element-283e920 elementor-widget elementor-widget-heading\" data-id=\"283e920\" data-element_type=\"widget\" data-e-type=\"widget\" data-widget_type=\"heading.default\">\n\t\t\t\t<div class=\"elementor-widget-container\">\n\t\t\t\t\t<h2 class=\"elementor-heading-title elementor-size-default\">Schokologos News<\/h2>\t\t\t\t<\/div>\n\t\t\t\t<\/div>\n\t\t\t\t<div class=\"elementor-element elementor-element-974bfca sl-beitragsbilder elementor-grid-3 elementor-grid-tablet-2 elementor-grid-mobile-1 elementor-posts--thumbnail-top elementor-widget elementor-widget-posts\" data-id=\"974bfca\" data-element_type=\"widget\" data-e-type=\"widget\" data-settings=\"{&quot;pagination_type&quot;:&quot;load_more_infinite_scroll&quot;,&quot;classic_columns&quot;:&quot;3&quot;,&quot;classic_columns_tablet&quot;:&quot;2&quot;,&quot;classic_columns_mobile&quot;:&quot;1&quot;,&quot;classic_row_gap&quot;:{&quot;unit&quot;:&quot;px&quot;,&quot;size&quot;:35,&quot;sizes&quot;:[]},&quot;classic_row_gap_laptop&quot;:{&quot;unit&quot;:&quot;px&quot;,&quot;size&quot;:&quot;&quot;,&quot;sizes&quot;:[]},&quot;classic_row_gap_tablet&quot;:{&quot;unit&quot;:&quot;px&quot;,&quot;size&quot;:&quot;&quot;,&quot;sizes&quot;:[]},&quot;classic_row_gap_mobile&quot;:{&quot;unit&quot;:&quot;px&quot;,&quot;size&quot;:&quot;&quot;,&quot;sizes&quot;:[]},&quot;load_more_spinner&quot;:{&quot;value&quot;:&quot;fas fa-spinner&quot;,&quot;library&quot;:&quot;fa-solid&quot;}}\" data-widget_type=\"posts.classic\">\n\t\t\t\t<div class=\"elementor-widget-container\">\n\t\t\t\t\t\t\t<div class=\"elementor-posts-container elementor-posts elementor-posts--skin-classic elementor-grid\" role=\"list\">\n\t\t\t\t<article class=\"elementor-post elementor-grid-item post-57754 post type-post status-publish format-standard has-post-thumbnail hentry category-schoko-news\" role=\"listitem\">\n\t\t\t\t<a class=\"elementor-post__thumbnail__link\" href=\"https:\/\/staging.schokologo.com\/de\/schoko-news\/nachhaltigkeit-bei-schokologo\" tabindex=\"-1\" >\n\t\t\t<div class=\"elementor-post__thumbnail\"><img fetchpriority=\"high\" decoding=\"async\" width=\"478\" height=\"359\" src=\"https:\/\/staging.schokologo.com\/wp-content\/uploads\/2023\/09\/nachhaltigkeit_schokologo_4nd-478x359.jpg\" class=\"attachment-woocommerce_thumbnail size-woocommerce_thumbnail wp-image-50199\" alt=\"\" srcset=\"https:\/\/staging.schokologo.com\/wp-content\/uploads\/2023\/09\/nachhaltigkeit_schokologo_4nd-478x359.jpg 478w, https:\/\/staging.schokologo.com\/wp-content\/uploads\/2023\/09\/nachhaltigkeit_schokologo_4nd-400x300.jpg 400w, https:\/\/staging.schokologo.com\/wp-content\/uploads\/2023\/09\/nachhaltigkeit_schokologo_4nd-150x113.jpg 150w, https:\/\/staging.schokologo.com\/wp-content\/uploads\/2023\/09\/nachhaltigkeit_schokologo_4nd-768x576.jpg 768w, https:\/\/staging.schokologo.com\/wp-content\/uploads\/2023\/09\/nachhaltigkeit_schokologo_4nd.jpg 800w\" sizes=\"(max-width: 478px) 100vw, 478px\" \/><\/div>\n\t\t<\/a>\n\t\t\t\t<div class=\"elementor-post__text\">\n\t\t\t\t<h3 class=\"elementor-post__title\">\n\t\t\t<a href=\"https:\/\/staging.schokologo.com\/de\/schoko-news\/nachhaltigkeit-bei-schokologo\" >\n\t\t\t\tNachhaltigkeit bei Schokologo\t\t\t<\/a>\n\t\t<\/h3>\n\t\t\t\t<div class=\"elementor-post__meta-data\">\n\t\t\t\t\t<span class=\"elementor-post-date\">\n\t\t\t22\/07\/2025\t\t<\/span>\n\t\t\t\t<\/div>\n\t\t\t\t<div class=\"elementor-post__excerpt\">\n\t\t\t<p>Transparenz und Glaubw\u00fcrdigkeit wird heute zurecht von Kunden gefordert und erwartet. Sie m\u00f6chten wissen, wo Ihre Lebensmittel herkommen und welche Geschichte dahinter steckt.<\/p>\n\t\t<\/div>\n\t\t\n\t\t<a class=\"elementor-post__read-more\" href=\"https:\/\/staging.schokologo.com\/de\/schoko-news\/nachhaltigkeit-bei-schokologo\" aria-label=\"Read more about Nachhaltigkeit bei Schokologo\" tabindex=\"-1\" >\n\t\t\tWeiterlesen \u00bb\t\t<\/a>\n\n\t\t\t\t<\/div>\n\t\t\t\t<\/article>\n\t\t\t\t<article class=\"elementor-post elementor-grid-item post-57746 post type-post status-publish format-standard has-post-thumbnail hentry category-schoko-news\" role=\"listitem\">\n\t\t\t\t<a class=\"elementor-post__thumbnail__link\" href=\"https:\/\/staging.schokologo.com\/de\/schoko-news\/kunstwerke-aus-schokolade\" tabindex=\"-1\" >\n\t\t\t<div class=\"elementor-post__thumbnail\"><img decoding=\"async\" width=\"478\" height=\"357\" src=\"https:\/\/staging.schokologo.com\/wp-content\/uploads\/2023\/09\/kunstwerkeausschokolade_4nd-478x357.jpg\" class=\"attachment-woocommerce_thumbnail size-woocommerce_thumbnail wp-image-50181\" alt=\"\" srcset=\"https:\/\/staging.schokologo.com\/wp-content\/uploads\/2023\/09\/kunstwerkeausschokolade_4nd-478x357.jpg 478w, https:\/\/staging.schokologo.com\/wp-content\/uploads\/2023\/09\/kunstwerkeausschokolade_4nd-400x300.jpg 400w, https:\/\/staging.schokologo.com\/wp-content\/uploads\/2023\/09\/kunstwerkeausschokolade_4nd-1071x800.jpg 1071w, https:\/\/staging.schokologo.com\/wp-content\/uploads\/2023\/09\/kunstwerkeausschokolade_4nd-150x112.jpg 150w, https:\/\/staging.schokologo.com\/wp-content\/uploads\/2023\/09\/kunstwerkeausschokolade_4nd-768x573.jpg 768w, https:\/\/staging.schokologo.com\/wp-content\/uploads\/2023\/09\/kunstwerkeausschokolade_4nd-800x597.jpg 800w, https:\/\/staging.schokologo.com\/wp-content\/uploads\/2023\/09\/kunstwerkeausschokolade_4nd.jpg 1200w\" sizes=\"(max-width: 478px) 100vw, 478px\" \/><\/div>\n\t\t<\/a>\n\t\t\t\t<div class=\"elementor-post__text\">\n\t\t\t\t<h3 class=\"elementor-post__title\">\n\t\t\t<a href=\"https:\/\/staging.schokologo.com\/de\/schoko-news\/kunstwerke-aus-schokolade\" >\n\t\t\t\tKunstwerk oder Genuss?\t\t\t<\/a>\n\t\t<\/h3>\n\t\t\t\t<div class=\"elementor-post__meta-data\">\n\t\t\t\t\t<span class=\"elementor-post-date\">\n\t\t\t04\/07\/2025\t\t<\/span>\n\t\t\t\t<\/div>\n\t\t\t\t<div class=\"elementor-post__excerpt\">\n\t\t\t<p>Oder auch: Isst man Kunst oder legt man sie weg?<\/p>\n\t\t<\/div>\n\t\t\n\t\t<a class=\"elementor-post__read-more\" href=\"https:\/\/staging.schokologo.com\/de\/schoko-news\/kunstwerke-aus-schokolade\" aria-label=\"Read more about Kunstwerk oder Genuss?\" tabindex=\"-1\" >\n\t\t\tWeiterlesen \u00bb\t\t<\/a>\n\n\t\t\t\t<\/div>\n\t\t\t\t<\/article>\n\t\t\t\t<article class=\"elementor-post elementor-grid-item post-57659 post type-post status-publish format-standard has-post-thumbnail hentry category-schoko-news\" role=\"listitem\">\n\t\t\t\t<a class=\"elementor-post__thumbnail__link\" href=\"https:\/\/staging.schokologo.com\/de\/schoko-news\/werbeartikel-aus-schokolade-unterstutzen-firmenpositionierung\" tabindex=\"-1\" >\n\t\t\t<div class=\"elementor-post__thumbnail\"><img decoding=\"async\" width=\"478\" height=\"450\" src=\"https:\/\/staging.schokologo.com\/wp-content\/uploads\/2023\/09\/SchokoLogo566ec9ce2af52_4nd-478x450.jpg\" class=\"attachment-woocommerce_thumbnail size-woocommerce_thumbnail wp-image-50261\" alt=\"\" srcset=\"https:\/\/staging.schokologo.com\/wp-content\/uploads\/2023\/09\/SchokoLogo566ec9ce2af52_4nd-478x450.jpg 478w, https:\/\/staging.schokologo.com\/wp-content\/uploads\/2023\/09\/SchokoLogo566ec9ce2af52_4nd-318x300.jpg 318w, https:\/\/staging.schokologo.com\/wp-content\/uploads\/2023\/09\/SchokoLogo566ec9ce2af52_4nd-849x800.jpg 849w, https:\/\/staging.schokologo.com\/wp-content\/uploads\/2023\/09\/SchokoLogo566ec9ce2af52_4nd-150x141.jpg 150w, https:\/\/staging.schokologo.com\/wp-content\/uploads\/2023\/09\/SchokoLogo566ec9ce2af52_4nd-768x723.jpg 768w, https:\/\/staging.schokologo.com\/wp-content\/uploads\/2023\/09\/SchokoLogo566ec9ce2af52_4nd-1536x1447.jpg 1536w, https:\/\/staging.schokologo.com\/wp-content\/uploads\/2023\/09\/SchokoLogo566ec9ce2af52_4nd-800x754.jpg 800w, https:\/\/staging.schokologo.com\/wp-content\/uploads\/2023\/09\/SchokoLogo566ec9ce2af52_4nd.jpg 1553w\" sizes=\"(max-width: 478px) 100vw, 478px\" \/><\/div>\n\t\t<\/a>\n\t\t\t\t<div class=\"elementor-post__text\">\n\t\t\t\t<h3 class=\"elementor-post__title\">\n\t\t\t<a href=\"https:\/\/staging.schokologo.com\/de\/schoko-news\/werbeartikel-aus-schokolade-unterstutzen-firmenpositionierung\" >\n\t\t\t\tWerbeartikel aus Schokolade unterst\u00fctzen Firmenpositionierung\t\t\t<\/a>\n\t\t<\/h3>\n\t\t\t\t<div class=\"elementor-post__meta-data\">\n\t\t\t\t\t<span class=\"elementor-post-date\">\n\t\t\t23\/04\/2025\t\t<\/span>\n\t\t\t\t<\/div>\n\t\t\t\t<div class=\"elementor-post__excerpt\">\n\t\t\t<p>Ob als Dankesch\u00f6n f\u00fcr treue Kunden, als Door-Opener in Mailings oder als Akquisitionsmittel f\u00fcr die Neukundengewinnung: Wenn ein Werbegeschenk den Geschmack des Empf\u00e4ngers trifft, steigen die Chancen auf den Erfolg einer Marketingaktion.<\/p>\n\t\t<\/div>\n\t\t\n\t\t<a class=\"elementor-post__read-more\" href=\"https:\/\/staging.schokologo.com\/de\/schoko-news\/werbeartikel-aus-schokolade-unterstutzen-firmenpositionierung\" aria-label=\"Read more about Werbeartikel aus Schokolade unterst\u00fctzen Firmenpositionierung\" tabindex=\"-1\" >\n\t\t\tWeiterlesen \u00bb\t\t<\/a>\n\n\t\t\t\t<\/div>\n\t\t\t\t<\/article>\n\t\t\t\t<article class=\"elementor-post elementor-grid-item post-57641 post type-post status-publish format-standard has-post-thumbnail hentry category-schoko-news\" role=\"listitem\">\n\t\t\t\t<a class=\"elementor-post__thumbnail__link\" href=\"https:\/\/staging.schokologo.com\/de\/schoko-news\/mit-kreativen-werbemitteln-im-b2b-bereich-punkten\" tabindex=\"-1\" >\n\t\t\t<div class=\"elementor-post__thumbnail\"><img loading=\"lazy\" decoding=\"async\" width=\"353\" height=\"305\" src=\"https:\/\/staging.schokologo.com\/wp-content\/uploads\/2023\/09\/kreativeWerbemittelSchokologo_4nd.png\" class=\"attachment-woocommerce_thumbnail size-woocommerce_thumbnail wp-image-50508\" alt=\"\" srcset=\"https:\/\/staging.schokologo.com\/wp-content\/uploads\/2023\/09\/kreativeWerbemittelSchokologo_4nd.png 353w, https:\/\/staging.schokologo.com\/wp-content\/uploads\/2023\/09\/kreativeWerbemittelSchokologo_4nd-347x300.png 347w, https:\/\/staging.schokologo.com\/wp-content\/uploads\/2023\/09\/kreativeWerbemittelSchokologo_4nd-150x130.png 150w\" sizes=\"(max-width: 353px) 100vw, 353px\" \/><\/div>\n\t\t<\/a>\n\t\t\t\t<div class=\"elementor-post__text\">\n\t\t\t\t<h3 class=\"elementor-post__title\">\n\t\t\t<a href=\"https:\/\/staging.schokologo.com\/de\/schoko-news\/mit-kreativen-werbemitteln-im-b2b-bereich-punkten\" >\n\t\t\t\tMit kreativen Werbemitteln im B2B-Bereich punkten\t\t\t<\/a>\n\t\t<\/h3>\n\t\t\t\t<div class=\"elementor-post__meta-data\">\n\t\t\t\t\t<span class=\"elementor-post-date\">\n\t\t\t04\/04\/2025\t\t<\/span>\n\t\t\t\t<\/div>\n\t\t\t\t<div class=\"elementor-post__excerpt\">\n\t\t\t<p>Die Zielgruppe ist f\u00fcr die Auswahl des richtigen Werbegeschenks von gro\u00dfer Bedeutung. Ob Frau oder Mann, alt oder jung, Stammkunde oder Gelegenheitsk\u00e4ufer &#8211; im B2C-Bereich ist eine ma\u00dfgeschneiderte Ansprache entscheidend, um beim Konsumenten eine positive Wirkung zu erzeugen. Doch wie sieht es mit B2B-Werbegeschenken aus? Was \u00fcberreicht man an Gesch\u00e4ftspartner und Lieferanten, um sie nachhaltig zu beeindrucken?<\/p>\n\t\t<\/div>\n\t\t\n\t\t<a class=\"elementor-post__read-more\" href=\"https:\/\/staging.schokologo.com\/de\/schoko-news\/mit-kreativen-werbemitteln-im-b2b-bereich-punkten\" aria-label=\"Read more about Mit kreativen Werbemitteln im B2B-Bereich punkten\" tabindex=\"-1\" >\n\t\t\tWeiterlesen \u00bb\t\t<\/a>\n\n\t\t\t\t<\/div>\n\t\t\t\t<\/article>\n\t\t\t\t<article class=\"elementor-post elementor-grid-item post-57498 post type-post status-publish format-standard has-post-thumbnail hentry category-schoko-news\" role=\"listitem\">\n\t\t\t\t<a class=\"elementor-post__thumbnail__link\" href=\"https:\/\/staging.schokologo.com\/de\/schoko-news\/steigende-akezeptanz-von-werbeartikeln\" tabindex=\"-1\" >\n\t\t\t<div class=\"elementor-post__thumbnail\"><img loading=\"lazy\" decoding=\"async\" width=\"478\" height=\"494\" src=\"https:\/\/staging.schokologo.com\/wp-content\/uploads\/2023\/09\/EnBW_4nd-478x494.jpg\" class=\"attachment-woocommerce_thumbnail size-woocommerce_thumbnail wp-image-50284\" alt=\"\" srcset=\"https:\/\/staging.schokologo.com\/wp-content\/uploads\/2023\/09\/EnBW_4nd-478x494.jpg 478w, https:\/\/staging.schokologo.com\/wp-content\/uploads\/2023\/09\/EnBW_4nd-291x300.jpg 291w, https:\/\/staging.schokologo.com\/wp-content\/uploads\/2023\/09\/EnBW_4nd-775x800.jpg 775w, https:\/\/staging.schokologo.com\/wp-content\/uploads\/2023\/09\/EnBW_4nd-145x150.jpg 145w, https:\/\/staging.schokologo.com\/wp-content\/uploads\/2023\/09\/EnBW_4nd-768x793.jpg 768w, https:\/\/staging.schokologo.com\/wp-content\/uploads\/2023\/09\/EnBW_4nd-800x826.jpg 800w, https:\/\/staging.schokologo.com\/wp-content\/uploads\/2023\/09\/EnBW_4nd.jpg 1104w\" sizes=\"(max-width: 478px) 100vw, 478px\" \/><\/div>\n\t\t<\/a>\n\t\t\t\t<div class=\"elementor-post__text\">\n\t\t\t\t<h3 class=\"elementor-post__title\">\n\t\t\t<a href=\"https:\/\/staging.schokologo.com\/de\/schoko-news\/steigende-akezeptanz-von-werbeartikeln\" >\n\t\t\t\tSteigende Akzeptanz von Werbeartikeln\t\t\t<\/a>\n\t\t<\/h3>\n\t\t\t\t<div class=\"elementor-post__meta-data\">\n\t\t\t\t\t<span class=\"elementor-post-date\">\n\t\t\t04\/04\/2025\t\t<\/span>\n\t\t\t\t<\/div>\n\t\t\t\t<div class=\"elementor-post__excerpt\">\n\t\t\t<p>Werbeartikel sind wirkungsst\u00e4rker als Print- oder TV-Werbung. Zu diesem Ergebnis kommt eine Studie des Gesamtverbands der Werbeartikel-Wirtschaft (GWW). <\/p>\n\t\t<\/div>\n\t\t\n\t\t<a class=\"elementor-post__read-more\" href=\"https:\/\/staging.schokologo.com\/de\/schoko-news\/steigende-akezeptanz-von-werbeartikeln\" aria-label=\"Read more about Steigende Akzeptanz von Werbeartikeln\" tabindex=\"-1\" >\n\t\t\tWeiterlesen \u00bb\t\t<\/a>\n\n\t\t\t\t<\/div>\n\t\t\t\t<\/article>\n\t\t\t\t<article class=\"elementor-post elementor-grid-item post-57617 post type-post status-publish format-standard has-post-thumbnail hentry category-schoko-news\" role=\"listitem\">\n\t\t\t\t<a class=\"elementor-post__thumbnail__link\" href=\"https:\/\/staging.schokologo.com\/de\/schoko-news\/brugge-stadt-des-schokogenusses\" tabindex=\"-1\" >\n\t\t\t<div class=\"elementor-post__thumbnail\"><img loading=\"lazy\" decoding=\"async\" width=\"478\" height=\"286\" src=\"https:\/\/staging.schokologo.com\/wp-content\/uploads\/2023\/09\/smile_4nd-478x286.jpg\" class=\"attachment-woocommerce_thumbnail size-woocommerce_thumbnail wp-image-50477\" alt=\"\" srcset=\"https:\/\/staging.schokologo.com\/wp-content\/uploads\/2023\/09\/smile_4nd-478x286.jpg 478w, https:\/\/staging.schokologo.com\/wp-content\/uploads\/2023\/09\/smile_4nd-400x240.jpg 400w, https:\/\/staging.schokologo.com\/wp-content\/uploads\/2023\/09\/smile_4nd-1300x779.jpg 1300w, https:\/\/staging.schokologo.com\/wp-content\/uploads\/2023\/09\/smile_4nd-150x90.jpg 150w, https:\/\/staging.schokologo.com\/wp-content\/uploads\/2023\/09\/smile_4nd-768x460.jpg 768w, https:\/\/staging.schokologo.com\/wp-content\/uploads\/2023\/09\/smile_4nd-1536x920.jpg 1536w, https:\/\/staging.schokologo.com\/wp-content\/uploads\/2023\/09\/smile_4nd-800x479.jpg 800w, https:\/\/staging.schokologo.com\/wp-content\/uploads\/2023\/09\/smile_4nd.jpg 1661w\" sizes=\"(max-width: 478px) 100vw, 478px\" \/><\/div>\n\t\t<\/a>\n\t\t\t\t<div class=\"elementor-post__text\">\n\t\t\t\t<h3 class=\"elementor-post__title\">\n\t\t\t<a href=\"https:\/\/staging.schokologo.com\/de\/schoko-news\/brugge-stadt-des-schokogenusses\" >\n\t\t\t\tBr\u00fcgge: Stadt des Schokogenusses\t\t\t<\/a>\n\t\t<\/h3>\n\t\t\t\t<div class=\"elementor-post__meta-data\">\n\t\t\t\t\t<span class=\"elementor-post-date\">\n\t\t\t04\/10\/2024\t\t<\/span>\n\t\t\t\t<\/div>\n\t\t\t\t<div class=\"elementor-post__excerpt\">\n\t\t\t<p>Nicht nur wegen ihrer mittelalterlichen Gassen und malerischen Grachten ist die Stadt Br\u00fcgge eine Reise wert. Neben historischen Bauten und beeindruckenden Kunstsammlungen zieht die Hauptstadt Westflanderns ihre Besucher vor allem mit einer zuckers\u00fc\u00dfen Versuchung in ihren Bann.<\/p>\n\t\t<\/div>\n\t\t\n\t\t<a class=\"elementor-post__read-more\" href=\"https:\/\/staging.schokologo.com\/de\/schoko-news\/brugge-stadt-des-schokogenusses\" aria-label=\"Read more about Br\u00fcgge: Stadt des Schokogenusses\" tabindex=\"-1\" >\n\t\t\tWeiterlesen \u00bb\t\t<\/a>\n\n\t\t\t\t<\/div>\n\t\t\t\t<\/article>\n\t\t\t\t<\/div>\n\t\t\t\t\t<span class=\"e-load-more-spinner\">\n\t\t\t\t<i aria-hidden=\"true\" class=\"fas fa-spinner\"><\/i>\t\t\t<\/span>\n\t\t\n\t\t\t\t<div class=\"e-load-more-anchor\" data-page=\"1\" data-max-page=\"49\" data-next-page=\"https:\/\/staging.schokologo.com\/de\/wp-json\/wp\/v2\/pages\/61021\/page\/2\"><\/div>\n\t\t\t\t<div class=\"e-load-more-message\"><\/div>\n\t\t\t\t\t\t<\/div>\n\t\t\t\t<\/div>\n\t\t\t\t<\/div>\n\t\t\t\t\t<\/div>\n\t\t\t\t<\/div>\n\t\t\t\t<\/div>\n\t\t","protected":false},"excerpt":{"rendered":"<p>Schokologos News<\/p>\n","protected":false},"author":1,"featured_media":0,"parent":0,"menu_order":0,"comment_status":"closed","ping_status":"closed","template":"","meta":{"_acf_changed":false,"footnotes":""},"class_list":["post-61021","page","type-page","status-publish","hentry"],"acf":[],"yoast_head":"<!-- This site is optimized with the Yoast SEO Premium plugin v26.5 (Yoast SEO v27.2) - https:\/\/yoast.com\/product\/yoast-seo-premium-wordpress\/ -->\n<title>Schokologo News - Choco-Logo<\/title>\n<meta name=\"robots\" content=\"noindex, follow, max-snippet:-1, max-image-preview:large, max-video-preview:-1\" \/>\n<meta property=\"og:locale\" content=\"de_DE\" \/>\n<meta property=\"og:type\" content=\"article\" \/>\n<meta property=\"og:title\" content=\"Schokologo News\" \/>\n<meta property=\"og:description\" content=\"Schokologos News\" \/>\n<meta property=\"og:url\" content=\"https:\/\/staging.schokologo.com\/de\/blog-de\" \/>\n<meta property=\"og:site_name\" content=\"Choco-Logo\" \/>\n<meta property=\"article:publisher\" content=\"https:\/\/www.facebook.com\/SCHOKOLOGO\" \/>\n<meta property=\"article:modified_time\" content=\"2025-07-08T14:06:26+00:00\" \/>\n<meta property=\"og:image\" content=\"https:\/\/staging.schokologo.com\/wp-content\/uploads\/2023\/09\/3dcustomchocolate_4nd.jpg\" \/>\n\t<meta property=\"og:image:width\" content=\"1200\" \/>\n\t<meta property=\"og:image:height\" content=\"798\" \/>\n\t<meta property=\"og:image:type\" content=\"image\/jpeg\" \/>\n<meta name=\"twitter:card\" content=\"summary_large_image\" \/>\n<meta name=\"twitter:site\" content=\"@schokologo\" \/>\n<meta name=\"twitter:label1\" content=\"Gesch\u00e4tzte Lesezeit\" \/>\n\t<meta name=\"twitter:data1\" content=\"3\u00a0Minuten\" \/>\n<script type=\"application\/ld+json\" class=\"yoast-schema-graph\">{\"@context\":\"https:\/\/schema.org\",\"@graph\":[{\"@type\":\"WebPage\",\"@id\":\"https:\/\/staging.schokologo.com\/de\/blog-de\",\"url\":\"https:\/\/staging.schokologo.com\/de\/blog-de\",\"name\":\"Schokologo News - Choco-Logo\",\"isPartOf\":{\"@id\":\"https:\/\/staging.schokologo.com\/de\/#website\"},\"datePublished\":\"2024-06-17T11:38:17+00:00\",\"dateModified\":\"2025-07-08T14:06:26+00:00\",\"breadcrumb\":{\"@id\":\"https:\/\/staging.schokologo.com\/de\/blog-de#breadcrumb\"},\"inLanguage\":\"de\",\"potentialAction\":[{\"@type\":\"ReadAction\",\"target\":[\"https:\/\/staging.schokologo.com\/de\/blog-de\"]}]},{\"@type\":\"BreadcrumbList\",\"@id\":\"https:\/\/staging.schokologo.com\/de\/blog-de#breadcrumb\",\"itemListElement\":[{\"@type\":\"ListItem\",\"position\":1,\"name\":\"Home\",\"item\":\"https:\/\/staging.schokologo.com\/de\"},{\"@type\":\"ListItem\",\"position\":2,\"name\":\"Schokologo News\"}]},{\"@type\":\"WebSite\",\"@id\":\"https:\/\/staging.schokologo.com\/de\/#website\",\"url\":\"https:\/\/staging.schokologo.com\/de\/\",\"name\":\"Schokologo\",\"description\":\"Your finest calling card\",\"publisher\":{\"@id\":\"https:\/\/staging.schokologo.com\/de\/#organization\"},\"alternateName\":\"Ihr Logo aus edler Schokolade\",\"potentialAction\":[{\"@type\":\"SearchAction\",\"target\":{\"@type\":\"EntryPoint\",\"urlTemplate\":\"https:\/\/staging.schokologo.com\/de\/?s={search_term_string}\"},\"query-input\":{\"@type\":\"PropertyValueSpecification\",\"valueRequired\":true,\"valueName\":\"search_term_string\"}}],\"inLanguage\":\"de\"},{\"@type\":\"Organization\",\"@id\":\"https:\/\/staging.schokologo.com\/de\/#organization\",\"name\":\"Schokologo e.K.\",\"alternateName\":\"Schokologo\",\"url\":\"https:\/\/staging.schokologo.com\/de\/\",\"logo\":{\"@type\":\"ImageObject\",\"inLanguage\":\"de\",\"@id\":\"https:\/\/staging.schokologo.com\/de\/#\/schema\/logo\/image\/\",\"url\":\"https:\/\/staging.schokologo.com\/wp-content\/uploads\/2023\/09\/SchokoLogo_Logo.svg\",\"contentUrl\":\"https:\/\/staging.schokologo.com\/wp-content\/uploads\/2023\/09\/SchokoLogo_Logo.svg\",\"width\":270,\"height\":106,\"caption\":\"Schokologo e.K.\"},\"image\":{\"@id\":\"https:\/\/staging.schokologo.com\/de\/#\/schema\/logo\/image\/\"},\"sameAs\":[\"https:\/\/www.facebook.com\/SCHOKOLOGO\",\"https:\/\/x.com\/schokologo\",\"https:\/\/www.instagram.com\/schoko_logo\"],\"description\":\"Personalisierte Schokoladenprodukte und Sonderanfertigungen aus Schokolade. Wir gestalten individuelle Schokoladenkreationen mit Logos, Texten und Designs nach Ihren W\u00fcnschen. Unsere hochwertigen Schokoladenprodukte sind das ideale Geschenk f\u00fcr Kunden, Gesch\u00e4ftspartner und besondere Anl\u00e4sse. Mit den besten Zutaten und ma\u00dfgeschneiderten L\u00f6sungen pr\u00e4sentieren wir Ihre Markenbotschaft auf einzigartige und k\u00f6stliche Weise. Entdecken Sie die Vielfalt unserer Schokoladenprodukte und hinterlassen Sie einen bleibenden Eindruck mit Schokologo.\",\"email\":\"info@schokologo.com\",\"telephone\":\"3677790\",\"legalName\":\"Schokologo e.K.\",\"foundingDate\":\"2003-01-08\",\"vatID\":\"DE220776735\",\"numberOfEmployees\":{\"@type\":\"QuantitativeValue\",\"minValue\":\"51\",\"maxValue\":\"200\"}}]}<\/script>\n<!-- \/ Yoast SEO Premium plugin. -->","yoast_head_json":{"title":"Schokologo News - Choco-Logo","robots":{"index":"noindex","follow":"follow","max-snippet":"max-snippet:-1","max-image-preview":"max-image-preview:large","max-video-preview":"max-video-preview:-1"},"og_locale":"de_DE","og_type":"article","og_title":"Schokologo News","og_description":"Schokologos News","og_url":"https:\/\/staging.schokologo.com\/de\/blog-de","og_site_name":"Choco-Logo","article_publisher":"https:\/\/www.facebook.com\/SCHOKOLOGO","article_modified_time":"2025-07-08T14:06:26+00:00","og_image":[{"width":1200,"height":798,"url":"https:\/\/staging.schokologo.com\/wp-content\/uploads\/2023\/09\/3dcustomchocolate_4nd.jpg","type":"image\/jpeg"}],"twitter_card":"summary_large_image","twitter_site":"@schokologo","twitter_misc":{"Gesch\u00e4tzte Lesezeit":"3\u00a0Minuten"},"schema":{"@context":"https:\/\/schema.org","@graph":[{"@type":"WebPage","@id":"https:\/\/staging.schokologo.com\/de\/blog-de","url":"https:\/\/staging.schokologo.com\/de\/blog-de","name":"Schokologo News - Choco-Logo","isPartOf":{"@id":"https:\/\/staging.schokologo.com\/de\/#website"},"datePublished":"2024-06-17T11:38:17+00:00","dateModified":"2025-07-08T14:06:26+00:00","breadcrumb":{"@id":"https:\/\/staging.schokologo.com\/de\/blog-de#breadcrumb"},"inLanguage":"de","potentialAction":[{"@type":"ReadAction","target":["https:\/\/staging.schokologo.com\/de\/blog-de"]}]},{"@type":"BreadcrumbList","@id":"https:\/\/staging.schokologo.com\/de\/blog-de#breadcrumb","itemListElement":[{"@type":"ListItem","position":1,"name":"Home","item":"https:\/\/staging.schokologo.com\/de"},{"@type":"ListItem","position":2,"name":"Schokologo News"}]},{"@type":"WebSite","@id":"https:\/\/staging.schokologo.com\/de\/#website","url":"https:\/\/staging.schokologo.com\/de\/","name":"Schokologo","description":"Your finest calling card","publisher":{"@id":"https:\/\/staging.schokologo.com\/de\/#organization"},"alternateName":"Ihr Logo aus edler Schokolade","potentialAction":[{"@type":"SearchAction","target":{"@type":"EntryPoint","urlTemplate":"https:\/\/staging.schokologo.com\/de\/?s={search_term_string}"},"query-input":{"@type":"PropertyValueSpecification","valueRequired":true,"valueName":"search_term_string"}}],"inLanguage":"de"},{"@type":"Organization","@id":"https:\/\/staging.schokologo.com\/de\/#organization","name":"Schokologo e.K.","alternateName":"Schokologo","url":"https:\/\/staging.schokologo.com\/de\/","logo":{"@type":"ImageObject","inLanguage":"de","@id":"https:\/\/staging.schokologo.com\/de\/#\/schema\/logo\/image\/","url":"https:\/\/staging.schokologo.com\/wp-content\/uploads\/2023\/09\/SchokoLogo_Logo.svg","contentUrl":"https:\/\/staging.schokologo.com\/wp-content\/uploads\/2023\/09\/SchokoLogo_Logo.svg","width":270,"height":106,"caption":"Schokologo e.K."},"image":{"@id":"https:\/\/staging.schokologo.com\/de\/#\/schema\/logo\/image\/"},"sameAs":["https:\/\/www.facebook.com\/SCHOKOLOGO","https:\/\/x.com\/schokologo","https:\/\/www.instagram.com\/schoko_logo"],"description":"Personalisierte Schokoladenprodukte und Sonderanfertigungen aus Schokolade. Wir gestalten individuelle Schokoladenkreationen mit Logos, Texten und Designs nach Ihren W\u00fcnschen. Unsere hochwertigen Schokoladenprodukte sind das ideale Geschenk f\u00fcr Kunden, Gesch\u00e4ftspartner und besondere Anl\u00e4sse. Mit den besten Zutaten und ma\u00dfgeschneiderten L\u00f6sungen pr\u00e4sentieren wir Ihre Markenbotschaft auf einzigartige und k\u00f6stliche Weise. Entdecken Sie die Vielfalt unserer Schokoladenprodukte und hinterlassen Sie einen bleibenden Eindruck mit Schokologo.","email":"info@schokologo.com","telephone":"3677790","legalName":"Schokologo e.K.","foundingDate":"2003-01-08","vatID":"DE220776735","numberOfEmployees":{"@type":"QuantitativeValue","minValue":"51","maxValue":"200"}}]}},"_links":{"self":[{"href":"https:\/\/staging.schokologo.com\/de\/wp-json\/wp\/v2\/pages\/61021","targetHints":{"allow":["GET"]}}],"collection":[{"href":"https:\/\/staging.schokologo.com\/de\/wp-json\/wp\/v2\/pages"}],"about":[{"href":"https:\/\/staging.schokologo.com\/de\/wp-json\/wp\/v2\/types\/page"}],"author":[{"embeddable":true,"href":"https:\/\/staging.schokologo.com\/de\/wp-json\/wp\/v2\/users\/1"}],"replies":[{"embeddable":true,"href":"https:\/\/staging.schokologo.com\/de\/wp-json\/wp\/v2\/comments?post=61021"}],"version-history":[{"count":31,"href":"https:\/\/staging.schokologo.com\/de\/wp-json\/wp\/v2\/pages\/61021\/revisions"}],"predecessor-version":[{"id":67884,"href":"https:\/\/staging.schokologo.com\/de\/wp-json\/wp\/v2\/pages\/61021\/revisions\/67884"}],"wp:attachment":[{"href":"https:\/\/staging.schokologo.com\/de\/wp-json\/wp\/v2\/media?parent=61021"}],"curies":[{"name":"wp","href":"https:\/\/api.w.org\/{rel}","templated":true}]}}