{"id":50116,"date":"2023-09-19T19:39:02","date_gmt":"2023-09-19T19:39:02","guid":{"rendered":"http:\/\/custom-chocolate.biz?p=50116"},"modified":"2025-08-17T20:18:33","modified_gmt":"2025-08-17T18:18:33","slug":"referenzen","status":"publish","type":"page","link":"https:\/\/staging.schokologo.com\/de\/referenzen","title":{"rendered":"Referenzen"},"content":{"rendered":"\t\t<div data-elementor-type=\"wp-page\" data-elementor-id=\"50116\" class=\"elementor elementor-50116\" data-elementor-post-type=\"page\">\n\t\t\t\t<div class=\"elementor-element elementor-element-4ec9cf98 e-flex e-con-boxed e-con e-parent\" data-id=\"4ec9cf98\" data-element_type=\"container\" data-e-type=\"container\">\n\t\t\t\t\t<div class=\"e-con-inner\">\n\t\t<div class=\"elementor-element elementor-element-288bc79 e-flex e-con-boxed e-con e-child\" data-id=\"288bc79\" data-element_type=\"container\" data-e-type=\"container\">\n\t\t\t\t\t<div class=\"e-con-inner\">\n\t\t<div class=\"elementor-element elementor-element-e4c8395 e-con-full e-flex e-con e-child\" data-id=\"e4c8395\" data-element_type=\"container\" data-e-type=\"container\" data-settings=\"{&quot;background_background&quot;:&quot;classic&quot;}\">\n\t\t\t\t<div class=\"elementor-element elementor-element-1e97410 elementor-widget elementor-widget-heading\" data-id=\"1e97410\" data-element_type=\"widget\" data-e-type=\"widget\" data-widget_type=\"heading.default\">\n\t\t\t\t<div class=\"elementor-widget-container\">\n\t\t\t\t\t<h1 class=\"elementor-heading-title elementor-size-default\">Referenzen<\/h1>\t\t\t\t<\/div>\n\t\t\t\t<\/div>\n\t\t\t\t<div class=\"elementor-element elementor-element-6398df40 elementor-widget elementor-widget-text-editor\" data-id=\"6398df40\" data-element_type=\"widget\" data-e-type=\"widget\" data-widget_type=\"text-editor.default\">\n\t\t\t\t<div class=\"elementor-widget-container\">\n\t\t\t\t\t\t\t\t\t<div><h1 class=\"csc-firstHeader\" style=\"font-size: 29px; font-weight: normal; margin-bottom: 6px; font-family: Georgia, 'Times New Roman', Times, serif; font-style: italic; color: #dca036;\">Kundenstimmen&#8230;<\/h1><div><h3>Keine Veranstaltung mehr ohne die k\u00f6stliche Kaffee-Beigabe im firmeneigenen Design<\/h3><\/div><p class=\"bodytext\" style=\"padding: 0px; margin: 0px 0px 15px; line-height: 18px;\"><em>Antje Efkes, SPEDION GmbH, Krombach<\/em><\/p><p>Wir entwickeln seit \u00fcber zehn Jahren modernste Telematikl\u00f6sungen f\u00fcr Fuhrparkunternehmen. Die Features unserer Eigenentwicklung SPEDION App f\u00fcr androidbasierte Mobilfunkger\u00e4te pr\u00e4sentieren wir regelm\u00e4\u00dfig auf internationalen Transport- und Logistikmessen wie auch Telematik-Veranstaltungen. Da wir nicht nur professionell, sondern auch gesellig sind, bieten wir unseren Kunden und Partnern hier gerne etwas zu trinken an. Bei der Suche nach einer passenden Beigabe zum Kaffee haben wir Schokologo entdeckt. Mit dem SPEDION-Logo versehen und mit einer Verpackung im firmeneigenen Design kam das k\u00f6stliche Schokoladent\u00e4felchen nicht nur bei uns, sondern vor allem auch bei unseren G\u00e4sten sehr gut an. Danke f\u00fcr den schnellen und ausgezeichneten Service!<\/p><h3>Hochwertige Geschenke mit Wiedererkennungswert f\u00fcr anspruchsvolle Kunden<\/h3><p class=\"bodytext\" style=\"padding: 0px; margin: 0px 0px 15px; line-height: 18px;\"><em>Dr. Frank Reinisch, Leiter Abteilung Werbung &amp; Redaktion, Musikverlag Breitkopf &amp; H\u00e4rtel, Wiesbaden<\/em><\/p><p class=\"bodytext\" style=\"padding: 0px; margin: 0px 0px 15px; line-height: 18px;\">Als \u00e4ltester Musikverlag in Deutschland besch\u00e4ftigen wir uns leidenschaftlich mit klassischer Musik. Wir verlegen Qualit\u00e4t und haben anspruchsvolle Kunden, die sich von billiger und plumper Werbung eher abschrecken lassen w\u00fcrden. Einmal im Jahr \u00fcberraschen wir sie daher gerne mit einem originellen Geschenk. Dieses Jahr war es unser zum Logo geh\u00f6render B\u00e4r, den wir in Schokolade gegossen hatten. Um die Idee zu verwirklichen, haben wir im Internet recherchiert und sind bei Schokologo f\u00fcndig geworden. Wir haben gleich 500 B\u00e4ren anfertigen lassen und die ersten auf der Leipziger Buchmesse verteilt. Sie kamen wunderbar an. Ich selbst finde die Idee sehr originell, weil wir damit unsere Firmenphilosophie, das, was wir nach au\u00dfen zeigen wollen, pl\u00f6tzlich in einer ganz anderen Materie darstellen. Wir versuchen, etwas zu machen, was nach dem Verlag aussieht, aber von der \u201eHardware\u201c gar nichts mit dem Verlag zu tun hat. So entsteht eine Verbindung von \u00dcberraschung und Wiedererkennung. Ich glaube, dieses Kunstst\u00fcck ist uns auch dieses Jahr wieder gelungen. Zugleich ist es ein edles Produkt, sch\u00f6n gegossen, qualit\u00e4tsvolle Schokolade. Und auf der Verpackung sind dann noch unser Orchesterengel und eine von unserer Grafikerin gestaltete Schmuckschrift. Diese ganze Komposition passt zu der hochwertigen Musik, die wir vertreiben.<\/p><h3><strong><br \/>Das Laager Stadtwappen in Schokolade als Gastgeschenk<\/strong><\/h3><p class=\"bodytext\" style=\"padding: 0px; margin: 0px 0px 15px; line-height: 18px;\"><em>Uwe Heinze, B\u00fcrgermeister von Laage<\/em><\/p><p class=\"bodytext\" style=\"padding: 0px; margin: 0px 0px 15px; line-height: 18px;\">Laage ist mit 5.800 Einwohnern eine kleine, aber eine besondere Stadt. Wir haben beispielsweise \u00fcber 1.000 Industriearbeitspl\u00e4tze und den drittgr\u00f6\u00dften deutschen Flughafen vorzuweisen. Ein interessanter Standort also, den wir auch interessant pr\u00e4sentieren wollen. Auf Schokologo bin ich durch Zufall gesto\u00dfen. Nun besitzen wir unser Stadtwappen in Schokolade. Das kommt als Gastgeschenk bei Besuchern ebenso gut an wie bei Senioren, die es als Geschenk zu ihrem Ehrentag bekommen. Es ist ein Geschenk, das nicht herumliegen muss. Jeder freut sich und isst es gerne. Au\u00dferdem macht Schokolade gl\u00fccklich. Und wir als Gemeinde wollen, dass die Menschen sich gut f\u00fchlen. Der B\u00fcrgermeister unserer Nachbargemeinde will \u00fcbrigens in diesem Fall zu unserem Nachmacher werden.<\/p><div class=\"csc-header csc-header-n5\"><h2 style=\"font-size: 29px; font-weight: normal; margin-bottom: 6px; font-family: Georgia, 'Times New Roman', Times, serif; font-style: italic; color: #dca036;\">Referenzen<\/h2><\/div><p class=\"bodytext\" style=\"padding: 0px; margin: 0px 0px 15px; line-height: 18px;\">Zufriedene Kunden sind nun mal die beste Empfehlung f\u00fcr ein Unternehmen. Hier sehen Sie einen kleinen Auszug aus unserer Kundenliste&#8230;<\/p><\/div><p><img fetchpriority=\"high\" decoding=\"async\" class=\"wp-image-68379 size-full\" src=\"https:\/\/www.schokologo.com\/wp-content\/uploads\/2025\/07\/referenzen_schoko_logo.png\" alt=\"Zufriedene Kunden sind nun mal die beste Empfehlung f\u00fcr ein Unternehmen. Hier sehen Sie einen kleinen Auszug aus unserer Kundenliste\" width=\"670\" height=\"410\" srcset=\"https:\/\/staging.schokologo.com\/wp-content\/uploads\/2025\/07\/referenzen_schoko_logo.png 670w, https:\/\/staging.schokologo.com\/wp-content\/uploads\/2025\/07\/referenzen_schoko_logo-400x245.png 400w, https:\/\/staging.schokologo.com\/wp-content\/uploads\/2025\/07\/referenzen_schoko_logo-150x92.png 150w, https:\/\/staging.schokologo.com\/wp-content\/uploads\/2025\/07\/referenzen_schoko_logo-478x293.png 478w\" sizes=\"(max-width: 670px) 100vw, 670px\" \/><\/p><p>Weitere Berichte finden Sie bei\u00a0<strong><a href=\"https:\/\/www.pressebox.de\/pressemitteilung\/suche\/schlagwoerter\/schokologo\" target=\"_blank\" rel=\"noopener\">pressebox.de<\/a><\/strong><\/p><p class=\"bodytext\" style=\"padding: 0px; margin: 0px 0px 15px; line-height: 18px;\">\u00a0\u00a0<em style=\"line-height: 18px;\">&#8222;&#8230;Ihre Lieferung ist heute bei uns eingetroffen. Wir sind von dem Resultat und somit von Ihrer Arbeit begeistert. Herzlichen Dank f\u00fcr die professionelle und qualitativ hochstehende Abwicklung.&#8220;<\/em><\/p><p class=\"bodytext\" style=\"padding: 0px; margin: 0px 0px 15px; line-height: 18px;\"><em>&#8222;&#8230;vielen Dank f\u00fcr die Zusendung der Schokolade &#8211; sie ist soeben bei uns eingetroffen und hat unsere W\u00fcnsche wirklich mehr als erwartet \u00fcbertroffen!!!&#8220;<\/em><\/p><p class=\"bodytext\" style=\"padding: 0px; margin: 0px 0px 15px; line-height: 18px;\"><em>&#8222;&#8230;Vielen Dank f\u00fcr den tollen Job!&#8220;<\/em><\/p>\t\t\t\t\t\t\t\t<\/div>\n\t\t\t\t<\/div>\n\t\t\t\t<\/div>\n\t\t\t\t\t<\/div>\n\t\t\t\t<\/div>\n\t\t\t\t\t<\/div>\n\t\t\t\t<\/div>\n\t\t\t\t<\/div>\n\t\t","protected":false},"excerpt":{"rendered":"<p>Referenzen Kundenstimmen&#8230; Keine Veranstaltung mehr ohne die k\u00f6stliche Kaffee-Beigabe im firmeneigenen Design Antje Efkes, SPEDION GmbH, Krombach Wir entwickeln seit \u00fcber zehn Jahren modernste Telematikl\u00f6sungen f\u00fcr Fuhrparkunternehmen. Die Features unserer Eigenentwicklung SPEDION App f\u00fcr androidbasierte Mobilfunkger\u00e4te pr\u00e4sentieren wir regelm\u00e4\u00dfig auf internationalen Transport- und Logistikmessen wie auch Telematik-Veranstaltungen. Da wir nicht nur professionell, sondern auch gesellig [&hellip;]<\/p>\n","protected":false},"author":1,"featured_media":0,"parent":0,"menu_order":0,"comment_status":"open","ping_status":"closed","template":"","meta":{"_acf_changed":false,"footnotes":""},"class_list":["post-50116","page","type-page","status-publish","hentry"],"acf":[],"yoast_head":"<!-- This site is optimized with the Yoast SEO Premium plugin v26.5 (Yoast SEO v27.2) - https:\/\/yoast.com\/product\/yoast-seo-premium-wordpress\/ -->\n<title>Referenzen - Choco-Logo<\/title>\n<meta name=\"robots\" content=\"noindex, follow, max-snippet:-1, max-image-preview:large, max-video-preview:-1\" \/>\n<meta property=\"og:locale\" content=\"de_DE\" \/>\n<meta property=\"og:type\" content=\"article\" \/>\n<meta property=\"og:title\" content=\"Referenzen\" \/>\n<meta property=\"og:description\" content=\"Referenzen Kundenstimmen&#8230; Keine Veranstaltung mehr ohne die k\u00f6stliche Kaffee-Beigabe im firmeneigenen Design Antje Efkes, SPEDION GmbH, Krombach Wir entwickeln seit \u00fcber zehn Jahren modernste Telematikl\u00f6sungen f\u00fcr Fuhrparkunternehmen. Die Features unserer Eigenentwicklung SPEDION App f\u00fcr androidbasierte Mobilfunkger\u00e4te pr\u00e4sentieren wir regelm\u00e4\u00dfig auf internationalen Transport- und Logistikmessen wie auch Telematik-Veranstaltungen. Da wir nicht nur professionell, sondern auch gesellig [&hellip;]\" \/>\n<meta property=\"og:url\" content=\"https:\/\/staging.schokologo.com\/de\/referenzen\" \/>\n<meta property=\"og:site_name\" content=\"Choco-Logo\" \/>\n<meta property=\"article:publisher\" content=\"https:\/\/www.facebook.com\/SCHOKOLOGO\" \/>\n<meta property=\"article:modified_time\" content=\"2025-08-17T18:18:33+00:00\" \/>\n<meta property=\"og:image\" content=\"https:\/\/staging.schokologo.com\/wp-content\/uploads\/2025\/07\/referenzen_schoko_logo.png\" \/>\n<meta name=\"twitter:card\" content=\"summary_large_image\" \/>\n<meta name=\"twitter:site\" content=\"@schokologo\" \/>\n<meta name=\"twitter:label1\" content=\"Gesch\u00e4tzte Lesezeit\" \/>\n\t<meta name=\"twitter:data1\" content=\"4\u00a0Minuten\" \/>\n<script type=\"application\/ld+json\" class=\"yoast-schema-graph\">{\"@context\":\"https:\/\/schema.org\",\"@graph\":[{\"@type\":\"WebPage\",\"@id\":\"https:\/\/staging.schokologo.com\/de\/referenzen\",\"url\":\"https:\/\/staging.schokologo.com\/de\/referenzen\",\"name\":\"Referenzen - Choco-Logo\",\"isPartOf\":{\"@id\":\"https:\/\/staging.schokologo.com\/de\/#website\"},\"primaryImageOfPage\":{\"@id\":\"https:\/\/staging.schokologo.com\/de\/referenzen#primaryimage\"},\"image\":{\"@id\":\"https:\/\/staging.schokologo.com\/de\/referenzen#primaryimage\"},\"thumbnailUrl\":\"https:\/\/staging.schokologo.com\/wp-content\/uploads\/2025\/07\/referenzen_schoko_logo.png\",\"datePublished\":\"2023-09-19T19:39:02+00:00\",\"dateModified\":\"2025-08-17T18:18:33+00:00\",\"breadcrumb\":{\"@id\":\"https:\/\/staging.schokologo.com\/de\/referenzen#breadcrumb\"},\"inLanguage\":\"de\",\"potentialAction\":[{\"@type\":\"ReadAction\",\"target\":[\"https:\/\/staging.schokologo.com\/de\/referenzen\"]}]},{\"@type\":\"ImageObject\",\"inLanguage\":\"de\",\"@id\":\"https:\/\/staging.schokologo.com\/de\/referenzen#primaryimage\",\"url\":\"https:\/\/staging.schokologo.com\/wp-content\/uploads\/2025\/07\/referenzen_schoko_logo.png\",\"contentUrl\":\"https:\/\/staging.schokologo.com\/wp-content\/uploads\/2025\/07\/referenzen_schoko_logo.png\"},{\"@type\":\"BreadcrumbList\",\"@id\":\"https:\/\/staging.schokologo.com\/de\/referenzen#breadcrumb\",\"itemListElement\":[{\"@type\":\"ListItem\",\"position\":1,\"name\":\"Home\",\"item\":\"https:\/\/staging.schokologo.com\/de\"},{\"@type\":\"ListItem\",\"position\":2,\"name\":\"Referenzen\"}]},{\"@type\":\"WebSite\",\"@id\":\"https:\/\/staging.schokologo.com\/de\/#website\",\"url\":\"https:\/\/staging.schokologo.com\/de\/\",\"name\":\"Schokologo\",\"description\":\"Your finest calling card\",\"publisher\":{\"@id\":\"https:\/\/staging.schokologo.com\/de\/#organization\"},\"alternateName\":\"Ihr Logo aus edler Schokolade\",\"potentialAction\":[{\"@type\":\"SearchAction\",\"target\":{\"@type\":\"EntryPoint\",\"urlTemplate\":\"https:\/\/staging.schokologo.com\/de\/?s={search_term_string}\"},\"query-input\":{\"@type\":\"PropertyValueSpecification\",\"valueRequired\":true,\"valueName\":\"search_term_string\"}}],\"inLanguage\":\"de\"},{\"@type\":\"Organization\",\"@id\":\"https:\/\/staging.schokologo.com\/de\/#organization\",\"name\":\"Schokologo e.K.\",\"alternateName\":\"Schokologo\",\"url\":\"https:\/\/staging.schokologo.com\/de\/\",\"logo\":{\"@type\":\"ImageObject\",\"inLanguage\":\"de\",\"@id\":\"https:\/\/staging.schokologo.com\/de\/#\/schema\/logo\/image\/\",\"url\":\"https:\/\/staging.schokologo.com\/wp-content\/uploads\/2023\/09\/SchokoLogo_Logo.svg\",\"contentUrl\":\"https:\/\/staging.schokologo.com\/wp-content\/uploads\/2023\/09\/SchokoLogo_Logo.svg\",\"width\":270,\"height\":106,\"caption\":\"Schokologo e.K.\"},\"image\":{\"@id\":\"https:\/\/staging.schokologo.com\/de\/#\/schema\/logo\/image\/\"},\"sameAs\":[\"https:\/\/www.facebook.com\/SCHOKOLOGO\",\"https:\/\/x.com\/schokologo\",\"https:\/\/www.instagram.com\/schoko_logo\"],\"description\":\"Personalisierte Schokoladenprodukte und Sonderanfertigungen aus Schokolade. Wir gestalten individuelle Schokoladenkreationen mit Logos, Texten und Designs nach Ihren W\u00fcnschen. Unsere hochwertigen Schokoladenprodukte sind das ideale Geschenk f\u00fcr Kunden, Gesch\u00e4ftspartner und besondere Anl\u00e4sse. Mit den besten Zutaten und ma\u00dfgeschneiderten L\u00f6sungen pr\u00e4sentieren wir Ihre Markenbotschaft auf einzigartige und k\u00f6stliche Weise. Entdecken Sie die Vielfalt unserer Schokoladenprodukte und hinterlassen Sie einen bleibenden Eindruck mit Schokologo.\",\"email\":\"info@schokologo.com\",\"telephone\":\"3677790\",\"legalName\":\"Schokologo e.K.\",\"foundingDate\":\"2003-01-08\",\"vatID\":\"DE220776735\",\"numberOfEmployees\":{\"@type\":\"QuantitativeValue\",\"minValue\":\"51\",\"maxValue\":\"200\"}}]}<\/script>\n<!-- \/ Yoast SEO Premium plugin. -->","yoast_head_json":{"title":"Referenzen - Choco-Logo","robots":{"index":"noindex","follow":"follow","max-snippet":"max-snippet:-1","max-image-preview":"max-image-preview:large","max-video-preview":"max-video-preview:-1"},"og_locale":"de_DE","og_type":"article","og_title":"Referenzen","og_description":"Referenzen Kundenstimmen&#8230; Keine Veranstaltung mehr ohne die k\u00f6stliche Kaffee-Beigabe im firmeneigenen Design Antje Efkes, SPEDION GmbH, Krombach Wir entwickeln seit \u00fcber zehn Jahren modernste Telematikl\u00f6sungen f\u00fcr Fuhrparkunternehmen. Die Features unserer Eigenentwicklung SPEDION App f\u00fcr androidbasierte Mobilfunkger\u00e4te pr\u00e4sentieren wir regelm\u00e4\u00dfig auf internationalen Transport- und Logistikmessen wie auch Telematik-Veranstaltungen. Da wir nicht nur professionell, sondern auch gesellig [&hellip;]","og_url":"https:\/\/staging.schokologo.com\/de\/referenzen","og_site_name":"Choco-Logo","article_publisher":"https:\/\/www.facebook.com\/SCHOKOLOGO","article_modified_time":"2025-08-17T18:18:33+00:00","og_image":[{"url":"https:\/\/staging.schokologo.com\/wp-content\/uploads\/2025\/07\/referenzen_schoko_logo.png","type":"","width":"","height":""}],"twitter_card":"summary_large_image","twitter_site":"@schokologo","twitter_misc":{"Gesch\u00e4tzte Lesezeit":"4\u00a0Minuten"},"schema":{"@context":"https:\/\/schema.org","@graph":[{"@type":"WebPage","@id":"https:\/\/staging.schokologo.com\/de\/referenzen","url":"https:\/\/staging.schokologo.com\/de\/referenzen","name":"Referenzen - Choco-Logo","isPartOf":{"@id":"https:\/\/staging.schokologo.com\/de\/#website"},"primaryImageOfPage":{"@id":"https:\/\/staging.schokologo.com\/de\/referenzen#primaryimage"},"image":{"@id":"https:\/\/staging.schokologo.com\/de\/referenzen#primaryimage"},"thumbnailUrl":"https:\/\/staging.schokologo.com\/wp-content\/uploads\/2025\/07\/referenzen_schoko_logo.png","datePublished":"2023-09-19T19:39:02+00:00","dateModified":"2025-08-17T18:18:33+00:00","breadcrumb":{"@id":"https:\/\/staging.schokologo.com\/de\/referenzen#breadcrumb"},"inLanguage":"de","potentialAction":[{"@type":"ReadAction","target":["https:\/\/staging.schokologo.com\/de\/referenzen"]}]},{"@type":"ImageObject","inLanguage":"de","@id":"https:\/\/staging.schokologo.com\/de\/referenzen#primaryimage","url":"https:\/\/staging.schokologo.com\/wp-content\/uploads\/2025\/07\/referenzen_schoko_logo.png","contentUrl":"https:\/\/staging.schokologo.com\/wp-content\/uploads\/2025\/07\/referenzen_schoko_logo.png"},{"@type":"BreadcrumbList","@id":"https:\/\/staging.schokologo.com\/de\/referenzen#breadcrumb","itemListElement":[{"@type":"ListItem","position":1,"name":"Home","item":"https:\/\/staging.schokologo.com\/de"},{"@type":"ListItem","position":2,"name":"Referenzen"}]},{"@type":"WebSite","@id":"https:\/\/staging.schokologo.com\/de\/#website","url":"https:\/\/staging.schokologo.com\/de\/","name":"Schokologo","description":"Your finest calling card","publisher":{"@id":"https:\/\/staging.schokologo.com\/de\/#organization"},"alternateName":"Ihr Logo aus edler Schokolade","potentialAction":[{"@type":"SearchAction","target":{"@type":"EntryPoint","urlTemplate":"https:\/\/staging.schokologo.com\/de\/?s={search_term_string}"},"query-input":{"@type":"PropertyValueSpecification","valueRequired":true,"valueName":"search_term_string"}}],"inLanguage":"de"},{"@type":"Organization","@id":"https:\/\/staging.schokologo.com\/de\/#organization","name":"Schokologo e.K.","alternateName":"Schokologo","url":"https:\/\/staging.schokologo.com\/de\/","logo":{"@type":"ImageObject","inLanguage":"de","@id":"https:\/\/staging.schokologo.com\/de\/#\/schema\/logo\/image\/","url":"https:\/\/staging.schokologo.com\/wp-content\/uploads\/2023\/09\/SchokoLogo_Logo.svg","contentUrl":"https:\/\/staging.schokologo.com\/wp-content\/uploads\/2023\/09\/SchokoLogo_Logo.svg","width":270,"height":106,"caption":"Schokologo e.K."},"image":{"@id":"https:\/\/staging.schokologo.com\/de\/#\/schema\/logo\/image\/"},"sameAs":["https:\/\/www.facebook.com\/SCHOKOLOGO","https:\/\/x.com\/schokologo","https:\/\/www.instagram.com\/schoko_logo"],"description":"Personalisierte Schokoladenprodukte und Sonderanfertigungen aus Schokolade. Wir gestalten individuelle Schokoladenkreationen mit Logos, Texten und Designs nach Ihren W\u00fcnschen. Unsere hochwertigen Schokoladenprodukte sind das ideale Geschenk f\u00fcr Kunden, Gesch\u00e4ftspartner und besondere Anl\u00e4sse. Mit den besten Zutaten und ma\u00dfgeschneiderten L\u00f6sungen pr\u00e4sentieren wir Ihre Markenbotschaft auf einzigartige und k\u00f6stliche Weise. Entdecken Sie die Vielfalt unserer Schokoladenprodukte und hinterlassen Sie einen bleibenden Eindruck mit Schokologo.","email":"info@schokologo.com","telephone":"3677790","legalName":"Schokologo e.K.","foundingDate":"2003-01-08","vatID":"DE220776735","numberOfEmployees":{"@type":"QuantitativeValue","minValue":"51","maxValue":"200"}}]}},"_links":{"self":[{"href":"https:\/\/staging.schokologo.com\/de\/wp-json\/wp\/v2\/pages\/50116","targetHints":{"allow":["GET"]}}],"collection":[{"href":"https:\/\/staging.schokologo.com\/de\/wp-json\/wp\/v2\/pages"}],"about":[{"href":"https:\/\/staging.schokologo.com\/de\/wp-json\/wp\/v2\/types\/page"}],"author":[{"embeddable":true,"href":"https:\/\/staging.schokologo.com\/de\/wp-json\/wp\/v2\/users\/1"}],"replies":[{"embeddable":true,"href":"https:\/\/staging.schokologo.com\/de\/wp-json\/wp\/v2\/comments?post=50116"}],"version-history":[{"count":6,"href":"https:\/\/staging.schokologo.com\/de\/wp-json\/wp\/v2\/pages\/50116\/revisions"}],"predecessor-version":[{"id":69534,"href":"https:\/\/staging.schokologo.com\/de\/wp-json\/wp\/v2\/pages\/50116\/revisions\/69534"}],"wp:attachment":[{"href":"https:\/\/staging.schokologo.com\/de\/wp-json\/wp\/v2\/media?parent=50116"}],"curies":[{"name":"wp","href":"https:\/\/api.w.org\/{rel}","templated":true}]}}